{"id":5582,"date":"2026-02-20T14:10:54","date_gmt":"2026-02-20T06:10:54","guid":{"rendered":"https:\/\/minghanggroup.com\/?post_type=product&#038;p=5582"},"modified":"2026-02-05T15:24:31","modified_gmt":"2026-02-05T07:24:31","slug":"500ml-wine-bottles-in-olive-green-bulk","status":"publish","type":"product","link":"https:\/\/minghanggroup.com\/tr\/urun\/500ml-wine-bottles-in-olive-green-bulk\/","title":{"rendered":"Zeytin Ye\u015fili Renkli 500 ml \u015earap \u015ei\u015feleri (Toptan)"},"content":{"rendered":"<p>500 ml&#039;lik \u015farap \u015fi\u015felerimiz, y\u00fcksek kaliteli UV \u0131\u015f\u0131nlar\u0131na dayan\u0131kl\u0131 zeytin ye\u015fili camdan \u00fcretilmi\u015ftir. Geni\u015f g\u00f6vdesi, inceltilmi\u015f ve vidal\u0131 boyun k\u0131sm\u0131na do\u011fru yumu\u015fak bir \u015fekilde incelir ve koyu ye\u015fil rengi, \u015farab\u0131n hassas aromalar\u0131n\u0131 etkili bir \u015fekilde korur.<\/p>\n<h2>\u00dcr\u00fcn \u00d6zellikleri<\/h2>\n<ul>\n<li><strong>I\u015f\u0131ktan Koruma:<\/strong> Zeytin ye\u015fili cam, zararl\u0131 UV \u0131\u015f\u0131nlar\u0131n\u0131 engellemede son derece etkilidir ve \u015farab\u0131n\u0131z kusursuz bir \u015fekilde y\u0131llanacakt\u0131r.<\/li>\n<li><strong>Di\u015fli Tasar\u0131m:<\/strong> Vidal\u0131 boyun k\u0131sm\u0131, mantar kapaklardan vidal\u0131 kapaklara kadar her t\u00fcrl\u00fc kapa\u011fa uyar.<\/li>\n<li><strong>Klasik Geni\u015f G\u00f6bekli V\u00fccut:<\/strong> Bu, klasik \u015farap \u015fi\u015felerinin g\u00f6rsel imaj\u0131yla uyumlu, yuvarlak ve geni\u015f bir g\u00f6vdedir; hacminin b\u00fcy\u00fck olmas\u0131n\u0131 ve kolayca tortunun \u00e7\u00f6kelmesini sa\u011flar.<\/li>\n<\/ul>\n<h2 style=\"text-align: left;\">Temel \u00d6zellikler<\/h2>\n<table class=\"aligncenter\" style=\"border-collapse: collapse; width: 387.02pt;\" border=\"0\" width=\"516\" cellspacing=\"0\" cellpadding=\"0\">\n<tbody>\n<tr style=\"height: 13.50pt;\">\n<td style=\"height: 13.50pt; width: 115.50pt;\" width=\"154\" height=\"18\">\u015eartname<\/td>\n<td style=\"width: 271.50pt;\" width=\"362\">Detaylar<\/td>\n<\/tr>\n<tr style=\"height: 13.50pt;\">\n<td style=\"height: 13.50pt;\" height=\"18\">Kapasite<\/td>\n<td>500 ml<\/td>\n<\/tr>\n<tr style=\"height: 13.50pt;\">\n<td style=\"height: 13.50pt;\" height=\"18\">Boyutlar<\/td>\n<td>72\u00d7228 mm<\/td>\n<\/tr>\n<tr style=\"height: 13.50pt;\">\n<td style=\"height: 13.50pt;\" height=\"18\">Malzeme<\/td>\n<td>Y\u00fcksek Kaliteli Zeytin Ye\u015fili Cam<\/td>\n<\/tr>\n<tr style=\"height: 13.50pt;\">\n<td style=\"height: 13.50pt;\" height=\"18\">\u00d6zelle\u015ftirme Kapsam\u0131<\/td>\n<td>Renk, Boyut, Y\u00fczey, \u015eekil<\/td>\n<\/tr>\n<tr style=\"height: 13.50pt;\">\n<td style=\"height: 13.50pt;\" height=\"18\">\u0130\u015f\u00e7ilik \u00d6zelli\u011fi<\/td>\n<td>Hassas Cam \u015eekillendirme<\/td>\n<\/tr>\n<tr style=\"height: 13.50pt;\">\n<td style=\"height: 13.50pt;\" height=\"18\">\u00dcr\u00fcn Amac\u0131<\/td>\n<td>Toptan \u015earap \u015ei\u015feleri, \u00d6zel \u015earap \u015ei\u015feleri<\/td>\n<\/tr>\n<tr style=\"height: 13.50pt;\">\n<td style=\"height: 13.50pt;\" height=\"18\">Uygun Sekt\u00f6rler<\/td>\n<td>\u015earaphaneler, Ba\u011flar, \u00d6zel G\u0131da \u00dcreticileri<\/td>\n<\/tr>\n<\/tbody>\n<\/table>\n<h2>Ba\u015far\u0131 \u00d6yk\u00fcs\u00fc: Pasifik Kuzeybat\u0131s\u0131nda Bir \u015earaphanenin Ba\u015far\u0131s\u0131<\/h2>\n<p>Pasifik Kuzeybat\u0131&#039;da bulunan butik bir \u015farap \u00fcreticisi, 500 ml&#039;lik \u015farap \u015fi\u015felerimizi se\u00e7erek \u015fi\u015felerin omuz k\u0131s\u0131mlar\u0131na \u00f6zel bir kabartma i\u015flemi uygulad\u0131. Sonu\u00e7lar etkileyiciydi: UV \u0131\u015f\u0131nlar\u0131na dayan\u0131kl\u0131 cam, \u015farab\u0131n hassas aromalar\u0131n\u0131 18 aya kadar koruyabildi\u011fi i\u00e7in vazge\u00e7ilmez hale geldi ve m\u00fc\u015fteri memnuniyeti artt\u0131. Bu ba\u015far\u0131n\u0131n ard\u0131ndan, bir milyon \u015fi\u015fe daha sipari\u015f verdiler.<\/p>\n<h2>Toplu \u015earap \u015ei\u015feleri \u00d6zelle\u015ftirme<\/h2>\n<ul>\n<li>Renk: Daha fazla \u0131\u015f\u0131k korumas\u0131 sa\u011flamak i\u00e7in koyu ye\u015fil veya kehribar renkli cam se\u00e7enekleri sunulmaktad\u0131r.<\/li>\n<li>\u015ei\u015fe boynu tasar\u0131m\u0131: Mantar veya vidal\u0131 kapa\u011fa uygun \u015fekilde \u00f6zel olarak yap\u0131lm\u0131\u015f bir di\u015f a\u00e7\u0131labilir.<\/li>\n<li>Kabartmal\u0131 ba\u011f deseni: \u015ei\u015fenin omuz k\u0131sm\u0131na asma, yaprak veya hanedan armas\u0131 motiflerinden olu\u015fan kabartma bir tasar\u0131m i\u015flenmi\u015ftir.<\/li>\n<\/ul>","protected":false},"excerpt":{"rendered":"<p>UV korumas\u0131 i\u00e7in koyu zeytin ye\u015fili renkte 500 ml&#039;lik \u015farap \u015fi\u015feleri halinde toptan olarak tedarik edilir. \u015ei\u015fe kaplamas\u0131, logo ve ambalaj i\u00e7in OEM \u00f6zelle\u015ftirmesi desteklenir.<\/p>","protected":false},"featured_media":5585,"template":"","meta":{"postBodyCss":"","postBodyMargin":[],"postBodyPadding":[],"postBodyBackground":{"backgroundType":"classic","gradient":""}},"product_brand":[],"product_cat":[15,16,84],"product_tag":[],"class_list":{"0":"post-5582","1":"product","2":"type-product","3":"status-publish","4":"has-post-thumbnail","6":"product_cat-glass-containers","7":"product_cat-glass-bottles","8":"product_cat-wine-bottles","10":"first","11":"instock","12":"shipping-taxable","13":"product-type-simple"},"jetpack_sharing_enabled":true,"_links":{"self":[{"href":"https:\/\/minghanggroup.com\/tr\/wp-json\/wp\/v2\/product\/5582","targetHints":{"allow":["GET"]}}],"collection":[{"href":"https:\/\/minghanggroup.com\/tr\/wp-json\/wp\/v2\/product"}],"about":[{"href":"https:\/\/minghanggroup.com\/tr\/wp-json\/wp\/v2\/types\/product"}],"wp:featuredmedia":[{"embeddable":true,"href":"https:\/\/minghanggroup.com\/tr\/wp-json\/wp\/v2\/media\/5585"}],"wp:attachment":[{"href":"https:\/\/minghanggroup.com\/tr\/wp-json\/wp\/v2\/media?parent=5582"}],"wp:term":[{"taxonomy":"product_brand","embeddable":true,"href":"https:\/\/minghanggroup.com\/tr\/wp-json\/wp\/v2\/product_brand?post=5582"},{"taxonomy":"product_cat","embeddable":true,"href":"https:\/\/minghanggroup.com\/tr\/wp-json\/wp\/v2\/product_cat?post=5582"},{"taxonomy":"product_tag","embeddable":true,"href":"https:\/\/minghanggroup.com\/tr\/wp-json\/wp\/v2\/product_tag?post=5582"}],"curies":[{"name":"wp","href":"https:\/\/api.w.org\/{rel}","templated":true}]}}