{"id":5577,"date":"2026-02-05T13:53:42","date_gmt":"2026-02-05T05:53:42","guid":{"rendered":"https:\/\/minghanggroup.com\/?post_type=product&#038;p=5577"},"modified":"2026-04-14T09:30:40","modified_gmt":"2026-04-14T01:30:40","slug":"clear-glass-customize-wine-bottles-bulk","status":"publish","type":"product","link":"https:\/\/minghanggroup.com\/tr\/urun\/clear-glass-customize-wine-bottles-bulk\/","title":{"rendered":"750 ml \u015eeffaf Cam Ki\u015fiselle\u015ftirilebilir \u015earap \u015ei\u015feleri (Toptan)"},"content":{"rendered":"<p>750 ml&#039;lik \u015feffaf cam \u015fi\u015femiz, \u015farab\u0131n\u0131z\u0131n ger\u00e7ek ruhunu, saf g\u00f6rsel bir hikaye anlat\u0131m\u0131yla sergiliyor. Do\u011frudan cam \u015fi\u015fe orta\u011f\u0131n\u0131z olarak, toplu \u015farap \u015fi\u015fesi sipari\u015fini zahmetsiz hale getiriyor ve markan\u0131z\u0131n ruhuna uygun \u015farap \u015fi\u015fesi detaylar\u0131n\u0131 \u00f6zelle\u015ftiriyoruz. Bu sadece bir ambalaj de\u011fil. Bu, \u00e7er\u00e7evelenmi\u015f s\u0131v\u0131 sanat eseriniz.<\/p>\n<h2>\u00dcr\u00fcn \u00d6zellikleri<\/h2>\n<ul>\n<li><strong>Kristal Netli\u011finde Ekran:<\/strong> Su ve berrak cam \u015fi\u015felerle her renk m\u00fckemmel bir \u015fekilde sergilenir. M\u00fc\u015fteriler, \u015fi\u015felenmi\u015f k\u0131rm\u0131z\u0131 \u015faraplar\u0131n\u0131z\u0131n veya k\u00f6p\u00fckl\u00fc \u015faraplar\u0131n\u0131z\u0131n g\u00f6rsel kalitesine kolayca g\u00fcvenebilirler.<\/li>\n<li><strong>Di\u015fli Hassas Conta:<\/strong> 18 mm di\u015fli boyunlu, emniyet kilitli, g\u00f6r\u00fcn\u00fcr kapakl\u0131 bu \u015fi\u015fe, \u00fcr\u00fcn\u00fcn tazeli\u011fini s\u0131k\u0131ca korur. Tamamen otomatik hatlar veya k\u00fc\u00e7\u00fck \u00f6l\u00e7ekli \u015farap \u00fcretimi i\u00e7in ideal bir \u00e7\u00f6z\u00fcmd\u00fcr.<\/li>\n<li><strong>G\u00fc\u00e7lendirilmi\u015f Punt, alt k\u0131s\u0131m:<\/strong> \u015ei\u015fenin hafif\u00e7e i\u00e7e do\u011fru k\u0131vr\u0131lm\u0131\u015f taban\u0131, \u015fi\u015feye raf \u00fczerinde, \u015farap kutusunda veya sadece yeniden kullan\u0131lan bo\u015f bir \u015farap vazosu olarak kullan\u0131ld\u0131\u011f\u0131nda bile sa\u011flam bir duru\u015f sa\u011flar. Gelenek ile inanc\u0131n bulu\u015fmas\u0131.<\/li>\n<\/ul>\n<h2>Temel \u00d6zellikler<\/h2>\n<table style=\"border-collapse: collapse; width: 80%; margin-left: auto; margin-right: auto;\" border=\"0\" width=\"144\" cellspacing=\"0\" cellpadding=\"0\">\n<tbody>\n<tr style=\"height: 13.50pt;\">\n<td style=\"height: 13.5pt; width: 54pt; text-align: center;\" width=\"72\" height=\"18\">\u00d6zellik<\/td>\n<td style=\"width: 54pt; text-align: center;\" width=\"72\">Detay<\/td>\n<\/tr>\n<tr style=\"height: 13.50pt;\">\n<td style=\"height: 13.5pt; text-align: center;\" height=\"18\">Kapasite<\/td>\n<td style=\"text-align: center;\">750 ml<\/td>\n<\/tr>\n<tr style=\"height: 13.50pt;\">\n<td style=\"height: 13.5pt; text-align: center;\" height=\"18\">Boyutlar(cm)<\/td>\n<td style=\"text-align: center;\">8.1 \u00d7 29.5<\/td>\n<\/tr>\n<tr style=\"height: 13.50pt;\">\n<td style=\"height: 13.5pt; text-align: center;\" height=\"18\">Sap Kaplamas\u0131 (cm)<\/td>\n<td style=\"text-align: center;\" align=\"right\">1.8<\/td>\n<\/tr>\n<tr style=\"height: 13.50pt;\">\n<td style=\"height: 13.5pt; text-align: center;\" height=\"18\">Renk<\/td>\n<td style=\"text-align: center;\">\u015eeffaf \u00c7akmakta\u015f\u0131 Cam<\/td>\n<\/tr>\n<tr style=\"height: 13.50pt;\">\n<td style=\"height: 13.5pt; text-align: center;\" height=\"18\">Kapan\u0131\u015f<\/td>\n<td style=\"text-align: center;\">Al\u00fcminyum Vidal\u0131 Kapak (Mantar kaplama se\u00e7enekleri mevcuttur)<\/td>\n<\/tr>\n<\/tbody>\n<\/table>\n<h2>Ba\u015far\u0131 \u00d6rne\u011fi<\/h2>\n<p>Avrupa&#039;da butik bir \u015farap \u00fcreticisi, k\u0131rm\u0131z\u0131 \u015farap \u015fi\u015femizi ana ambalaj \u00e7\u00f6z\u00fcm\u00fc olarak se\u00e7ti. Kapsaml\u0131 bir \u00f6zelle\u015ftirme karar\u0131 ald\u0131lar: \u015ei\u015fe g\u00f6vdesi, \u015farab\u0131n rengini g\u00f6rsel olarak ortaya \u00e7\u0131karmak i\u00e7in y\u00fcksek \u015feffafl\u0131kta beyaz camdan yap\u0131ld\u0131, alt k\u0131s\u0131mda daha iyi tutu\u015f ve sergileme stabilitesi i\u00e7in daha derin kavisli bir girinti bulunuyor ve \u015fi\u015fenin omuz k\u0131sm\u0131, genel \u015fekle daha ince bir g\u00f6r\u00fcn\u00fcm kazand\u0131rmak i\u00e7in belirli bir orana ayarland\u0131. Y\u00fczey i\u015flemine gelince, m\u00fc\u015fteri k\u0131smi kum p\u00fcsk\u00fcrtme ve \u015faraphanenin ambleminin serigrafi bask\u0131s\u0131n\u0131 tercih etti ve ayr\u0131ca \u00e7\u00f6z\u00fcm\u00fc \u015farap etiketinin renk \u015femas\u0131yla tutarl\u0131 bir \u015fekilde m\u00fch\u00fcrledi.<\/p>\n<p>Bu k\u0131rm\u0131z\u0131 \u015farap serisinin sat\u0131\u015flar\u0131, \u00fcr\u00fcn lansman\u0131ndan sonraki ilk \u00e7eyrekte, ba\u015fl\u0131ca da\u011f\u0131t\u0131m kanallar\u0131nda y\u0131ll\u0131k bazda yakla\u015f\u0131k artt\u0131. Piyasa geri bildirimlerinden ve tedarik performans\u0131ndan cesaret alan m\u00fc\u015fteri, ayn\u0131 y\u0131l i\u00e7inde iki adet daha sat\u0131n alma i\u015flemi ger\u00e7ekle\u015ftirdi.<\/p>\n<h2>\u00d6zelle\u015ftirme Se\u00e7enekleriniz<\/h2>\n<ol>\n<li><strong>Y\u00fczey i\u015fleme iyile\u015ftirmeleri:<\/strong> Y\u00fczey i\u015fleme y\u00fckseltmelerimiz, \u015faraphanenin ad\u0131n\u0131 ve \u00fcretim y\u0131l\u0131 bilgilerini \u015fi\u015fenin \u00fczerine basmak i\u00e7in kumlama, serigrafi, s\u0131cak bask\u0131 veya kabartmal\u0131 etiket teknikleriyle entegre edilebilir.<\/li>\n<li><strong>\u00d6zelle\u015ftirilebilir \u015fi\u015fe taban yap\u0131s\u0131:<\/strong> Derinle\u015ftirilmi\u015f veya geni\u015fletilmi\u015f i\u00e7b\u00fckey taban tasar\u0131m\u0131, yaln\u0131zca l\u00fcks hissi ve sergileme stabilitesini art\u0131rmakla kalmaz, ayn\u0131 zamanda tutmay\u0131 da kolayla\u015ft\u0131r\u0131r.<\/li>\n<li><strong>Uyumlu kapatma sistemi:<\/strong> Pazar konumland\u0131rmas\u0131na g\u00f6re \u00f6zelle\u015ftirilebilir vidal\u0131 kapak veya mantar t\u0131pa \u00f6zellikleri, \u00f6zel renkler veya \u00f6zel tasarlanm\u0131\u015f kapaklarla e\u015fle\u015ftirilebilir.<\/li>\n<\/ol>","protected":false},"excerpt":{"rendered":"<p>Markalar ve \u015farap \u00fcreticileri i\u00e7in y\u00fcksek kaliteli, \u00f6zel tasar\u0131m \u015farap \u015fi\u015feleri. Do\u011frudan fabrika sevkiyat\u0131 ile b\u00fcy\u00fck \u00f6l\u00e7ekli \u015fi\u015feleme ihtiya\u00e7lar\u0131 i\u00e7in uygun, toptan \u015farap \u015fi\u015fesi tedari\u011fi.<\/p>","protected":false},"featured_media":5581,"template":"","meta":{"postBodyCss":"","postBodyMargin":[],"postBodyPadding":[],"postBodyBackground":{"backgroundType":"classic","gradient":""}},"product_brand":[],"product_cat":[15,16,84],"product_tag":[109],"class_list":{"0":"post-5577","1":"product","2":"type-product","3":"status-publish","4":"has-post-thumbnail","6":"product_cat-glass-containers","7":"product_cat-glass-bottles","8":"product_cat-wine-bottles","9":"product_tag-glass-champagne-bottles","11":"first","12":"instock","13":"shipping-taxable","14":"product-type-simple"},"jetpack_sharing_enabled":true,"_links":{"self":[{"href":"https:\/\/minghanggroup.com\/tr\/wp-json\/wp\/v2\/product\/5577","targetHints":{"allow":["GET"]}}],"collection":[{"href":"https:\/\/minghanggroup.com\/tr\/wp-json\/wp\/v2\/product"}],"about":[{"href":"https:\/\/minghanggroup.com\/tr\/wp-json\/wp\/v2\/types\/product"}],"wp:featuredmedia":[{"embeddable":true,"href":"https:\/\/minghanggroup.com\/tr\/wp-json\/wp\/v2\/media\/5581"}],"wp:attachment":[{"href":"https:\/\/minghanggroup.com\/tr\/wp-json\/wp\/v2\/media?parent=5577"}],"wp:term":[{"taxonomy":"product_brand","embeddable":true,"href":"https:\/\/minghanggroup.com\/tr\/wp-json\/wp\/v2\/product_brand?post=5577"},{"taxonomy":"product_cat","embeddable":true,"href":"https:\/\/minghanggroup.com\/tr\/wp-json\/wp\/v2\/product_cat?post=5577"},{"taxonomy":"product_tag","embeddable":true,"href":"https:\/\/minghanggroup.com\/tr\/wp-json\/wp\/v2\/product_tag?post=5577"}],"curies":[{"name":"wp","href":"https:\/\/api.w.org\/{rel}","templated":true}]}}