{"id":5559,"date":"2026-02-05T08:57:37","date_gmt":"2026-02-05T00:57:37","guid":{"rendered":"https:\/\/minghanggroup.com\/?post_type=product&#038;p=5559"},"modified":"2026-03-02T13:35:44","modified_gmt":"2026-03-02T05:35:44","slug":"cylindrical-empty-soda-stream-glass-bottles-bulk","status":"publish","type":"product","link":"https:\/\/minghanggroup.com\/tr\/urun\/cylindrical-empty-soda-stream-glass-bottles-bulk\/","title":{"rendered":"350 ml, 500 ml, 750 ml Silindirik Bo\u015f Soda Stream Cam \u015ei\u015feler (Toptan)"},"content":{"rendered":"<p>Bu soda \u015fi\u015fesi cam \u015fi\u015feleri, d\u00fcz g\u00f6vdesi, p\u00fcr\u00fczs\u00fcz boynu ve vidal\u0131 kapa\u011f\u0131yla zarif, p\u00fcr\u00fczs\u00fcz silindirik bir \u015fekle sahiptir. \u00dc\u00e7 farkl\u0131 boyutta mevcuttur.<\/p>\n<h2>\u00dcr\u00fcn \u00d6zellikleri<\/h2>\n<ul>\n<li><strong>Basit D\u00fcz Silindir Tasar\u0131m\u0131:<\/strong> Dikey, d\u00fcz ve e\u015fit \u015fi\u015fe \u015fekli, temizlemeyi, etiketlemeyi ve saklamay\u0131 kolayla\u015ft\u0131r\u0131r ve ayn\u0131 zamanda maksimum yer tasarrufu sa\u011flar.<\/li>\n<li><strong>G\u00fcvenli Vidal\u0131 Kapak:<\/strong> \u00dcr\u00fcnle birlikte gelen kapak, gaz\u0131n d\u0131\u015far\u0131 s\u0131zmas\u0131n\u0131 \u00f6nleyerek i\u00e7eri\u011fin tazeli\u011fini koruyan s\u0131k\u0131 ve hava ge\u00e7irmez bir s\u0131zd\u0131rmazl\u0131k sa\u011flar.<\/li>\n<li><strong>\u00c7e\u015fitli Boyutlarda T\u00fcketim:<\/strong> \u00c7e\u015fitli i\u00e7ecek ihtiya\u00e7lar\u0131n\u0131za uygun olarak 350 ml, 500 ml ve 750 ml boyutlar\u0131nda mevcuttur.<\/li>\n<\/ul>\n<h2 style=\"text-align: left;\">Temel \u00d6zellikler<\/h2>\n<table class=\"aligncenter\" style=\"border-collapse: collapse; width: 471.02pt;\" border=\"0\" width=\"628\" cellspacing=\"0\" cellpadding=\"0\">\n<tbody>\n<tr style=\"height: 13.50pt;\">\n<td style=\"height: 13.50pt; width: 115.50pt;\" width=\"154\" height=\"18\">Ba\u011flanmak<\/td>\n<td style=\"width: 355.50pt;\" width=\"474\">Detaylar<\/td>\n<\/tr>\n<tr style=\"height: 13.50pt;\">\n<td style=\"height: 13.50pt;\" height=\"18\">Kapasite<\/td>\n<td>350 ml, 500 ml, 750 ml<\/td>\n<\/tr>\n<tr style=\"height: 13.50pt;\">\n<td style=\"height: 13.50pt;\" height=\"18\">Malzeme<\/td>\n<td>Y\u00fcksek \u015eeffafl\u0131kta Dayan\u0131kl\u0131 Cam<\/td>\n<\/tr>\n<tr style=\"height: 13.50pt;\">\n<td style=\"height: 13.50pt;\" height=\"18\">\u015ei\u015fe \u015eekli<\/td>\n<td>D\u00fcz duvarl\u0131 silindirik sil\u00fcet<\/td>\n<\/tr>\n<tr style=\"height: 13.50pt;\">\n<td style=\"height: 13.50pt;\" height=\"18\">\u00d6zelle\u015ftirme Aral\u0131\u011f\u0131<\/td>\n<td>Boyut, Kapaklar, Renk, Y\u00fczey \u0130\u015flemi<\/td>\n<\/tr>\n<tr style=\"height: 13.50pt;\">\n<td style=\"height: 13.50pt;\" height=\"18\">Birincil Kullan\u0131m<\/td>\n<td>Gazl\u0131 \u0130\u00e7ecek \u015ei\u015feleri, Bo\u015f Cam Soda \u015ei\u015feleri<\/td>\n<\/tr>\n<tr style=\"height: 13.50pt;\">\n<td style=\"height: 13.50pt;\" height=\"18\">Hedef Sekt\u00f6rler<\/td>\n<td>\u0130\u00e7ecek Toptan Tedarik\u00e7ileri, \u00d6zel \u0130\u00e7ecek \u00dcreticileri<\/td>\n<\/tr>\n<\/tbody>\n<\/table>\n<h2>Ba\u015far\u0131 Hikayesi: Orta Bat\u0131&#039;da Kurulan Bir El Yap\u0131m\u0131 \u0130\u00e7ecek Markas\u0131n\u0131n Ba\u015far\u0131 Hikayem<\/h2>\n<p>Ki\u015fiselle\u015ftirilmi\u015f siyah kapaklarla kapat\u0131lm\u0131\u015f bo\u015f cam soda \u015fi\u015felerimiz, yeni alkols\u00fcz i\u00e7ecek serisinin bir par\u00e7as\u0131 olarak el yap\u0131m\u0131 gazl\u0131 i\u00e7eceklerden olu\u015fan yeni bir \u00fcr\u00fcn yelpazesini piyasaya s\u00fcren Orta Bat\u0131&#039;da faaliyet g\u00f6steren bir i\u00e7ecek firmas\u0131 taraf\u0131ndan se\u00e7ildi. Performans etkileyiciydi: \u00e7ekici ambalaj, sosyal medya payla\u015f\u0131mlar\u0131n\u0131 art\u0131rd\u0131; gazl\u0131 i\u00e7eceklerin \u00f6mr\u00fc plastik versiyonlara g\u00f6re daha uzundu; ve m\u00fc\u015fteri memnuniyeti oran\u0131 artt\u0131. Bu bulgulara dayanarak, 350.000 \u015fi\u015felik ek bir sipari\u015f verdiler.<\/p>\n<h2>Cam \u0130\u00e7ecek \u015ei\u015feleri \u00d6zelle\u015ftirme<\/h2>\n<ul>\n<li>\u00d6zel Kapaklar: \u00dcr\u00fcn g\u00fcvenli\u011fini art\u0131rmak i\u00e7in \u00f6zel renkli kapaklar veya kurcalamaya kar\u015f\u0131 koruyucu kapaklar sa\u011flay\u0131n.<\/li>\n<li>Serigrafi Bask\u0131: Kaliteli tasar\u0131mlar\u0131n, logolar\u0131n veya \u00f6l\u00e7\u00fc birimlerinin do\u011frudan bas\u0131lmas\u0131n\u0131 i\u00e7erir.<\/li>\n<li>Renk Farkl\u0131l\u0131klar\u0131: I\u015f\u0131\u011fa duyarl\u0131 gazl\u0131 i\u00e7eceklerde kullan\u0131labilen a\u00e7\u0131k ye\u015fil veya kehribar rengi cam.<\/li>\n<\/ul>","protected":false},"excerpt":{"rendered":"<p>Soda Stream cam \u015fi\u015feleri, temiz silindirik \u015fekillere ve kapaklara sahip, bo\u015f cam soda \u015fi\u015feleri olarak tasarlanm\u0131\u015ft\u0131r ve marka, kapak ve boyut se\u00e7enekleri a\u00e7\u0131s\u0131ndan OEM&#039;lere destek vermektedir.<\/p>","protected":false},"featured_media":5560,"template":"","meta":{"postBodyCss":"","postBodyMargin":[],"postBodyPadding":[],"postBodyBackground":{"backgroundType":"classic","gradient":""}},"product_brand":[],"product_cat":[15,16,83],"product_tag":[91],"class_list":{"0":"post-5559","1":"product","2":"type-product","3":"status-publish","4":"has-post-thumbnail","6":"product_cat-glass-containers","7":"product_cat-glass-bottles","8":"product_cat-glass-beverage-bottles","9":"product_tag-glass-soda-bottles","11":"first","12":"instock","13":"shipping-taxable","14":"product-type-simple"},"jetpack_sharing_enabled":true,"_links":{"self":[{"href":"https:\/\/minghanggroup.com\/tr\/wp-json\/wp\/v2\/product\/5559","targetHints":{"allow":["GET"]}}],"collection":[{"href":"https:\/\/minghanggroup.com\/tr\/wp-json\/wp\/v2\/product"}],"about":[{"href":"https:\/\/minghanggroup.com\/tr\/wp-json\/wp\/v2\/types\/product"}],"wp:featuredmedia":[{"embeddable":true,"href":"https:\/\/minghanggroup.com\/tr\/wp-json\/wp\/v2\/media\/5560"}],"wp:attachment":[{"href":"https:\/\/minghanggroup.com\/tr\/wp-json\/wp\/v2\/media?parent=5559"}],"wp:term":[{"taxonomy":"product_brand","embeddable":true,"href":"https:\/\/minghanggroup.com\/tr\/wp-json\/wp\/v2\/product_brand?post=5559"},{"taxonomy":"product_cat","embeddable":true,"href":"https:\/\/minghanggroup.com\/tr\/wp-json\/wp\/v2\/product_cat?post=5559"},{"taxonomy":"product_tag","embeddable":true,"href":"https:\/\/minghanggroup.com\/tr\/wp-json\/wp\/v2\/product_tag?post=5559"}],"curies":[{"name":"wp","href":"https:\/\/api.w.org\/{rel}","templated":true}]}}