{"id":5553,"date":"2026-02-13T15:34:38","date_gmt":"2026-02-13T07:34:38","guid":{"rendered":"https:\/\/minghanggroup.com\/?post_type=product&#038;p=5553"},"modified":"2026-02-04T15:35:12","modified_gmt":"2026-02-04T07:35:12","slug":"custom-small-wine-bottles-bulk","status":"publish","type":"product","link":"https:\/\/minghanggroup.com\/tr\/urun\/custom-small-wine-bottles-bulk\/","title":{"rendered":"375 ml \u00d6zel K\u00fc\u00e7\u00fck \u015earap \u015ei\u015feleri (Toptan)"},"content":{"rendered":"<p>Tad\u0131m setleri, k\u00fc\u00e7\u00fck hediyeler veya \u00f6rnek setleri i\u00e7in esnek kaplara ihtiyac\u0131n\u0131z var ve 375 ml&#039;lik \u015farap \u015fi\u015felerimiz tam da bunu sa\u011fl\u0131yor. Klasik Bordeaux \u015farap \u015fi\u015fesi \u015feklinde, koyu kehribar rengi camdan \u00fcretilen bu k\u00fc\u00e7\u00fck \u015farap \u015fi\u015feleri, k\u0131rm\u0131z\u0131 \u015farab\u0131n\u0131z\u0131 korumakla kalmaz, ayn\u0131 zamanda m\u00fc\u015fterilerinizin g\u00f6rsel olarak da ilgisini \u00e7eker. Cam \u015fi\u015fe orta\u011f\u0131 olarak, cam \u015fi\u015feler konusunda g\u00fcvenilir orta\u011f\u0131n\u0131z\u0131z; k\u00fc\u00e7\u00fck \u015farap \u015fi\u015felerini toplu sipari\u015f etme s\u00fcrecini basitle\u015ftiriyor, s\u00fcrd\u00fcr\u00fclebilir hale getiriyor ve markan\u0131z i\u00e7in m\u00fckemmel bir \u00e7\u00f6z\u00fcm sunuyoruz. \u0130ster k\u0131rm\u0131z\u0131 \u015farap, ister Burgonya \u015farab\u0131, hatta kendi \u015farab\u0131n\u0131z\u0131 paketliyor olun, kullan\u0131\u015fl\u0131l\u0131k ve stilin bir araya geldi\u011fi yer buras\u0131d\u0131r.<\/p>\n<h2>\u00dcr\u00fcn \u00d6zellikleri<\/h2>\n<ul>\n<li><strong>Kompakt ve Ta\u015f\u0131nabilir Tasar\u0131m:<\/strong> K\u00fc\u00e7\u00fck kapasiteli \u015fi\u015fe tasar\u0131m\u0131, tek kullan\u0131ml\u0131k servis, seyahat veya etkinliklerde da\u011f\u0131t\u0131m i\u00e7in olduk\u00e7a uygundur; i\u015flevsellik ve \u00e7ekicilik aras\u0131nda iyi bir denge sa\u011flar.<\/li>\n<li><strong>\u00c7ok Y\u00f6nl\u00fc Kullan\u0131m:<\/strong> Bu \u00fcr\u00fcn, \u015farap, lik\u00f6r, buzlu \u015farap, tad\u0131m \u015faraplar\u0131 ve hediye \u015faraplar\u0131n\u0131n ambalajlanmas\u0131nda kullan\u0131labilir ve b\u00f6ylece perakende, promosyon ve ki\u015fiselle\u015ftirilmi\u015f hediye sekt\u00f6rlerinin ihtiya\u00e7lar\u0131n\u0131 kar\u015f\u0131lar.<\/li>\n<li><strong>Farkl\u0131 Dekorasyon Tekniklerine Olanak Sa\u011flar:<\/strong> \u015ei\u015fe, serigrafi, s\u0131cak bask\u0131, p\u00fcsk\u00fcrtme, etiketleme ve kabartma gibi \u00e7ok say\u0131da teknikle dekore edilebilir; bu da farkl\u0131la\u015ft\u0131r\u0131lm\u0131\u015f marka sunumu i\u00e7in harika bir ara\u00e7t\u0131r.<\/li>\n<\/ul>\n<h2>Temel \u00d6zellikler<\/h2>\n<table style=\"border-collapse: collapse; width: 80%; margin-left: auto; margin-right: auto;\" border=\"0\" width=\"144\" cellspacing=\"0\" cellpadding=\"0\">\n<tbody>\n<tr style=\"height: 13.50pt;\">\n<td style=\"height: 13.5pt; width: 54pt; text-align: center;\" width=\"72\" height=\"18\">\u00d6zellik<\/td>\n<td style=\"width: 54pt; text-align: center;\" width=\"72\">Detay<\/td>\n<\/tr>\n<tr style=\"height: 13.50pt;\">\n<td style=\"height: 13.5pt; text-align: center;\" height=\"18\">Kapasite<\/td>\n<td style=\"text-align: center;\">375 ml<\/td>\n<\/tr>\n<tr style=\"height: 13.50pt;\">\n<td style=\"height: 13.5pt; text-align: center;\" height=\"18\">Boyutlar(cm)<\/td>\n<td style=\"text-align: center;\">7,3 \u00d7 24,5<\/td>\n<\/tr>\n<tr style=\"height: 13.50pt;\">\n<td style=\"height: 13.5pt; text-align: center;\" height=\"18\">Sap Kaplamas\u0131 (cm)<\/td>\n<td style=\"text-align: center;\" align=\"right\">1.8<\/td>\n<\/tr>\n<tr style=\"height: 13.50pt;\">\n<td style=\"height: 13.5pt; text-align: center;\" height=\"18\">Renk<\/td>\n<td style=\"text-align: center;\">Koyu Amber<\/td>\n<\/tr>\n<tr style=\"height: 13.50pt;\">\n<td style=\"height: 13.5pt; text-align: center;\" height=\"18\">Kapatma Se\u00e7enekleri<\/td>\n<td style=\"text-align: center;\">Do\u011fal \u015earap Mantarlar\u0131, Sentetik T\u0131pa, Elle B\u00fck\u00fclen Al\u00fcminyum + Silikon Conta, Uzun Kapak<\/td>\n<\/tr>\n<tr style=\"height: 13.50pt;\">\n<td style=\"height: 13.5pt; text-align: center;\" height=\"18\">En \u0130yisi \u0130\u00e7in<\/td>\n<td style=\"text-align: center;\">K\u0131rm\u0131z\u0131 \u015earaplar, Bordo \u015earaplar, Burgonya \u015earaplar\u0131, Ev Yap\u0131m\u0131 \u015earaplar, \u0130\u00e7ki \u015ei\u015feleri, Tad\u0131m Setleri<\/td>\n<\/tr>\n<\/tbody>\n<\/table>\n<h2>Ba\u015far\u0131 \u00d6rne\u011fi<\/h2>\n<p>\u0130talya&#039;n\u0131n Toskana b\u00f6lgesinde bulunan k\u00fc\u00e7\u00fck, uzmanla\u015fm\u0131\u015f bir \u015farap \u00fcreticisi, 375 ml&#039;lik k\u00fc\u00e7\u00fck kapasiteli \u015farap \u015fi\u015felerinin tedari\u011fi i\u00e7in bizimle \u00e7al\u0131\u015fmaya karar verdi. Marka kimliklerini yans\u0131tmak amac\u0131yla, m\u00fc\u015fteri \u015fi\u015feleri kabartmal\u0131 \u015farap \u00fcreticisi logosuyla s\u00fcsledi ve parti takibi i\u00e7in \u015fi\u015fe taban\u0131na lazerle i\u015flenmi\u015f kodlar ekledi.<\/p>\n<p>Bunun yan\u0131 s\u0131ra, \u015fi\u015feleri m\u00fc\u015fterinin \u00f6zelliklerine uygun, \u00fcstten \u00e7entikli al\u00fcminyum vidal\u0131 kapaklarla e\u015fle\u015ftirdik ve m\u00fc\u015fteriye y\u00fczey i\u015flemleri i\u00e7in \u00e7e\u015fitli se\u00e7enekler sunduk. Sonunda, \u00fcr\u00fcne rafta daha fazla dikkat \u00e7ekmesi i\u00e7in k\u0131smen \u015feffaf pencere tasar\u0131m\u0131na sahip buzlu bir y\u00fczey se\u00e7ildi.<\/p>\n<p>\u00dcr\u00fcn\u00fcn piyasaya s\u00fcr\u00fclmesinin ard\u0131ndan, m\u00fc\u015fterinin k\u00fc\u00e7\u00fck kapasiteli \u00fcr\u00fcn hatt\u0131, sat\u0131\u015flar\u0131n ilk \u00e7eyre\u011finde bir \u00f6nceki y\u0131la g\u00f6re &#039;lik bir art\u0131\u015f ya\u015fad\u0131. Olumlu pazar tepkisiyle birlikte, m\u00fc\u015fteri ilk sipari\u015ften 6 aydan k\u0131sa bir s\u00fcre sonra ek bir sipari\u015f vererek toplam sat\u0131n alma miktar\u0131n\u0131 art\u0131rd\u0131.<\/p>\n<h2>\u00d6zelle\u015ftirme Yollar\u0131n\u0131z<\/h2>\n<ol>\n<li><strong>Kabartmal\u0131\/\u00c7ukur \u015ei\u015fe Tasar\u0131m\u0131:<\/strong> \u015ei\u015fe, marka bilinirli\u011fini art\u0131rmak ve l\u00fcks bir g\u00f6r\u00fcn\u00fcm kazand\u0131rmak i\u00e7in \u015faraphanenin logosu, \u00fcretim y\u0131l\u0131 veya \u00f6zel desenlerle kabartma veya oyma y\u00f6ntemiyle i\u015flenebilir. Bu t\u00fcr bir \u00fcr\u00fcn, hediye setleri veya s\u0131n\u0131rl\u0131 say\u0131da \u00fcretilen seriler i\u00e7in m\u00fckemmeldir.<\/li>\n<li><strong>\u00c7e\u015fitli \u015ei\u015fe Boyun ve Kapatma Se\u00e7enekleri:<\/strong> \u015ei\u015fe, \u00fcr\u00fcn\u00fcn konumuna ba\u011fl\u0131 olarak mantar veya vidal\u0131 kapakla kapat\u0131labilir. Di\u011fer \u00f6zelle\u015ftirilebilir \u00f6zellikler aras\u0131nda al\u00fcminyum kapak rengi, \u00fcst k\u0131sma s\u0131cak bask\u0131 logolar\u0131 ve sahtecili\u011fe kar\u015f\u0131 \u00f6nlemler yer almaktad\u0131r.<\/li>\n<li><strong>\u00d6zel Etiketler ve Serigrafi Bask\u0131:<\/strong> \u00dcr\u00fcn, alkole dayan\u0131kl\u0131, su ge\u00e7irmez etiketler, s\u0131cak bask\u0131 etiketler veya do\u011frudan serigrafi bask\u0131 y\u00f6ntemiyle markalanabilir. \u00c7ok katmanl\u0131 bask\u0131 efektlerinin sa\u011flad\u0131\u011f\u0131 olanaklarla markalar, imajlar\u0131n\u0131 g\u00fc\u00e7lendirmenin yan\u0131 s\u0131ra gelecekteki etiketleme maliyetlerinden de tasarruf edebilirler.<\/li>\n<\/ol>","protected":false},"excerpt":{"rendered":"<p>Fabrikadan do\u011frudan tedarikle k\u00fc\u00e7\u00fck \u015farap \u015fi\u015feleri. 375 ml&#039;lik \u015farap \u015fi\u015feleri, toplu sipari\u015flerde \u00f6zelle\u015ftirme, h\u0131zl\u0131 kargo ve al\u0131c\u0131lar i\u00e7in \u00fccretsiz numuneler ile sunulmaktad\u0131r.<\/p>","protected":false},"featured_media":5557,"template":"","meta":{"postBodyCss":"","postBodyMargin":[],"postBodyPadding":[],"postBodyBackground":{"backgroundType":"classic","gradient":""}},"product_brand":[],"product_cat":[15,16,84],"product_tag":[],"class_list":{"0":"post-5553","1":"product","2":"type-product","3":"status-publish","4":"has-post-thumbnail","6":"product_cat-glass-containers","7":"product_cat-glass-bottles","8":"product_cat-wine-bottles","10":"first","11":"instock","12":"shipping-taxable","13":"product-type-simple"},"jetpack_sharing_enabled":true,"_links":{"self":[{"href":"https:\/\/minghanggroup.com\/tr\/wp-json\/wp\/v2\/product\/5553","targetHints":{"allow":["GET"]}}],"collection":[{"href":"https:\/\/minghanggroup.com\/tr\/wp-json\/wp\/v2\/product"}],"about":[{"href":"https:\/\/minghanggroup.com\/tr\/wp-json\/wp\/v2\/types\/product"}],"wp:featuredmedia":[{"embeddable":true,"href":"https:\/\/minghanggroup.com\/tr\/wp-json\/wp\/v2\/media\/5557"}],"wp:attachment":[{"href":"https:\/\/minghanggroup.com\/tr\/wp-json\/wp\/v2\/media?parent=5553"}],"wp:term":[{"taxonomy":"product_brand","embeddable":true,"href":"https:\/\/minghanggroup.com\/tr\/wp-json\/wp\/v2\/product_brand?post=5553"},{"taxonomy":"product_cat","embeddable":true,"href":"https:\/\/minghanggroup.com\/tr\/wp-json\/wp\/v2\/product_cat?post=5553"},{"taxonomy":"product_tag","embeddable":true,"href":"https:\/\/minghanggroup.com\/tr\/wp-json\/wp\/v2\/product_tag?post=5553"}],"curies":[{"name":"wp","href":"https:\/\/api.w.org\/{rel}","templated":true}]}}