{"id":5546,"date":"2026-02-04T13:07:02","date_gmt":"2026-02-04T05:07:02","guid":{"rendered":"https:\/\/minghanggroup.com\/?post_type=product&#038;p=5546"},"modified":"2026-03-02T13:42:49","modified_gmt":"2026-03-02T05:42:49","slug":"clear-glass-bottles-for-juice-with-slim-neck-bulk","status":"publish","type":"product","link":"https:\/\/minghanggroup.com\/tr\/urun\/clear-glass-bottles-for-juice-with-slim-neck-bulk\/","title":{"rendered":"340 ml \u015eeffaf Cam Meyve Suyu \u015ei\u015feleri, \u0130nce Boyunlu, Toplu Al\u0131m"},"content":{"rendered":"<p>Meyve suyu i\u00e7in kullan\u0131lan cam \u015fi\u015feler, geni\u015f tabanl\u0131 ve dar boyunlu, g\u00fczelce k\u0131vr\u0131lm\u0131\u015f, konik cam \u015fi\u015felerde paketlenir ve \u015fi\u015fenin kapanmas\u0131n\u0131 sa\u011flayan vidal\u0131 metal bir kapa\u011fa sahiptir.<\/p>\n<h2>\u00dcr\u00fcn \u00d6zellikleri<\/h2>\n<ul>\n<li><strong>Zarif Konik Tasar\u0131m:<\/strong> Konik tasar\u0131m, m\u00fckemmel ergonomi ve benzersiz g\u00f6rselle\u015ftirme \u00f6zelli\u011fiyle \u00f6ne \u00e7\u0131k\u0131yor.<\/li>\n<li><strong>Sa\u011flam Oturma Yeri:<\/strong> Vidal\u0131 metal kapak, hava s\u0131zd\u0131rmazl\u0131\u011f\u0131 sa\u011flayarak i\u00e7eceklerin daha taze kalmas\u0131n\u0131 ve d\u00f6k\u00fclmelerin \u00f6nlenmesini sa\u011flar.<\/li>\n<li><strong>Genel Kullan\u0131labilirlik:<\/strong> Su, meyve suyu, gazl\u0131 i\u00e7ecekler ve di\u011fer y\u00fcksek kaliteli i\u00e7eceklerde kullan\u0131labilir.<\/li>\n<\/ul>\n<h2 style=\"text-align: left;\">Temel \u00d6zellikler<\/h2>\n<table class=\"aligncenter\" style=\"border-collapse: collapse; width: 447.77pt;\" border=\"0\" width=\"597\" cellspacing=\"0\" cellpadding=\"0\">\n<tbody>\n<tr style=\"height: 13.50pt;\">\n<td style=\"height: 13.50pt; width: 115.50pt;\" width=\"154\" height=\"18\">Ba\u011flanmak<\/td>\n<td style=\"width: 332.25pt;\" width=\"443\">Detaylar<\/td>\n<\/tr>\n<tr style=\"height: 13.50pt;\">\n<td style=\"height: 13.50pt;\" height=\"18\">Kapasite<\/td>\n<td>340 ml<\/td>\n<\/tr>\n<tr style=\"height: 13.50pt;\">\n<td style=\"height: 13.50pt;\" height=\"18\">Boyutlar<\/td>\n<td>55 mm \u00d7 220 mm<\/td>\n<\/tr>\n<tr style=\"height: 13.50pt;\">\n<td style=\"height: 13.50pt;\" height=\"18\">Malzeme<\/td>\n<td>\u015eeffaf cam<\/td>\n<\/tr>\n<tr style=\"height: 13.50pt;\">\n<td style=\"height: 13.50pt;\" height=\"18\">\u015ei\u015fe \u015eekli<\/td>\n<td>Konik, geni\u015f tabanl\u0131dan ince boyunlu<\/td>\n<\/tr>\n<tr style=\"height: 13.50pt;\">\n<td style=\"height: 13.50pt;\" height=\"18\">\u00d6zelle\u015ftirme Aral\u0131\u011f\u0131<\/td>\n<td>Boyut, \u015fekil varyasyonlar\u0131, kapak y\u00fczeyi, kabartma, renklendirme<\/td>\n<\/tr>\n<tr style=\"height: 13.50pt;\">\n<td style=\"height: 13.50pt;\" height=\"18\">\u0130\u015f\u00e7ilik<\/td>\n<td>P\u00fcr\u00fczs\u00fcz y\u00fczey, hassas di\u015f a\u00e7ma, homojen duvar kal\u0131nl\u0131\u011f\u0131<\/td>\n<\/tr>\n<tr style=\"height: 13.50pt;\">\n<td style=\"height: 13.50pt;\" height=\"18\">Birincil Kullan\u0131m<\/td>\n<td>cam i\u00e7ecek \u015fi\u015feleri, su \u015fi\u015feleri<\/td>\n<\/tr>\n<tr style=\"height: 13.50pt;\">\n<td style=\"height: 13.50pt;\" height=\"18\">Hedef Sekt\u00f6rler<\/td>\n<td>\u0130\u00e7ecek toptan sat\u0131\u015f\u0131, premium markalar<\/td>\n<\/tr>\n<\/tbody>\n<\/table>\n<h2>Ba\u015far\u0131 \u00d6yk\u00fcs\u00fc: Kuzey Amerika Marka Yeniden Sipari\u015fi<\/h2>\n<p>Kuzey Amerika&#039;daki i\u00e7ecek markalar\u0131ndan biri, meyve sular\u0131 i\u00e7in konik cam \u015fi\u015felerimizi ve \u00f6zel f\u0131r\u00e7alanm\u0131\u015f metal kapaklar\u0131m\u0131z\u0131 tercih etti. Sonu\u00e7lar etkileyiciydi: Perakende sat\u0131\u015flar artt\u0131, m\u00fc\u015fteri memnuniyeti iyile\u015fti ve butiklerden gelen toptan sat\u0131\u015f talepleri artt\u0131; bunlar\u0131n hepsi \u015fi\u015felerin \u00fcst\u00fcn g\u00f6r\u00fcn\u00fcm\u00fc sayesinde oldu. Bunun \u00fczerine, ikinci \u00e7eyrekte 250.000 \u015fi\u015fe daha sipari\u015f verdiler.<\/p>\n<h2>Cam \u0130\u00e7ecek \u015ei\u015feleri \u00d6zelle\u015ftirme<\/h2>\n<ul>\n<li>Koninin \u015eeklini De\u011fi\u015ftirin: Marka imaj\u0131n\u0131za uygun daha \u00e7arp\u0131c\u0131 veya daha yumu\u015fak bir e\u011fri tasarlay\u0131n.<\/li>\n<li>\u00d6zel Kapak Kaplamalar\u0131: Parlak krom, f\u0131r\u00e7alanm\u0131\u015f pirin\u00e7 veya renkli metal kaplama se\u00e7eneklerinden birini se\u00e7in.<\/li>\n<li>Kabartma Ekleyin: Logonuzu veya grafi\u011finizi cama yerle\u015ftirerek, etiketsiz, \u015f\u0131k bir g\u00f6r\u00fcn\u00fcm elde edin.<\/li>\n<\/ul>","protected":false},"excerpt":{"rendered":"<p>Konik \u015fekli ve metal vidal\u0131 kapa\u011f\u0131yla su, gazl\u0131 i\u00e7ecekler ve meyve sular\u0131 i\u00e7in ideal olan, fabrikadan temin edilen cam i\u00e7ecek \u015fi\u015feleri.<\/p>","protected":false},"featured_media":5545,"template":"","meta":{"postBodyCss":"","postBodyMargin":[],"postBodyPadding":[],"postBodyBackground":{"backgroundType":"classic","gradient":""}},"product_brand":[],"product_cat":[15,16,83],"product_tag":[93],"class_list":{"0":"post-5546","1":"product","2":"type-product","3":"status-publish","4":"has-post-thumbnail","6":"product_cat-glass-containers","7":"product_cat-glass-bottles","8":"product_cat-glass-beverage-bottles","9":"product_tag-glass-gatorade-bottles","11":"first","12":"instock","13":"shipping-taxable","14":"product-type-simple"},"jetpack_sharing_enabled":true,"_links":{"self":[{"href":"https:\/\/minghanggroup.com\/tr\/wp-json\/wp\/v2\/product\/5546","targetHints":{"allow":["GET"]}}],"collection":[{"href":"https:\/\/minghanggroup.com\/tr\/wp-json\/wp\/v2\/product"}],"about":[{"href":"https:\/\/minghanggroup.com\/tr\/wp-json\/wp\/v2\/types\/product"}],"wp:featuredmedia":[{"embeddable":true,"href":"https:\/\/minghanggroup.com\/tr\/wp-json\/wp\/v2\/media\/5545"}],"wp:attachment":[{"href":"https:\/\/minghanggroup.com\/tr\/wp-json\/wp\/v2\/media?parent=5546"}],"wp:term":[{"taxonomy":"product_brand","embeddable":true,"href":"https:\/\/minghanggroup.com\/tr\/wp-json\/wp\/v2\/product_brand?post=5546"},{"taxonomy":"product_cat","embeddable":true,"href":"https:\/\/minghanggroup.com\/tr\/wp-json\/wp\/v2\/product_cat?post=5546"},{"taxonomy":"product_tag","embeddable":true,"href":"https:\/\/minghanggroup.com\/tr\/wp-json\/wp\/v2\/product_tag?post=5546"}],"curies":[{"name":"wp","href":"https:\/\/api.w.org\/{rel}","templated":true}]}}