{"id":5542,"date":"2026-02-18T11:50:31","date_gmt":"2026-02-18T03:50:31","guid":{"rendered":"https:\/\/minghanggroup.com\/?post_type=product&#038;p=5542"},"modified":"2026-02-04T14:33:26","modified_gmt":"2026-02-04T06:33:26","slug":"16-oz-clear-glass-bottles-for-juices-with-lids-bulk","status":"publish","type":"product","link":"https:\/\/minghanggroup.com\/tr\/urun\/16-oz-clear-glass-bottles-for-juices-with-lids-bulk\/","title":{"rendered":"16 oz&#039;luk \u015eeffaf Cam Meyve Suyu \u015ei\u015feleri (Kapakl\u0131) (Toptan Sat\u0131\u015f)"},"content":{"rendered":"<p>Bunlar, ince ve d\u00fcz silindirik tasar\u0131ma sahip, tutmas\u0131 ve saklamas\u0131 kolay, bol miktarda meyve suyuyla doldurulmu\u015f cam \u015fi\u015felerdir. Vidal\u0131 kapaklar\u0131 s\u0131k\u0131 bir s\u0131zd\u0131rmazl\u0131k sa\u011flar.<\/p>\n<h2>\u00dcr\u00fcn \u00d6zellikleri<\/h2>\n<ul>\n<li><strong>\u0130nce, D\u00fcz, Silindirik Tasar\u0131m:<\/strong> Silindirik tasar\u0131m dikey olarak incedir ve maksimum alan kullan\u0131m\u0131n\u0131 sa\u011flar; ayr\u0131ca silindir istiflenebilir ve \u00e7o\u011fu bardak tutucuya ve al\u0131\u015fveri\u015f \u00e7antas\u0131na s\u0131\u011far.<\/li>\n<li><strong>\u015eeffaf, P\u00fcr\u00fczs\u00fcz Malzeme:<\/strong> Barda\u011f\u0131n malzemesi m\u00fckemmel ve \u015feffaf, b\u00f6ylece i\u00e7indeki i\u00e7ece\u011fi rahat\u00e7a g\u00f6rebiliyorsunuz.<\/li>\n<li><strong>G\u00fcvenli Vidal\u0131 Kapak:<\/strong> \u00dcr\u00fcnle birlikte verilen vidal\u0131 kapak, s\u0131k\u0131 bir kapanma ve \u015f\u0131k bir g\u00f6r\u00fcn\u00fcm sa\u011flamak i\u00e7indir.<\/li>\n<\/ul>\n<h2 style=\"text-align: left;\">Temel \u00d6zellikler<\/h2>\n<table class=\"aligncenter\" style=\"border-collapse: collapse; width: 408.77pt;\" border=\"0\" width=\"545\" cellspacing=\"0\" cellpadding=\"0\">\n<tbody>\n<tr style=\"height: 13.50pt;\">\n<td style=\"height: 13.50pt; width: 115.50pt;\" width=\"154\" height=\"18\">Ba\u011flanmak<\/td>\n<td style=\"width: 293.25pt;\" width=\"391\">Detaylar<\/td>\n<\/tr>\n<tr style=\"height: 13.50pt;\">\n<td style=\"height: 13.50pt;\" height=\"18\">Kapasite<\/td>\n<td>500 ml (16 oz)<\/td>\n<\/tr>\n<tr style=\"height: 13.50pt;\">\n<td style=\"height: 13.50pt;\" height=\"18\">Boyutlar<\/td>\n<td>65 mm \u00e7ap \u00d7 150 mm y\u00fckseklik<\/td>\n<\/tr>\n<tr style=\"height: 13.50pt;\">\n<td style=\"height: 13.50pt;\" height=\"18\">Malzeme<\/td>\n<td>Y\u00fcksek Borosilikat Cam<\/td>\n<\/tr>\n<tr style=\"height: 13.50pt;\">\n<td style=\"height: 13.50pt;\" height=\"18\">\u015ei\u015fe \u015eekli<\/td>\n<td>D\u00fcz duvarl\u0131, teneke kutu tarz\u0131<\/td>\n<\/tr>\n<tr style=\"height: 13.50pt;\">\n<td style=\"height: 13.50pt;\" height=\"18\">\u00d6zelle\u015ftirme Aral\u0131\u011f\u0131<\/td>\n<td>\u015eekil, Boyut, Renk, Y\u00fczey, Kapak Tipi, Aksesuarlar<\/td>\n<\/tr>\n<tr style=\"height: 13.50pt;\">\n<td style=\"height: 13.50pt;\" height=\"18\">\u0130\u015f\u00e7ilik<\/td>\n<td>G\u00fc\u00e7lendirilmi\u015f Tabanl\u0131 P\u00fcr\u00fczs\u00fcz, Diki\u015fsiz Cam<\/td>\n<\/tr>\n<tr style=\"height: 13.50pt;\">\n<td style=\"height: 13.50pt;\" height=\"18\">Birincil Kullan\u0131m<\/td>\n<td>Meyve Suyu Cam \u015ei\u015feleri, Buzlu \u0130\u00e7ecek \u015ei\u015feleri<\/td>\n<\/tr>\n<tr style=\"height: 13.50pt;\">\n<td style=\"height: 13.50pt;\" height=\"18\">Hedef Sekt\u00f6rler<\/td>\n<td>\u0130\u00e7ecek Toptan Sat\u0131\u015f\u0131, \u00d6zel \u0130\u00e7ecekler<\/td>\n<\/tr>\n<\/tbody>\n<\/table>\n<h2>Ba\u015far\u0131 \u00d6yk\u00fcs\u00fc: Florida&#039;da Bir Meyve Suyu ve Smoothie Zinciri<\/h2>\n<p>16 oz&#039;luk cam i\u00e7ecek \u015fi\u015feleri, b\u00fcy\u00fck bir ulusal sa\u011fl\u0131kl\u0131 g\u0131da ma\u011fazas\u0131 taraf\u0131ndan se\u00e7ildi ve buzlu bir g\u00f6r\u00fcn\u00fcmle \u00f6zelle\u015ftirilerek \u00fczerlerine besin de\u011ferleri serigrafi bask\u0131 y\u00f6ntemiyle bas\u0131ld\u0131. \u015ei\u015felerin tutarl\u0131 ve temiz g\u00f6r\u00fcn\u00fcm\u00fc, raflarda \u00f6ne \u00e7\u0131kmalar\u0131n\u0131 sa\u011flayarak sat\u0131\u015flar\u0131n oran\u0131nda artmas\u0131na yol a\u00e7t\u0131. 500 ml&#039;lik boyut m\u00fc\u015fteriler aras\u0131nda favori oldu ve m\u00fc\u015fteri memnuniyeti artt\u0131. O kadar ba\u015far\u0131l\u0131 oldu ki, ma\u011fazalar\u0131n\u0131n \u00f6n\u00fcm\u00fczdeki iki y\u0131l boyunca \u015fi\u015felerle tedarik edilmesini sa\u011flamak i\u00e7in 3 milyon \u015fi\u015felik ek bir sipari\u015f daha verdiler. \u00d6zel Tasar\u0131m Cam Meyve Suyu \u015ei\u015feleri.<\/p>\n<h2>Meyve Suyu \u0130\u00e7in Cam \u015ei\u015feler Ki\u015fiselle\u015ftirme<\/h2>\n<ul>\n<li>Renk Uyumu: I\u015f\u0131\u011fa duyarl\u0131 i\u00e7ecekleri a\u00e7\u0131k kehribar veya ye\u015fil bardaklarda servis edin.<\/li>\n<li>\u00d6zel Kapak Tasar\u0131mlar\u0131: \u00c7e\u015fitli renklerde (siyah, ye\u015fil, \u015feffaf) olabilir veya markan\u0131z\u0131n logosunu ta\u015f\u0131yabilir.<\/li>\n<li>Serigrafi bask\u0131: Y\u00fcksek kaliteli grafiklerin, beslenme bilgilerinin veya t\u00fcm y\u00fczeyi kaplayan grafiklerin do\u011frudan bask\u0131s\u0131.<\/li>\n<\/ul>","protected":false},"excerpt":{"rendered":"<p>Meyve sular\u0131 i\u00e7in tasarlanm\u0131\u015f, hava ge\u00e7irmez kapakl\u0131, \u015feffaf 473 ml&#039;lik cam i\u00e7ecek \u015fi\u015feleri. Bu i\u00e7ecek \u015fi\u015feleri ince ve dikey bir profile sahiptir. \u00dccretsiz numuneler.<\/p>","protected":false},"featured_media":5552,"template":"","meta":{"postBodyCss":"","postBodyMargin":[],"postBodyPadding":[],"postBodyBackground":{"backgroundType":"classic","gradient":""}},"product_brand":[],"product_cat":[15,16,83],"product_tag":[],"class_list":{"0":"post-5542","1":"product","2":"type-product","3":"status-publish","4":"has-post-thumbnail","6":"product_cat-glass-containers","7":"product_cat-glass-bottles","8":"product_cat-glass-beverage-bottles","10":"first","11":"instock","12":"shipping-taxable","13":"product-type-simple"},"jetpack_sharing_enabled":true,"_links":{"self":[{"href":"https:\/\/minghanggroup.com\/tr\/wp-json\/wp\/v2\/product\/5542","targetHints":{"allow":["GET"]}}],"collection":[{"href":"https:\/\/minghanggroup.com\/tr\/wp-json\/wp\/v2\/product"}],"about":[{"href":"https:\/\/minghanggroup.com\/tr\/wp-json\/wp\/v2\/types\/product"}],"wp:featuredmedia":[{"embeddable":true,"href":"https:\/\/minghanggroup.com\/tr\/wp-json\/wp\/v2\/media\/5552"}],"wp:attachment":[{"href":"https:\/\/minghanggroup.com\/tr\/wp-json\/wp\/v2\/media?parent=5542"}],"wp:term":[{"taxonomy":"product_brand","embeddable":true,"href":"https:\/\/minghanggroup.com\/tr\/wp-json\/wp\/v2\/product_brand?post=5542"},{"taxonomy":"product_cat","embeddable":true,"href":"https:\/\/minghanggroup.com\/tr\/wp-json\/wp\/v2\/product_cat?post=5542"},{"taxonomy":"product_tag","embeddable":true,"href":"https:\/\/minghanggroup.com\/tr\/wp-json\/wp\/v2\/product_tag?post=5542"}],"curies":[{"name":"wp","href":"https:\/\/api.w.org\/{rel}","templated":true}]}}