{"id":5530,"date":"2026-02-04T11:22:31","date_gmt":"2026-02-04T03:22:31","guid":{"rendered":"https:\/\/minghanggroup.com\/?post_type=product&#038;p=5530"},"modified":"2026-02-04T11:22:33","modified_gmt":"2026-02-04T03:22:33","slug":"750ml-wine-bottles-with-screw-top-wholesale","status":"publish","type":"product","link":"https:\/\/minghanggroup.com\/tr\/urun\/750ml-wine-bottles-with-screw-top-wholesale\/","title":{"rendered":"750 ml Vidal\u0131 Kapakl\u0131 \u015earap \u015ei\u015feleri Toptan Sat\u0131\u015f"},"content":{"rendered":"<p>\u0130\u015f ak\u0131\u015f\u0131n\u0131za uygun, ona engel olmayan 750 ml&#039;lik bir \u015farap \u015fi\u015fesine ihtiyac\u0131n\u0131z var. Zeytin ye\u015fili vidal\u0131 \u015fi\u015femiz, g\u00fcvenilir Bordeaux \u015farap \u015fi\u015fesi sil\u00fcetini modern s\u0131zd\u0131rmazl\u0131k teknolojisiyle birle\u015ftiriyor. Koyu ye\u015fil cam \u015farap \u015fi\u015fesi, k\u0131rm\u0131z\u0131 \u015faraplar\u0131n\u0131z\u0131 \u0131\u015f\u0131k hasar\u0131ndan korurken, hassas vidalama her seferinde s\u0131zd\u0131rmaz bir kapanma sa\u011fl\u0131yor. Do\u011frudan cam \u015fi\u015fe orta\u011f\u0131n\u0131z olarak, bo\u015f \u015farap \u015fi\u015fesi partilerinin tedarikini zahmetsiz, s\u00fcrd\u00fcr\u00fclebilir ve rafa haz\u0131r hale getiriyoruz. Bu sadece ambalaj de\u011fil. Bu sizin sessiz avantaj\u0131n\u0131z.<\/p>\n<h2>\u00dcr\u00fcn \u00d6zellikleri<\/h2>\n<ul>\n<li><strong>Zeytin Ye\u015fili I\u015f\u0131k, Engelleyici \u015ei\u015fe: <\/strong>Koyu zeytin ye\u015fili renkli cam, UV \u0131\u015f\u0131nlar\u0131n\u0131n n\u00fcfuzunu b\u00fcy\u00fck \u00f6l\u00e7\u00fcde azalt\u0131r; bu da de\u011ferli Bordeaux ve Burgonya \u015faraplar\u0131n\u0131 \u015feffaf cama g\u00f6re daha etkili bir \u015fekilde korur. \u015earab\u0131n\u0131z\u0131 mahzenden sofraya kadar sorunsuz bir \u015fekilde sunmak m\u00fcmk\u00fcn olacakt\u0131r.<\/li>\n<li><strong>Hassas Di\u015fli Conta:<\/strong> \u015ei\u015fenin 18 mm&#039;lik di\u015fli a\u011fz\u0131, kurcalamay\u0131 \u00f6nleyen al\u00fcminyum kapa\u011fa tam oturarak g\u00fcvenli ve s\u0131zd\u0131rmaz bir kapanma sa\u011flar.<\/li>\n<li><strong>Dengeli \u0130\u00e7b\u00fckey Taban Tasar\u0131m\u0131:<\/strong> Hafif\u00e7e i\u00e7b\u00fckey taban, \u015fi\u015fenin \u015farap kasalar\u0131nda ve raflarda sabit ve g\u00fcvenli bir \u015fekilde durmas\u0131na, sallanmamas\u0131na yard\u0131mc\u0131 olur.<\/li>\n<\/ul>\n<h2>Temel \u00d6zellikler<\/h2>\n<table style=\"border-collapse: collapse; width: 80%; margin-left: auto; margin-right: auto;\" border=\"0\" width=\"144\" cellspacing=\"0\" cellpadding=\"0\">\n<tbody>\n<tr style=\"height: 13.50pt;\">\n<td style=\"height: 13.5pt; width: 54pt; text-align: center;\" width=\"72\" height=\"18\">\u00d6zellik<\/td>\n<td style=\"width: 54pt; text-align: center;\" width=\"72\">Detay<\/td>\n<\/tr>\n<tr style=\"height: 13.50pt;\">\n<td style=\"height: 13.5pt; text-align: center;\" height=\"18\">Kapasite(ml)<\/td>\n<td style=\"text-align: center;\" align=\"right\">750<\/td>\n<\/tr>\n<tr style=\"height: 13.50pt;\">\n<td style=\"height: 13.5pt; text-align: center;\" height=\"18\">Boyutlar(cm)<\/td>\n<td style=\"text-align: center;\">7,6 \u00d7 33<\/td>\n<\/tr>\n<tr style=\"height: 13.50pt;\">\n<td style=\"height: 13.5pt; text-align: center;\" height=\"18\">Sap Kaplamas\u0131 (cm)<\/td>\n<td style=\"text-align: center;\" align=\"right\">1.8<\/td>\n<\/tr>\n<tr style=\"height: 13.50pt;\">\n<td style=\"height: 13.5pt; text-align: center;\" height=\"18\">Renk<\/td>\n<td style=\"text-align: center;\">Zeytin Ye\u015fili<\/td>\n<\/tr>\n<tr style=\"height: 13.50pt;\">\n<td style=\"height: 13.5pt; text-align: center;\" height=\"18\">Boyun Tipi<\/td>\n<td style=\"text-align: center;\">Di\u015fli Boyun<\/td>\n<\/tr>\n<\/tbody>\n<\/table>\n<h2>Ba\u015far\u0131 \u00d6rne\u011fi<\/h2>\n<p>Avrupa&#039;da yeni kurulan bir \u015farap \u00fcreticisi, orta ve \u00fcst segment \u015farap serisini piyasaya s\u00fcrerken bizden 750 ml&#039;lik vidal\u0131 kapakl\u0131 \u015farap \u015fi\u015feleri tercih etti. I\u015f\u0131k korumas\u0131 sa\u011flamak i\u00e7in koyu zeytin ye\u015fili cam se\u00e7tiler ve \u015fi\u015felerde serigrafi bask\u0131 ve kabartma i\u00e7in de alanlar bulunuyordu; b\u00f6ylece markalar ve \u00fcretim y\u0131llar\u0131 uzun s\u00fcre g\u00f6r\u00fcn\u00fcr kal\u0131yordu. Dahas\u0131, y\u00fcksek hassasiyetli vidal\u0131 kapak tasar\u0131m\u0131, \u00f6zel anti-oksidasyon al\u00fcminyum kapakla birle\u015ferek \u015fi\u015fe a\u00e7ma ba\u015far\u0131s\u0131zl\u0131klar\u0131 ve s\u0131z\u0131nt\u0131 \u015fikayetlerinin say\u0131s\u0131n\u0131 \u00f6nemli \u00f6l\u00e7\u00fcde azaltt\u0131.<\/p>\n<p>Dizinin piyasaya s\u00fcr\u00fclmesinden sonraki ilk sat\u0131\u015f sezonunda, kanal sipari\u015flerinde y\u0131ll\u0131k bazda yakla\u015f\u0131k &#039;lik bir art\u0131\u015f g\u00f6r\u00fcld\u00fc ve catering kanal\u0131ndaki tekrar sat\u0131n alma oranlar\u0131 da b\u00fcy\u00fck \u00f6l\u00e7\u00fcde iyile\u015fti; m\u00fc\u015fteri alt\u0131 ay i\u00e7inde iki kez tekrar sipari\u015f verdi.<\/p>\n<h2>\u00d6zelle\u015ftirme Yollar\u0131n\u0131z<\/h2>\n<ol>\n<li><strong>\u015ei\u015fe Rengi \u00d6zelle\u015ftirme:<\/strong> Koyu zeytin ye\u015fili, koyu ye\u015fil veya kehribar renk se\u00e7eneklerinin yan\u0131 s\u0131ra, hem \u0131\u015f\u0131ktan korumay\u0131 art\u0131rmak hem de farkl\u0131 \u015farap serilerini birbirinden ay\u0131rmak i\u00e7in \u00f6zel koyu renkli bir cam da tercih edebilirsiniz.<\/li>\n<li><strong>Vidal\u0131 Kapak ve Kapatma Se\u00e7enekleri:<\/strong> Farkl\u0131 boyutlardaki vidal\u0131 kapaklar\u0131 destekler ve al\u00fcminyum, oksidasyon \u00f6nleyici veya y\u00fcksek bariyerli vidal\u0131 kapaklarla uyumludur. Ayr\u0131ca kapaklar\u0131n renklerini ve dokular\u0131n\u0131 da \u00f6zelle\u015ftirebilirsiniz.<\/li>\n<li><strong>\u015ei\u015fe G\u00f6vdesi \u0130\u015fleme:<\/strong> Serigrafi bask\u0131, s\u0131cak damgalama, k\u0131smi buzlama veya kabartmal\u0131 logo kullan\u0131m\u0131, marka bilgilerinin cam \u015fi\u015fenin g\u00f6rsel bir par\u00e7as\u0131 olmas\u0131n\u0131 sa\u011flayabilir.<\/li>\n<\/ol>","protected":false},"excerpt":{"rendered":"<p>750 ml&#039;lik zeytin ye\u015fili Bordeaux tipi \u015farap \u015fi\u015fesi. G\u00fcvenli kapatma i\u00e7in vidal\u0131 boyun. Toplu olarak bo\u015f \u015farap \u015fi\u015fesi sat\u0131n al\u0131n. \u00dccretsiz numuneler ve h\u0131zl\u0131 kargo.<\/p>","protected":false},"featured_media":5535,"template":"","meta":{"postBodyCss":"","postBodyMargin":[],"postBodyPadding":[],"postBodyBackground":{"backgroundType":"classic","gradient":""}},"product_brand":[],"product_cat":[15,16,84],"product_tag":[],"class_list":{"0":"post-5530","1":"product","2":"type-product","3":"status-publish","4":"has-post-thumbnail","6":"product_cat-glass-containers","7":"product_cat-glass-bottles","8":"product_cat-wine-bottles","10":"first","11":"instock","12":"shipping-taxable","13":"product-type-simple"},"jetpack_sharing_enabled":true,"_links":{"self":[{"href":"https:\/\/minghanggroup.com\/tr\/wp-json\/wp\/v2\/product\/5530","targetHints":{"allow":["GET"]}}],"collection":[{"href":"https:\/\/minghanggroup.com\/tr\/wp-json\/wp\/v2\/product"}],"about":[{"href":"https:\/\/minghanggroup.com\/tr\/wp-json\/wp\/v2\/types\/product"}],"wp:featuredmedia":[{"embeddable":true,"href":"https:\/\/minghanggroup.com\/tr\/wp-json\/wp\/v2\/media\/5535"}],"wp:attachment":[{"href":"https:\/\/minghanggroup.com\/tr\/wp-json\/wp\/v2\/media?parent=5530"}],"wp:term":[{"taxonomy":"product_brand","embeddable":true,"href":"https:\/\/minghanggroup.com\/tr\/wp-json\/wp\/v2\/product_brand?post=5530"},{"taxonomy":"product_cat","embeddable":true,"href":"https:\/\/minghanggroup.com\/tr\/wp-json\/wp\/v2\/product_cat?post=5530"},{"taxonomy":"product_tag","embeddable":true,"href":"https:\/\/minghanggroup.com\/tr\/wp-json\/wp\/v2\/product_tag?post=5530"}],"curies":[{"name":"wp","href":"https:\/\/api.w.org\/{rel}","templated":true}]}}