{"id":5518,"date":"2026-02-04T10:38:17","date_gmt":"2026-02-04T02:38:17","guid":{"rendered":"https:\/\/minghanggroup.com\/?post_type=product&#038;p=5518"},"modified":"2026-02-04T10:38:19","modified_gmt":"2026-02-04T02:38:19","slug":"amber-custom-wine-bottles-for-brand-bulk","status":"publish","type":"product","link":"https:\/\/minghanggroup.com\/tr\/urun\/amber-custom-wine-bottles-for-brand-bulk\/","title":{"rendered":"Marka Toplu Sipari\u015fleri \u0130\u00e7in 750 ml Renkli \u00d6zel Tasar\u0131m \u015earap \u015ei\u015feleri"},"content":{"rendered":"<p>Ruhunuzla \u015farap \u00fcretiyorsunuz\u2014\u015fimdi de her damlas\u0131na sayg\u0131 duyan bir \u015fi\u015fe ile onu ta\u00e7land\u0131r\u0131n. \u00d6zel tasar\u0131m \u015farap \u015fi\u015femiz, g\u00fcvenilir 750 ml&#039;lik format\u0131yla zamans\u0131z Bordeaux \u015farap \u015fi\u015fesi zarafetini sunuyor. Koyu kehribar rengi cam, k\u0131rm\u0131z\u0131 \u015faraplar\u0131n\u0131z\u0131 korurken, klasik \u015farap \u015fi\u015fesi \u015fekli her rafta miras\u0131n izlerini ta\u015f\u0131yor. Do\u011frudan cam \u015fi\u015fe orta\u011f\u0131n\u0131z olarak, b\u00fcy\u00fck \u015farap \u015fi\u015felerini marka miras\u0131na d\u00f6n\u00fc\u015ft\u00fcr\u00fcyoruz\u2014k\u0131rm\u0131z\u0131 \u015farap, burgonya, ev yap\u0131m\u0131 \u015farap veya bir sonraki \u015farap yap\u0131m a\u015faman\u0131z i\u00e7in m\u00fckemmel.<\/p>\n<h2>\u00dcr\u00fcn \u00d6zellikleri<\/h2>\n<ul>\n<li><strong>Koyu renkli \u015fi\u015fe:<\/strong> Koyu renkli camdan yap\u0131lm\u0131\u015f olmas\u0131, \u015farab\u0131n oksidasyonunu yava\u015flatmaya ve b\u00f6ylece saklama stabilitesini art\u0131rmaya yard\u0131mc\u0131 olmak i\u00e7in y\u00fcksek d\u00fczeyde \u0131\u015f\u0131k korumas\u0131 sa\u011flar.<\/li>\n<li><strong>\u015ei\u015fe tasar\u0131m\u0131:<\/strong> Klasik bir \u015fi\u015fe olarak kal\u0131ptan \u00e7\u0131kt\u0131; ince yap\u0131s\u0131 ve do\u011fal kavisli omuzlar\u0131yla k\u0131rm\u0131z\u0131 \u015farap ambalajlar\u0131nda yayg\u0131n olarak kullan\u0131lan ambalaj tarz\u0131na uygun ve farkl\u0131 marka konumland\u0131rmalar\u0131 i\u00e7in temel olu\u015fturabilir.<\/li>\n<li><strong>D\u00fcz, \u00fcstten tasar\u0131m:<\/strong> \u015ei\u015fenin boyun k\u0131sm\u0131 standart \u00f6l\u00e7\u00fclerdedir, bu da onu do\u011fal mantarlar, sentetik t\u0131palar ve vidal\u0131 kapaklar i\u00e7in uygun hale getirir; dolay\u0131s\u0131yla doldurma ve kapatma konusunda geni\u015f bir se\u00e7enek yelpazesi sunar.<\/li>\n<\/ul>\n<h2>Temel \u00d6zellikler<\/h2>\n<table style=\"border-collapse: collapse; width: 80%; margin-left: auto; margin-right: auto;\" border=\"0\" width=\"144\" cellspacing=\"0\" cellpadding=\"0\">\n<tbody>\n<tr style=\"height: 13.50pt;\">\n<td style=\"height: 13.5pt; width: 54pt; text-align: center;\" width=\"72\" height=\"18\">\u00d6zellik<\/td>\n<td style=\"width: 54pt; text-align: center;\" width=\"72\">Detay<\/td>\n<\/tr>\n<tr style=\"height: 13.50pt;\">\n<td style=\"height: 13.5pt; text-align: center;\" height=\"18\">Kapasite(ml)<\/td>\n<td style=\"text-align: center;\" align=\"right\">750<\/td>\n<\/tr>\n<tr style=\"height: 13.50pt;\">\n<td style=\"height: 13.5pt; text-align: center;\" height=\"18\">Boyutlar(cm)<\/td>\n<td style=\"text-align: center;\">7,7 \u00d7 33<\/td>\n<\/tr>\n<tr style=\"height: 13.50pt;\">\n<td style=\"height: 13.5pt; text-align: center;\" height=\"18\">Sap Kaplamas\u0131 (cm)<\/td>\n<td style=\"text-align: center;\" align=\"right\">1.8<\/td>\n<\/tr>\n<tr style=\"height: 13.50pt;\">\n<td style=\"height: 13.5pt; text-align: center;\" height=\"18\">Renk<\/td>\n<td style=\"text-align: center;\">Koyu kehribar, ye\u015fil, \u015feffaf<\/td>\n<\/tr>\n<tr style=\"height: 13.50pt;\">\n<td style=\"height: 13.5pt; text-align: center;\" height=\"18\">Kapatma Se\u00e7enekleri<\/td>\n<td style=\"text-align: center;\">Do\u011fal \u015earap Mantarlar\u0131, Elle B\u00fck\u00fclm\u00fc\u015f Al\u00fcminyum, Ah\u015fap Kapak, Uzun Kapak<\/td>\n<\/tr>\n<tr style=\"height: 13.50pt;\">\n<td style=\"height: 13.5pt; text-align: center;\" height=\"18\">En \u0130yisi \u0130\u00e7in<\/td>\n<td style=\"text-align: center;\">K\u0131rm\u0131z\u0131 \u015earaplar, Bordo \u015earap, Burgonya \u015earap, Ev Yap\u0131m\u0131 \u015earap, Lik\u00f6r \u015ei\u015feleri<\/td>\n<\/tr>\n<\/tbody>\n<\/table>\n<h2>Ba\u015far\u0131 \u00d6rne\u011fi<\/h2>\n<p>Avrupa&#039;n\u0131n butik bir \u015farap markas\u0131, yeni k\u0131rm\u0131z\u0131 \u015farap serisi i\u00e7in uzun vadeli ambalaj olarak 750 ml&#039;lik koyu kahverengi \u015farap \u015fi\u015femizi se\u00e7ti. Marka konumland\u0131rmalar\u0131yla uyumlu olmas\u0131 i\u00e7in standart \u015fi\u015fe tasar\u0131m\u0131nda birka\u00e7 \u00f6zelle\u015ftirme yap\u0131ld\u0131: \u015fi\u015fe taban\u0131 kal\u0131nla\u015ft\u0131r\u0131ld\u0131 ve markan\u0131n \u00fcretim y\u0131l\u0131 \u00fczerine i\u015flendi; \u015faraphanenin logosunun zarif bir \u015fekilde sergilenmesi i\u00e7in \u015fi\u015fenin omuz k\u0131sm\u0131nda ipek bask\u0131 alan\u0131 b\u0131rak\u0131ld\u0131 ve \u015fi\u015fe do\u011fal mantar t\u0131pa ile uyumlu hale getirildi.<\/p>\n<p>Yeni ambalaj\u0131n piyasaya s\u00fcr\u00fclmesinden sonraki ilk \u00fc\u00e7 ayda, bu serinin yerel \u00fcst d\u00fczey perakende sat\u0131\u015f noktalar\u0131ndaki sat\u0131\u015flar\u0131 y\u0131ll\u0131k bazda yakla\u015f\u0131k artt\u0131. M\u00fc\u015fterinin piyasadan olumlu geri bildirimler almas\u0131 g\u00f6z \u00f6n\u00fcne al\u0131nd\u0131\u011f\u0131nda, alt\u0131 ay i\u00e7inde iki kez tekrar sipari\u015f verdiler.<\/p>\n<h2>\u00d6zelle\u015ftirme Yollar\u0131n\u0131z<\/h2>\n<ol>\n<li><strong>Y\u00fczey i\u015fleme \u00f6zelle\u015ftirmesi:<\/strong> Y\u00fczeyin son i\u015flemi, marka bilinirli\u011fini ve \u00fcr\u00fcn\u00fcn dokunsal \u00e7ekicili\u011fini art\u0131rmak i\u00e7in serigrafi, s\u0131cak bask\u0131, buzlama ve ayr\u0131ca yerel olarak kabartma veya oyma logo uygulamalar\u0131yla \u00f6zelle\u015ftirilebilir.<\/li>\n<li><strong>\u015ei\u015fe boynu ve kapatma se\u00e7enekleri:<\/strong> \u015ei\u015fe, do\u011fal veya sentetik mantar t\u0131palarla veya vidal\u0131 kapakla e\u015fle\u015ftirilebilir ve \u015fi\u015fe boyun \u00f6l\u00e7\u00fcleri ihracat pazar\u0131n\u0131n gereksinimlerini kar\u015f\u0131layacak \u015fekilde ayarlanabilir.<\/li>\n<li><strong>\u0130\u015flevsel ve detayl\u0131 eklentiler:<\/strong> \u015ei\u015fenin taban\u0131na y\u0131l kodlar\u0131 veya sahtecili\u011fe kar\u015f\u0131 koruma i\u015faretleri i\u015flenebilir veya kolay parti etiketleme ve izlenebilirlik y\u00f6netimi i\u00e7in etiket yerle\u015ftirme alan\u0131 b\u0131rak\u0131labilir.<\/li>\n<\/ol>","protected":false},"excerpt":{"rendered":"<p>Koyu kehribar renginde \u00f6zel tasar\u0131m cam \u015farap \u015fi\u015fesi. K\u0131rm\u0131z\u0131 \u015faraplar i\u00e7in 750 ml&#039;lik b\u00fcy\u00fck boy \u015farap \u015fi\u015feleri. Bordeaux tipi, mantar t\u0131pal\u0131. Toplu sipari\u015flerde ki\u015fiselle\u015ftirme ve \u00fccretsiz numuneler.<\/p>","protected":false},"featured_media":5528,"template":"","meta":{"postBodyCss":"","postBodyMargin":[],"postBodyPadding":[],"postBodyBackground":{"backgroundType":"classic","gradient":""}},"product_brand":[],"product_cat":[15,16,84],"product_tag":[],"class_list":{"0":"post-5518","1":"product","2":"type-product","3":"status-publish","4":"has-post-thumbnail","6":"product_cat-glass-containers","7":"product_cat-glass-bottles","8":"product_cat-wine-bottles","10":"first","11":"instock","12":"shipping-taxable","13":"product-type-simple"},"jetpack_sharing_enabled":true,"_links":{"self":[{"href":"https:\/\/minghanggroup.com\/tr\/wp-json\/wp\/v2\/product\/5518","targetHints":{"allow":["GET"]}}],"collection":[{"href":"https:\/\/minghanggroup.com\/tr\/wp-json\/wp\/v2\/product"}],"about":[{"href":"https:\/\/minghanggroup.com\/tr\/wp-json\/wp\/v2\/types\/product"}],"wp:featuredmedia":[{"embeddable":true,"href":"https:\/\/minghanggroup.com\/tr\/wp-json\/wp\/v2\/media\/5528"}],"wp:attachment":[{"href":"https:\/\/minghanggroup.com\/tr\/wp-json\/wp\/v2\/media?parent=5518"}],"wp:term":[{"taxonomy":"product_brand","embeddable":true,"href":"https:\/\/minghanggroup.com\/tr\/wp-json\/wp\/v2\/product_brand?post=5518"},{"taxonomy":"product_cat","embeddable":true,"href":"https:\/\/minghanggroup.com\/tr\/wp-json\/wp\/v2\/product_cat?post=5518"},{"taxonomy":"product_tag","embeddable":true,"href":"https:\/\/minghanggroup.com\/tr\/wp-json\/wp\/v2\/product_tag?post=5518"}],"curies":[{"name":"wp","href":"https:\/\/api.w.org\/{rel}","templated":true}]}}