{"id":5516,"date":"2026-02-03T16:18:25","date_gmt":"2026-02-03T08:18:25","guid":{"rendered":"https:\/\/minghanggroup.com\/?post_type=product&#038;p=5516"},"modified":"2026-04-14T09:42:22","modified_gmt":"2026-04-14T01:42:22","slug":"16-oz-juice-glass-bottles-with-wooden-lids-bulk","status":"publish","type":"product","link":"https:\/\/minghanggroup.com\/tr\/urun\/16-oz-juice-glass-bottles-with-wooden-lids-bulk\/","title":{"rendered":"Ah\u015fap kapakl\u0131 16 oz&#039;luk cam meyve suyu \u015fi\u015feleri (toptan sat\u0131\u015f)"},"content":{"rendered":"<p>Al\u00fcminyum kutulara benzeyen 473 ml&#039;lik (16 oz) meyve suyu \u015fi\u015felerimiz, do\u011fal bambu kapa\u011f\u0131 ve paslanmaz \u00e7elik pipet tutucusuyla birlikte kristal berrakl\u0131\u011f\u0131nda g\u0131da s\u0131n\u0131f\u0131 camdan \u00fcretilmi\u015ftir; bu sayede \u015fi\u015fe tazeli\u011fini korur ve d\u00f6k\u00fclmeyi \u00f6nler.<\/p>\n<h2>\u00dcr\u00fcn \u00d6zellikleri<\/h2>\n<ul>\n<li><strong>Kutu \u015feklinde d\u00fcz silindir tasar\u0131m:<\/strong> Dik duran kutu tasar\u0131m\u0131 benzersiz ve kullan\u0131\u015fl\u0131d\u0131r; farkl\u0131 bardak tutuculara kolayca s\u0131\u011far ve \u00fcst \u00fcste rahatl\u0131kla istiflenebilir.<\/li>\n<li><strong>\u015eeffaf Cam:<\/strong> \u015eeffaf bardak, i\u00e7ti\u011finiz \u015feyi tam olarak g\u00f6rmenizi sa\u011flayacak ve i\u00e7ece\u011fin taze ve \u00e7ekici g\u00f6r\u00fcnt\u00fcs\u00fcn\u00fc ortaya \u00e7\u0131karacakt\u0131r.<\/li>\n<li><strong>Ah\u015fap Kapak + Metal Pipet:<\/strong> Bu, i\u00e7ine entegre edilmi\u015f esnek metal pipet ve i\u00e7me deli\u011fi bulunan ah\u015fap bir kapakt\u0131r; bu sayede i\u00e7ece\u011finizi her yere ve her zaman yan\u0131n\u0131zda ta\u015f\u0131yabilir, d\u00f6k\u00fclmeleri \u00f6nleyebilirsiniz.<\/li>\n<\/ul>\n<h2 style=\"text-align: left;\">Temel \u00d6zellikler<\/h2>\n<table class=\"aligncenter\" style=\"border-collapse: collapse; width: 408.77pt;\" border=\"0\" width=\"545\" cellspacing=\"0\" cellpadding=\"0\">\n<tbody>\n<tr style=\"height: 13.50pt;\">\n<td style=\"height: 13.50pt; width: 115.50pt;\" width=\"154\" height=\"18\">Ba\u011flanmak<\/td>\n<td style=\"width: 293.25pt;\" width=\"391\">Detaylar<\/td>\n<\/tr>\n<tr style=\"height: 13.50pt;\">\n<td style=\"height: 13.50pt;\" height=\"18\">Kapasite<\/td>\n<td>500 ml (16 oz)<\/td>\n<\/tr>\n<tr style=\"height: 13.50pt;\">\n<td style=\"height: 13.50pt;\" height=\"18\">Boyutlar<\/td>\n<td>65 mm \u00e7ap \u00d7 150 mm y\u00fckseklik<\/td>\n<\/tr>\n<tr style=\"height: 13.50pt;\">\n<td style=\"height: 13.50pt;\" height=\"18\">Malzeme<\/td>\n<td>Y\u00fcksek Borosilikat Cam<\/td>\n<\/tr>\n<tr style=\"height: 13.50pt;\">\n<td style=\"height: 13.50pt;\" height=\"18\">\u015ei\u015fe \u015eekli<\/td>\n<td>D\u00fcz duvarl\u0131, teneke kutu tarz\u0131<\/td>\n<\/tr>\n<tr style=\"height: 13.50pt;\">\n<td style=\"height: 13.50pt;\" height=\"18\">\u00d6zelle\u015ftirme Aral\u0131\u011f\u0131<\/td>\n<td>\u015eekil, Boyut, Renk, Y\u00fczey, Kapak Tipi, Aksesuarlar<\/td>\n<\/tr>\n<tr style=\"height: 13.50pt;\">\n<td style=\"height: 13.50pt;\" height=\"18\">\u0130\u015f\u00e7ilik<\/td>\n<td>G\u00fc\u00e7lendirilmi\u015f Tabanl\u0131 P\u00fcr\u00fczs\u00fcz, Diki\u015fsiz Cam<\/td>\n<\/tr>\n<tr style=\"height: 13.50pt;\">\n<td style=\"height: 13.50pt;\" height=\"18\">Birincil Kullan\u0131m<\/td>\n<td>Meyve Suyu Cam \u015ei\u015feleri, Buzlu \u0130\u00e7ecek \u015ei\u015feleri<\/td>\n<\/tr>\n<tr style=\"height: 13.50pt;\">\n<td style=\"height: 13.50pt;\" height=\"18\">Hedef Sekt\u00f6rler<\/td>\n<td>\u0130\u00e7ecek Toptan Sat\u0131\u015f\u0131, \u00d6zel \u0130\u00e7ecekler<\/td>\n<\/tr>\n<\/tbody>\n<\/table>\n<h2>Ba\u015far\u0131 \u00d6yk\u00fcs\u00fc: Florida&#039;da Bir Meyve Suyu ve Smoothie Zinciri<\/h2>\n<p>Florida&#039;daki meyve suyu ve smoothie zincirlerinden biri, 16 oz&#039;luk cam meyve suyu \u015fi\u015felerimizi se\u00e7ti ve ah\u015fap kapa\u011f\u0131n rengini farkl\u0131la\u015ft\u0131rd\u0131. T\u00fcm \u00fcr\u00fcn yelpazesi (\u015fi\u015fe, kapak, pipet) ba\u015far\u0131l\u0131 oldu ve m\u00fc\u015fterilerin &#039;i tek kullan\u0131ml\u0131k bardaklara tercih etti. 500 ml&#039;lik kapasite, normal i\u00e7me kapasitelerine tam olarak uygundur. Cam malzeme \u00e7ok dayan\u0131kl\u0131d\u0131r ve oran\u0131nda tekrar doldurulabilir. Giri\u015fim \u00e7ok ba\u015far\u0131l\u0131 oldu ve daha sonra y\u0131l boyunca 25 ma\u011fazalar\u0131n\u0131n t\u00fcm\u00fcn\u00fcn tedarik talebini kar\u015f\u0131lamak i\u00e7in 500.000 \u015fi\u015fe daha sipari\u015f ettiler.<\/p>\n<h2>Meyve Suyu Cam \u015ei\u015felerinin Ki\u015fiselle\u015ftirilmesi<\/h2>\n<ul>\n<li>Cam Rengi: \u015eeffaf, f\u00fcme, kehribar veya \u00f6zel renk (\u00f6rne\u011fin a\u00e7\u0131k ye\u015fil veya mavi) se\u00e7enekleri mevcuttur.<\/li>\n<li>Lazerle Kaz\u0131ma: Lazer, cam y\u00fczeyine kod, logo veya dekoratif bir tasar\u0131m kaz\u0131mak amac\u0131yla kullan\u0131labilir.<\/li>\n<li>\u00d6zel Kapak ve Pipet Tasar\u0131mlar\u0131: Kapaklar ve pipetler farkl\u0131 stillerde (bambu, ceviz) \u00fcretilebilir ve pipetlerin renkleri de farkl\u0131 olabilir (alt\u0131n, siyah).<\/li>\n<\/ul>","protected":false},"excerpt":{"rendered":"<p>Bu 473 ml&#039;lik (16 oz) meyve suyu \u015fi\u015feleri, ah\u015fap kapakl\u0131 ve pipetli, \u015feffaf, kavanoz tarz\u0131 bir tasar\u0131ma sahiptir. Meyve sular\u0131, kahve ve so\u011fuk i\u00e7ecekler i\u00e7in uygundur, do\u011frudan fabrikadan temin edilir.<\/p>","protected":false},"featured_media":5521,"template":"","meta":{"postBodyCss":"","postBodyMargin":[],"postBodyPadding":[],"postBodyBackground":{"backgroundType":"classic","gradient":""}},"product_brand":[],"product_cat":[15,83,16],"product_tag":[95,91],"class_list":{"0":"post-5516","1":"product","2":"type-product","3":"status-publish","4":"has-post-thumbnail","6":"product_cat-glass-containers","7":"product_cat-glass-beverage-bottles","8":"product_cat-glass-bottles","9":"product_tag-coffee-tumblers","10":"product_tag-glass-soda-bottles","12":"first","13":"instock","14":"shipping-taxable","15":"product-type-simple"},"jetpack_sharing_enabled":true,"_links":{"self":[{"href":"https:\/\/minghanggroup.com\/tr\/wp-json\/wp\/v2\/product\/5516","targetHints":{"allow":["GET"]}}],"collection":[{"href":"https:\/\/minghanggroup.com\/tr\/wp-json\/wp\/v2\/product"}],"about":[{"href":"https:\/\/minghanggroup.com\/tr\/wp-json\/wp\/v2\/types\/product"}],"wp:featuredmedia":[{"embeddable":true,"href":"https:\/\/minghanggroup.com\/tr\/wp-json\/wp\/v2\/media\/5521"}],"wp:attachment":[{"href":"https:\/\/minghanggroup.com\/tr\/wp-json\/wp\/v2\/media?parent=5516"}],"wp:term":[{"taxonomy":"product_brand","embeddable":true,"href":"https:\/\/minghanggroup.com\/tr\/wp-json\/wp\/v2\/product_brand?post=5516"},{"taxonomy":"product_cat","embeddable":true,"href":"https:\/\/minghanggroup.com\/tr\/wp-json\/wp\/v2\/product_cat?post=5516"},{"taxonomy":"product_tag","embeddable":true,"href":"https:\/\/minghanggroup.com\/tr\/wp-json\/wp\/v2\/product_tag?post=5516"}],"curies":[{"name":"wp","href":"https:\/\/api.w.org\/{rel}","templated":true}]}}