{"id":5502,"date":"2026-02-03T13:51:21","date_gmt":"2026-02-03T05:51:21","guid":{"rendered":"https:\/\/minghanggroup.com\/?post_type=product&#038;p=5502"},"modified":"2026-04-22T15:49:14","modified_gmt":"2026-04-22T07:49:14","slug":"empty-flat-glass-soda-bottles-with-lids-bulk","status":"publish","type":"product","link":"https:\/\/minghanggroup.com\/tr\/urun\/empty-flat-glass-soda-bottles-with-lids-bulk\/","title":{"rendered":"250 ml&#039;lik Kapakl\u0131 Bo\u015f D\u00fcz Cam Soda \u015ei\u015feleri (Toptan)"},"content":{"rendered":"<p>Bu, kavisli bir \u015fekle sahip, dikd\u00f6rtgen bi\u00e7imli ve vidal\u0131 metal kapakl\u0131 bir cam soda \u015fi\u015fesidir; bu kapak, kabarc\u0131klar\u0131 i\u00e7eride tutma \u00f6zelli\u011fi sayesinde m\u00fckemmel bir s\u0131zd\u0131rmazl\u0131k sa\u011flar.<\/p>\n<h2>\u00dcr\u00fcn \u00d6zellikleri<\/h2>\n<ul>\n<li><strong>Retro D\u00fcz, Yuvarlak \u015ei\u015fe \u015eekli:<\/strong> \u015ei\u015fenin d\u00fcz ve yuvarlak bir \u00fcst k\u0131sm\u0131 var, bu da retro tasar\u0131m unsurlar\u0131n\u0131n t\u00fcm\u00fcn\u00fc ta\u015f\u0131may\u0131 ve saklamay\u0131 kolayla\u015ft\u0131r\u0131yor.<\/li>\n<li><strong>Y\u00fcksek \u015eeffafl\u0131kta G\u0131da S\u0131n\u0131f\u0131 Cam:<\/strong> \u00dcr\u00fcn, kur\u015funsuz g\u0131da s\u0131n\u0131f\u0131 camdan \u00fcretilmi\u015ftir; bu da y\u00fcksek \u015feffafl\u0131k ve kal\u0131nt\u0131 b\u0131rakmadan kolayca temizlenebildi\u011fi i\u00e7in g\u00fcvenli kullan\u0131m sa\u011flar.<\/li>\n<li><strong>Metal Vidal\u0131 Kapak S\u0131zd\u0131rmazl\u0131\u011f\u0131:<\/strong> \u00dcr\u00fcn, s\u0131z\u0131nt\u0131 ve d\u00f6k\u00fclmeleri tamamen \u00f6nlemek i\u00e7in g\u00fc\u00e7l\u00fc s\u0131zd\u0131rmazl\u0131k \u00f6zelli\u011fi sa\u011flayan metal vidal\u0131 bir kapa\u011fa sahiptir.<\/li>\n<\/ul>\n<h2 style=\"text-align: left;\">Temel \u00d6zellikler<\/h2>\n<table class=\"aligncenter\" style=\"border-collapse: collapse; width: 491.27pt;\" border=\"0\" width=\"655\" cellspacing=\"0\" cellpadding=\"0\">\n<tbody>\n<tr style=\"height: 13.50pt;\">\n<td style=\"height: 13.50pt; width: 122.25pt;\" width=\"163\" height=\"18\">\u015eartname<\/td>\n<td style=\"width: 369.00pt;\" width=\"492\">Detaylar<\/td>\n<\/tr>\n<tr style=\"height: 13.50pt;\">\n<td style=\"height: 13.50pt;\" height=\"18\">Kapasite<\/td>\n<td>250 ml<\/td>\n<\/tr>\n<tr style=\"height: 13.50pt;\">\n<td style=\"height: 13.50pt;\" height=\"18\">Boyutlar<\/td>\n<td>83\u00d7145 mm<\/td>\n<\/tr>\n<tr style=\"height: 13.50pt;\">\n<td style=\"height: 13.50pt;\" height=\"18\">Malzeme<\/td>\n<td>\u015eeffaf Cam, Metal Kapak<\/td>\n<\/tr>\n<tr style=\"height: 13.50pt;\">\n<td style=\"height: 13.50pt;\" height=\"18\">\u015ei\u015fe \u015eekli<\/td>\n<td>D\u00fcz, Kavisli Dikd\u00f6rtgen Profil<\/td>\n<\/tr>\n<tr style=\"height: 13.50pt;\">\n<td style=\"height: 13.50pt;\" height=\"18\">\u00d6zelle\u015ftirme Kapsam\u0131<\/td>\n<td>Renk, Boyut, Kapaklar, \u015eekil<\/td>\n<\/tr>\n<tr style=\"height: 13.50pt;\">\n<td style=\"height: 13.50pt;\" height=\"18\">\u0130\u015f\u00e7ilik<\/td>\n<td>Kavisli D\u00fcz \u015eekiller i\u00e7in Hassas Cam \u015eekillendirme, Di\u015f A\u00e7ma<\/td>\n<\/tr>\n<tr style=\"height: 13.50pt;\">\n<td style=\"height: 13.50pt;\" height=\"18\">\u00dcr\u00fcn Amac\u0131<\/td>\n<td>cam soda \u015fi\u015feleri, Gazl\u0131 su \u015fi\u015feleri<\/td>\n<\/tr>\n<tr style=\"height: 13.50pt;\">\n<td style=\"height: 13.50pt;\" height=\"18\">Uygun Sekt\u00f6rler<\/td>\n<td>\u0130\u00e7ecek Markalar\u0131, Sa\u011fl\u0131kl\u0131 G\u0131da Perakendecileri<\/td>\n<\/tr>\n<\/tbody>\n<\/table>\n<h2>Ba\u015far\u0131 \u00d6yk\u00fcs\u00fc: Brooklyn&#039;deki Bir So\u011fuk Demleme Kahve \u015eirketinden \u00d6zel Sipari\u015f<\/h2>\n<p>New York, Brooklyn&#039;de bulunan bir so\u011fuk demleme kahve \u015firketi, 12 onsluk cam soda ak\u0131\u015fl\u0131 \u015fi\u015femizi se\u00e7ti ve mat siyah bir kapak ve serigrafi bask\u0131l\u0131 bir tasar\u0131mla \u00f6zelle\u015ftirdi. \u00d6zelle\u015ftirilmi\u015f \u00fcr\u00fcn ola\u011fan\u00fcst\u00fc sonu\u00e7lar verdi: ince ve d\u00fcz \u015fi\u015fe tasar\u0131m\u0131, buzdolab\u0131 raf alan\u0131n\u0131 art\u0131rd\u0131, hafif tasar\u0131m \u015fi\u015fe ba\u015f\u0131na nakliye maliyetlerini d\u00fc\u015f\u00fcrd\u00fc ve benzersiz g\u00f6r\u00fcn\u00fcm sosyal medyada bahsedilme oran\u0131n\u0131 0 art\u0131rd\u0131. \u015eirket, ilk sipari\u015flerinin ba\u015far\u0131l\u0131 olmas\u0131n\u0131n ard\u0131ndan, nitrojenle zenginle\u015ftirilmi\u015f so\u011fuk demleme konserve \u00fcr\u00fcnlerinin yak\u0131nda piyasaya s\u00fcr\u00fclmesini desteklemek i\u00e7in 520.000 adet daha \u015fi\u015fe sipari\u015f etti.<\/p>\n<h2>Cam Soda Stream \u015ei\u015felerinin Ki\u015fiselle\u015ftirilmesi<\/h2>\n<ul>\n<li>\u015ei\u015fe \u015eekli Ayarlamas\u0131: \u015ei\u015fenin \u015feklini de\u011fi\u015ftirin; ister kavisli ister dikd\u00f6rtgen olsun, ya da belirli ambalajlama g\u00f6revlerine uyacak \u015fekilde modifiye edin.<\/li>\n<li>Serigrafi Bask\u0131: Y\u00fcksek kaliteli grafiklerin, logolar\u0131n veya tam kaplama tasar\u0131mlar\u0131n dolayl\u0131 olarak bir elek \u00fczerine uygulanmas\u0131.<\/li>\n<li>\u00d6zel Kapak Tasar\u0131mlar\u0131: \u00c7e\u015fitli renklerde (siyah, alt\u0131n, g\u00fcm\u00fc\u015f) veya marka logolu bask\u0131larla sunulmaktad\u0131r.<\/li>\n<\/ul>","protected":false},"excerpt":{"rendered":"<p>\u015eeffaf g\u00f6vdeli, metal kapakl\u0131 ve s\u0131k\u0131 contal\u0131 dayan\u0131kl\u0131 cam soda \u015fi\u015fesi. Toplu tedarik i\u00e7in m\u00fckemmel cam soda \u015fi\u015fesi. D\u00fcnya \u00e7ap\u0131nda h\u0131zl\u0131 kargo mevcuttur.<\/p>","protected":false},"featured_media":5510,"template":"","meta":{"postBodyCss":"","postBodyMargin":[],"postBodyPadding":[],"postBodyBackground":{"backgroundType":"classic","gradient":""}},"product_brand":[],"product_cat":[83,16,15],"product_tag":[92],"class_list":{"0":"post-5502","1":"product","2":"type-product","3":"status-publish","4":"has-post-thumbnail","6":"product_cat-glass-beverage-bottles","7":"product_cat-glass-bottles","8":"product_cat-glass-containers","9":"product_tag-glass-liquor-bottles","11":"first","12":"instock","13":"shipping-taxable","14":"product-type-simple"},"jetpack_sharing_enabled":true,"_links":{"self":[{"href":"https:\/\/minghanggroup.com\/tr\/wp-json\/wp\/v2\/product\/5502","targetHints":{"allow":["GET"]}}],"collection":[{"href":"https:\/\/minghanggroup.com\/tr\/wp-json\/wp\/v2\/product"}],"about":[{"href":"https:\/\/minghanggroup.com\/tr\/wp-json\/wp\/v2\/types\/product"}],"wp:featuredmedia":[{"embeddable":true,"href":"https:\/\/minghanggroup.com\/tr\/wp-json\/wp\/v2\/media\/5510"}],"wp:attachment":[{"href":"https:\/\/minghanggroup.com\/tr\/wp-json\/wp\/v2\/media?parent=5502"}],"wp:term":[{"taxonomy":"product_brand","embeddable":true,"href":"https:\/\/minghanggroup.com\/tr\/wp-json\/wp\/v2\/product_brand?post=5502"},{"taxonomy":"product_cat","embeddable":true,"href":"https:\/\/minghanggroup.com\/tr\/wp-json\/wp\/v2\/product_cat?post=5502"},{"taxonomy":"product_tag","embeddable":true,"href":"https:\/\/minghanggroup.com\/tr\/wp-json\/wp\/v2\/product_tag?post=5502"}],"curies":[{"name":"wp","href":"https:\/\/api.w.org\/{rel}","templated":true}]}}