{"id":5495,"date":"2026-02-03T11:56:50","date_gmt":"2026-02-03T03:56:50","guid":{"rendered":"https:\/\/minghanggroup.com\/?post_type=product&#038;p=5495"},"modified":"2026-03-02T13:34:21","modified_gmt":"2026-03-02T05:34:21","slug":"flat-square-juice-glass-bottles-for-juicing-bulk","status":"publish","type":"product","link":"https:\/\/minghanggroup.com\/tr\/urun\/flat-square-juice-glass-bottles-for-juicing-bulk\/","title":{"rendered":"200 ml 280 ml D\u00fcz Kare Meyve Suyu Cam \u015ei\u015feleri, Toplu Meyve Suyu \u00dcretimi \u0130\u00e7in"},"content":{"rendered":"<p>Bu d\u00fcz, dikd\u00f6rtgen\u00a0<span class=\"text-[#00CEC8]\">k\u00fcp,<\/span> Meyve suyu s\u0131kmak i\u00e7in kullan\u0131lan \u015fekillendirilmi\u015f cam \u015fi\u015feler\u00a0<span class=\"text-[#00CEC8]\">teklif edildi<\/span>\u00a0iki boyutta ve olabilir\u00a0<span class=\"text-[#00CEC8]\">donan\u0131ml\u0131<\/span>\u00a0metal vidal\u0131 kapakl\u0131 veya mantarl\u0131,\u00a0<span class=\"text-[#00CEC8]\">b\u00f6ylece i\u015flevselli\u011fi bir araya getiriyor<\/span>\u00a0Ve\u00a0<span class=\"text-[#00CEC8]\">moda.<\/span><\/p>\n<h2>\u00dcr\u00fcn \u00d6zellikleri<\/h2>\n<ul>\n<li><strong>D\u00fcz Dikd\u00f6rtgen:<\/strong> Bunlar d\u00fcz ve dikd\u00f6rtgen \u015feklindedir ve depolama a\u00e7\u0131s\u0131ndan fazla yer kaplamazlar; bu nedenle al\u0131\u015fveri\u015f \u00e7antalar\u0131nda ta\u015f\u0131nabilir veya raflarda sergilenebilirler.<\/li>\n<li><strong>\u015eeffaf ve P\u00fcr\u00fczs\u00fcz Malzeme:<\/strong> \u015eeffaf cam, i\u00e7indeki s\u0131v\u0131n\u0131n rengini ve dokusunu olduk\u00e7a iyi g\u00f6rmeyi sa\u011flar ve ayr\u0131ca etiket yap\u0131\u015ft\u0131rmak veya marka logolar\u0131 basmak da kolayd\u0131r.<\/li>\n<li><strong>\u0130ki Kullan\u0131\u015fl\u0131 Boyut:<\/strong> Meyve suyu veya di\u011fer i\u00e7ecekleri saklamak i\u00e7in pratik olan 200 ml ve 280 ml&#039;lik kapaklarla birlikte gelir.<\/li>\n<\/ul>\n<h2 style=\"text-align: left;\">Temel \u00d6zellikler<\/h2>\n<table class=\"aligncenter\" style=\"border-collapse: collapse; width: 458.27pt;\" border=\"0\" width=\"611\" cellspacing=\"0\" cellpadding=\"0\">\n<tbody>\n<tr style=\"height: 13.50pt;\">\n<td style=\"height: 13.50pt; width: 122.25pt;\" width=\"163\" height=\"18\">\u015eartname<\/td>\n<td style=\"width: 336.00pt;\" width=\"448\">Detaylar<\/td>\n<\/tr>\n<tr style=\"height: 13.50pt;\">\n<td style=\"height: 13.50pt;\" height=\"18\">Kapasite<\/td>\n<td>200 ml \/ 280 ml<\/td>\n<\/tr>\n<tr style=\"height: 13.50pt;\">\n<td style=\"height: 13.50pt;\" height=\"18\">Boyutlar<\/td>\n<td>72\u00d750\u00d7116 mm \/ 80\u00d750\u00d7145 mm<\/td>\n<\/tr>\n<tr style=\"height: 13.50pt;\">\n<td style=\"height: 13.50pt;\" height=\"18\">Malzeme<\/td>\n<td>\u015eeffaf Cam, Metal veya Ah\u015fap Kapak<\/td>\n<\/tr>\n<tr style=\"height: 13.50pt;\">\n<td style=\"height: 13.50pt;\" height=\"18\">\u015ei\u015fe \u015eekli<\/td>\n<td>Kare, Hafif\u00e7e Yass\u0131la\u015ft\u0131r\u0131lm\u0131\u015f Profil<\/td>\n<\/tr>\n<tr style=\"height: 13.50pt;\">\n<td style=\"height: 13.50pt;\" height=\"18\">\u00d6zelle\u015ftirme Kapsam\u0131<\/td>\n<td>Renk, \u015eekil, Boyut, Kapaklar<\/td>\n<\/tr>\n<tr style=\"height: 13.50pt;\">\n<td style=\"height: 13.50pt;\" height=\"18\">\u0130\u015f\u00e7ilik<\/td>\n<td>Kare \u015eekilli Hassas Cam Kal\u0131plama, Di\u015f A\u00e7ma<\/td>\n<\/tr>\n<tr style=\"height: 13.50pt;\">\n<td style=\"height: 13.50pt;\" height=\"18\">\u00dcr\u00fcn Amac\u0131<\/td>\n<td>Meyve suyu s\u0131kmak i\u00e7in cam \u015fi\u015feler, aromal\u0131 su \u015fi\u015feleri<\/td>\n<\/tr>\n<tr style=\"height: 13.50pt;\">\n<td style=\"height: 13.50pt;\" height=\"18\">Uygun Sekt\u00f6rler<\/td>\n<td>Meyve Suyu Markalar\u0131, Gurme G\u0131da Tedarik\u00e7ileri<\/td>\n<\/tr>\n<\/tbody>\n<\/table>\n<h2>Ba\u015far\u0131 Hikayesi<\/h2>\n<p>280 ml&#039;lik d\u00fcz, dikd\u00f6rtgen cam meyve suyu \u015fi\u015felerimiz, metal vidal\u0131 kapaklar\u0131yla Londra&#039;daki bir meyve suyu bar\u0131 i\u00e7in se\u00e7ildi. \u015ei\u015felerin d\u00fcz olmas\u0131 sayesinde etiketleme h\u0131zl\u0131 ve kolayd\u0131 ve 0 ba\u015far\u0131 oran\u0131 elde edildi. Yeniden kullan\u0131labilir ve modern tasar\u0131m, m\u00fc\u015fteriler aras\u0131nda \u00e7ok pop\u00fcler oldu ve \u00fcr\u00fcnlerin temiz g\u00f6r\u00fcn\u00fcm\u00fc nedeniyle &#039;\u0131 \u00fcr\u00fcn\u00fc tekrar sat\u0131n ald\u0131. Meyve suyu bar\u0131 b\u00fcy\u00fck bir ba\u015far\u0131 elde etti ve daha sonra 250.000 adet daha \u015fi\u015fe sipari\u015f ederek projeyi \u00fc\u00e7 yeni \u015fubeye geni\u015flettiler.<\/p>\n<h2>Meyve Suyu \u015ei\u015feleri (\u00d6zelle\u015ftirilebilir)<\/h2>\n<ul>\n<li>Bask\u0131l\u0131 Logo\/Kapasite: \u015ei\u015fenin d\u00fcz taraf\u0131na k\u00fc\u00e7\u00fck, kabartmal\u0131 bir kapasite veya logo bask\u0131s\u0131 uygulay\u0131n.<\/li>\n<li>\u00d6zel Mantar Tasar\u0131mlar\u0131: Bunlar ba\u015fka malzemelerden (bambu, me\u015fe) olu\u015fabilir veya \u00fczerlerine marka logosu i\u015flenebilir.<\/li>\n<li>Dokulu Sap: \u015ei\u015fenin daha ince taraf\u0131nda hafif\u00e7e kabart\u0131lm\u0131\u015f bir doku bulunur, bu da tutmay\u0131 kolayla\u015ft\u0131r\u0131r.<\/li>\n<\/ul>","protected":false},"excerpt":{"rendered":"<p>D\u00fcz profilli, kare \u015feklinde meyve suyu \u015fi\u015fesi, metal veya ah\u015fap kapaklarla birlikte sunulmaktad\u0131r. \u00dcr\u00fcn testlerini desteklemek amac\u0131yla meyve suyu \u015fi\u015feleri i\u00e7in \u00fccretsiz numuneler mevcuttur.<\/p>","protected":false},"featured_media":5498,"template":"","meta":{"postBodyCss":"","postBodyMargin":[],"postBodyPadding":[],"postBodyBackground":{"backgroundType":"classic","gradient":""}},"product_brand":[],"product_cat":[15,83,16],"product_tag":[92],"class_list":{"0":"post-5495","1":"product","2":"type-product","3":"status-publish","4":"has-post-thumbnail","6":"product_cat-glass-containers","7":"product_cat-glass-beverage-bottles","8":"product_cat-glass-bottles","9":"product_tag-glass-liquor-bottles","11":"first","12":"instock","13":"shipping-taxable","14":"product-type-simple"},"jetpack_sharing_enabled":true,"_links":{"self":[{"href":"https:\/\/minghanggroup.com\/tr\/wp-json\/wp\/v2\/product\/5495","targetHints":{"allow":["GET"]}}],"collection":[{"href":"https:\/\/minghanggroup.com\/tr\/wp-json\/wp\/v2\/product"}],"about":[{"href":"https:\/\/minghanggroup.com\/tr\/wp-json\/wp\/v2\/types\/product"}],"wp:featuredmedia":[{"embeddable":true,"href":"https:\/\/minghanggroup.com\/tr\/wp-json\/wp\/v2\/media\/5498"}],"wp:attachment":[{"href":"https:\/\/minghanggroup.com\/tr\/wp-json\/wp\/v2\/media?parent=5495"}],"wp:term":[{"taxonomy":"product_brand","embeddable":true,"href":"https:\/\/minghanggroup.com\/tr\/wp-json\/wp\/v2\/product_brand?post=5495"},{"taxonomy":"product_cat","embeddable":true,"href":"https:\/\/minghanggroup.com\/tr\/wp-json\/wp\/v2\/product_cat?post=5495"},{"taxonomy":"product_tag","embeddable":true,"href":"https:\/\/minghanggroup.com\/tr\/wp-json\/wp\/v2\/product_tag?post=5495"}],"curies":[{"name":"wp","href":"https:\/\/api.w.org\/{rel}","templated":true}]}}