{"id":5490,"date":"2026-02-03T11:47:26","date_gmt":"2026-02-03T03:47:26","guid":{"rendered":"https:\/\/minghanggroup.com\/?post_type=product&#038;p=5490"},"modified":"2026-02-03T11:47:30","modified_gmt":"2026-02-03T03:47:30","slug":"empty-red-wine-bottles-for-sale-wholesale","status":"publish","type":"product","link":"https:\/\/minghanggroup.com\/tr\/urun\/empty-red-wine-bottles-for-sale-wholesale\/","title":{"rendered":"500 ml Bo\u015f K\u0131rm\u0131z\u0131 \u015earap \u015ei\u015feleri Toptan Sat\u0131\u015f"},"content":{"rendered":"<p>Her bir \u015farab\u0131n\u0131za tutkuyla yakla\u015f\u0131yorsunuz; \u015fimdi de zanaat\u0131n\u0131z\u0131 onurland\u0131ran ve m\u00fc\u015fterilerinizle ba\u011f kurman\u0131z\u0131 sa\u011flayan bir \u015fi\u015fe ile onu sunun. 500 ml&#039;lik zeytin ye\u015fili k\u0131rm\u0131z\u0131 \u015farap \u015fi\u015felerimiz, zamans\u0131z Bordeaux \u015farap \u015fi\u015fesi zarafetini ak\u0131ll\u0131 UV korumas\u0131yla birle\u015ftiriyor. P\u00fcr\u00fczs\u00fcz omuzlar, ince boyun ve o karakteristik e\u011fim? Tam bir raf \u00e7ekicili\u011fi. Do\u011frudan cam \u015fi\u015fe orta\u011f\u0131n\u0131z olarak, sat\u0131\u015fa sunulan bo\u015f \u015farap \u015fi\u015felerinin stok de\u011fil, bilin\u00e7li bir se\u00e7im oldu\u011funu hissettiriyoruz. \u0130ster k\u0131rm\u0131z\u0131 \u015farap, ister Burgonya \u015farab\u0131, ister ev yap\u0131m\u0131 \u015farap \u015fi\u015feliyor olun, gelenek burada hikayenizle bulu\u015fuyor.<\/p>\n<h2>\u00dcr\u00fcn \u00d6zellikleri<\/h2>\n<ul>\n<li><strong>\u015ei\u015fe Tasar\u0131m\u0131:<\/strong> \u0130nce ve uzun \u015fi\u015fe tasar\u0131m\u0131, raflardaki g\u00f6r\u00fcn\u00fcm\u00fc iyile\u015ftirir ve \u015farab\u0131n \u00fcst d\u00fczey ve sade tasar\u0131m\u0131n\u0131 sergiler.<\/li>\n<li><strong>\u015ei\u015fe Y\u00fczeyi:<\/strong> Bu, \u00fczerinde hi\u00e7bir s\u00fcsleme bulunmayan sade bir \u015fi\u015fedir; bu da etiketlemeyi, serigrafi bask\u0131 yapmay\u0131 veya ba\u015fka \u015fekillerde ki\u015fiselle\u015ftirmeyi kolayla\u015ft\u0131r\u0131r.<\/li>\n<li><strong>Vidal\u0131 Kapak:<\/strong> Standart boyun ve vidal\u0131 kapak, m\u00fckemmel s\u0131zd\u0131rmazl\u0131k sa\u011flayan standart mantar veya vidal\u0131 kapaklarla uyumludur.<\/li>\n<\/ul>\n<h2>Temel \u00d6zellikler<\/h2>\n<table style=\"border-collapse: collapse; width: 80%; margin-left: auto; margin-right: auto;\" border=\"0\" width=\"144\" cellspacing=\"0\" cellpadding=\"0\">\n<tbody>\n<tr style=\"height: 13.50pt;\">\n<td style=\"height: 13.5pt; width: 54pt; text-align: center;\" width=\"72\" height=\"18\">\u00d6zellik<\/td>\n<td style=\"width: 54pt; text-align: center;\" width=\"72\">Detay<\/td>\n<\/tr>\n<tr style=\"height: 13.50pt;\">\n<td style=\"height: 13.5pt; text-align: center;\" height=\"18\">Kapasite(ml)<\/td>\n<td style=\"text-align: center;\" align=\"right\">500<\/td>\n<\/tr>\n<tr style=\"height: 13.50pt;\">\n<td style=\"height: 13.5pt; text-align: center;\" height=\"18\">Boyutlar(cm)<\/td>\n<td style=\"text-align: center;\">6,7 \u00d7 30<\/td>\n<\/tr>\n<tr style=\"height: 13.50pt;\">\n<td style=\"height: 13.5pt; text-align: center;\" height=\"18\">Sap Kaplamas\u0131 (cm)<\/td>\n<td style=\"text-align: center;\" align=\"right\">1.8<\/td>\n<\/tr>\n<tr style=\"height: 13.50pt;\">\n<td style=\"height: 13.5pt; text-align: center;\" height=\"18\">Renk<\/td>\n<td style=\"text-align: center;\">Zeytin Ye\u015fili (di\u011fer adlar\u0131: Bordeaux Ye\u015fili, \u015eeffaf Flint Ye\u015fili, \u015eampanya Ye\u015fili)<\/td>\n<\/tr>\n<tr style=\"height: 13.50pt;\">\n<td style=\"height: 13.5pt; text-align: center;\" height=\"18\">Kapatma Se\u00e7enekleri<\/td>\n<td style=\"text-align: center;\">Vidal\u0131 Kapak<\/td>\n<\/tr>\n<\/tbody>\n<\/table>\n<h2>Ba\u015far\u0131 \u00d6rne\u011fi<\/h2>\n<p>K\u00fc\u00e7\u00fck \u00f6l\u00e7ekli k\u0131rm\u0131z\u0131 \u015farap \u00fcretimine odaklanan butik bir \u015faraphane, yeni \u015faraplar\u0131n\u0131 piyasaya s\u00fcrerken 500 ml&#039;lik (ovidian) zeytin ye\u015fili cam \u015farap \u015fi\u015felerimizi kullanmay\u0131 tercih etti. \u015ei\u015feleri daha ki\u015fisel hale getirmek i\u00e7in, alt \u00e7entik (punt) k\u0131sm\u0131n\u0131 daha belirgin hale getirdiler, boyun k\u0131sm\u0131n\u0131 biraz daha uzatt\u0131lar ve marka logosunu \u015fi\u015fenin omuz k\u0131sm\u0131na kabartma olarak i\u015flediler. I\u015f\u0131k koruma etkisini en \u00fcst d\u00fczeye \u00e7\u0131karmak i\u00e7in cam rengi daha a\u00e7\u0131k yap\u0131ld\u0131 ve geleneksel ka\u011f\u0131t etiketler yerine sade bir serigrafi bask\u0131 tasar\u0131m\u0131 kullan\u0131larak daha \u00fcst d\u00fczey ve temiz bir g\u00f6r\u00fcn\u00fcm elde edildi.<\/p>\n<p>\u015earap \u00fcreticisi, \u00fcr\u00fcn\u00fcn piyasaya s\u00fcr\u00fclmesinin ard\u0131ndan perakende sat\u0131\u015flar\u0131n\u0131 oran\u0131nda art\u0131rd\u0131 ve \u00fcr\u00fcn\u00fcn da\u011f\u0131t\u0131m\u0131nda olumlu bir kar\u015f\u0131l\u0131k ald\u0131. Bu durum, \u00f6zel tasar\u0131m \u015fi\u015feyi ana \u00fcr\u00fcn gam\u0131na dahil etmelerine ve sonraki \u00fcretim s\u0131n\u0131flar\u0131 i\u00e7in s\u0131k s\u0131k sipari\u015f vermelerine yol a\u00e7t\u0131.<\/p>\n<h2>Ak\u0131ll\u0131 \u00d6zelle\u015ftirme Yollar\u0131<\/h2>\n<ol>\n<li><strong>\u00d6zel Cam Renkleri:<\/strong> I\u015f\u0131k koruma seviyesini art\u0131rman\u0131n yan\u0131 s\u0131ra \u015farab\u0131n tarz\u0131na ve markas\u0131na da uyacak \u015fekilde bardaklar\u0131n rengini se\u00e7in; \u00f6rne\u011fin, bardaklar\u0131n rengi zeytin ye\u015fili, antik ye\u015fil, kehribar veya koyu gri olabilir.<\/li>\n<li><strong>Serigrafi bask\u0131:<\/strong> Barda\u011fa do\u011frudan daha az metin, ba\u011f i\u015faretleri veya parti bilgileri ekleyerek etiketleri ortadan kald\u0131r\u0131n.<\/li>\n<li><strong>Son \u0130\u015flemler:<\/strong> S\u0131n\u0131rl\u0131 say\u0131da \u00fcretilen veya \u00f6zel koleksiyonlar\u0131 birbirinden ay\u0131rt etmek i\u00e7in p\u00fcr\u00fczs\u00fcz, mat veya buzlu y\u00fczeyler aras\u0131ndan se\u00e7im yap\u0131n.<\/li>\n<\/ol>","protected":false},"excerpt":{"rendered":"<p>Klasik \u015fekilli ve kal\u0131n caml\u0131 y\u00fcksek kaliteli k\u0131rm\u0131z\u0131 \u015farap \u015fi\u015feleri. Fabrikadan do\u011frudan tedarik, \u00fccretsiz numuneler, k\u00fcresel markalar i\u00e7in sat\u0131l\u0131k bo\u015f \u015farap \u015fi\u015feleri.<\/p>","protected":false},"featured_media":5494,"template":"","meta":{"postBodyCss":"","postBodyMargin":[],"postBodyPadding":[],"postBodyBackground":{"backgroundType":"classic","gradient":""}},"product_brand":[],"product_cat":[15,16,84],"product_tag":[],"class_list":{"0":"post-5490","1":"product","2":"type-product","3":"status-publish","4":"has-post-thumbnail","6":"product_cat-glass-containers","7":"product_cat-glass-bottles","8":"product_cat-wine-bottles","10":"first","11":"instock","12":"shipping-taxable","13":"product-type-simple"},"jetpack_sharing_enabled":true,"_links":{"self":[{"href":"https:\/\/minghanggroup.com\/tr\/wp-json\/wp\/v2\/product\/5490","targetHints":{"allow":["GET"]}}],"collection":[{"href":"https:\/\/minghanggroup.com\/tr\/wp-json\/wp\/v2\/product"}],"about":[{"href":"https:\/\/minghanggroup.com\/tr\/wp-json\/wp\/v2\/types\/product"}],"wp:featuredmedia":[{"embeddable":true,"href":"https:\/\/minghanggroup.com\/tr\/wp-json\/wp\/v2\/media\/5494"}],"wp:attachment":[{"href":"https:\/\/minghanggroup.com\/tr\/wp-json\/wp\/v2\/media?parent=5490"}],"wp:term":[{"taxonomy":"product_brand","embeddable":true,"href":"https:\/\/minghanggroup.com\/tr\/wp-json\/wp\/v2\/product_brand?post=5490"},{"taxonomy":"product_cat","embeddable":true,"href":"https:\/\/minghanggroup.com\/tr\/wp-json\/wp\/v2\/product_cat?post=5490"},{"taxonomy":"product_tag","embeddable":true,"href":"https:\/\/minghanggroup.com\/tr\/wp-json\/wp\/v2\/product_tag?post=5490"}],"curies":[{"name":"wp","href":"https:\/\/api.w.org\/{rel}","templated":true}]}}