{"id":5481,"date":"2026-02-12T10:09:29","date_gmt":"2026-02-12T02:09:29","guid":{"rendered":"https:\/\/minghanggroup.com\/?post_type=product&#038;p=5481"},"modified":"2026-02-03T16:41:40","modified_gmt":"2026-02-03T08:41:40","slug":"dark-glass-customized-wine-bottles-for-sale-bulk","status":"publish","type":"product","link":"https:\/\/minghanggroup.com\/tr\/urun\/dark-glass-customized-wine-bottles-for-sale-bulk\/","title":{"rendered":"500 ml Koyu Renk Cam \u00d6zel Tasar\u0131m \u015earap \u015ei\u015feleri Toptan Sat\u0131\u015f"},"content":{"rendered":"<p>Kalbinizle \u015farap \u00fcretiyorsunuz\u2014\u015fimdi ona ilk d\u00f6kmeden \u00f6nce konu\u015fan bir kap verin. Sat\u0131\u015fa sundu\u011fumuz 500 ml zeytin ye\u015fili \u015farap \u015fi\u015felerimiz, klasik Bordeaux \u015farap \u015fi\u015felerinin zarafetini onurland\u0131r\u0131rken modern ya\u015fam tarzlar\u0131na da m\u00fckemmel uyum sa\u011fl\u0131yor. \u0130ster k\u0131rm\u0131z\u0131 \u015farap, ister Burgonya \u015farab\u0131, ister ev yap\u0131m\u0131 \u015farap \u015fi\u015feliyor olun, bu cam \u015farap \u015fi\u015feleri lezzeti korur ve hikayenizi y\u00fcceltir. Do\u011frudan cam \u015fi\u015fe orta\u011f\u0131n\u0131z olarak, sat\u0131\u015fa sundu\u011fumuz \u015farap \u015fi\u015felerinin ki\u015fisel, ama\u00e7l\u0131 ve etiketiniz i\u00e7in haz\u0131r olmas\u0131n\u0131 sa\u011fl\u0131yoruz.<\/p>\n<h2>\u00dcr\u00fcn \u00d6zellikleri<\/h2>\n<ul>\n<li><strong>Ger\u00e7ek Bordeaux Sil\u00fceti:<\/strong> Hafif e\u011fimli omuzlar\u0131 ve ince boynu olan bir \u015fi\u015fe, m\u00fc\u015fterilerin her zaman g\u00fcvenle ili\u015fkilendirdi\u011fi klasik bir \u015farap \u015fi\u015fesi \u015fekline sahiptir.<\/li>\n<li><strong>Zeytin Ye\u015fili Muhaf\u0131z:<\/strong> Koyu zeytin ye\u015fili renkteki cam \u015fi\u015felerin, \u015feffaf \u015fi\u015felere g\u00f6re UV \u0131\u015f\u0131nlar\u0131n\u0131 daha fazla engelleyebildi\u011fi ve bu nedenle k\u0131rm\u0131z\u0131 \u015farab\u0131n narin aromalar\u0131n\u0131n mahzende kald\u0131\u011f\u0131 s\u00fcre boyunca rafa ula\u015fana kadar korunmas\u0131na yard\u0131mc\u0131 oldu\u011fu bilinmektedir.<\/li>\n<li><strong>\u0130stikrarl\u0131 Bahis Taban\u0131:<\/strong> \u015earap \u015fi\u015fesinin alt k\u0131sm\u0131 hafif\u00e7e i\u00e7e do\u011fru girintili oldu\u011fundan, ah\u015fap bir sand\u0131kta, hediye kutusunda veya yemek masas\u0131nda bile d\u00fc\u015fme korkusu olmadan sa\u011flam bir \u015fekilde yerle\u015ftirilebilir.<\/li>\n<\/ul>\n<h2>Temel \u00d6zellikler<\/h2>\n<table style=\"border-collapse: collapse; width: 80%; margin-left: auto; margin-right: auto;\" border=\"0\" width=\"144\" cellspacing=\"0\" cellpadding=\"0\">\n<tbody>\n<tr style=\"height: 13.50pt;\">\n<td style=\"height: 13.5pt; width: 54pt; text-align: center;\" width=\"72\" height=\"18\">\u00d6zellik<\/td>\n<td style=\"width: 54pt; text-align: center;\" width=\"72\">Detay<\/td>\n<\/tr>\n<tr style=\"height: 13.50pt;\">\n<td style=\"height: 13.5pt; text-align: center;\" height=\"18\">Kapasite(ml)<\/td>\n<td style=\"text-align: center;\" align=\"right\">500<\/td>\n<\/tr>\n<tr style=\"height: 13.50pt;\">\n<td style=\"height: 13.5pt; text-align: center;\" height=\"18\">Boyutlar(cm)<\/td>\n<td style=\"text-align: center;\">7.1 \u00d7 26.7<\/td>\n<\/tr>\n<tr style=\"height: 13.50pt;\">\n<td style=\"height: 13.5pt; text-align: center;\" height=\"18\">Sap Kaplamas\u0131 (cm)<\/td>\n<td style=\"text-align: center;\" align=\"right\">1.8<\/td>\n<\/tr>\n<tr style=\"height: 13.50pt;\">\n<td style=\"height: 13.5pt; text-align: center;\" height=\"18\">Renk<\/td>\n<td style=\"text-align: center;\">Zeytin Ye\u015fili<\/td>\n<\/tr>\n<tr style=\"height: 13.50pt;\">\n<td style=\"height: 13.5pt; text-align: center;\" height=\"18\">Kapan\u0131\u015f<\/td>\n<td style=\"text-align: center;\">Vidal\u0131 Kapak (\u0130ste\u011fe ba\u011fl\u0131 olarak do\u011fal \u015farap mantarlar\u0131 da temin edilir)<\/td>\n<\/tr>\n<tr style=\"height: 13.50pt;\">\n<td style=\"height: 13.5pt; text-align: center;\" height=\"18\">En \u0130yisi \u0130\u00e7in<\/td>\n<td style=\"text-align: center;\">K\u0131rm\u0131z\u0131 \u015earaplar, K\u0131rm\u0131z\u0131 \u015earap (Claret), Ev Yap\u0131m\u0131 \u015earap, Lik\u00f6r \u015ei\u015feleri<\/td>\n<\/tr>\n<\/tbody>\n<\/table>\n<h2>Ba\u015far\u0131 \u00d6rne\u011fi<\/h2>\n<p>Esas olarak butik tarzda, k\u00fc\u00e7\u00fck partiler halinde k\u0131rm\u0131z\u0131 \u015farap \u00fcreten k\u00fc\u00e7\u00fck bir \u015faraphanenin, \u00fcr\u00fcn\u00fcn sanat\u0131n\u0131 ve raftaki \u00fcst\u00fcn konumunu an\u0131nda anlatabilecek bir \u015fi\u015feye ihtiyac\u0131 vard\u0131. Yeni hasatlar\u0131 i\u00e7in 500 ml&#039;lik koyu renkli cam \u015farap \u015fi\u015felerimizi se\u00e7tiler ve daha iyi UV korumas\u0131 i\u00e7in koyu zeytin ye\u015fili renkte, omuz k\u0131sm\u0131na kabartmal\u0131 logo ve geleneksel ka\u011f\u0131t etiketler yerine \u00e7ok hafif ipekten, serigrafi bask\u0131l\u0131 grafiklerle \u00fcrettiler. Daha a\u011f\u0131r taban ve daha zarif boyun biti\u015fi, d\u00f6kme deneyimini daha keyifli hale getirirken ayn\u0131 zamanda markan\u0131n kalite imaj\u0131n\u0131 da g\u00fc\u00e7lendirdi.<\/p>\n<p>\u00dcr\u00fcn\u00fcn piyasaya s\u00fcr\u00fclmesinin ard\u0131ndan m\u00fc\u015fterilerden gelen geri bildirimler, \u00fcr\u00fcn\u00fcn raf \u00e7ekicili\u011finin ve alg\u0131lanan de\u011ferinin \u00f6nemli \u00f6l\u00e7\u00fcde artt\u0131\u011f\u0131n\u0131 ve bunun da tekrarlanan sipari\u015flerde &#039;lik bir art\u0131\u015fa yol a\u00e7t\u0131\u011f\u0131n\u0131 ortaya koydu.<\/p>\n<h2>\u00d6zelle\u015ftirme Se\u00e7enekleriniz<\/h2>\n<ol>\n<li><strong>Kabartma veya \u00c7ukur Bask\u0131 Markalama:<\/strong> Kal\u0131c\u0131 ve etiket gerektirmeyen bir marka varl\u0131\u011f\u0131 olu\u015fturmak i\u00e7in \u015fi\u015fenin omuz k\u0131sm\u0131na veya alt k\u0131sm\u0131na kabartmal\u0131 veya girintili bir logo yerle\u015ftirmeyi d\u00fc\u015f\u00fcn\u00fcn.<\/li>\n<li><strong>\u0130pek, Serigrafi Bask\u0131l\u0131 Detaylar:<\/strong> Ka\u011f\u0131t etiketlere \u015f\u0131k ve modern bir alternatif olarak, \u015fi\u015fe y\u00fczeyine birka\u00e7 kelime, piktogram veya geometrik desen yerle\u015ftirin.<\/li>\n<li><strong>Sap ve Kaplama \u00c7e\u015fitleri:<\/strong> \u015ei\u015fe a\u011fz\u0131n\u0131, farkl\u0131 \u015farap stilleri ve pazarlar\u0131na uygun olarak vidal\u0131 kapak veya sentetik kapaklar i\u00e7in ayarlay\u0131n.<\/li>\n<\/ol>","protected":false},"excerpt":{"rendered":"<p>Zarif \u015fekle ve sa\u011flam tabana sahip, birinci s\u0131n\u0131f koyu renkli cam \u015farap \u015fi\u015feleri sat\u0131l\u0131kt\u0131r. Fabrikadan do\u011frudan sipari\u015f verilebilen, \u00fccretsiz numunelerle birlikte \u00f6zel tasar\u0131m \u015farap \u015fi\u015feleri mevcuttur.<\/p>","protected":false},"featured_media":5485,"template":"","meta":{"postBodyCss":"","postBodyMargin":[],"postBodyPadding":[],"postBodyBackground":{"backgroundType":"classic","gradient":""}},"product_brand":[],"product_cat":[15,16,84],"product_tag":[],"class_list":{"0":"post-5481","1":"product","2":"type-product","3":"status-publish","4":"has-post-thumbnail","6":"product_cat-glass-containers","7":"product_cat-glass-bottles","8":"product_cat-wine-bottles","10":"first","11":"instock","12":"shipping-taxable","13":"product-type-simple"},"jetpack_sharing_enabled":true,"_links":{"self":[{"href":"https:\/\/minghanggroup.com\/tr\/wp-json\/wp\/v2\/product\/5481","targetHints":{"allow":["GET"]}}],"collection":[{"href":"https:\/\/minghanggroup.com\/tr\/wp-json\/wp\/v2\/product"}],"about":[{"href":"https:\/\/minghanggroup.com\/tr\/wp-json\/wp\/v2\/types\/product"}],"wp:featuredmedia":[{"embeddable":true,"href":"https:\/\/minghanggroup.com\/tr\/wp-json\/wp\/v2\/media\/5485"}],"wp:attachment":[{"href":"https:\/\/minghanggroup.com\/tr\/wp-json\/wp\/v2\/media?parent=5481"}],"wp:term":[{"taxonomy":"product_brand","embeddable":true,"href":"https:\/\/minghanggroup.com\/tr\/wp-json\/wp\/v2\/product_brand?post=5481"},{"taxonomy":"product_cat","embeddable":true,"href":"https:\/\/minghanggroup.com\/tr\/wp-json\/wp\/v2\/product_cat?post=5481"},{"taxonomy":"product_tag","embeddable":true,"href":"https:\/\/minghanggroup.com\/tr\/wp-json\/wp\/v2\/product_tag?post=5481"}],"curies":[{"name":"wp","href":"https:\/\/api.w.org\/{rel}","templated":true}]}}