{"id":5480,"date":"2026-02-03T08:58:52","date_gmt":"2026-02-03T00:58:52","guid":{"rendered":"https:\/\/minghanggroup.com\/?post_type=product&#038;p=5480"},"modified":"2026-03-02T13:34:52","modified_gmt":"2026-03-02T05:34:52","slug":"clear-glass-beverage-bottles-with-metal-lids-wholesale","status":"publish","type":"product","link":"https:\/\/minghanggroup.com\/tr\/urun\/clear-glass-beverage-bottles-with-metal-lids-wholesale\/","title":{"rendered":"210 ml \u2013 1000 ml \u015eeffaf Cam \u0130\u00e7ecek \u015ei\u015feleri, Metal Kapakl\u0131, Toptan"},"content":{"rendered":"<p>Bu cam i\u00e7ecek \u015fi\u015feleri, \u015feffaf camdan yap\u0131lm\u0131\u015f olup, dik bir formda, \u015feffaf cam g\u00f6vdeye ve sa\u011flam vidal\u0131 metal kapa\u011fa sahiptir ve bir\u00e7ok kullan\u0131\u015fl\u0131 boyutta mevcuttur.<\/p>\n<h2>\u00dcr\u00fcn \u00d6zellikleri<\/h2>\n<ul>\n<li><strong>Klasik, Dik Tasar\u0131m:<\/strong> Bu tasar\u0131m etiketleme ve istifleme a\u00e7\u0131s\u0131ndan kolayl\u0131k sa\u011fl\u0131yor, ayr\u0131ca sade ve modern bir g\u00f6r\u00fcn\u00fcme sahip.<\/li>\n<li><strong>\u00c7ok Ama\u00e7l\u0131 Boyutlar:<\/strong> K\u00fc\u00e7\u00fck porsiyon da\u011f\u0131t\u0131m\u0131, ev i\u00e7i depolama ve ticari te\u015fhir gibi gereksinimlere ba\u011fl\u0131 olarak kullan\u0131labilecek \u00e7e\u015fitli pratik boyutlar mevcuttur.<\/li>\n<li><strong>G\u00fcvenli Vidal\u0131 Metal Kapak:<\/strong> \u00dcr\u00fcnle birlikte verilen metal kapak, \u00fcr\u00fcnlerin tazeli\u011fini koruyarak s\u0131z\u0131nt\u0131y\u0131 \u00f6nler ve s\u0131k\u0131ca kapanmas\u0131n\u0131 sa\u011flar.<\/li>\n<\/ul>\n<h2 style=\"text-align: left;\">Temel \u00d6zellikler<\/h2>\n<table class=\"aligncenter\" style=\"border-collapse: collapse; width: 401.27pt;\" border=\"0\" width=\"535\" cellspacing=\"0\" cellpadding=\"0\">\n<tbody>\n<tr style=\"height: 13.50pt;\">\n<td style=\"height: 13.50pt; width: 122.25pt;\" width=\"163\" height=\"18\">\u015eartname<\/td>\n<td style=\"width: 279.00pt;\" width=\"372\">Detaylar<\/td>\n<\/tr>\n<tr style=\"height: 13.50pt;\">\n<td style=\"height: 13.50pt;\" height=\"18\">Kapasite<\/td>\n<td>210 ml, 250 ml, 330 ml, 500 ml, 650 ml, 1000 ml<\/td>\n<\/tr>\n<tr style=\"height: 13.50pt;\">\n<td style=\"height: 13.50pt;\" height=\"18\">Malzeme<\/td>\n<td>High Borosilicate Glass, Metal Lid<\/td>\n<\/tr>\n<tr style=\"height: 13.50pt;\">\n<td style=\"height: 13.50pt;\" height=\"18\">\u015ei\u015fe \u015eekli<\/td>\n<td>Di\u015fli A\u00e7\u0131kl\u0131\u011fa Sahip D\u00fcz Kenarl\u0131 Silindir<\/td>\n<\/tr>\n<tr style=\"height: 13.50pt;\">\n<td style=\"height: 13.50pt;\" height=\"18\">\u00d6zelle\u015ftirme Kapsam\u0131<\/td>\n<td>Renk, Kapaklar, Boyut, Y\u00fczey \u0130\u015flemi<\/td>\n<\/tr>\n<tr style=\"height: 13.50pt;\">\n<td style=\"height: 13.50pt;\" height=\"18\">\u0130\u015f\u00e7ilik<\/td>\n<td>Hassas Cam \u015eekillendirme, Di\u015f A\u00e7ma<\/td>\n<\/tr>\n<tr style=\"height: 13.50pt;\">\n<td style=\"height: 13.50pt;\" height=\"18\">\u00dcr\u00fcn Amac\u0131<\/td>\n<td>Cam \u0130\u00e7ecek \u015ei\u015feleri Toptan Sat\u0131\u015f\u0131, Meyve Suyu \u015ei\u015feleri<\/td>\n<\/tr>\n<tr style=\"height: 13.50pt;\">\n<td style=\"height: 13.50pt;\" height=\"18\">Uygun Sekt\u00f6rler<\/td>\n<td>\u0130\u00e7ecek Markalar\u0131, Gurme G\u0131da Tedarik\u00e7ileri, Kafeler<\/td>\n<\/tr>\n<\/tbody>\n<\/table>\n<h2>Ba\u015far\u0131 Hikayesi<\/h2>\n<p>Cam i\u00e7ecek \u015fi\u015felerimiz, Amerikan bir kahve \u015firketi taraf\u0131ndan tercih edildi ve \u015firket, \u015fi\u015fe taban\u0131n\u0131 ve etiketlerini serigrafi bask\u0131 y\u00f6ntemiyle de\u011fi\u015ftirerek yeni bir tasar\u0131m elde etti. \u015e\u0131k tasar\u0131m\u0131 ve \u015feffaf g\u00f6vdesi, raflardaki g\u00f6r\u00fcn\u00fcrl\u00fcklerini 51 puan art\u0131r\u0131rken, etiketleme maliyetlerinden tasarruf sa\u011flad\u0131 ve depolama verimlili\u011fini art\u0131rd\u0131. \u015eirket b\u00fcy\u00fck bir ba\u015far\u0131 yakalad\u0131 ve daha sonra yeni ulusal da\u011f\u0131t\u0131m kanallar\u0131na 800.000 \u015fi\u015felik ek bir sipari\u015f daha verdi.<\/p>\n<h2>Cam \u0130\u00e7ecek \u015ei\u015feleri Toptan Ki\u015fiselle\u015ftirme<\/h2>\n<ul>\n<li>Cam Renkleri: \u015eeffaf, gri, f\u00fcme, kehribar veya markan\u0131z\u0131n esteti\u011fine uygun \u00f6zel bir renk se\u00e7ene\u011fi aras\u0131ndan diledi\u011finizi se\u00e7ebilirsiniz.<\/li>\n<li>Buzlu veya Mat Y\u00fczeyler: Tamamen buzlu veya mat y\u00fczey, yumu\u015fak ve l\u00fcks bir his verir.<\/li>\n<li>Serigrafi Bask\u0131: Kaliteli grafiklerin, beslenme bilgilerinin veya \u015fi\u015fe tasar\u0131m\u0131n\u0131n do\u011frudan bask\u0131s\u0131.<\/li>\n<li>\u00d6zel \u015eapka Tasar\u0131mlar\u0131: Ki\u015fiselle\u015ftirilmi\u015f \u015fapkalar \u00e7e\u015fitli renklerde (siyah, alt\u0131n, g\u00fcm\u00fc\u015f) olabilir veya markan\u0131z\u0131n ad\u0131yla bask\u0131l\u0131 bir \u015fapka olarak da tasarlanabilir.<\/li>\n<\/ul>","protected":false},"excerpt":{"rendered":"<p>\u00c7e\u015fitli boyutlarda cam i\u00e7ecek \u015fi\u015felerinin toptan sat\u0131\u015f\u0131. Bu d\u00fcz kenarl\u0131 \u015feffaf \u015fi\u015feler, hava ge\u00e7irmez saklama i\u00e7in metal kapaklara sahiptir. Fabrika do\u011frudan fiyatland\u0131rmas\u0131.<\/p>","protected":false},"featured_media":5488,"template":"","meta":{"postBodyCss":"","postBodyMargin":[],"postBodyPadding":[],"postBodyBackground":{"backgroundType":"classic","gradient":""}},"product_brand":[],"product_cat":[15,83,16],"product_tag":[91],"class_list":{"0":"post-5480","1":"product","2":"type-product","3":"status-publish","4":"has-post-thumbnail","6":"product_cat-glass-containers","7":"product_cat-glass-beverage-bottles","8":"product_cat-glass-bottles","9":"product_tag-glass-soda-bottles","11":"first","12":"instock","13":"shipping-taxable","14":"product-type-simple"},"jetpack_sharing_enabled":true,"_links":{"self":[{"href":"https:\/\/minghanggroup.com\/tr\/wp-json\/wp\/v2\/product\/5480","targetHints":{"allow":["GET"]}}],"collection":[{"href":"https:\/\/minghanggroup.com\/tr\/wp-json\/wp\/v2\/product"}],"about":[{"href":"https:\/\/minghanggroup.com\/tr\/wp-json\/wp\/v2\/types\/product"}],"wp:featuredmedia":[{"embeddable":true,"href":"https:\/\/minghanggroup.com\/tr\/wp-json\/wp\/v2\/media\/5488"}],"wp:attachment":[{"href":"https:\/\/minghanggroup.com\/tr\/wp-json\/wp\/v2\/media?parent=5480"}],"wp:term":[{"taxonomy":"product_brand","embeddable":true,"href":"https:\/\/minghanggroup.com\/tr\/wp-json\/wp\/v2\/product_brand?post=5480"},{"taxonomy":"product_cat","embeddable":true,"href":"https:\/\/minghanggroup.com\/tr\/wp-json\/wp\/v2\/product_cat?post=5480"},{"taxonomy":"product_tag","embeddable":true,"href":"https:\/\/minghanggroup.com\/tr\/wp-json\/wp\/v2\/product_tag?post=5480"}],"curies":[{"name":"wp","href":"https:\/\/api.w.org\/{rel}","templated":true}]}}