{"id":5468,"date":"2026-02-02T16:26:31","date_gmt":"2026-02-02T08:26:31","guid":{"rendered":"https:\/\/minghanggroup.com\/?post_type=product&#038;p=5468"},"modified":"2026-03-02T13:33:16","modified_gmt":"2026-03-02T05:33:16","slug":"glass-juice-bottles-with-slim-neck-design-wholesale","status":"publish","type":"product","link":"https:\/\/minghanggroup.com\/tr\/urun\/glass-juice-bottles-with-slim-neck-design-wholesale\/","title":{"rendered":"125 ml \u2013 1000 ml \u0130nce Boyunlu Tasar\u0131ml\u0131 Cam Meyve Suyu \u015ei\u015feleri Toptan Sat\u0131\u015f"},"content":{"rendered":"<p>\u015eeffaf camdan \u00fcretilen meyve suyu \u015fi\u015fesi, geni\u015f ve yuvarlak bir g\u00f6vdeye ve dar, ak\u0131c\u0131 bir boyuna sahip olacak. 125 ml&#039;lik deneme boylar\u0131ndan 700 ml&#039;lik devasa \u015fi\u015felere kadar farkl\u0131 boyutlarda sat\u0131\u015fa sunulacak.<\/p>\n<h2>\u00dcr\u00fcn \u00d6zellikleri<\/h2>\n<ul>\n<li><strong>Geni\u015f g\u00f6vde, ince boyun tasar\u0131m\u0131:<\/strong> Yuvarlak ve dolgun hatlara sahip tam g\u00f6vdesi yeterli kapasite sunarken, ince boynu tutmay\u0131 ve d\u00f6kmeyi kolayla\u015ft\u0131rarak pratik ve estetik bir g\u00f6r\u00fcn\u00fcm kazand\u0131r\u0131r.<\/li>\n<li><strong>\u00c7e\u015fitli boyutlarda:<\/strong> Tek kullan\u0131ml\u0131k deneme boylar\u0131ndan aile boylar\u0131na kadar 10 farkl\u0131 boyutta sunulmaktad\u0131r.<\/li>\n<li><strong>Emniyet vidal\u0131 metal kapak:<\/strong> \u00dcr\u00fcnle birlikte verilen metal kapak, i\u00e7ece\u011finizin lezzetini ve tazeli\u011fini korudu\u011fu bilinen g\u00fcvenli bir s\u0131zd\u0131rmazl\u0131k sa\u011flar.<\/li>\n<\/ul>\n<h2 style=\"text-align: left;\">Temel \u00d6zellikler<\/h2>\n<table class=\"aligncenter\" style=\"border-collapse: collapse; width: 492.02pt;\" border=\"0\" width=\"656\" cellspacing=\"0\" cellpadding=\"0\">\n<tbody>\n<tr style=\"height: 13.50pt;\">\n<td style=\"height: 13.50pt; width: 121.50pt;\" width=\"162\" height=\"18\">\u015eartname<\/td>\n<td style=\"width: 370.50pt;\" width=\"494\">Detaylar<\/td>\n<\/tr>\n<tr style=\"height: 13.50pt;\">\n<td style=\"height: 13.50pt;\" height=\"18\">Kapasite<\/td>\n<td>125 ml, 200 ml, 250 ml, 300 ml, 330 ml, 350 ml, 380 ml, 500 ml, 700 ml, 1000 ml<\/td>\n<\/tr>\n<tr style=\"height: 13.50pt;\">\n<td style=\"height: 13.50pt;\" height=\"18\">Boyutlar<\/td>\n<td>56\u00d7135 mm ile 94\u00d7300 mm aras\u0131<\/td>\n<\/tr>\n<tr style=\"height: 13.50pt;\">\n<td style=\"height: 13.50pt;\" height=\"18\">Malzeme<\/td>\n<td>\u015eeffaf Cam, Metal Kapak<\/td>\n<\/tr>\n<tr style=\"height: 13.50pt;\">\n<td style=\"height: 13.50pt;\" height=\"18\">\u015ei\u015fe \u015eekli<\/td>\n<td>Geni\u015f, yuvarlak kar\u0131n, ince bir boyuna do\u011fru daral\u0131r.<\/td>\n<\/tr>\n<tr style=\"height: 13.50pt;\">\n<td style=\"height: 13.50pt;\" height=\"18\">\u00d6zelle\u015ftirme Kapsam\u0131<\/td>\n<td>Renk, Kapaklar, Boyut, \u015eekil<\/td>\n<\/tr>\n<tr style=\"height: 13.50pt;\">\n<td style=\"height: 13.50pt;\" height=\"18\">\u0130\u015f\u00e7ilik<\/td>\n<td>Hassas Cam \u015eekillendirme ile Tutarl\u0131 E\u011friler ve Di\u015f A\u00e7ma<\/td>\n<\/tr>\n<tr style=\"height: 13.50pt;\">\n<td style=\"height: 13.50pt;\" height=\"18\">\u00dcr\u00fcn Amac\u0131<\/td>\n<td>Premium Meyve Suyu \u015ei\u015feleri, Toptan Cam Meyve Suyu \u015ei\u015feleri<\/td>\n<\/tr>\n<tr style=\"height: 13.50pt;\">\n<td style=\"height: 13.50pt;\" height=\"18\">Uygun Sekt\u00f6rler<\/td>\n<td>Meyve Suyu Markalar\u0131, Gurme G\u0131da Tedarik\u00e7ileri, Kafeler<\/td>\n<\/tr>\n<\/tbody>\n<\/table>\n<h2>Ba\u015far\u0131 Hikayesi<\/h2>\n<p>Kuzey Avrupa&#039;da faaliyet g\u00f6steren bir meyve suyu zinciri, buzlu caml\u0131 bir \u015fi\u015fe sipari\u015f ederek cam meyve suyu \u015fi\u015femizi tercih etti. Prestijli \u015fi\u015fe tasar\u0131m\u0131, \u00fcr\u00fcn\u00fc s\u00fcpermarket raflar\u0131ndan \u00e7\u0131kararak \u00fcr\u00fcn alg\u0131s\u0131n\u0131 y\u00fckseltti ve sat\u0131\u015f fiyat\u0131n\u0131 art\u0131rd\u0131. Hava ge\u00e7irmez kapak, israf\u0131 oran\u0131nda azalt\u0131yor. Zincir, b\u00fcy\u00fcyen da\u011f\u0131t\u0131m kanal\u0131n\u0131 kar\u015f\u0131lamak i\u00e7in ikinci \u00e7eyrekte 1,2 milyon \u015fi\u015fe daha sipari\u015f verdi.<\/p>\n<h2>Cam Meyve Suyu \u015ei\u015feleri Toptan \u00d6zelle\u015ftirme<\/h2>\n<ul>\n<li>\u015ei\u015fe \u015eekli Ayarlamas\u0131: \u015ei\u015fenin g\u00f6vdesine yuvarlakl\u0131k eklemek veya \u00e7\u0131karmak, boyun uzunlu\u011funu uzatmak veya i\u00e7ecek t\u00fcr\u00fcne g\u00f6re uyarlamak.<\/li>\n<li>Kal\u0131nl\u0131k Ayar\u0131: Cam\u0131n kal\u0131nl\u0131\u011f\u0131, a\u011f\u0131r ve hacimli uygulamalarda daha iyi dayan\u0131kl\u0131l\u0131k sa\u011flamak veya a\u011f\u0131rl\u0131\u011f\u0131 azaltmak i\u00e7in ayarlanabilir.<\/li>\n<li>\u00d6zel \u015eapka Tasar\u0131mlar\u0131: \u00c7e\u015fitli renklerde (siyah, alt\u0131n, g\u00fcm\u00fc\u015f) veya marka logolar\u0131yla sunulacakt\u0131r.<\/li>\n<\/ul>","protected":false},"excerpt":{"rendered":"<p>Yuvarlak g\u00f6vdeli ve dar boyunlu cam meyve suyu \u015fi\u015fesi, i\u00e7ecekler i\u00e7in idealdir. Toptan cam meyve suyu \u015fi\u015feleri, boyut, logo ve kapak konusunda OEM \u00f6zelle\u015ftirmesini destekler.<\/p>","protected":false},"featured_media":5469,"template":"","meta":{"postBodyCss":"","postBodyMargin":[],"postBodyPadding":[],"postBodyBackground":{"backgroundType":"classic","gradient":""}},"product_brand":[],"product_cat":[15,83,16],"product_tag":[92,91],"class_list":{"0":"post-5468","1":"product","2":"type-product","3":"status-publish","4":"has-post-thumbnail","6":"product_cat-glass-containers","7":"product_cat-glass-beverage-bottles","8":"product_cat-glass-bottles","9":"product_tag-glass-liquor-bottles","10":"product_tag-glass-soda-bottles","12":"first","13":"instock","14":"shipping-taxable","15":"product-type-simple"},"jetpack_sharing_enabled":true,"_links":{"self":[{"href":"https:\/\/minghanggroup.com\/tr\/wp-json\/wp\/v2\/product\/5468","targetHints":{"allow":["GET"]}}],"collection":[{"href":"https:\/\/minghanggroup.com\/tr\/wp-json\/wp\/v2\/product"}],"about":[{"href":"https:\/\/minghanggroup.com\/tr\/wp-json\/wp\/v2\/types\/product"}],"wp:featuredmedia":[{"embeddable":true,"href":"https:\/\/minghanggroup.com\/tr\/wp-json\/wp\/v2\/media\/5469"}],"wp:attachment":[{"href":"https:\/\/minghanggroup.com\/tr\/wp-json\/wp\/v2\/media?parent=5468"}],"wp:term":[{"taxonomy":"product_brand","embeddable":true,"href":"https:\/\/minghanggroup.com\/tr\/wp-json\/wp\/v2\/product_brand?post=5468"},{"taxonomy":"product_cat","embeddable":true,"href":"https:\/\/minghanggroup.com\/tr\/wp-json\/wp\/v2\/product_cat?post=5468"},{"taxonomy":"product_tag","embeddable":true,"href":"https:\/\/minghanggroup.com\/tr\/wp-json\/wp\/v2\/product_tag?post=5468"}],"curies":[{"name":"wp","href":"https:\/\/api.w.org\/{rel}","templated":true}]}}