{"id":5463,"date":"2026-02-02T15:32:04","date_gmt":"2026-02-02T07:32:04","guid":{"rendered":"https:\/\/minghanggroup.com\/?post_type=product&#038;p=5463"},"modified":"2026-04-14T09:42:46","modified_gmt":"2026-04-14T01:42:46","slug":"conical-clear-glass-soda-bottles-wholesale","status":"publish","type":"product","link":"https:\/\/minghanggroup.com\/tr\/urun\/conical-clear-glass-soda-bottles-wholesale\/","title":{"rendered":"250 ml 330 ml Konik \u015eeffaf Cam Soda \u015ei\u015feleri Toptan Sat\u0131\u015f"},"content":{"rendered":"<p>Bu cam soda \u015fi\u015feleri konik \u015fekildedir, p\u00fcr\u00fczs\u00fcz camdan yap\u0131lm\u0131\u015ft\u0131r ve etkileyici bir konik profile sahiptir. Taban\u0131 geni\u015f ve sa\u011flam olup, boyuna do\u011fru daral\u0131r ve kabarc\u0131klar\u0131 s\u0131zd\u0131rmaz hale getirerek i\u00e7ece\u011fi koruyan g\u00fc\u00e7l\u00fc, vidal\u0131 metal bir kapa\u011fa sahiptir.<\/p>\n<h2>\u00dcr\u00fcn \u00d6zellikleri<\/h2>\n<ul>\n<li><strong>Konik G\u00f6vde:<\/strong> Konik tasar\u0131m, geni\u015f taban\u0131 ve dar boynu sayesinde estetik ve i\u015flevseldir; bu da tutmay\u0131 ve d\u00f6kmeyi kolayla\u015ft\u0131rarak g\u00f6vdeye denge kazand\u0131r\u0131r.<\/li>\n<li><strong>S\u0131zd\u0131rmaz Vidal\u0131 Kapak:<\/strong> Vidal\u0131 metal kapak, \u00fcr\u00fcn\u00fcn s\u0131zd\u0131rmazl\u0131\u011f\u0131n\u0131 sa\u011flayan iyi bir mekanizma sunarak s\u0131z\u0131nt\u0131lar\u0131 \u00f6nler ve i\u00e7ece\u011fin raf \u00f6mr\u00fcn\u00fc uzat\u0131r.<\/li>\n<li><strong>\u0130ki Kullan\u0131\u015fl\u0131 Boyut:<\/strong> \u00dcr\u00fcn, ki\u015fisel t\u00fcketim ve porsiyon al\u0131m\u0131 i\u00e7in uygun olan 250 ml ve 330 ml olmak \u00fczere iki pratik boyutta sunulmaktad\u0131r.<\/li>\n<\/ul>\n<h2 style=\"text-align: left;\">Temel \u00d6zellikler<\/h2>\n<table class=\"aligncenter\" style=\"border-collapse: collapse; width: 464.27pt;\" border=\"0\" width=\"619\" cellspacing=\"0\" cellpadding=\"0\">\n<tbody>\n<tr style=\"height: 13.50pt;\">\n<td style=\"height: 13.50pt; width: 121.50pt;\" width=\"162\" height=\"18\">\u015eartname<\/td>\n<td style=\"width: 342.75pt;\" width=\"457\">Detaylar<\/td>\n<\/tr>\n<tr style=\"height: 13.50pt;\">\n<td style=\"height: 13.50pt;\" height=\"18\">Kapasite<\/td>\n<td>250 ml \/ 330 ml<\/td>\n<\/tr>\n<tr style=\"height: 13.50pt;\">\n<td style=\"height: 13.50pt;\" height=\"18\">Boyutlar<\/td>\n<td>62\u00d7220\u00d728 mm \/ 70\u00d7240\u00d728 mm<\/td>\n<\/tr>\n<tr style=\"height: 13.50pt;\">\n<td style=\"height: 13.50pt;\" height=\"18\">Malzeme<\/td>\n<td>\u015eeffaf Cam, Metal Kapak<\/td>\n<\/tr>\n<tr style=\"height: 13.50pt;\">\n<td style=\"height: 13.50pt;\" height=\"18\">\u015ei\u015fe \u015eekli<\/td>\n<td>Konik Silindir<\/td>\n<\/tr>\n<tr style=\"height: 13.50pt;\">\n<td style=\"height: 13.50pt;\" height=\"18\">\u00d6zelle\u015ftirme Kapsam\u0131<\/td>\n<td>Renk, Boyut, Kapaklar, Y\u00fczey \u0130\u015flemi<\/td>\n<\/tr>\n<tr style=\"height: 13.50pt;\">\n<td style=\"height: 13.50pt;\" height=\"18\">\u0130\u015f\u00e7ilik<\/td>\n<td>Konik \u015eekillendirme ve Di\u015f A\u00e7ma \u0130\u00e7in Hassas Cam \u015eekillendirme<\/td>\n<\/tr>\n<tr style=\"height: 13.50pt;\">\n<td style=\"height: 13.50pt;\" height=\"18\">\u00dcr\u00fcn Amac\u0131<\/td>\n<td>Cam Soda Stream \u015ei\u015feleri, Gazl\u0131 Su \u015ei\u015feleri<\/td>\n<\/tr>\n<tr style=\"height: 13.50pt;\">\n<td style=\"height: 13.50pt;\" height=\"18\">Uygun Sekt\u00f6rler<\/td>\n<td>\u0130\u00e7ecek Markalar\u0131, Kafeler<\/td>\n<\/tr>\n<\/tbody>\n<\/table>\n<h2>Ba\u015far\u0131 \u00d6yk\u00fcs\u00fc: Yeni \u0130ngiltere&#039;den Bir El Yap\u0131m\u0131 Gazoz \u015eirketinin \u0130mza Serisi<\/h2>\n<p>330 ml&#039;lik konik cam soda \u015fi\u015femiz, New England&#039;da faaliyet g\u00f6steren bir butik soda \u015firketi taraf\u0131ndan se\u00e7ildi ve buzlu bir \u015fi\u015fe g\u00f6vdesi ile \u00fczerine eskitilmi\u015f g\u00f6r\u00fcn\u00fcml\u00fc bir etiket bask\u0131s\u0131 yap\u0131larak \u00f6zelle\u015ftirildi. Bu sofistike \u015fi\u015fe yap\u0131s\u0131 klasikle\u015fti ve bu da eski \u015fi\u015fe yap\u0131s\u0131na k\u0131yasla raf sat\u0131\u015flar\u0131nda &#039;l\u0131k bir art\u0131\u015fa yol a\u00e7t\u0131. \u015ei\u015felerin yeniden kullan\u0131labilirli\u011fi \u00f6nemli bir sat\u0131\u015f noktas\u0131 olup, m\u00fc\u015fterilerin &#039;i \u015fi\u015feleri tekrar kullanmay\u0131 tercih etti. Bu durum \u015firketi \u00e7ok memnun etti ve b\u00fcy\u00fcyen da\u011f\u0131t\u0131mc\u0131 a\u011f\u0131na hizmet verebilmek i\u00e7in 400.000 \u015fi\u015fe daha sipari\u015f etti.<\/p>\n<h2>Soda Stream \u015ei\u015feleri Cam \u00d6zelle\u015ftirme<\/h2>\n<ul>\n<li>Cam Renkleri ve Tonlar\u0131: \u015eeffaf veya f\u00fcme gri, kehribar ya da a\u00e7\u0131k mavi veya ye\u015fil gibi \u00f6zel renklerde olabilir.<\/li>\n<li>Buzlu veya Mat Y\u00fczeyler: Yumu\u015fak ve y\u00fcksek kaliteli bir dokunu\u015f i\u00e7in tamamen buzlu veya mat y\u00fczey se\u00e7enekleriyle sunulmaktad\u0131r.<\/li>\n<li>Kabartmal\u0131 Hacim \u0130\u015faretlemesi: \u015ei\u015fenin alt k\u0131sm\u0131nda 250 ml veya 330 ml hacmini g\u00f6steren k\u00fc\u00e7\u00fck, kabartmal\u0131 i\u015faretler bulunur.<\/li>\n<li>\u00d6zel \u015eapka Tasar\u0131m\u0131: \u0130stedi\u011finiz renkte (siyah, alt\u0131n, g\u00fcm\u00fc\u015f) veya \u015firket logonuzla tasarlanm\u0131\u015f \u015fapkalar tercih edebilirsiniz.<\/li>\n<\/ul>","protected":false},"excerpt":{"rendered":"<p>Zarif konik \u015fekle ve g\u00fcvenli kapaklara sahip dayan\u0131kl\u0131 cam soda \u015fi\u015feleri. Toplu i\u00e7ecek ambalaj sipari\u015fleri i\u00e7in h\u0131zl\u0131 kargo se\u00e7ene\u011fiyle sunulan cam soda \u015fi\u015feleri.<\/p>","protected":false},"featured_media":5467,"template":"","meta":{"postBodyCss":"","postBodyMargin":[],"postBodyPadding":[],"postBodyBackground":{"backgroundType":"classic","gradient":""}},"product_brand":[],"product_cat":[15,83,16],"product_tag":[93,91],"class_list":{"0":"post-5463","1":"product","2":"type-product","3":"status-publish","4":"has-post-thumbnail","6":"product_cat-glass-containers","7":"product_cat-glass-beverage-bottles","8":"product_cat-glass-bottles","9":"product_tag-glass-gatorade-bottles","10":"product_tag-glass-soda-bottles","12":"first","13":"instock","14":"shipping-taxable","15":"product-type-simple"},"jetpack_sharing_enabled":true,"_links":{"self":[{"href":"https:\/\/minghanggroup.com\/tr\/wp-json\/wp\/v2\/product\/5463","targetHints":{"allow":["GET"]}}],"collection":[{"href":"https:\/\/minghanggroup.com\/tr\/wp-json\/wp\/v2\/product"}],"about":[{"href":"https:\/\/minghanggroup.com\/tr\/wp-json\/wp\/v2\/types\/product"}],"wp:featuredmedia":[{"embeddable":true,"href":"https:\/\/minghanggroup.com\/tr\/wp-json\/wp\/v2\/media\/5467"}],"wp:attachment":[{"href":"https:\/\/minghanggroup.com\/tr\/wp-json\/wp\/v2\/media?parent=5463"}],"wp:term":[{"taxonomy":"product_brand","embeddable":true,"href":"https:\/\/minghanggroup.com\/tr\/wp-json\/wp\/v2\/product_brand?post=5463"},{"taxonomy":"product_cat","embeddable":true,"href":"https:\/\/minghanggroup.com\/tr\/wp-json\/wp\/v2\/product_cat?post=5463"},{"taxonomy":"product_tag","embeddable":true,"href":"https:\/\/minghanggroup.com\/tr\/wp-json\/wp\/v2\/product_tag?post=5463"}],"curies":[{"name":"wp","href":"https:\/\/api.w.org\/{rel}","templated":true}]}}