{"id":5462,"date":"2026-02-03T13:49:04","date_gmt":"2026-02-03T05:49:04","guid":{"rendered":"https:\/\/minghanggroup.com\/?post_type=product&#038;p=5462"},"modified":"2026-04-14T09:31:24","modified_gmt":"2026-04-14T01:31:24","slug":"custom-small-wine-bottles-for-branding-bulk","status":"publish","type":"product","link":"https:\/\/minghanggroup.com\/tr\/urun\/custom-small-wine-bottles-for-branding-bulk\/","title":{"rendered":"375 ml \u00d6zel Tasar\u0131m K\u00fc\u00e7\u00fck \u015earap \u015ei\u015feleri (Toptan Sipari\u015f)"},"content":{"rendered":"<p>\u00d6nem ta\u015f\u0131yan, sonradan d\u00fc\u015f\u00fcn\u00fclm\u00fc\u015f bir \u015fey de\u011fil, bir ifade niteli\u011finde k\u00fc\u00e7\u00fck \u015farap \u015fi\u015felerine ihtiyac\u0131n\u0131z var. 375 ml&#039;lik \u015farap \u015fi\u015felerimiz, klasik Bordeaux \u015farap \u015fi\u015felerinin zarafetini, \u00f6rnekler, tad\u0131m u\u00e7u\u015flar\u0131 veya k\u00fc\u00e7\u00fck ki\u015fisel hediyeler i\u00e7in ideal olan yar\u0131m boyutta bir versiyonda temsil eder. Koruyucu zeytin ye\u015fili camdan \u00fcretilen ve \u00e7ok y\u00f6nl\u00fc kapatma se\u00e7enekleriyle sunulan bu cam \u015farap \u015fi\u015feleri, i\u00e7indeki ev yap\u0131m\u0131 \u015farab\u0131n\u0131z\u0131 korumakla kalmaz, ayn\u0131 zamanda markan\u0131z\u0131 da ak\u0131lda kal\u0131c\u0131 k\u0131lar. Do\u011frudan cam \u015fi\u015fe orta\u011f\u0131n\u0131z olarak, bo\u015f \u015farap \u015fi\u015felerini insanlar\u0131n de\u011fer verdi\u011fi an\u0131lara d\u00f6n\u00fc\u015ft\u00fcr\u00fcyoruz.<\/p>\n<h2>\u00dcr\u00fcn \u00d6zellikleri<\/h2>\n<ul>\n<li><strong>Yar\u0131 Boy Miras:<\/strong> Orijinal \u015farap \u015fi\u015fesi \u015fekli, 375 ml&#039;ye m\u00fckemmel \u015fekilde uyacak \u015fekilde \u00f6l\u00e7eklendirilmi\u015ftir. K\u0131rm\u0131z\u0131 \u015farab\u0131n\u0131z\u0131, Burgonya \u015farab\u0131n\u0131z\u0131 veya k\u00f6p\u00fckl\u00fc \u015farab\u0131n\u0131z\u0131 herhangi bir y\u00fck\u00fcml\u00fcl\u00fck alt\u0131na girmeden payla\u015f\u0131n; tad\u0131m veya hediye i\u00e7in idealdir.<\/li>\n<li><strong>Zeytin Cam\u0131 Koruyucusu:<\/strong> Koyu zeytin ye\u015fili rengi, \u015feffaf \u015fi\u015felere g\u00f6re UV \u0131\u015f\u0131nlar\u0131n\u0131 daha iyi engeller. K\u0131rm\u0131z\u0131 \u015faraplardaki hassas notalar\u0131 depolama, nakliye veya raf \u00f6mr\u00fc boyunca korur.<\/li>\n<li><strong>Kapanma \u00d6zg\u00fcrl\u00fc\u011f\u00fc:<\/strong> Geleneksel bir \u00e7ekicilik i\u00e7in do\u011fal \u015farap mantarlar\u0131 veya modern kolayl\u0131k i\u00e7in al\u00fcminyum vidal\u0131 kapaklar. 375 ml&#039;lik \u015farap \u015fi\u015feniz tam olarak hayal etti\u011finiz gibi kapan\u0131r.<\/li>\n<li><strong>\u0130stikrarl\u0131 Bahis Taban\u0131:<\/strong> Hafif\u00e7e i\u00e7e do\u011fru girintili taban, kasalarda, hediye kutular\u0131nda veya tad\u0131m tepsilerinde dik durma stabilitesi sa\u011flar. Sallanma yok, sadece g\u00fcven.<\/li>\n<\/ul>\n<h2>Temel \u00d6zellikler<\/h2>\n<table style=\"border-collapse: collapse; width: 80%; margin-left: auto; margin-right: auto;\" border=\"0\" width=\"144\" cellspacing=\"0\" cellpadding=\"0\">\n<tbody>\n<tr style=\"height: 13.50pt;\">\n<td style=\"height: 13.5pt; width: 54pt; text-align: center;\" width=\"72\" height=\"18\">\u00d6zellik<\/td>\n<td style=\"width: 54pt; text-align: center;\" width=\"72\">Detay<\/td>\n<\/tr>\n<tr style=\"height: 13.50pt;\">\n<td style=\"height: 13.5pt; text-align: center;\" height=\"18\">Kapasite(ml)<\/td>\n<td style=\"text-align: center;\" align=\"right\">375<\/td>\n<\/tr>\n<tr style=\"height: 13.50pt;\">\n<td style=\"height: 13.5pt; text-align: center;\" height=\"18\">Boyutlar(cm)<\/td>\n<td style=\"text-align: center;\">6,5 \u00d7 24,2<\/td>\n<\/tr>\n<tr style=\"height: 13.50pt;\">\n<td style=\"height: 13.5pt; text-align: center;\" height=\"18\">Sap Kaplamas\u0131 (cm)<\/td>\n<td style=\"text-align: center;\">1.8<\/td>\n<\/tr>\n<tr style=\"height: 13.50pt;\">\n<td style=\"height: 13.5pt; text-align: center;\" height=\"18\">Renk<\/td>\n<td style=\"text-align: center;\">Zeytin Ye\u015fili<\/td>\n<\/tr>\n<tr style=\"height: 13.50pt;\">\n<td style=\"height: 13.5pt; text-align: center;\" height=\"18\">Kapatma Se\u00e7enekleri<\/td>\n<td style=\"text-align: center;\">Do\u011fal \u015earap Mantarlar\u0131, Al\u00fcminyum Vidal\u0131 Kapak<\/td>\n<\/tr>\n<tr style=\"height: 13.50pt;\">\n<td style=\"height: 13.5pt; text-align: center;\" height=\"18\">En \u0130yisi \u0130\u00e7in<\/td>\n<td style=\"text-align: center;\">\u015earap Tad\u0131m Setleri, Hediye Setleri, Tad\u0131m Men\u00fcleri, \u0130\u00e7ki \u015ei\u015feleri<\/td>\n<\/tr>\n<\/tbody>\n<\/table>\n<h2>Ba\u015far\u0131 \u00d6rne\u011fi<\/h2>\n<p>375 ml&#039;lik \u015farap \u015fi\u015feleri, Portland&#039;daki k\u00fc\u00e7\u00fck bir \u015farap \u00fcreticisi taraf\u0131ndan ke\u015ffedildi. Ayr\u0131ca, her bir bile\u015feni ki\u015fiselle\u015ftirmek i\u00e7in \u00e7ok ileri gittiler: lazerle i\u015flenmi\u015f g\u00fczel asma desenleri ve hasat tarihi bulunan mantar kapaklar; hafif kabartmal\u0131 mat omuz etiketleri; ve her \u015fi\u015fenin boynuna g\u00fcm\u00fc\u015f bir kurdele ba\u011fland\u0131.<\/p>\n<p>Be\u015f haftada sadece 2.850 adet sat\u0131ld\u0131 ki bu inan\u0131lmaz, \u00f6nceki sat\u0131\u015f rakamlar\u0131na g\u00f6re daha h\u0131zl\u0131. Daha da \u015fa\u015f\u0131rt\u0131c\u0131 olan\u0131 ise \u015faraphanenin hi\u00e7bir rezervasyon yapmadan her \u00fc\u00e7 ayda bir s\u00fcrekli olarak bo\u015f \u015fi\u015fe sipari\u015fi veriyor olmas\u0131.<\/p>\n<h2>\u00d6zelle\u015ftirme \u0130pu\u00e7lar\u0131n\u0131z<\/h2>\n<ol>\n<li><strong>Gradyan Cam \u015ei\u015feler:<\/strong> \u015ei\u015fenin y\u00fczeyi, yukar\u0131 do\u011fru koyu zeytin ye\u015filinden a\u015fa\u011f\u0131 do\u011fru \u015feffaf bir \u00e7akmak ta\u015f\u0131na do\u011fru kademeli olarak renklendirilmi\u015ftir; bu da \u015faraba g\u00fcne\u015f \u0131\u015f\u0131nlar\u0131n\u0131n \u0131\u015f\u0131lt\u0131s\u0131n\u0131, bir nebze de olsa yans\u0131tarak, \u00f6zellikle zeytin ye\u015fili rengiyle \u015farab\u0131 g\u00fcne\u015fin zararl\u0131 \u0131\u015f\u0131nlar\u0131ndan en iyi \u015fekilde korur.<\/li>\n<li><strong>Hikaye Etiketi:<\/strong> Lazer teknolojisiyle logonuzu veya marka hikayenizi \u015fi\u015fenin \u00fczerine i\u015fleyebilir ve t\u00fcketicilerin markay\u0131 an\u0131nda bu stille ili\u015fkilendirmesini sa\u011flayabilirsiniz; bu da markan\u0131n y\u00fcksek kalitesini yans\u0131t\u0131r.<\/li>\n<li><strong>Kapatma Sistemi Kombinasyonu:<\/strong> Konumland\u0131rma ile do\u011fal mantar, sentetik t\u0131pa veya vidal\u0131 kapak aras\u0131ndan se\u00e7im yapabilir, kapa\u011f\u0131n rengini, kullan\u0131lan malzemeyi ve y\u00fczey dokusunu \u00f6zelle\u015ftirebilirsiniz.<\/li>\n<\/ol>","protected":false},"excerpt":{"rendered":"<p>375 ml&#039;lik k\u00fc\u00e7\u00fck \u015farap \u015fi\u015feleri, tad\u0131m ve hediye setleri i\u00e7in idealdir. Fabrikadan do\u011frudan tedarik, toplu sipari\u015flerde \u00f6zelle\u015ftirme ve h\u0131zl\u0131 teslimat imkan\u0131.<\/p>","protected":false},"featured_media":5477,"template":"","meta":{"postBodyCss":"","postBodyMargin":[],"postBodyPadding":[],"postBodyBackground":{"backgroundType":"classic","gradient":""}},"product_brand":[],"product_cat":[15,16,84],"product_tag":[109],"class_list":{"0":"post-5462","1":"product","2":"type-product","3":"status-publish","4":"has-post-thumbnail","6":"product_cat-glass-containers","7":"product_cat-glass-bottles","8":"product_cat-wine-bottles","9":"product_tag-glass-champagne-bottles","11":"first","12":"instock","13":"shipping-taxable","14":"product-type-simple"},"jetpack_sharing_enabled":true,"_links":{"self":[{"href":"https:\/\/minghanggroup.com\/tr\/wp-json\/wp\/v2\/product\/5462","targetHints":{"allow":["GET"]}}],"collection":[{"href":"https:\/\/minghanggroup.com\/tr\/wp-json\/wp\/v2\/product"}],"about":[{"href":"https:\/\/minghanggroup.com\/tr\/wp-json\/wp\/v2\/types\/product"}],"wp:featuredmedia":[{"embeddable":true,"href":"https:\/\/minghanggroup.com\/tr\/wp-json\/wp\/v2\/media\/5477"}],"wp:attachment":[{"href":"https:\/\/minghanggroup.com\/tr\/wp-json\/wp\/v2\/media?parent=5462"}],"wp:term":[{"taxonomy":"product_brand","embeddable":true,"href":"https:\/\/minghanggroup.com\/tr\/wp-json\/wp\/v2\/product_brand?post=5462"},{"taxonomy":"product_cat","embeddable":true,"href":"https:\/\/minghanggroup.com\/tr\/wp-json\/wp\/v2\/product_cat?post=5462"},{"taxonomy":"product_tag","embeddable":true,"href":"https:\/\/minghanggroup.com\/tr\/wp-json\/wp\/v2\/product_tag?post=5462"}],"curies":[{"name":"wp","href":"https:\/\/api.w.org\/{rel}","templated":true}]}}