{"id":5453,"date":"2026-02-02T15:30:16","date_gmt":"2026-02-02T07:30:16","guid":{"rendered":"https:\/\/minghanggroup.com\/?post_type=product&#038;p=5453"},"modified":"2026-02-02T15:30:18","modified_gmt":"2026-02-02T07:30:18","slug":"personalized-wine-bottles-for-packaging-bulk","status":"publish","type":"product","link":"https:\/\/minghanggroup.com\/tr\/urun\/personalized-wine-bottles-for-packaging-bulk\/","title":{"rendered":"Toplu Ambalaj \u0130\u00e7in 750 ml Ki\u015fiselle\u015ftirilmi\u015f \u015earap \u015ei\u015feleri"},"content":{"rendered":"<p>Ruhunuzla \u015farap \u00fcretiyorsunuz\u2014\u015fimdi de her damlas\u0131na sayg\u0131 duyan bir kapla onu ta\u00e7land\u0131r\u0131n. 750 ml&#039;lik \u015farap \u015fi\u015femiz, klasik Bordeaux \u015farap \u015fi\u015fesi zarafetini koyu zeytin ye\u015fili cam korumas\u0131yla birle\u015ftiriyor. Birinci s\u0131n\u0131f \u015farap \u015fi\u015feleri ve mantar se\u00e7enekleriyle birlikte, k\u0131rm\u0131z\u0131 \u015faraplar\u0131n\u0131z, claret&#039;leriniz veya ev yap\u0131m\u0131 \u015farap yolculu\u011funuz i\u00e7in haz\u0131r. Tahmin y\u00fcr\u00fctmeye gerek yok. Mahzenden rafa kadar sadece g\u00fcven.<\/p>\n<h2>\u00dcr\u00fcn \u00d6zellikleri<\/h2>\n<ul>\n<li><strong>Orijinal Bordeaux sto\u011fu:<\/strong> O hafif omuz e\u011fimi mi? Tam bir klasik. Standart bir \u015farap mantar\u0131 izi i\u00e7in yeterli alan var ve daha ilk d\u00f6k\u00fclmeden bile &#034;sevgiyle yap\u0131lm\u0131\u015f&#034; diye adeta f\u0131s\u0131ld\u0131yor.<\/li>\n<li><strong>Sa\u011flam Taban, Sallanma Yok:<\/strong> A\u011f\u0131r taban\u0131 sayesinde \u015fi\u015fe, raflarda, kasalarda veya hediye kutular\u0131nda olsa bile sabit kal\u0131r.<\/li>\n<li><strong>Kapan\u0131\u015f \u00d6zg\u00fcrl\u00fc\u011f\u00fc, Sizin Yolunuzla:<\/strong> \u015e\u0131kl\u0131k i\u00e7in mantar k\u0131l\u0131f veya modern bir dokunu\u015f i\u00e7in al\u00fcminyum kapak.<\/li>\n<\/ul>\n<h2>Temel \u00d6zellikler<\/h2>\n<table style=\"border-collapse: collapse; width: 80%; margin-left: auto; margin-right: auto;\" border=\"0\" width=\"144\" cellspacing=\"0\" cellpadding=\"0\">\n<tbody>\n<tr style=\"height: 13.50pt;\">\n<td style=\"height: 13.5pt; width: 54pt; text-align: center;\" width=\"72\" height=\"18\">\u00d6zellik<\/td>\n<td style=\"width: 54pt; text-align: center;\" width=\"72\">Detay<\/td>\n<\/tr>\n<tr style=\"height: 13.50pt;\">\n<td style=\"height: 13.5pt; text-align: center;\" height=\"18\">Kapasite(ml)<\/td>\n<td style=\"text-align: center;\" align=\"right\">750<\/td>\n<\/tr>\n<tr style=\"height: 13.50pt;\">\n<td style=\"height: 13.5pt; text-align: center;\" height=\"18\">Boyutlar (ml)<\/td>\n<td style=\"text-align: center;\">8,5 \u00d7 31,0<\/td>\n<\/tr>\n<tr style=\"height: 13.50pt;\">\n<td style=\"height: 13.5pt; text-align: center;\" height=\"18\">Boyun A\u00e7\u0131kl\u0131\u011f\u0131 (cm)<\/td>\n<td style=\"text-align: center;\" align=\"right\">1.8<\/td>\n<\/tr>\n<tr style=\"height: 13.50pt;\">\n<td style=\"height: 13.5pt; text-align: center;\" height=\"18\">Renk<\/td>\n<td style=\"text-align: center;\">Koyu Amber<\/td>\n<\/tr>\n<tr style=\"height: 13.50pt;\">\n<td style=\"height: 13.5pt; text-align: center;\" height=\"18\">En \u0130yisi \u0130\u00e7in<\/td>\n<td style=\"text-align: center;\">K\u0131rm\u0131z\u0131 \u015earaplar, K\u0131rm\u0131z\u0131 \u015earap (Claret), Ev Yap\u0131m\u0131 \u015earaplar, Lik\u00f6r \u015ei\u015feleri<\/td>\n<\/tr>\n<\/tbody>\n<\/table>\n<h2>Ba\u015far\u0131 \u00d6rne\u011fi<\/h2>\n<p>Avrupa&#039;dan butik bir \u015farap \u00fcreticisi, yeni \u00fcr\u00fcn serileri i\u00e7in ana ambalaj \u00e7\u00f6z\u00fcm\u00fc olarak 750 ml&#039;lik ki\u015fiselle\u015ftirilmi\u015f \u015farap \u015fi\u015felerimizi tercih etti. Marka konumland\u0131rmalar\u0131 \u00f6n planda oldu\u011fu i\u00e7in, m\u00fc\u015fteri ve biz birlikte koyu renkli, UV \u0131\u015f\u0131nlar\u0131na dayan\u0131kl\u0131 cam \u015fi\u015feler tasarlad\u0131k ve \u015fi\u015fe taban\u0131na \u015farap \u00fcreticisinin \u00f6zel logosunu ve \u00fcretim y\u0131l\u0131 kodunu i\u015fledik. \u015ei\u015feler, \u00f6zel do\u011fal mantar t\u0131palar ve mat g\u00fcm\u00fc\u015f kapaklarla tamamlanarak, b\u00fct\u00fcnle\u015fik ve koleksiyonluk bir estetik olu\u015fturuldu.<\/p>\n<p>Yeni \u00fcr\u00fcn\u00fcn piyasaya s\u00fcr\u00fclmesinden sadece \u00fc\u00e7 ay sonra, mevcut kanallarda seri sat\u0131\u015flar\u0131 yakla\u015f\u0131k oran\u0131nda artt\u0131. Piyasa tepkisinin beklenenden \u00e7ok daha iyi olmas\u0131 nedeniyle, m\u00fc\u015fteri ilk teslimattan d\u00f6rt ay sonra ikinci bir sipari\u015f verdi ve ikinci sipari\u015fin miktar\u0131 ilk sipari\u015fe g\u00f6re daha fazla oldu.<\/p>\n<h2>\u00d6zelle\u015ftirme \u0130pu\u00e7lar\u0131n\u0131z<\/h2>\n<ol>\n<li><strong>\u015ei\u015fe Tasar\u0131m Detaylar\u0131:<\/strong> Bu teknoloji, \u015faraphanelerin logolar\u0131n\u0131n, hasat y\u0131llar\u0131n\u0131n veya b\u00f6lgesel unsurlar\u0131n, \u015fi\u015fe g\u00f6vdesine kabartma, oyma veya buzlu y\u00fczey i\u015flemi uygulanarak, kelimenin tam anlam\u0131yla cam \u00fczerine i\u015flenmesini sa\u011flar.<\/li>\n<li><strong>Kapatma Sistemi Se\u00e7enekleri:<\/strong> Bu, pazar konumland\u0131rmas\u0131na g\u00f6re do\u011fal mantarlar\u0131n, sentetik t\u0131ka\u00e7lar\u0131n veya vidal\u0131 kapaklar\u0131n de\u011fi\u015ftirilmesine olanak tan\u0131r; ayr\u0131ca kapak renkleri, malzemeleri ve y\u00fczey dokular\u0131 da \u00f6zelle\u015ftirilebilir.<\/li>\n<li><strong>Tamamen \u00d6zelle\u015ftirilebilir Ambalaj:<\/strong> Bu, etiket boyutlar\u0131 \u00f6nerir ve \u015fi\u015fe stiliyle uyumlu d\u0131\u015f ambalaj \u00e7\u00f6z\u00fcmleri sunarak, \u015fi\u015feden hediye kutusuna kadar g\u00f6rsel tutarl\u0131l\u0131\u011f\u0131 garanti eder.<\/li>\n<\/ol>","protected":false},"excerpt":{"rendered":"<p>Bu ki\u015fiselle\u015ftirilmi\u015f \u015farap \u015fi\u015feleri, \u015farap \u00fcreticilerinden gelen toplu sipari\u015fler i\u00e7in idealdir. 750 ml&#039;lik \u015farap \u015fi\u015feleri, fabrikadan do\u011frudan tedarik edilmekte olup, toplu \u00f6zelle\u015ftirmeyi desteklemektedir.<\/p>","protected":false},"featured_media":5461,"template":"","meta":{"postBodyCss":"","postBodyMargin":[],"postBodyPadding":[],"postBodyBackground":{"backgroundType":"classic","gradient":""}},"product_brand":[],"product_cat":[15,16,84],"product_tag":[],"class_list":{"0":"post-5453","1":"product","2":"type-product","3":"status-publish","4":"has-post-thumbnail","6":"product_cat-glass-containers","7":"product_cat-glass-bottles","8":"product_cat-wine-bottles","10":"first","11":"instock","12":"shipping-taxable","13":"product-type-simple"},"jetpack_sharing_enabled":true,"_links":{"self":[{"href":"https:\/\/minghanggroup.com\/tr\/wp-json\/wp\/v2\/product\/5453","targetHints":{"allow":["GET"]}}],"collection":[{"href":"https:\/\/minghanggroup.com\/tr\/wp-json\/wp\/v2\/product"}],"about":[{"href":"https:\/\/minghanggroup.com\/tr\/wp-json\/wp\/v2\/types\/product"}],"wp:featuredmedia":[{"embeddable":true,"href":"https:\/\/minghanggroup.com\/tr\/wp-json\/wp\/v2\/media\/5461"}],"wp:attachment":[{"href":"https:\/\/minghanggroup.com\/tr\/wp-json\/wp\/v2\/media?parent=5453"}],"wp:term":[{"taxonomy":"product_brand","embeddable":true,"href":"https:\/\/minghanggroup.com\/tr\/wp-json\/wp\/v2\/product_brand?post=5453"},{"taxonomy":"product_cat","embeddable":true,"href":"https:\/\/minghanggroup.com\/tr\/wp-json\/wp\/v2\/product_cat?post=5453"},{"taxonomy":"product_tag","embeddable":true,"href":"https:\/\/minghanggroup.com\/tr\/wp-json\/wp\/v2\/product_tag?post=5453"}],"curies":[{"name":"wp","href":"https:\/\/api.w.org\/{rel}","templated":true}]}}