{"id":5452,"date":"2026-02-02T13:41:49","date_gmt":"2026-02-02T05:41:49","guid":{"rendered":"https:\/\/minghanggroup.com\/?post_type=product&#038;p=5452"},"modified":"2026-03-02T13:52:10","modified_gmt":"2026-03-02T05:52:10","slug":"cactus-shaped-glass-juice-bottles-with-lids-wholesale","status":"publish","type":"product","link":"https:\/\/minghanggroup.com\/tr\/urun\/cactus-shaped-glass-juice-bottles-with-lids-wholesale\/","title":{"rendered":"450 ml Kakt\u00fcs \u015eeklinde Kapakl\u0131 Cam Meyve Suyu \u015ei\u015feleri Toptan Sat\u0131\u015f"},"content":{"rendered":"<p>Bu sevimli kakt\u00fcs benzeri cam meyve suyu \u015fi\u015felerinin \u015feffaf g\u00f6vdesi dikey \u00e7izgiler ve ince noktal\u0131 bir dokuya sahipken, yanlar\u0131nda dengeli bir tutu\u015f sa\u011flayan k\u00fcrek \u015feklinde \u00e7\u0131k\u0131nt\u0131lar bulunmaktad\u0131r.<\/p>\n<h2>\u00dcr\u00fcn \u00d6zellikleri<\/h2>\n<ul>\n<li><strong>Kakt\u00fcs Esintili Tasar\u0131m:<\/strong> Avu\u00e7 i\u00e7i \u015feklindeki sap\u0131 ve \u015fi\u015fe \u00fczerindeki noktal\u0131 dokusu, kakt\u00fcs\u00fcn \u015feklini ba\u015far\u0131yla taklit ederek onlar\u0131 olduk\u00e7a tan\u0131nabilir k\u0131l\u0131yor ve t\u00fcketime e\u011flenceli bir unsur kat\u0131yor.<\/li>\n<li><strong>S\u0131zd\u0131rmaz Tasar\u0131m:<\/strong> Vidal\u0131 metal kapak, \u00fcr\u00fcne s\u0131k\u0131 bir s\u0131zd\u0131rmazl\u0131k sa\u011flarken, pipet deli\u011fi tasar\u0131m\u0131 s\u0131z\u0131nt\u0131y\u0131 \u00f6nler ancak pipetin kolayca tak\u0131lmas\u0131na olanak tan\u0131r.<\/li>\n<li><strong>\u00c7ok Ama\u00e7l\u0131 ve Pratik Tasar\u0131m:<\/strong> Bu \u015fi\u015feler ayn\u0131 zamanda masa \u00fcst\u00fc dekoratif \u015fi\u015fe olarak da kullan\u0131labilir ve pikniklerde, partilerde, evde vb. yerlerde kullan\u0131labilir.<\/li>\n<\/ul>\n<h2 style=\"text-align: left;\">Temel \u00d6zellikler<\/h2>\n<table class=\"aligncenter\" style=\"border-collapse: collapse; width: 430.52pt;\" border=\"0\" width=\"574\" cellspacing=\"0\" cellpadding=\"0\">\n<tbody>\n<tr style=\"height: 13.50pt;\">\n<td style=\"height: 13.50pt; width: 131.25pt;\" width=\"175\" height=\"18\">\u015eartname<\/td>\n<td style=\"width: 299.25pt;\" width=\"399\">Detaylar<\/td>\n<\/tr>\n<tr style=\"height: 13.50pt;\">\n<td style=\"height: 13.50pt;\" height=\"18\">Kapasite<\/td>\n<td>450 ml<\/td>\n<\/tr>\n<tr style=\"height: 13.50pt;\">\n<td style=\"height: 13.50pt;\" height=\"18\">Ambalaj Boyutlar\u0131<\/td>\n<td>100\u00d7100\u00d7150mm<\/td>\n<\/tr>\n<tr style=\"height: 13.50pt;\">\n<td style=\"height: 13.50pt;\" height=\"18\">Malzeme<\/td>\n<td>\u015eeffaf Cam<\/td>\n<\/tr>\n<tr style=\"height: 13.50pt;\">\n<td style=\"height: 13.50pt;\" height=\"18\">\u015ei\u015fe \u015eekli<\/td>\n<td>Kakt\u00fcs Esintili<\/td>\n<\/tr>\n<tr style=\"height: 13.50pt;\">\n<td style=\"height: 13.50pt;\" height=\"18\">\u00d6zelle\u015ftirme Kapsam\u0131<\/td>\n<td>Renk, Doku, Desen, \u015eekil, Kapaklar, Pipet<\/td>\n<\/tr>\n<tr style=\"height: 13.50pt;\">\n<td style=\"height: 13.50pt;\" height=\"18\">\u00dcr\u00fcn Amac\u0131<\/td>\n<td>Kapakl\u0131 Cam Meyve Suyu \u015ei\u015feleri, Cam Gazoz \u015ei\u015feleri<\/td>\n<\/tr>\n<tr style=\"height: 13.50pt;\">\n<td style=\"height: 13.50pt;\" height=\"18\">Uygun Sekt\u00f6rler<\/td>\n<td>Meyve Suyu Markalar\u0131, Kafeler, \u0130\u00e7ecek Markalar\u0131<\/td>\n<\/tr>\n<\/tbody>\n<\/table>\n<h2>Ba\u015far\u0131 \u00d6yk\u00fcs\u00fc: Bat\u0131 Yakas\u0131nda Bir Meyve Suyu Zincirinin Yaz Kampanyas\u0131<\/h2>\n<p>Bat\u0131 k\u0131y\u0131s\u0131ndaki meyve suyu zincirlerinden biri, kakt\u00fcs \u015feklindeki kapakl\u0131 cam meyve suyu \u015fi\u015felerimizi kullanmaya karar verdi ve a\u00e7\u0131k ye\u015fil bir \u015fi\u015fe g\u00f6vdesi tasarlayarak marka logosunu kakt\u00fcs\u00fcn kollar\u0131na e\u015fit \u015fekilde bast\u0131rd\u0131. Bu \u00f6zg\u00fcn tasar\u0131m b\u00fcy\u00fck bir ba\u015far\u0131 elde etti; yerle\u015fik sap\u0131 sayesinde m\u00fc\u015fteriler taraf\u0131ndan kolayca ta\u015f\u0131nabiliyor ve d\u00f6k\u00fclmelerden \u015fikayet edenlerin say\u0131s\u0131 azald\u0131. Tasar\u0131m o kadar s\u0131ra d\u0131\u015f\u0131yd\u0131 ki, sosyal medyada b\u00fcy\u00fck yank\u0131 uyand\u0131rd\u0131 ve 10.000&#039;den fazla mesaj payla\u015f\u0131ld\u0131. Bu zincirin b\u00fcy\u00fck ba\u015far\u0131s\u0131, kal\u0131c\u0131 men\u00fcs\u00fcne 500.000 \u015fi\u015fe daha eklenmesine ve mevsimlik promosyonlara yol a\u00e7t\u0131.<\/p>\n<h2>Cam Meyve Suyu \u015ei\u015feleri Ki\u015fiselle\u015ftirme<\/h2>\n<ul>\n<li>Bardak renkleri ve tonlar\u0131: \u0130\u00e7eceklerin temas\u0131na ba\u011fl\u0131 olarak \u015feffaf, ye\u015fil veya di\u011fer renklerde olabilir.<\/li>\n<li>Bireysel dokular ve desenler: Dokuyu de\u011fi\u015ftirin veya alternatif desenler ekleyin, \u00f6rne\u011fin \u00e7i\u00e7ekler veya geometrik desenler.<\/li>\n<li>Sap \u015feklindeki de\u011fi\u015fiklikler: Kakt\u00fcs k\u00fcre\u011finin sap\u0131n\u0131n \u015feklini daha yuvarlak, daha uzun veya ba\u015fka herhangi bir \u015fekilde de\u011fi\u015ftirebilirsiniz.<\/li>\n<li>Kapak ve pipet renk se\u00e7enekleri: Kapaklar ve pipetler bir\u00e7ok renkte mevcuttur (\u00f6rne\u011fin pembe, sar\u0131, g\u00fcm\u00fc\u015f).<\/li>\n<\/ul>","protected":false},"excerpt":{"rendered":"<p>E\u011flenceli kakt\u00fcs kulplu ve metal vidal\u0131 kapakl\u0131 \u015feffaf cam meyve suyu \u015fi\u015feleri. Kapakl\u0131 cam meyve suyu \u015fi\u015feleri, marka veya kapasite ihtiya\u00e7lar\u0131na g\u00f6re OEM arac\u0131l\u0131\u011f\u0131yla \u00f6zelle\u015ftirilebilir.<\/p>","protected":false},"featured_media":5457,"template":"","meta":{"postBodyCss":"","postBodyMargin":[],"postBodyPadding":[],"postBodyBackground":{"backgroundType":"classic","gradient":""}},"product_brand":[],"product_cat":[15,83,16],"product_tag":[95],"class_list":{"0":"post-5452","1":"product","2":"type-product","3":"status-publish","4":"has-post-thumbnail","6":"product_cat-glass-containers","7":"product_cat-glass-beverage-bottles","8":"product_cat-glass-bottles","9":"product_tag-coffee-tumblers","11":"first","12":"instock","13":"shipping-taxable","14":"product-type-simple"},"jetpack_sharing_enabled":true,"_links":{"self":[{"href":"https:\/\/minghanggroup.com\/tr\/wp-json\/wp\/v2\/product\/5452","targetHints":{"allow":["GET"]}}],"collection":[{"href":"https:\/\/minghanggroup.com\/tr\/wp-json\/wp\/v2\/product"}],"about":[{"href":"https:\/\/minghanggroup.com\/tr\/wp-json\/wp\/v2\/types\/product"}],"wp:featuredmedia":[{"embeddable":true,"href":"https:\/\/minghanggroup.com\/tr\/wp-json\/wp\/v2\/media\/5457"}],"wp:attachment":[{"href":"https:\/\/minghanggroup.com\/tr\/wp-json\/wp\/v2\/media?parent=5452"}],"wp:term":[{"taxonomy":"product_brand","embeddable":true,"href":"https:\/\/minghanggroup.com\/tr\/wp-json\/wp\/v2\/product_brand?post=5452"},{"taxonomy":"product_cat","embeddable":true,"href":"https:\/\/minghanggroup.com\/tr\/wp-json\/wp\/v2\/product_cat?post=5452"},{"taxonomy":"product_tag","embeddable":true,"href":"https:\/\/minghanggroup.com\/tr\/wp-json\/wp\/v2\/product_tag?post=5452"}],"curies":[{"name":"wp","href":"https:\/\/api.w.org\/{rel}","templated":true}]}}