{"id":5447,"date":"2026-02-02T16:48:08","date_gmt":"2026-02-02T08:48:08","guid":{"rendered":"https:\/\/minghanggroup.com\/?post_type=product&#038;p=5447"},"modified":"2026-02-02T17:00:51","modified_gmt":"2026-02-02T09:00:51","slug":"dark-glass-wine-bottles-and-corks-wholesale","status":"publish","type":"product","link":"https:\/\/minghanggroup.com\/tr\/urun\/dark-glass-wine-bottles-and-corks-wholesale\/","title":{"rendered":"750 ml Koyu Renk Cam \u015earap \u015ei\u015feleri ve Mantarlar\u0131 Toptan Sat\u0131\u015f\u0131"},"content":{"rendered":"<p>Ruhunuzla \u015farap \u00fcretiyorsunuz\u2014\u015fimdi de her damlas\u0131na sayg\u0131 duyan bir kapla onu ta\u00e7land\u0131r\u0131n. 750 ml&#039;lik \u015farap \u015fi\u015femiz, klasik Bordeaux \u015farap \u015fi\u015fesi zarafetini koyu zeytin ye\u015fili cam korumas\u0131yla birle\u015ftiriyor. Birinci s\u0131n\u0131f \u015farap \u015fi\u015feleri ve mantar se\u00e7enekleriyle birlikte, k\u0131rm\u0131z\u0131 \u015faraplar\u0131n\u0131z, claret&#039;leriniz veya ev yap\u0131m\u0131 \u015farap yolculu\u011funuz i\u00e7in haz\u0131r. Tahmin y\u00fcr\u00fctmeye gerek yok. Mahzenden rafa kadar sadece g\u00fcven.<\/p>\n<h2>\u00dcr\u00fcn \u00d6zellikleri<\/h2>\n<ul>\n<li><strong>Orijinal Bordeaux Miras\u0131:<\/strong> \u015ei\u015fenin o yumu\u015fak omuz k\u0131vr\u0131mlar\u0131 m\u0131? Geleneksel i\u015f\u00e7ili\u011fin bir g\u00f6stergesidir. \u015ei\u015fe, tipik \u015farap mantarlar\u0131na tam uyacak \u015fekilde yap\u0131lm\u0131\u015ft\u0131r ve b\u00f6ylece ilk kadehi tatmadan \u00f6nce bile &#034;\u00f6zenle yap\u0131lm\u0131\u015f \u015farap&#034; izlenimi verir.<\/li>\n<li><strong>Koyu Kahverengi Cam \u015ei\u015fe:<\/strong> Koyu kahverengi cam, UV \u0131\u015f\u0131nlar\u0131n\u0131 etkili bir \u015fekilde engellemesinin yan\u0131 s\u0131ra, \u00f6zellikle Burgonya veya zengin Bordeaux \u015faraplar\u0131nda, tanenlerin ya\u015flanma veya nakliye s\u0131ras\u0131nda oksijene hafif\u00e7e maruz kalmas\u0131 ve bu nedenle daha fazla korumaya ihtiya\u00e7 duymas\u0131 nedeniyle, \u015feffaf cama g\u00f6re \u00e7ok daha iyi bir koruma sa\u011flar.<\/li>\n<li><strong>Sa\u011flam Taban, Sallanma Yok:<\/strong> G\u00fc\u00e7lendirilmi\u015f taban, \u015fi\u015fenin raflar, \u015farap kasalar\u0131 veya hediye kutular\u0131 gibi \u00e7e\u015fitli y\u00fczeylerde sorunsuz bir \u015fekilde durabilmesi i\u00e7in tasarlanm\u0131\u015ft\u0131r. 750 ml&#039;lik \u015farap \u015fi\u015fenizin stabilitesi garantilidir ve en \u00e7ok ihtiya\u00e7 duyulan yerde dik durmaya devam edecektir.<\/li>\n<\/ul>\n<h2>Temel \u00d6zellikler<\/h2>\n<table style=\"border-collapse: collapse; width: 80%; margin-left: auto; margin-right: auto;\" border=\"0\" width=\"144\" cellspacing=\"0\" cellpadding=\"0\">\n<tbody>\n<tr style=\"height: 13.50pt;\">\n<td style=\"height: 13.5pt; width: 54pt; text-align: center;\" width=\"72\" height=\"18\">\u00d6zellik<\/td>\n<td style=\"width: 54pt; text-align: center;\" width=\"72\">Detay<\/td>\n<\/tr>\n<tr style=\"height: 13.50pt;\">\n<td style=\"height: 13.5pt; text-align: center;\" height=\"18\">Kapasite(ml)<\/td>\n<td style=\"text-align: center;\" align=\"right\">750<\/td>\n<\/tr>\n<tr style=\"height: 13.50pt;\">\n<td style=\"height: 13.5pt; text-align: center;\" height=\"18\">Boyutlar(cm)<\/td>\n<td style=\"text-align: center;\">8,5 \u00d7 31<\/td>\n<\/tr>\n<tr style=\"height: 13.50pt;\">\n<td style=\"height: 13.5pt; text-align: center;\" height=\"18\">Boyun A\u00e7\u0131kl\u0131\u011f\u0131 (cm)<\/td>\n<td style=\"text-align: center;\" align=\"right\">1.8<\/td>\n<\/tr>\n<tr style=\"height: 13.50pt;\">\n<td style=\"height: 13.5pt; text-align: center;\" height=\"18\">Renk<\/td>\n<td style=\"text-align: center;\">Derin B<span class=\"HwtZe\" lang=\"en\"><span class=\"jCAhz ChMk0b\"><span class=\"ryNqvb\">biz geliyoruz<\/span><\/span><\/span><\/td>\n<\/tr>\n<tr style=\"height: 13.50pt;\">\n<td style=\"height: 13.5pt; text-align: center;\" height=\"18\">Kapatma Se\u00e7enekleri<\/td>\n<td style=\"text-align: center;\">Do\u011fal \u015earap Mantarlar\u0131, Al\u00fcminyum Vidal\u0131 Kapak, Ah\u015fap \u00dcst K\u0131s\u0131m<\/td>\n<\/tr>\n<tr style=\"height: 13.50pt;\">\n<td style=\"height: 13.5pt; text-align: center;\" height=\"18\">En \u0130yisi \u0130\u00e7in<\/td>\n<td style=\"text-align: center;\">K\u0131rm\u0131z\u0131 \u015earaplar, K\u0131rm\u0131z\u0131 \u015earap (Claret), Ev Yap\u0131m\u0131 \u015earaplar, Lik\u00f6r \u015ei\u015feleri<\/td>\n<\/tr>\n<\/tbody>\n<\/table>\n<h2>Ba\u015far\u0131 \u00d6rne\u011fi<\/h2>\n<p>G\u00fcney Avrupa&#039;da k\u00fc\u00e7\u00fck bir \u015farap \u00fcreticisi, yeni orta s\u0131n\u0131f k\u0131rm\u0131z\u0131 \u015farap serisi i\u00e7in ana ambalaj olarak 750 ml&#039;lik koyu renkli cam \u015farap \u015fi\u015felerimizi se\u00e7ti. \u00dcr\u00fcn\u00fcn \u00e7ok y\u00fcksek kalitesini vurgulamak i\u00e7in, \u015fi\u015felerde kabartmal\u0131 bir tasar\u0131m ve alt\u0131n detaylar kullanarak benzersiz bir \u00fcr\u00fcn farkl\u0131la\u015ft\u0131rmas\u0131 yapmaya karar verdiler. \u015ei\u015fe a\u011fz\u0131, do\u011fal mantar t\u0131pa ile m\u00fckemmel bir \u015fekilde uyumlu hale getirildi, b\u00f6ylece s\u0131k\u0131 bir s\u0131zd\u0131rmazl\u0131k ve uzun s\u00fcreli g\u00fcvenli saklama sa\u011fland\u0131.<\/p>\n<p>Piyasaya s\u00fcr\u00fclmesinden sadece \u00fc\u00e7 ay sonra, bu \u015farab\u0131n yerel perakende sat\u0131\u015f noktalar\u0131ndaki sat\u0131\u015flar\u0131 bir \u00f6nceki y\u0131la g\u00f6re yakla\u015f\u0131k oran\u0131nda artm\u0131\u015ft\u0131 ve m\u00fc\u015fteriler ilk sat\u0131n al\u0131mlar\u0131ndan sonraki alt\u0131 ay i\u00e7inde iki kez daha ayn\u0131 \u015farab\u0131 sat\u0131n almay\u0131 ba\u015farm\u0131\u015flard\u0131.<\/p>\n<h2>Ki\u015fiselle\u015ftirme \u0130pu\u00e7lar\u0131n\u0131z<\/h2>\n<ol>\n<li><strong>\u015ei\u015fe Kapa\u011f\u0131 Se\u00e7enekleri:<\/strong> \u015ei\u015fe a\u011fz\u0131 ve mantar t\u0131pa, s\u0131z\u0131nt\u0131y\u0131 azaltmak ve daha uzun s\u00fcreli saklama stabilitesi sa\u011flamak i\u00e7in do\u011fal veya kompozit mantar ile uyumlu olacak \u015fekilde \u00fcretilebilir ve b\u00f6ylece s\u0131k\u0131ca kapat\u0131labilir.<\/li>\n<li><strong>Kabartma S\u00fcsleme:<\/strong> \u015ei\u015fe g\u00f6vdesinin belirli bir b\u00f6lgesine, \u015faraphanenin logosu, hasat y\u0131l\u0131 sembolleri veya dekoratif \u00e7izgiler gibi \u00f6rnekler verilerek, \u00f6zel kabartma veya oyma bask\u0131 yap\u0131labilir. Bu marka bask\u0131s\u0131 o kadar dikkat \u00e7ekicidir ki, ek bir etiket kullanman\u0131za bile gerek kalmaz; bu da onu \u00fcst d\u00fczey veya s\u0131n\u0131rl\u0131 say\u0131da \u00fcretilen \u00fcr\u00fcnler i\u00e7in m\u00fckemmel k\u0131lar.<\/li>\n<li><strong>Y\u00fczey \u0130\u015flemi:<\/strong> Y\u00fcksek parlakl\u0131k, matl\u0131k veya hafif buzlu y\u00fczey se\u00e7enekleri mevcuttur; bu da kullan\u0131c\u0131ya \u015fi\u015fe kal\u0131b\u0131n\u0131 de\u011fi\u015ftirmeden stilistik \u00e7e\u015fitlilik sa\u011flar, b\u00f6ylece m\u00fc\u015fteriler farkl\u0131 \u00fcr\u00fcn serilerini kolayca ay\u0131rt edebilirler.<\/li>\n<\/ol>","protected":false},"excerpt":{"rendered":"<p>Klasik 750 ml \u015farap \u015fi\u015fesi de dahil olmak \u00fczere birinci s\u0131n\u0131f \u015farap \u015fi\u015feleri ve mantarlar\u0131. Fabrikadan do\u011frudan tedarik, istikrarl\u0131 kalite, toplu sipari\u015f \u00f6zelle\u015ftirmesi ve h\u0131zl\u0131 teslimat deste\u011fi.<\/p>","protected":false},"featured_media":5451,"template":"","meta":{"postBodyCss":"","postBodyMargin":[],"postBodyPadding":[],"postBodyBackground":{"backgroundType":"classic","gradient":""}},"product_brand":[],"product_cat":[15,16,84],"product_tag":[],"class_list":{"0":"post-5447","1":"product","2":"type-product","3":"status-publish","4":"has-post-thumbnail","6":"product_cat-glass-containers","7":"product_cat-glass-bottles","8":"product_cat-wine-bottles","10":"first","11":"instock","12":"shipping-taxable","13":"product-type-simple"},"jetpack_sharing_enabled":true,"_links":{"self":[{"href":"https:\/\/minghanggroup.com\/tr\/wp-json\/wp\/v2\/product\/5447","targetHints":{"allow":["GET"]}}],"collection":[{"href":"https:\/\/minghanggroup.com\/tr\/wp-json\/wp\/v2\/product"}],"about":[{"href":"https:\/\/minghanggroup.com\/tr\/wp-json\/wp\/v2\/types\/product"}],"wp:featuredmedia":[{"embeddable":true,"href":"https:\/\/minghanggroup.com\/tr\/wp-json\/wp\/v2\/media\/5451"}],"wp:attachment":[{"href":"https:\/\/minghanggroup.com\/tr\/wp-json\/wp\/v2\/media?parent=5447"}],"wp:term":[{"taxonomy":"product_brand","embeddable":true,"href":"https:\/\/minghanggroup.com\/tr\/wp-json\/wp\/v2\/product_brand?post=5447"},{"taxonomy":"product_cat","embeddable":true,"href":"https:\/\/minghanggroup.com\/tr\/wp-json\/wp\/v2\/product_cat?post=5447"},{"taxonomy":"product_tag","embeddable":true,"href":"https:\/\/minghanggroup.com\/tr\/wp-json\/wp\/v2\/product_tag?post=5447"}],"curies":[{"name":"wp","href":"https:\/\/api.w.org\/{rel}","templated":true}]}}