{"id":5437,"date":"2026-02-02T11:03:54","date_gmt":"2026-02-02T03:03:54","guid":{"rendered":"https:\/\/minghanggroup.com\/?post_type=product&#038;p=5437"},"modified":"2026-04-27T14:51:36","modified_gmt":"2026-04-27T06:51:36","slug":"amber-glass-empty-wine-bottles-for-packaging-bulk","status":"publish","type":"product","link":"https:\/\/minghanggroup.com\/tr\/urun\/amber-glass-empty-wine-bottles-for-packaging-bulk\/","title":{"rendered":"750 ml Amber Renkli Cam Bo\u015f \u015earap \u015ei\u015feleri (Toplu Ambalaj \u0130\u00e7in)"},"content":{"rendered":"<p>Bo\u015f \u015farap \u015fi\u015feleri, \u015farab\u0131 ultraviyole \u0131\u015f\u0131nlar\u0131ndan korumak i\u00e7in koyu zeytin ye\u015fili camdan yap\u0131lm\u0131\u015f geleneksel Bordeaux tasar\u0131m\u0131n\u0131 sergiliyor. \u015earap saklama sistemi, ince d\u00fcz g\u00f6vdesi, dar boynu ve derin i\u00e7b\u00fckey taban\u0131yla etkili bir \u015fekilde \u00e7al\u0131\u015f\u0131yor.<\/p>\n<h2>\u00dcr\u00fcn \u00d6zellikleri<\/h2>\n<ul>\n<li><strong>Geleneksel Bordeaux Tasar\u0131m\u0131:<\/strong> Kendine \u00f6zg\u00fc y\u00fcksek omuzlu Bordeaux \u015fi\u015fe \u015fekli, an\u0131nda tan\u0131nabilir ve kalite ve gelenekle e\u015f anlaml\u0131d\u0131r.<\/li>\n<li><strong>Do\u011fal UV Korumas\u0131:<\/strong> Koyu ye\u015fil cam \u015fi\u015fe, \u015farab\u0131 &#034;\u0131\u015f\u0131k hasar\u0131ndan&#034; korur ve incelikli aromalar\u0131n\u0131 muhafaza eder.<\/li>\n<li><strong>Yap\u0131sal Mukavemet:<\/strong> Kal\u0131n duvarlar\u0131, y\u00fcksek omuzlar\u0131 ve derin i\u00e7b\u00fckey taban\u0131, dayan\u0131kl\u0131l\u0131\u011f\u0131 b\u00fcy\u00fck \u00f6l\u00e7\u00fcde art\u0131rarak \u015farab\u0131n yolculu\u011fu ve mahzende saklanmas\u0131 s\u0131ras\u0131nda etkili bir koruma sa\u011flar.<\/li>\n<\/ul>\n<h2>Temel \u00d6zellikler<\/h2>\n<table style=\"border-collapse: collapse; width: 80%; margin-left: auto; margin-right: auto;\" border=\"0\" width=\"144\" cellspacing=\"0\" cellpadding=\"0\">\n<tbody>\n<tr style=\"height: 13.50pt;\">\n<td style=\"height: 13.5pt; width: 54pt; text-align: center;\" width=\"72\" height=\"18\">\u00d6zellik<\/td>\n<td style=\"width: 54pt; text-align: center;\" width=\"72\">Detay<\/td>\n<\/tr>\n<tr style=\"height: 13.50pt;\">\n<td style=\"height: 13.5pt; text-align: center;\" height=\"18\">Kapasite(ml)<\/td>\n<td style=\"text-align: center;\" align=\"right\">750<\/td>\n<\/tr>\n<tr style=\"height: 13.50pt;\">\n<td style=\"height: 13.5pt; text-align: center;\" height=\"18\">Boyutlar(cm)<\/td>\n<td style=\"text-align: center;\">7,9 \u00d7 29,8<\/td>\n<\/tr>\n<tr style=\"height: 13.50pt;\">\n<td style=\"height: 13.5pt; text-align: center;\" height=\"18\">Boyun A\u00e7\u0131kl\u0131\u011f\u0131 (cm)<\/td>\n<td style=\"text-align: center;\">1.8<\/td>\n<\/tr>\n<tr style=\"height: 13.50pt;\">\n<td style=\"height: 13.5pt; text-align: center;\" height=\"18\">Renkler<\/td>\n<td style=\"text-align: center;\">Amber, Ye\u015fil Bordeaux, \u015eeffaf Flint, \u015eampanya Ye\u015fili<\/td>\n<\/tr>\n<tr style=\"height: 13.50pt;\">\n<td style=\"height: 13.5pt; text-align: center;\" height=\"18\">Kapan\u0131\u015flar<\/td>\n<td style=\"text-align: center;\">Do\u011fal Mantar, Al\u00fcminyum Vidal\u0131 Kapak<\/td>\n<\/tr>\n<tr style=\"height: 13.50pt;\">\n<td style=\"height: 13.5pt; text-align: center;\" height=\"18\">En \u0130yisi \u0130\u00e7in<\/td>\n<td style=\"text-align: center;\">K\u0131rm\u0131z\u0131 \u015earaplar, Claret, Ev Yap\u0131m\u0131 \u015earaplar, Hediye Setleri<\/td>\n<\/tr>\n<\/tbody>\n<\/table>\n<h2>Ba\u015far\u0131 \u00d6yk\u00fcs\u00fc: Kaliforniya&#039;daki Butik Bir \u015earaphaneden \u00d6zel Sipari\u015fler<\/h2>\n<p>Kaliforniyal\u0131 gen\u00e7 bir Pinot Noir \u00fcreticisi, daha derin tabanl\u0131 ve serigrafi bask\u0131l\u0131 omuzlu \u015fi\u015feler \u00fcretmek i\u00e7in Bottle for Wine \u015firketini se\u00e7ti. \u00d6zel bo\u015f \u015fi\u015feler, marka kimliklerinin bir par\u00e7as\u0131 haline geldi; daha koyu renkli cam, \u0131\u015f\u0131k hasar\u0131n\u0131 ( oran\u0131nda) \u00f6nlemeye yard\u0131mc\u0131 oldu ve geleneksel \u015fi\u015fe \u015fekli, \u015faraplar\u0131n\u0131n daha de\u011ferli g\u00f6r\u00fcnmesini sa\u011flayarak ortalama fiyatlar\u0131n\u0131 art\u0131rd\u0131. Pinot Noir ile b\u00fcy\u00fck ba\u015far\u0131 elde ettikten sonra, yeni hasat \u015faraplar\u0131 i\u00e7in 300.000 \u015fi\u015felik ba\u015fka bir sipari\u015f daha verdiler.<\/p>\n<h2>\u00d6zel Bo\u015f \u015earap \u015ei\u015fesi \u00d6nerileri<\/h2>\n<ul>\n<li>\u00d6zel Kabartma: Barda\u011f\u0131n omuz veya alt k\u0131sm\u0131na logo, vintage veya dekoratif tasar\u0131mlarla kabartma yaparak &#034;l\u00fcks&#034; bir dokunsal marka yarat\u0131n.<\/li>\n<li>Taban Derinli\u011fi ve Tasar\u0131m\u0131: Markala\u015fma \u00f6zelli\u011fi olarak farkl\u0131 taban boyutlar\u0131 (standart, derinle\u015ftirilmi\u015f) veya di\u011fer taban \u015fekilleri (y\u0131ld\u0131z, hanedan armas\u0131) sunun.<\/li>\n<li>\u00d6zel Boyun \u0130\u015flemesi: Standart mantar t\u0131pa boyun i\u015flemlerinin d\u0131\u015f\u0131nda, vidal\u0131 kapaklar i\u00e7in di\u015f a\u00e7ma veya T-mantar t\u0131palar i\u00e7in \u00f6zel boyutlar gibi farkl\u0131 boyun i\u015flemleri sunuyoruz.<\/li>\n<\/ul>","protected":false},"excerpt":{"rendered":"<p>Klasik sil\u00fcete ve kal\u0131n tabana sahip y\u00fcksek kaliteli bo\u015f \u015farap \u015fi\u015feleri. Fabrikadan do\u011frudan tedarik, \u00fccretsiz numuneler, \u015farap markalar\u0131 i\u00e7in g\u00fcvenilir \u015fi\u015fe.<\/p>","protected":false},"featured_media":5441,"template":"","meta":{"postBodyCss":"","postBodyMargin":[],"postBodyPadding":[],"postBodyBackground":{"backgroundType":"classic","gradient":""}},"product_brand":[],"product_cat":[15,16,84],"product_tag":[],"class_list":{"0":"post-5437","1":"product","2":"type-product","3":"status-publish","4":"has-post-thumbnail","6":"product_cat-glass-containers","7":"product_cat-glass-bottles","8":"product_cat-wine-bottles","10":"first","11":"instock","12":"shipping-taxable","13":"product-type-simple"},"jetpack_sharing_enabled":true,"_links":{"self":[{"href":"https:\/\/minghanggroup.com\/tr\/wp-json\/wp\/v2\/product\/5437","targetHints":{"allow":["GET"]}}],"collection":[{"href":"https:\/\/minghanggroup.com\/tr\/wp-json\/wp\/v2\/product"}],"about":[{"href":"https:\/\/minghanggroup.com\/tr\/wp-json\/wp\/v2\/types\/product"}],"wp:featuredmedia":[{"embeddable":true,"href":"https:\/\/minghanggroup.com\/tr\/wp-json\/wp\/v2\/media\/5441"}],"wp:attachment":[{"href":"https:\/\/minghanggroup.com\/tr\/wp-json\/wp\/v2\/media?parent=5437"}],"wp:term":[{"taxonomy":"product_brand","embeddable":true,"href":"https:\/\/minghanggroup.com\/tr\/wp-json\/wp\/v2\/product_brand?post=5437"},{"taxonomy":"product_cat","embeddable":true,"href":"https:\/\/minghanggroup.com\/tr\/wp-json\/wp\/v2\/product_cat?post=5437"},{"taxonomy":"product_tag","embeddable":true,"href":"https:\/\/minghanggroup.com\/tr\/wp-json\/wp\/v2\/product_tag?post=5437"}],"curies":[{"name":"wp","href":"https:\/\/api.w.org\/{rel}","templated":true}]}}