{"id":5422,"date":"2026-01-29T14:56:19","date_gmt":"2026-01-29T06:56:19","guid":{"rendered":"https:\/\/minghanggroup.com\/?post_type=product&#038;p=5422"},"modified":"2026-01-29T15:13:08","modified_gmt":"2026-01-29T07:13:08","slug":"small-star-shaped-luxury-candle-vessels-wholesale","status":"publish","type":"product","link":"https:\/\/minghanggroup.com\/tr\/urun\/small-star-shaped-luxury-candle-vessels-wholesale\/","title":{"rendered":"80 ml K\u00fc\u00e7\u00fck Y\u0131ld\u0131z \u015eeklinde L\u00fcks Mum Kaplar\u0131 Toptan Sat\u0131\u015f"},"content":{"rendered":"<p>Bu l\u00fcks mumluklar, k\u00f6\u015feli kenarlar\u0131 ve son derece net \u015fekliyle be\u015f k\u00f6\u015feli y\u0131ld\u0131z\u0131n \u00fc\u00e7 boyutlu bir formunu da temsil eder. T\u00fcm y\u00fczey, \u0131\u015f\u0131kta par\u0131ldayan ince bir dikey dokuyla i\u015flenmi\u015ftir.<\/p>\n<h2>\u00dcr\u00fcn \u00d6zellikleri<\/h2>\n<ul>\n<li><strong>\u00dc\u00e7 boyutlu be\u015f k\u00f6\u015feli y\u0131ld\u0131z tasar\u0131m\u0131:<\/strong> Keskin hatlara sahip y\u0131ld\u0131z \u015fekli olduk\u00e7a ak\u0131lda kal\u0131c\u0131d\u0131r ve \u015fenlikli bir etkinlik veya temal\u0131 etkinlik i\u00e7in dekoratif bir unsur olarak kullan\u0131l\u0131r.<\/li>\n<li><strong>Hassas Dikey Doku:<\/strong> Y\u00fczeydeki g\u00fczel doku, muhte\u015fem \u0131\u015f\u0131k ve g\u00f6lge efektlerini ortaya \u00e7\u0131kar\u0131yor ve y\u00fczeye \u0131\u015f\u0131lt\u0131l\u0131 bir parlakl\u0131k vererek l\u00fcks bir g\u00f6r\u00fcn\u00fcm kazand\u0131r\u0131yor.<\/li>\n<li><strong>\u00c7ok Fonksiyonlu Dekoratif Etki:<\/strong> \u00d6zel y\u0131ld\u0131z \u015fekli, \u015fenlikli, ne\u015feli ve sade l\u00fcks dekorasyonlar\u0131n her t\u00fcr\u00fcnde kullan\u0131labilir.<\/li>\n<\/ul>\n<h2 style=\"text-align: left;\">Temel \u00d6zellikler<\/h2>\n<table class=\"aligncenter\" style=\"border-collapse: collapse; width: 432.77pt;\" border=\"0\" width=\"577\" cellspacing=\"0\" cellpadding=\"0\">\n<tbody>\n<tr style=\"height: 13.50pt;\">\n<td style=\"height: 13.50pt; width: 120.75pt;\" width=\"161\" height=\"18\">\u015eartname<\/td>\n<td style=\"width: 312.00pt;\" width=\"416\">Detaylar<\/td>\n<\/tr>\n<tr style=\"height: 13.50pt;\">\n<td style=\"height: 13.50pt;\" height=\"18\">Kapasite<\/td>\n<td>80 ml<\/td>\n<\/tr>\n<tr style=\"height: 13.50pt;\">\n<td style=\"height: 13.50pt;\" height=\"18\">Boyutlar<\/td>\n<td>85\u00d780\u00d740mm<\/td>\n<\/tr>\n<tr style=\"height: 13.50pt;\">\n<td style=\"height: 13.50pt;\" height=\"18\">Malzeme<\/td>\n<td>\u015eeffaf Cam<\/td>\n<\/tr>\n<tr style=\"height: 13.50pt;\">\n<td style=\"height: 13.50pt;\" height=\"18\">Kavanoz \u015eekli<\/td>\n<td>3D Be\u015f K\u00f6\u015feli Y\u0131ld\u0131z<\/td>\n<\/tr>\n<tr style=\"height: 13.50pt;\">\n<td style=\"height: 13.50pt;\" height=\"18\">\u00d6zelle\u015ftirme Kapsam\u0131<\/td>\n<td>Renk, \u015eekil, Boyut, Y\u00fczey \u0130\u015flemi<\/td>\n<\/tr>\n<tr style=\"height: 13.50pt;\">\n<td style=\"height: 13.50pt;\" height=\"18\">\u0130\u015f\u00e7ilik<\/td>\n<td>Karma\u015f\u0131k 3D \u015eekiller i\u00e7in Hassas Preslenmi\u015f Cam Kal\u0131plama<\/td>\n<\/tr>\n<tr style=\"height: 13.50pt;\">\n<td style=\"height: 13.50pt;\" height=\"18\">\u00dcr\u00fcn Amac\u0131<\/td>\n<td>Mumlar i\u00e7in Toplu Kavanozlar, Premium Ev Aksesuarlar\u0131<\/td>\n<\/tr>\n<tr style=\"height: 13.50pt;\">\n<td style=\"height: 13.50pt;\" height=\"18\">Uygun Sekt\u00f6rler<\/td>\n<td>L\u00fcks Mum Markalar\u0131, \u00dcst D\u00fczey Dekorasyon<\/td>\n<\/tr>\n<\/tbody>\n<\/table>\n<h2>Ba\u015far\u0131 \u00d6yk\u00fcs\u00fc: L\u00fcks Otel Grubunda Tatil Koleksiyonu<\/h2>\n<p>Avrupa&#039;daki uluslararas\u0131 otel gruplar\u0131ndan biri, konuk odalar\u0131nda ve lobide kullan\u0131lmak \u00fczere y\u0131ld\u0131z \u015feklinde l\u00fcks mumluklar\u0131m\u0131z\u0131 sipari\u015f etti. \u0130lk olarak 25.000 adet sipari\u015f verildi ve mumluklar\u0131n k\u00f6\u015felerine \u00f6zel 24 ayar alt\u0131n kaplama yap\u0131ld\u0131. Bu mumluklar\u0131n \u00f6zg\u00fcnl\u00fc\u011f\u00fc, otel tasar\u0131m\u0131n\u0131n merkezinde yer ald\u0131 ve konuklar\u0131n 15.000&#039;den fazla sosyal medya payla\u015f\u0131m\u0131nda g\u00f6r\u00fclebilir. Bu g\u00fczel mumluklar, otel spa hediye setlerinin sat\u0131\u015flar\u0131n\u0131n ikiye katlanmas\u0131na yol a\u00e7t\u0131. Bu grup \u00e7ok memnun kald\u0131 ve daha sonra be\u015f y\u0131ll\u0131k tedarik i\u00e7in 500.000 adet daha mumluk sipari\u015fi verdi ve perakende sat\u0131\u015f serisi planland\u0131.<\/p>\n<h2>Mumlar i\u00e7in Toplu Kavanozlar \u00d6zelle\u015ftirilebilir<\/h2>\n<ul>\n<li>G\u00f6kku\u015fa\u011f\u0131 veya Aurora Kaplama: Cam \u00fczerine boyanan bu film, renk de\u011fi\u015ftirerek sihirli bir g\u00f6kku\u015fa\u011f\u0131 efekti yarat\u0131r.<\/li>\n<li>Alt\u0131n Kaplama \/ Buzlanma: Y\u0131ld\u0131z\u0131n sadece u\u00e7 k\u0131s\u0131mlar\u0131, y\u0131ld\u0131z \u0131\u015f\u0131\u011f\u0131 efekti vermek i\u00e7in alt\u0131n veya buzlanma ile kaplanm\u0131\u015ft\u0131r.<\/li>\n<li>Kabartmal\u0131 Tak\u0131my\u0131ld\u0131z Deseni: Y\u0131ld\u0131z\u0131n bir taraf\u0131na k\u00fc\u00e7\u00fck, kabartmal\u0131 tak\u0131my\u0131ld\u0131z desenleri i\u015flenmi\u015ftir.<\/li>\n<\/ul>","protected":false},"excerpt":{"rendered":"<p>Zarif dikey \u00e7izgili dokuya sahip y\u0131ld\u0131z \u015feklinde mumluk kavanozlar\u0131. L\u00fcks mumluklar, boyut, ambalaj ve \u00f6zel etiketler i\u00e7in OEM \u00f6zelle\u015ftirmesini destekler.<\/p>","protected":false},"featured_media":5423,"template":"","meta":{"postBodyCss":"","postBodyMargin":[],"postBodyPadding":[],"postBodyBackground":{"backgroundType":"classic","gradient":""}},"product_brand":[],"product_cat":[15,82,17],"product_tag":[],"class_list":{"0":"post-5422","1":"product","2":"type-product","3":"status-publish","4":"has-post-thumbnail","6":"product_cat-glass-containers","7":"product_cat-candle-jars","8":"product_cat-glass-jars","10":"first","11":"instock","12":"shipping-taxable","13":"product-type-simple"},"jetpack_sharing_enabled":true,"_links":{"self":[{"href":"https:\/\/minghanggroup.com\/tr\/wp-json\/wp\/v2\/product\/5422","targetHints":{"allow":["GET"]}}],"collection":[{"href":"https:\/\/minghanggroup.com\/tr\/wp-json\/wp\/v2\/product"}],"about":[{"href":"https:\/\/minghanggroup.com\/tr\/wp-json\/wp\/v2\/types\/product"}],"wp:featuredmedia":[{"embeddable":true,"href":"https:\/\/minghanggroup.com\/tr\/wp-json\/wp\/v2\/media\/5423"}],"wp:attachment":[{"href":"https:\/\/minghanggroup.com\/tr\/wp-json\/wp\/v2\/media?parent=5422"}],"wp:term":[{"taxonomy":"product_brand","embeddable":true,"href":"https:\/\/minghanggroup.com\/tr\/wp-json\/wp\/v2\/product_brand?post=5422"},{"taxonomy":"product_cat","embeddable":true,"href":"https:\/\/minghanggroup.com\/tr\/wp-json\/wp\/v2\/product_cat?post=5422"},{"taxonomy":"product_tag","embeddable":true,"href":"https:\/\/minghanggroup.com\/tr\/wp-json\/wp\/v2\/product_tag?post=5422"}],"curies":[{"name":"wp","href":"https:\/\/api.w.org\/{rel}","templated":true}]}}