{"id":5411,"date":"2026-01-29T13:10:17","date_gmt":"2026-01-29T05:10:17","guid":{"rendered":"https:\/\/minghanggroup.com\/?post_type=product&#038;p=5411"},"modified":"2026-03-02T13:57:46","modified_gmt":"2026-03-02T05:57:46","slug":"glass-candle-vessels-for-tealights-wholesale","status":"publish","type":"product","link":"https:\/\/minghanggroup.com\/tr\/urun\/glass-candle-vessels-for-tealights-wholesale\/","title":{"rendered":"50 ml, 210 ml, 220 ml Cam Mum Kaplar\u0131 (\u00c7ay Mumu \u0130\u00e7in) Toptan Sat\u0131\u015f"},"content":{"rendered":"<p>Silindirik \u015fekilli, al\u00e7ak ve geni\u015f, yuvarlak kenarl\u0131 ve sa\u011flam tabanl\u0131, p\u00fcr\u00fczs\u00fcz cam mumluk, k\u00fc\u00e7\u00fck mumlar veya \u00e7ay mumlar\u0131 i\u00e7in geni\u015f ve uygun bir alan sunar.<\/p>\n<h2>\u00dcr\u00fcn \u00d6zellikleri<\/h2>\n<ul>\n<li><strong>Temel:<\/strong> Taban, m\u00fckemmel denge ve y\u00fcksek kalite hissi sunmak i\u00e7in benzersiz ve g\u00fc\u00e7lendirilmi\u015f bir yap\u0131ya sahiptir.<\/li>\n<li><strong>Al\u00e7ak ve Geni\u015f Silindirik \u015eekil:<\/strong> Al\u00e7ak ve geni\u015f silindirik \u015fekli, y\u00fcksek d\u00fczeyde denge sa\u011flaman\u0131n yan\u0131 s\u0131ra yerden tasarruf sa\u011flar ve \u00e7ok miktarda balmumu tutma kapasitesine sahiptir.<\/li>\n<li><strong>\u00dc\u00e7 Kullan\u0131\u015fl\u0131 Boyut:<\/strong> K\u00fc\u00e7\u00fck \u00e7ay mumlar\u0131ndan\/hediyeliklerden b\u00fcy\u00fck oturma odas\u0131 mumlar\u0131na kadar bir\u00e7ok farkl\u0131 ihtiyaca uygun boyutlar.<\/li>\n<\/ul>\n<h2 style=\"text-align: left;\">Temel \u00d6zellikler<\/h2>\n<table class=\"aligncenter\" style=\"border-collapse: collapse; width: 419.27pt;\" border=\"0\" width=\"559\" cellspacing=\"0\" cellpadding=\"0\">\n<tbody>\n<tr style=\"height: 13.50pt;\">\n<td style=\"height: 13.50pt; width: 120.75pt;\" width=\"161\" height=\"18\">\u015eartname<\/td>\n<td style=\"width: 298.50pt;\" width=\"398\">Detaylar<\/td>\n<\/tr>\n<tr style=\"height: 13.50pt;\">\n<td style=\"height: 13.50pt;\" height=\"18\">Kapasite<\/td>\n<td>50 ml \/ 210 ml \/ 220 ml<\/td>\n<\/tr>\n<tr style=\"height: 13.50pt;\">\n<td style=\"height: 13.50pt;\" height=\"18\">Boyutlar<\/td>\n<td>54\u00d750\u00d752 mm \/ 73\u00d767\u00d780 mm \/ 70\u00d765\u00d780 mm<\/td>\n<\/tr>\n<tr style=\"height: 13.50pt;\">\n<td style=\"height: 13.50pt;\" height=\"18\">Malzeme<\/td>\n<td>\u015eeffaf Cam<\/td>\n<\/tr>\n<tr style=\"height: 13.50pt;\">\n<td style=\"height: 13.50pt;\" height=\"18\">Kavanoz \u015eekli<\/td>\n<td>K\u0131sa, Geni\u015f Silindir<\/td>\n<\/tr>\n<tr style=\"height: 13.50pt;\">\n<td style=\"height: 13.50pt;\" height=\"18\">\u00d6zelle\u015ftirme Kapsam\u0131<\/td>\n<td>Renk, Boyut, Kapaklar, Uzun<\/td>\n<\/tr>\n<tr style=\"height: 13.50pt;\">\n<td style=\"height: 13.50pt;\" height=\"18\">\u0130\u015f\u00e7ilik<\/td>\n<td>Hassas Cam \u015eekillendirme<\/td>\n<\/tr>\n<tr style=\"height: 13.50pt;\">\n<td style=\"height: 13.50pt;\" height=\"18\">\u00dcr\u00fcn Amac\u0131<\/td>\n<td>Dayan\u0131kl\u0131 Kapl\u0131 Mumlar, Toptan Mum Kaplar\u0131<\/td>\n<\/tr>\n<tr style=\"height: 13.50pt;\">\n<td style=\"height: 13.50pt;\" height=\"18\">Uygun Sekt\u00f6rler<\/td>\n<td>Mum \u00dcreticileri, B\u00fcy\u00fck Perakendeciler<\/td>\n<\/tr>\n<\/tbody>\n<\/table>\n<h2>Ba\u015far\u0131 Hikayesi<\/h2>\n<p>Rusya&#039;daki ev e\u015fyalar\u0131 satan ma\u011fazalardan biri, 220 ml&#039;lik kal\u0131n tabanl\u0131 mum kab\u0131m\u0131z\u0131 sipari\u015f etti ve \u00fczerine dumanl\u0131 gri bir kaplama ve retro tarzda serigrafi bask\u0131l\u0131 bir etiket yapt\u0131rd\u0131. Bunun en b\u00fcy\u00fck nedeni, olumlu yorumlar\u0131n &#039;\u0131nda belirtilen, mum kab\u0131n\u0131n m\u00fckemmel stabilitesiydi. 220 ml&#039;lik kapasite, maksimum 80 saat yanma s\u00fcresi sunarak y\u00fcksek yeniden sat\u0131n alma oran\u0131na katk\u0131da bulunuyor. Bu perakendeci son derece memnun kald\u0131 ve \u00fclke genelindeki tan\u0131t\u0131m kampanyas\u0131n\u0131 y\u00fcr\u00fctmek i\u00e7in 800.000 adet daha sipari\u015f verdi.<\/p>\n<h2>Toptan Mum Kaplar\u0131n\u0131n \u00d6zelle\u015ftirilmesi<\/h2>\n<ul>\n<li>Opak veya renkli cam: Saf beyaz\/siyah opak camdan veya kehribar ve f\u00fcme gri gibi \u015feffaf renklerden yap\u0131labilir.<\/li>\n<li>Tam kapsaml\u0131 serigrafi bask\u0131: D\u00fcz kenarlar kullan\u0131larak desenlerin veya tasar\u0131mlar\u0131n 360 derece her y\u00f6nden bas\u0131lmas\u0131.<\/li>\n<li>Kaymaz halkalar: En y\u00fcksek kaymazl\u0131k i\u015flevini sa\u011flamak i\u00e7in alt tasar\u0131ma eritilmi\u015f silikon veya kau\u00e7uk halkalar eklenmi\u015ftir.<\/li>\n<\/ul>","protected":false},"excerpt":{"rendered":"<p>P\u00fcr\u00fczs\u00fcz camdan ve kal\u0131n tabanl\u0131 k\u0131sa, \u015feffaf mumluklar. Aromaterapi ve masa dekorasyonu i\u00e7in toptan mumluk \u00fcretimi. H\u0131zl\u0131 kargo.<\/p>","protected":false},"featured_media":5416,"template":"","meta":{"postBodyCss":"","postBodyMargin":[],"postBodyPadding":[],"postBodyBackground":{"backgroundType":"classic","gradient":""}},"product_brand":[],"product_cat":[15,82,17],"product_tag":[97,96],"class_list":{"0":"post-5411","1":"product","2":"type-product","3":"status-publish","4":"has-post-thumbnail","6":"product_cat-glass-containers","7":"product_cat-candle-jars","8":"product_cat-glass-jars","9":"product_tag-rocks-glass","10":"product_tag-whiskey-tumblers","12":"first","13":"instock","14":"shipping-taxable","15":"product-type-simple"},"jetpack_sharing_enabled":true,"_links":{"self":[{"href":"https:\/\/minghanggroup.com\/tr\/wp-json\/wp\/v2\/product\/5411","targetHints":{"allow":["GET"]}}],"collection":[{"href":"https:\/\/minghanggroup.com\/tr\/wp-json\/wp\/v2\/product"}],"about":[{"href":"https:\/\/minghanggroup.com\/tr\/wp-json\/wp\/v2\/types\/product"}],"wp:featuredmedia":[{"embeddable":true,"href":"https:\/\/minghanggroup.com\/tr\/wp-json\/wp\/v2\/media\/5416"}],"wp:attachment":[{"href":"https:\/\/minghanggroup.com\/tr\/wp-json\/wp\/v2\/media?parent=5411"}],"wp:term":[{"taxonomy":"product_brand","embeddable":true,"href":"https:\/\/minghanggroup.com\/tr\/wp-json\/wp\/v2\/product_brand?post=5411"},{"taxonomy":"product_cat","embeddable":true,"href":"https:\/\/minghanggroup.com\/tr\/wp-json\/wp\/v2\/product_cat?post=5411"},{"taxonomy":"product_tag","embeddable":true,"href":"https:\/\/minghanggroup.com\/tr\/wp-json\/wp\/v2\/product_tag?post=5411"}],"curies":[{"name":"wp","href":"https:\/\/api.w.org\/{rel}","templated":true}]}}