{"id":5401,"date":"2026-01-29T11:02:19","date_gmt":"2026-01-29T03:02:19","guid":{"rendered":"https:\/\/minghanggroup.com\/?post_type=product&#038;p=5401"},"modified":"2026-03-02T13:55:41","modified_gmt":"2026-03-02T05:55:41","slug":"glass-large-candle-vessels-with-thick-base-wholesale","status":"publish","type":"product","link":"https:\/\/minghanggroup.com\/tr\/urun\/glass-large-candle-vessels-with-thick-base-wholesale\/","title":{"rendered":"200 ml \u2013 620 ml Kal\u0131n Tabanl\u0131 B\u00fcy\u00fck Boy Cam Mum Kaplar\u0131 Toptan Sat\u0131\u015f"},"content":{"rendered":"<p>Bu b\u00fcy\u00fck mumluklar, denge ve dayan\u0131kl\u0131l\u0131k sa\u011flamak i\u00e7in yuvarlak hatl\u0131 silindirik bir g\u00f6vdeye ve kal\u0131n bir tabana sahiptir. Alt\u0131 farkl\u0131 boyutta mevcuttur.<\/p>\n<h2>\u00dcr\u00fcn \u00d6zellikleri<\/h2>\n<ul>\n<li><strong>Zarif ve Yumu\u015fak Silindirik Tasar\u0131m:<\/strong> \u0130\u00e7 kavis yumu\u015fak ve zariftir ve geleneksel silindirik forma belirli bir zarafet ve incelik unsuru katar.<\/li>\n<li><strong>6 Farkl\u0131 Boyut Se\u00e7ene\u011fi:<\/strong> \u00c7e\u015fitli boyut se\u00e7enekleri sayesinde, k\u00fc\u00e7\u00fck ve zarif bir boyutta veya g\u00f6z al\u0131c\u0131 bir boyutta m\u00fckemmel mumu bulmak m\u00fcmk\u00fcn.<\/li>\n<li><strong>Sa\u011flam ve Dengeli Yuvarlak Taban:<\/strong> Mumluk taban\u0131n\u0131n yuvarlak ve kal\u0131n tasar\u0131m\u0131, her boyuttaki mum i\u00e7in m\u00fckemmel denge sa\u011flar ve devrilmeyi \u00f6nler.<\/li>\n<\/ul>\n<h2 style=\"text-align: left;\">Temel \u00d6zellikler<\/h2>\n<table class=\"aligncenter\" style=\"border-collapse: collapse; width: 659.27pt;\" border=\"0\" width=\"879\" cellspacing=\"0\" cellpadding=\"0\">\n<tbody>\n<tr style=\"height: 13.50pt;\">\n<td style=\"height: 13.50pt; width: 120.75pt;\" width=\"161\" height=\"18\">\u015eartname<\/td>\n<td style=\"width: 538.50pt;\" width=\"718\">Detaylar<\/td>\n<\/tr>\n<tr style=\"height: 13.50pt;\">\n<td style=\"height: 13.50pt;\" height=\"18\">Kapasite<\/td>\n<td>200 ml \/ 245 ml \/ 295 ml \/ 390 ml \/ 500 ml \/ 620 ml<\/td>\n<\/tr>\n<tr style=\"height: 13.50pt;\">\n<td style=\"height: 13.50pt;\" height=\"18\">Boyutlar<\/td>\n<td>71\u00d747\u00d782 mm \/ 75\u00d775\u00d785 mm \/ 80\u00d775\u00d790 mm \/ 88\u00d783\u00d7100 mm \/ 100\u00d795\u00d7100 mm \/ 100\u00d792\u00d7125 mm<\/td>\n<\/tr>\n<tr style=\"height: 13.50pt;\">\n<td style=\"height: 13.50pt;\" height=\"18\">Malzeme<\/td>\n<td>\u015eeffaf Cam<\/td>\n<\/tr>\n<tr style=\"height: 13.50pt;\">\n<td style=\"height: 13.50pt;\" height=\"18\">Kavanoz \u015eekli<\/td>\n<td>D\u00fcz Silindir<\/td>\n<\/tr>\n<tr style=\"height: 13.50pt;\">\n<td style=\"height: 13.50pt;\" height=\"18\">\u00d6zelle\u015ftirme Kapsam\u0131<\/td>\n<td>Renk, Y\u00fczey, Boyut, \u015eekil<\/td>\n<\/tr>\n<tr style=\"height: 13.50pt;\">\n<td style=\"height: 13.50pt;\" height=\"18\">\u0130\u015f\u00e7ilik<\/td>\n<td>Hassas Cam \u015eekillendirme<\/td>\n<\/tr>\n<tr style=\"height: 13.50pt;\">\n<td style=\"height: 13.50pt;\" height=\"18\">\u00dcr\u00fcn Amac\u0131<\/td>\n<td>Mumlar ve Kokulu Mumlar \u0130\u00e7in Toptan Cam Kavanozlar<\/td>\n<\/tr>\n<tr style=\"height: 13.50pt;\">\n<td style=\"height: 13.50pt;\" height=\"18\">Uygun Sekt\u00f6rler<\/td>\n<td>Mum \u00dcreticileri, Ev Dekorasyon Malzemeleri Tedarik\u00e7ileri<\/td>\n<\/tr>\n<\/tbody>\n<\/table>\n<h2>Ba\u015far\u0131 Hikayesi<\/h2>\n<p>Orta Bat\u0131&#039;da faaliyet g\u00f6steren b\u00fcy\u00fck bir mum \u00fcreticisi, \u00f6zel hafif buzlu bir y\u00fczeye sahip b\u00fcy\u00fck boy mum kavanozlar\u0131m\u0131zdan sipari\u015f verdi. Tekd\u00fcze g\u00f6r\u00fcn\u00fcm, raflarda iyi ve tutarl\u0131 bir imaj olu\u015fturarak ilk \u00e7eyrekte &#039;lik bir sat\u0131\u015f art\u0131\u015f\u0131na yol a\u00e7t\u0131. Kal\u0131nla\u015ft\u0131r\u0131lm\u0131\u015f tabanl\u0131 cam kavanoz, sevkiyat s\u0131ras\u0131nda olu\u015fan kay\u0131plar\u0131 oran\u0131nda azaltt\u0131. \u00dcretici son derece memnun kald\u0131 ve b\u00fcy\u00fck bir k\u0131rsal perakendeciyle iki y\u0131ll\u0131k tedarik s\u00f6zle\u015fmesi imzalanarak 1,2 milyon adet cam kavanoz daha sipari\u015f etti.<\/p>\n<h2>Mumlar i\u00e7in Toptan Cam Kavanozlar, \u00d6zel Sipari\u015f Se\u00e7enekleri<\/h2>\n<ul>\n<li>Gradyan: En k\u00fc\u00e7\u00fck kavanozlar a\u00e7\u0131k renkte, kavanoz b\u00fcy\u00fcd\u00fck\u00e7e kullan\u0131lan renk ise koyula\u015f\u0131r.<\/li>\n<li>Kapasite etiketleri serigrafi bask\u0131 y\u00f6ntemiyle yap\u0131lacakt\u0131r: Her bir kavanozun etiketine, m\u00fc\u015fterilerin okuyabilece\u011fi ve kapasiteyi kolayca belirleyebilece\u011fi \u015f\u0131k bir yaz\u0131 tipiyle kapasite bilgisi bas\u0131lacakt\u0131r.<\/li>\n<li>Mat ve parlak: Kavanozlar d\u0131\u015f\u0131 mat, i\u00e7i parlak veya i\u00e7i parlak olabilir.<\/li>\n<li>Metal alt halka: Bu, kavanoza metal bir alt halka tak\u0131larak yap\u0131lan basit bir s\u00fcsleme unsurudur.<\/li>\n<\/ul>","protected":false},"excerpt":{"rendered":"<p>Mum yap\u0131m\u0131 i\u00e7in kal\u0131n tabanl\u0131, dayan\u0131kl\u0131 d\u00fcz cam kavanozlar. B\u00fcy\u00fck boy mum kaplar\u0131 ve toptan cam kavanozlar i\u00e7in OEM hizmeti mevcuttur.<\/p>","protected":false},"featured_media":5408,"template":"","meta":{"postBodyCss":"","postBodyMargin":[],"postBodyPadding":[],"postBodyBackground":{"backgroundType":"classic","gradient":""}},"product_brand":[],"product_cat":[15,82,17],"product_tag":[96],"class_list":{"0":"post-5401","1":"product","2":"type-product","3":"status-publish","4":"has-post-thumbnail","6":"product_cat-glass-containers","7":"product_cat-candle-jars","8":"product_cat-glass-jars","9":"product_tag-whiskey-tumblers","11":"first","12":"instock","13":"shipping-taxable","14":"product-type-simple"},"jetpack_sharing_enabled":true,"_links":{"self":[{"href":"https:\/\/minghanggroup.com\/tr\/wp-json\/wp\/v2\/product\/5401","targetHints":{"allow":["GET"]}}],"collection":[{"href":"https:\/\/minghanggroup.com\/tr\/wp-json\/wp\/v2\/product"}],"about":[{"href":"https:\/\/minghanggroup.com\/tr\/wp-json\/wp\/v2\/types\/product"}],"wp:featuredmedia":[{"embeddable":true,"href":"https:\/\/minghanggroup.com\/tr\/wp-json\/wp\/v2\/media\/5408"}],"wp:attachment":[{"href":"https:\/\/minghanggroup.com\/tr\/wp-json\/wp\/v2\/media?parent=5401"}],"wp:term":[{"taxonomy":"product_brand","embeddable":true,"href":"https:\/\/minghanggroup.com\/tr\/wp-json\/wp\/v2\/product_brand?post=5401"},{"taxonomy":"product_cat","embeddable":true,"href":"https:\/\/minghanggroup.com\/tr\/wp-json\/wp\/v2\/product_cat?post=5401"},{"taxonomy":"product_tag","embeddable":true,"href":"https:\/\/minghanggroup.com\/tr\/wp-json\/wp\/v2\/product_tag?post=5401"}],"curies":[{"name":"wp","href":"https:\/\/api.w.org\/{rel}","templated":true}]}}