{"id":5392,"date":"2026-01-29T16:14:27","date_gmt":"2026-01-29T08:14:27","guid":{"rendered":"https:\/\/minghanggroup.com\/?post_type=product&#038;p=5392"},"modified":"2026-03-02T13:57:59","modified_gmt":"2026-03-02T05:57:59","slug":"clear-glass-candle-vessels-with-lids-for-packaging-bulk","status":"publish","type":"product","link":"https:\/\/minghanggroup.com\/tr\/urun\/clear-glass-candle-vessels-with-lids-for-packaging-bulk\/","title":{"rendered":"140 ml \u2013 255 ml \u015eeffaf Cam Mum Kaplar\u0131, Kapakl\u0131, Toplu Ambalaj \u0130\u00e7in"},"content":{"rendered":"<p>\u00dcr\u00fcnlerinizi koruyan ve kutuyu a\u00e7may\u0131 bir hediye gibi hissettiren kapakl\u0131 cam mumluklara ihtiyac\u0131n\u0131z var. \u0130\u015fte bu y\u00fczden, her bir kapakl\u0131 mumluk se\u00e7ene\u011fi (plastik, metal veya ah\u015fap) sa\u011flaml\u0131k, stil ve raf \u00e7ekicili\u011fi i\u00e7in tasarlanm\u0131\u015f, kusursuz 4 boyutlu bu seriyi \u00fcrettik. Do\u011frudan cam ambalaj \u00fcreticiniz olarak, toptan mum sat\u0131\u015f\u0131nda ba\u015far\u0131y\u0131 kolayla\u015ft\u0131r\u0131yoruz.<\/p>\n<h2>\u00dcr\u00fcn \u00d6zellikleri<\/h2>\n<ul>\n<li><strong>Kristal Berrakl\u0131\u011f\u0131:<\/strong> Kokulu mumunuzu birinci s\u0131n\u0131f cam\u0131n \u015feffafl\u0131\u011f\u0131yla sergileyin. P\u00fcr\u00fczs\u00fcz kenar ve kal\u0131n taban\u0131n birle\u015fimi, hem g\u00fcvenli d\u00f6kme hem de zarif bir sunum sa\u011flar.<\/li>\n<li><strong>Kapak esnekli\u011fi:<\/strong> En ucuz se\u00e7ene\u011fi istiyorsan\u0131z plasti\u011fi, modern bir g\u00f6r\u00fcn\u00fcme sahip l\u00fcks mumluklar i\u00e7in f\u0131r\u00e7alanm\u0131\u015f metali veya do\u011fal bir karakter yans\u0131tmak istiyorsan\u0131z geri d\u00f6n\u00fc\u015ft\u00fcr\u00fclm\u00fc\u015f ah\u015fab\u0131 tercih edebilirsiniz. Kapakl\u0131 mumluklar\u0131n\u0131z markan\u0131z\u0131n imzas\u0131 haline geliyor.<\/li>\n<li><strong>Toplu halde, kullan\u0131ma haz\u0131r, istikrarl\u0131:<\/strong> \u00dcr\u00fcn\u00fcn devrilmesini \u00f6nlemek i\u00e7in g\u00fc\u00e7lendirilmi\u015f bir tabanla donat\u0131lm\u0131\u015ft\u0131r. Toplu mum sevkiyat\u0131 i\u00e7in idealdir ve ayr\u0131ca ba\u015fucunuzda rahat kullan\u0131m\u0131n\u0131z i\u00e7in de uygundur. G\u00fcvenlik hi\u00e7 bu kadar cazip olmam\u0131\u015ft\u0131.<\/li>\n<\/ul>\n<h2>Temel \u00d6zellikler<\/h2>\n<table style=\"border-collapse: collapse; width: 80%; margin-left: auto; margin-right: auto;\" border=\"0\" width=\"288\" cellspacing=\"0\" cellpadding=\"0\">\n<tbody>\n<tr style=\"height: 13.50pt;\">\n<td style=\"height: 13.5pt; width: 54pt; text-align: center;\" width=\"72\" height=\"18\">Kapasite(ml)<\/td>\n<td style=\"width: 54pt; text-align: center;\" width=\"72\">\u00d6l\u00e7\u00fcler (mm)<\/td>\n<td style=\"width: 54pt; text-align: center;\" width=\"72\">Kapak Se\u00e7enekleri<\/td>\n<td style=\"width: 54pt; text-align: center;\" width=\"72\">Renk<\/td>\n<\/tr>\n<tr style=\"height: 13.50pt;\">\n<td style=\"height: 13.5pt; text-align: center;\" align=\"right\" height=\"18\">140<\/td>\n<td style=\"text-align: center;\">61 \u00d7 57 \u00d7 74<\/td>\n<td class=\"et2\" style=\"text-align: center;\" rowspan=\"4\">Plastik \/ Metal \/ Ah\u015fap<\/td>\n<td class=\"et2\" style=\"text-align: center;\" rowspan=\"4\">Temizle \/ \u00d6zel<\/td>\n<\/tr>\n<tr style=\"height: 13.50pt;\">\n<td style=\"height: 13.5pt; text-align: center;\" align=\"right\" height=\"18\">210<\/td>\n<td style=\"text-align: center;\">70 \u00d7 65 \u00d7 80<\/td>\n<\/tr>\n<tr style=\"height: 13.50pt;\">\n<td style=\"height: 13.5pt; text-align: center;\" align=\"right\" height=\"18\">220<\/td>\n<td style=\"text-align: center;\">73 \u00d7 67 \u00d7 80<\/td>\n<\/tr>\n<tr style=\"height: 13.50pt;\">\n<td style=\"height: 13.5pt; text-align: center;\" align=\"right\" height=\"18\">255<\/td>\n<td style=\"text-align: center;\">79 \u00d7 73 \u00d7 93<\/td>\n<\/tr>\n<\/tbody>\n<\/table>\n<h2>Ba\u015far\u0131 \u00d6rne\u011fi<\/h2>\n<p>Butik bir ev kokusu markas\u0131, minimalist imaj\u0131n\u0131 g\u00fc\u00e7lendirmekle kalmay\u0131p ayn\u0131 zamanda imza koku serisinin ma\u011faza raflar\u0131nda a\u00e7\u0131k\u00e7a ay\u0131rt edilmesini sa\u011flayacak bir mum kab\u0131na ihtiya\u00e7 duyuyordu. Yeni \u00fcr\u00fcn lansman\u0131 i\u00e7in \u015feffaf cam mum kaplar\u0131n\u0131 tercih eden \u015firket, kaplar\u0131n alt k\u0131sm\u0131na zarif bir \u015fekilde logo kabartmas\u0131 yaparak, yumu\u015fak buzlu bir g\u00f6r\u00fcn\u00fcm kazand\u0131rarak ve botaniklerden ilham alan ince ipek, serigrafi bask\u0131l\u0131 \u00e7izgi desenleriyle s\u00fcsleyerek ki\u015fiselle\u015ftirdi.<\/p>\n<p>Lansmandan sadece iki ay sonra \u015firket, perakendeciler arac\u0131l\u0131\u011f\u0131yla verilen sipari\u015flerin artt\u0131\u011f\u0131n\u0131 ve ambalaj\u0131 tan\u0131yan m\u00fc\u015fteri say\u0131s\u0131nda g\u00f6zle g\u00f6r\u00fcl\u00fcr bir art\u0131\u015f oldu\u011funu a\u00e7\u0131klad\u0131. Bu durum, markan\u0131n bu \u00f6zel tasar\u0131m cam mum kab\u0131n\u0131 temel koleksiyon standard\u0131 haline getirmesine ve farkl\u0131 sezonlar i\u00e7in ek sipari\u015fler vermeye devam etmesine yol a\u00e7t\u0131.<\/p>\n<h2>\u00d6zelle\u015ftirme \u0130pu\u00e7lar\u0131n\u0131z<\/h2>\n<ol>\n<li><strong>Kabartma veya \u00c7ukur Bask\u0131 Markalama:<\/strong> Markan\u0131z\u0131n kal\u0131c\u0131 bir imzas\u0131 olu\u015fturmak i\u00e7in, mum bittikten sonra bile m\u00fc\u015fterilerinizin g\u00f6rebilece\u011fi, kabartmal\u0131 veya girintili bir logoyu do\u011frudan cam\u0131n \u00fczerine ekleyin.<\/li>\n<li><strong>\u00d6zel Cam Renkleri ve Tonlar\u0131:<\/strong> Duman grisi, kehribar, zeytin ye\u015fili veya mevsimlik koleksiyonlar ya da \u00f6zel koku hikayeleri i\u00e7in kullan\u0131labilecek \u00f6zel renk kar\u0131\u015f\u0131mlar\u0131n\u0131 tercih edin.<\/li>\n<li><strong>\u0130pek, Serigrafi Bask\u0131l\u0131 Desenler:<\/strong> Tasar\u0131m a\u00e7\u0131s\u0131ndan en sade \u00e7\u00f6z\u00fcm\u00fc kullan\u0131n, etiket kullanmay\u0131n; minimalist metinler, geometrik \u00e7izgiler veya botanik motifler ekleyerek ileriye d\u00f6n\u00fck bir g\u00f6r\u00fcn\u00fcm elde edin.<\/li>\n<\/ol>","protected":false},"excerpt":{"rendered":"<p>Modern markalar i\u00e7in \u015feffaf camdan \u00fcretilmi\u015f, kapakl\u0131 birinci s\u0131n\u0131f mumluklar. Bu kapakl\u0131 cam mumluklar, toplu sipari\u015flerde \u00f6zelle\u015ftirme ve \u00fccretsiz numune imkan\u0131yla sunulmaktad\u0131r.<\/p>","protected":false},"featured_media":5399,"template":"","meta":{"postBodyCss":"","postBodyMargin":[],"postBodyPadding":[],"postBodyBackground":{"backgroundType":"classic","gradient":""}},"product_brand":[],"product_cat":[15,82,17],"product_tag":[97,96],"class_list":{"0":"post-5392","1":"product","2":"type-product","3":"status-publish","4":"has-post-thumbnail","6":"product_cat-glass-containers","7":"product_cat-candle-jars","8":"product_cat-glass-jars","9":"product_tag-rocks-glass","10":"product_tag-whiskey-tumblers","12":"first","13":"instock","14":"shipping-taxable","15":"product-type-simple"},"jetpack_sharing_enabled":true,"_links":{"self":[{"href":"https:\/\/minghanggroup.com\/tr\/wp-json\/wp\/v2\/product\/5392","targetHints":{"allow":["GET"]}}],"collection":[{"href":"https:\/\/minghanggroup.com\/tr\/wp-json\/wp\/v2\/product"}],"about":[{"href":"https:\/\/minghanggroup.com\/tr\/wp-json\/wp\/v2\/types\/product"}],"wp:featuredmedia":[{"embeddable":true,"href":"https:\/\/minghanggroup.com\/tr\/wp-json\/wp\/v2\/media\/5399"}],"wp:attachment":[{"href":"https:\/\/minghanggroup.com\/tr\/wp-json\/wp\/v2\/media?parent=5392"}],"wp:term":[{"taxonomy":"product_brand","embeddable":true,"href":"https:\/\/minghanggroup.com\/tr\/wp-json\/wp\/v2\/product_brand?post=5392"},{"taxonomy":"product_cat","embeddable":true,"href":"https:\/\/minghanggroup.com\/tr\/wp-json\/wp\/v2\/product_cat?post=5392"},{"taxonomy":"product_tag","embeddable":true,"href":"https:\/\/minghanggroup.com\/tr\/wp-json\/wp\/v2\/product_tag?post=5392"}],"curies":[{"name":"wp","href":"https:\/\/api.w.org\/{rel}","templated":true}]}}