{"id":5390,"date":"2026-01-29T09:52:19","date_gmt":"2026-01-29T01:52:19","guid":{"rendered":"https:\/\/minghanggroup.com\/?post_type=product&#038;p=5390"},"modified":"2026-04-27T16:54:48","modified_gmt":"2026-04-27T08:54:48","slug":"tulip-shaped-colored-glass-candle-holders-bulk","status":"publish","type":"product","link":"https:\/\/minghanggroup.com\/tr\/urun\/tulip-shaped-colored-glass-candle-holders-bulk\/","title":{"rendered":"110 ml Lale \u015eeklinde Renkli Cam Mumluklar (Toptan Sat\u0131\u015f)"},"content":{"rendered":"<p>Bu renkli cam mumluklar, muhte\u015fem bir lale tomurcu\u011funa benzemektedir ve dokulu camdan yap\u0131lm\u0131\u015ft\u0131r; buzlu beyaz, degrade pembe ve parlak alt\u0131n gibi r\u00fcya gibi renk se\u00e7enekleriyle sunulmaktad\u0131r.<\/p>\n<h2>\u00dcr\u00fcn \u00d6zellikleri<\/h2>\n<ul>\n<li style=\"text-align: left;\"><strong>Lale tomurcu\u011fu \u015fekli:<\/strong> Biyomimetik yapraklar\u0131n \u015fekilleri \u00fc\u00e7 boyutludur, yumu\u015fakl\u0131k ve \u00f6zg\u00fcnl\u00fck bak\u0131m\u0131ndan \u00f6ne \u00e7\u0131karlar ve bu nedenle rafta son derece dikkat \u00e7ekicidirler.<\/li>\n<li style=\"text-align: left;\"><strong>\u00c7e\u015fitli Renk Se\u00e7enekleri:<\/strong> Mat beyaz, degrade pembe ve \u015feffaf alt\u0131n renk se\u00e7enekleriyle sunulan bu \u00fcr\u00fcn, her marka esteti\u011fine veya sezonun temas\u0131na uyum sa\u011flayacakt\u0131r.<\/li>\n<li style=\"text-align: left;\"><strong>Detayl\u0131 S\u00fcsleme Tasar\u0131m\u0131:<\/strong> Heykeldeki \u00e7i\u00e7eklerin \u015fekli, mum olmamas\u0131na ra\u011fmen onlar\u0131 g\u00fczel bir s\u00fcsleme tasar\u0131m\u0131 haline getiriyor.<\/li>\n<\/ul>\n<h2 style=\"text-align: left;\">Temel \u00d6zellikler<\/h2>\n<table class=\"aligncenter\" style=\"border-collapse: collapse; width: 471.02pt;\" border=\"0\" width=\"628\" cellspacing=\"0\" cellpadding=\"0\">\n<tbody>\n<tr style=\"height: 13.50pt;\">\n<td style=\"height: 13.50pt; width: 120.75pt;\" width=\"161\" height=\"18\">\u015eartname<\/td>\n<td style=\"width: 350.25pt;\" width=\"467\">Detaylar<\/td>\n<\/tr>\n<tr style=\"height: 13.50pt;\">\n<td style=\"height: 13.50pt;\" height=\"18\">Kapasite<\/td>\n<td>110 ml<\/td>\n<\/tr>\n<tr style=\"height: 13.50pt;\">\n<td style=\"height: 13.50pt;\" height=\"18\">Boyutlar<\/td>\n<td>67\u00d755\u00d772mm<\/td>\n<\/tr>\n<tr style=\"height: 13.50pt;\">\n<td style=\"height: 13.50pt;\" height=\"18\">Malzeme<\/td>\n<td>Bardak<\/td>\n<\/tr>\n<tr style=\"height: 13.50pt;\">\n<td style=\"height: 13.50pt;\" height=\"18\">Kavanoz \u015eekli<\/td>\n<td>Kavisli Kenarl\u0131 Lale Tomurcu\u011fu<\/td>\n<\/tr>\n<tr style=\"height: 13.50pt;\">\n<td style=\"height: 13.50pt;\" height=\"18\">\u00d6zelle\u015ftirme Kapsam\u0131<\/td>\n<td>Renk, Y\u00fczey (Parlak\/Mat), \u015eekil, Boyut<\/td>\n<\/tr>\n<tr style=\"height: 13.50pt;\">\n<td style=\"height: 13.50pt;\" height=\"18\">\u0130\u015f\u00e7ilik<\/td>\n<td>Organik ve Kavisli Formlar i\u00e7in \u00dcfleme veya Presleme Y\u00f6ntemiyle Cam Kal\u0131plama<\/td>\n<\/tr>\n<tr style=\"height: 13.50pt;\">\n<td style=\"height: 13.50pt;\" height=\"18\">\u00dcr\u00fcn Amac\u0131<\/td>\n<td>Dekoratif Mum Kab\u0131, Renkli Cam Mumluklar<\/td>\n<\/tr>\n<tr style=\"height: 13.50pt;\">\n<td style=\"height: 13.50pt;\" height=\"18\">Uygun Sekt\u00f6rler<\/td>\n<td>Butik Mum Markalar\u0131, \u00c7i\u00e7ek\u00e7iler, D\u00fc\u011f\u00fcn\/Etkinlik Organizat\u00f6rleri<\/td>\n<\/tr>\n<\/tbody>\n<\/table>\n<h2>Ba\u015far\u0131 \u00d6yk\u00fcs\u00fc: \u0130skandinav Ev Dekorasyon Markas\u0131ndan \u00d6zel Sipari\u015f<\/h2>\n<p>\u0130skandinav ev dekorasyon markalar\u0131ndan biri, mat s\u00fct beyaz\u0131 bir y\u00fczey ve el yap\u0131m\u0131 keten kordonla \u00f6zelle\u015ftirdikleri beyaz mumluklar\u0131m\u0131z\u0131 se\u00e7ti. Benzersiz tasar\u0131m, mumlar\u0131n\u0131 perakende sat\u0131\u015f i\u00e7in m\u00fckemmel hale getirdi ve ma\u011faza i\u00e7i sat\u0131\u015flarda &#039;l\u0131k bir art\u0131\u015f sa\u011flad\u0131. Yumu\u015fak mat y\u00fczey, estetik felsefeleriyle m\u00fckemmel bir uyum sa\u011flad\u0131 ve bu da Pinterest trafi\u011finde 0&#039;lik bir art\u0131\u015fa yol a\u00e7t\u0131. Bu ba\u015far\u0131n\u0131n ard\u0131ndan, keten kokulu mumlar\u0131 da i\u00e7eren yeni \u00fcr\u00fcn serileri i\u00e7in 750.000 adet renkli cam mumluk sipari\u015fi daha verdiler.<\/p>\n<h2>Ayarlanabilir Renkli Cam Mumluklar<\/h2>\n<ul>\n<li>\u00d6zel Renk Geli\u015ftirme: Markan\u0131za \u00f6zg\u00fc, ada\u00e7ay\u0131 ye\u015fili veya lavanta moru gibi benzersiz renkler yarat\u0131n.<\/li>\n<li>Parlak veya Sedefli Kaplama: \u00dcr\u00fcn, y\u00fcksek parlakl\u0131kta bir kaplama veya farkl\u0131 \u0131\u015f\u0131k ko\u015fullar\u0131nda renk de\u011fi\u015ftirerek r\u00fcya gibi bir g\u00f6r\u00fcn\u00fcm yaratan sedefli bir kaplama olmak \u00fczere iki se\u00e7enek sunar.<\/li>\n<li>\u015eekil Varyasyonu: \u00c7i\u00e7ek tasar\u0131m serisine, &#034;zambak&#034; ad\u0131 verilen uzun ve ince bir \u015fekil ile &#034;\u015fakay\u0131k&#034; ad\u0131 verilen k\u0131sa ve geni\u015f bir \u015fekil olmak \u00fczere iki yeni \u015fekil eklenmelidir.<\/li>\n<li>Kabartma: Ta\u00e7 yapraklar\u0131n\u0131n alt taraf\u0131ndaki k\u00fc\u00e7\u00fck \u015fi\u015fkinlikler (\u00e7i\u011f damlas\u0131 veya \u015fekiller) bir \u00e7izme aletiyle yap\u0131lm\u0131\u015ft\u0131r.<\/li>\n<\/ul>","protected":false},"excerpt":{"rendered":"<p>Yumu\u015fak buzlu y\u00fczeyli ve \u00e7i\u00e7eksi dokulu, lale \u015feklinde renkli cam mumluklar. Dekorasyon ve mum markalar\u0131 i\u00e7in \u015f\u0131k beyaz mumluklar\u0131n fabrika tedari\u011fi.<\/p>","protected":false},"featured_media":5394,"template":"","meta":{"postBodyCss":"","postBodyMargin":[],"postBodyPadding":[],"postBodyBackground":{"backgroundType":"classic","gradient":""}},"product_brand":[],"product_cat":[82,15,17],"product_tag":[],"class_list":{"0":"post-5390","1":"product","2":"type-product","3":"status-publish","4":"has-post-thumbnail","6":"product_cat-candle-jars","7":"product_cat-glass-containers","8":"product_cat-glass-jars","10":"first","11":"instock","12":"shipping-taxable","13":"product-type-simple"},"jetpack_sharing_enabled":true,"_links":{"self":[{"href":"https:\/\/minghanggroup.com\/tr\/wp-json\/wp\/v2\/product\/5390","targetHints":{"allow":["GET"]}}],"collection":[{"href":"https:\/\/minghanggroup.com\/tr\/wp-json\/wp\/v2\/product"}],"about":[{"href":"https:\/\/minghanggroup.com\/tr\/wp-json\/wp\/v2\/types\/product"}],"wp:featuredmedia":[{"embeddable":true,"href":"https:\/\/minghanggroup.com\/tr\/wp-json\/wp\/v2\/media\/5394"}],"wp:attachment":[{"href":"https:\/\/minghanggroup.com\/tr\/wp-json\/wp\/v2\/media?parent=5390"}],"wp:term":[{"taxonomy":"product_brand","embeddable":true,"href":"https:\/\/minghanggroup.com\/tr\/wp-json\/wp\/v2\/product_brand?post=5390"},{"taxonomy":"product_cat","embeddable":true,"href":"https:\/\/minghanggroup.com\/tr\/wp-json\/wp\/v2\/product_cat?post=5390"},{"taxonomy":"product_tag","embeddable":true,"href":"https:\/\/minghanggroup.com\/tr\/wp-json\/wp\/v2\/product_tag?post=5390"}],"curies":[{"name":"wp","href":"https:\/\/api.w.org\/{rel}","templated":true}]}}