{"id":5385,"date":"2026-01-28T15:35:01","date_gmt":"2026-01-28T07:35:01","guid":{"rendered":"https:\/\/minghanggroup.com\/?post_type=product&#038;p=5385"},"modified":"2026-01-29T09:51:46","modified_gmt":"2026-01-29T01:51:46","slug":"small-clear-glass-tealight-candle-holders-bulk","status":"publish","type":"product","link":"https:\/\/minghanggroup.com\/tr\/urun\/small-clear-glass-tealight-candle-holders-bulk\/","title":{"rendered":"25 ml K\u00fc\u00e7\u00fck \u015eeffaf Cam Tealight Mumluklar (Toptan)"},"content":{"rendered":"<p>Bunlar geni\u015f a\u011f\u0131zl\u0131, minik, silindirik ve \u015feffaf cam mumluklard\u0131r. P\u00fcr\u00fczs\u00fcz camdan yap\u0131lm\u0131\u015f, kase \u015feklinde, geni\u015f ve s\u0131\u011f olup, alt k\u0131s\u0131mlar\u0131nda tutu\u015fu kolayla\u015ft\u0131ran ve incelikli detaylar katan e\u015f merkezli daireler ve noktalar bulunmaktad\u0131r.<\/p>\n<h2>\u00dcr\u00fcn \u00d6zellikleri<\/h2>\n<ul>\n<li><strong>Geni\u015f a\u011f\u0131zl\u0131 silindirik \u015fekil:<\/strong> Geni\u015f a\u011fz\u0131 sayesinde mumlar\u0131 h\u0131zl\u0131 ve kolay bir \u015fekilde yerle\u015ftirip \u00e7\u0131karabilir, masa \u00fcst\u00fcn\u00fcz\u00fc temiz tutabilirsiniz.<\/li>\n<li><strong>Kaymaz dokulu taban:<\/strong> Alt k\u0131s\u0131mda, taban\u0131 daha stabil hale getiren ve daha iyi kavrama sa\u011flayan e\u015f merkezli daireler ve noktalar bulunmaktad\u0131r.<\/li>\n<li><strong>K\u00fc\u00e7\u00fck boyut:<\/strong> K\u00fc\u00e7\u00fck boyutlar\u0131 sayesinde masa \u00fcstlerine veya raflara s\u0131k\u0131ca yerle\u015ftirilerek g\u00f6z al\u0131c\u0131 bir dekoratif obje olu\u015fturabilirler.<\/li>\n<\/ul>\n<h2 style=\"text-align: left;\">Temel \u00d6zellikler<\/h2>\n<table class=\"aligncenter\" style=\"border-collapse: collapse; width: 441.02pt;\" border=\"0\" width=\"588\" cellspacing=\"0\" cellpadding=\"0\">\n<tbody>\n<tr style=\"height: 13.50pt;\">\n<td style=\"height: 13.50pt; width: 120.75pt;\" width=\"161\" height=\"18\">\u015eartname<\/td>\n<td style=\"width: 320.25pt;\" width=\"427\">Detaylar<\/td>\n<\/tr>\n<tr style=\"height: 13.50pt;\">\n<td style=\"height: 13.50pt;\" height=\"18\">Kapasite<\/td>\n<td>25 ml<\/td>\n<\/tr>\n<tr style=\"height: 13.50pt;\">\n<td style=\"height: 13.50pt;\" height=\"18\">Boyutlar<\/td>\n<td>46\u00d744\u00d726 mm<\/td>\n<\/tr>\n<tr style=\"height: 13.50pt;\">\n<td style=\"height: 13.50pt;\" height=\"18\">Malzeme<\/td>\n<td>\u015eeffaf Cam<\/td>\n<\/tr>\n<tr style=\"height: 13.50pt;\">\n<td style=\"height: 13.50pt;\" height=\"18\">Tutucu \u015eekli<\/td>\n<td>Dokulu Tabanl\u0131 Geni\u015f, S\u0131\u011f Silindir<\/td>\n<\/tr>\n<tr style=\"height: 13.50pt;\">\n<td style=\"height: 13.50pt;\" height=\"18\">\u00d6zelle\u015ftirme Kapsam\u0131<\/td>\n<td>Boyut, Taban Dokusu Deseni, Renk, Kapaklar<\/td>\n<\/tr>\n<tr style=\"height: 13.50pt;\">\n<td style=\"height: 13.50pt;\" height=\"18\">\u0130\u015f\u00e7ilik<\/td>\n<td>Preslenmi\u015f Cam Kal\u0131plama<\/td>\n<\/tr>\n<tr style=\"height: 13.50pt;\">\n<td style=\"height: 13.50pt;\" height=\"18\">\u00dcr\u00fcn Amac\u0131<\/td>\n<td>Toplu Paket Tealight Mumluklar, Dekoratif Mum Tabaklar\u0131<\/td>\n<\/tr>\n<tr style=\"height: 13.50pt;\">\n<td style=\"height: 13.50pt;\" height=\"18\">Uygun Sekt\u00f6rler<\/td>\n<td>Etkinlik\/D\u00fc\u011f\u00fcn Organizat\u00f6rleri, Mum \u00dcreticileri<\/td>\n<\/tr>\n<\/tbody>\n<\/table>\n<h2>Ba\u015far\u0131 \u00d6rne\u011fi: Kuzey Amerika Ev Dekorasyon Markas\u0131 \u0130\u015fbirli\u011fi \u00d6rne\u011fi<\/h2>\n<p>Geni\u015f a\u011f\u0131zl\u0131 cam mumluklar\u0131m\u0131z, dumanl\u0131 gri renkte \u00f6zel olarak \u00fcretilmi\u015f ve Kanadal\u0131 bir ev dekorasyon \u015firketi taraf\u0131ndan sipari\u015f edilmi\u015ftir. Geni\u015f a\u011f\u0131zl\u0131 pratik tasar\u0131m, m\u00fc\u015fteri al\u0131mlar\u0131n\u0131 oran\u0131nda art\u0131rm\u0131\u015ft\u0131r. Mumluklar\u0131n dayan\u0131kl\u0131l\u0131\u011f\u0131, de\u011fi\u015ftirme maliyetinden tasarruf sa\u011flam\u0131\u015ft\u0131r. Mumluklardan memnun kalan \u015firket, \u00fclke genelindeki stoklar\u0131n\u0131 tamamlamak i\u00e7in 500.000 adet daha sipari\u015f vermi\u015ftir.<\/p>\n<h2>Toplu Al\u0131m \u0130\u00e7in Tealight Mumluk Se\u00e7enekleri<\/h2>\n<ul>\n<li>Vitray: Genellikle f\u00fcme gri, kehribar veya k\u0131rm\u0131z\u0131 ve ye\u015fil gibi mevsimlik renklerde mevcuttur.<\/li>\n<li>\u00d6zel Taban Dokusu: E\u015f merkezli daire tasar\u0131m\u0131n\u0131 \u00e7i\u00e7ekli veya geometrik tasar\u0131mlarla de\u011fi\u015ftirin.<\/li>\n<li>Lazerle Kaz\u0131ma: Alt k\u0131sma k\u00fc\u00e7\u00fck bir logo, monogram veya dekoratif kenarl\u0131k kaz\u0131y\u0131n.<\/li>\n<li>\u00d6zel Boyut: Mumun boyutuna, belirli bir te\u015fhir veya stile uyacak \u015fekilde \u00e7ap veya y\u00fckseklikte minimum de\u011fi\u015fiklik yap\u0131l\u0131r.<\/li>\n<\/ul>","protected":false},"excerpt":{"rendered":"<p>Masa \u00fcst\u00fc dekorasyonu i\u00e7in dokulu tabanl\u0131 \u015feffaf cam mumluklar. Profesyonel fabrika, istikrarl\u0131 kalitede toplu olarak mumluk tedarik etmektedir.<\/p>","protected":false},"featured_media":5388,"template":"","meta":{"postBodyCss":"","postBodyMargin":[],"postBodyPadding":[],"postBodyBackground":{"backgroundType":"classic","gradient":""}},"product_brand":[],"product_cat":[15,82,17],"product_tag":[],"class_list":{"0":"post-5385","1":"product","2":"type-product","3":"status-publish","4":"has-post-thumbnail","6":"product_cat-glass-containers","7":"product_cat-candle-jars","8":"product_cat-glass-jars","10":"first","11":"instock","12":"shipping-taxable","13":"product-type-simple"},"jetpack_sharing_enabled":true,"_links":{"self":[{"href":"https:\/\/minghanggroup.com\/tr\/wp-json\/wp\/v2\/product\/5385","targetHints":{"allow":["GET"]}}],"collection":[{"href":"https:\/\/minghanggroup.com\/tr\/wp-json\/wp\/v2\/product"}],"about":[{"href":"https:\/\/minghanggroup.com\/tr\/wp-json\/wp\/v2\/types\/product"}],"wp:featuredmedia":[{"embeddable":true,"href":"https:\/\/minghanggroup.com\/tr\/wp-json\/wp\/v2\/media\/5388"}],"wp:attachment":[{"href":"https:\/\/minghanggroup.com\/tr\/wp-json\/wp\/v2\/media?parent=5385"}],"wp:term":[{"taxonomy":"product_brand","embeddable":true,"href":"https:\/\/minghanggroup.com\/tr\/wp-json\/wp\/v2\/product_brand?post=5385"},{"taxonomy":"product_cat","embeddable":true,"href":"https:\/\/minghanggroup.com\/tr\/wp-json\/wp\/v2\/product_cat?post=5385"},{"taxonomy":"product_tag","embeddable":true,"href":"https:\/\/minghanggroup.com\/tr\/wp-json\/wp\/v2\/product_tag?post=5385"}],"curies":[{"name":"wp","href":"https:\/\/api.w.org\/{rel}","templated":true}]}}