{"id":5370,"date":"2026-01-28T13:30:21","date_gmt":"2026-01-28T05:30:21","guid":{"rendered":"https:\/\/minghanggroup.com\/?post_type=product&#038;p=5370"},"modified":"2026-01-28T16:40:29","modified_gmt":"2026-01-28T08:40:29","slug":"lantern-style-unique-candle-vessels-wholesale","status":"publish","type":"product","link":"https:\/\/minghanggroup.com\/tr\/urun\/lantern-style-unique-candle-vessels-wholesale\/","title":{"rendered":"Fener Tarz\u0131 E\u015fsiz Mum Kaplar\u0131 Toptan Sat\u0131\u015f\u0131"},"content":{"rendered":"<p>Bu e\u015fsiz mumluklar, tabanlar\u0131 ve \u00fcst k\u0131s\u0131mlar\u0131 yivli, ortas\u0131 ise oluklu balkaba\u011f\u0131 \u015feklinde olan lantanlar bi\u00e7imindedir. \u00d6zellikleri, hem i\u015flevsellik hem de g\u00fczelli\u011fi birle\u015ftirerek \u00fcstten veya alttan yerle\u015ftirilebilmeleridir.<\/p>\n<h2>\u00dcr\u00fcn \u00d6zellikleri<\/h2>\n<ul>\n<li><strong>Flip tasar\u0131m\u0131:<\/strong> \u0130ki y\u00f6nl\u00fc tasar\u0131m, mumlar\u0131 yerle\u015ftirmek ve sergilemek i\u00e7in esnek ve \u00e7ok y\u00f6nl\u00fc bir alan sunan yenilik\u00e7i bir yakla\u015f\u0131md\u0131r.<\/li>\n<li><strong>Muhte\u015fem \u00e7ok katmanl\u0131 doku: <\/strong>Dikey dokular, balkaba\u011f\u0131 \u015feklindeki dokular ve ince \u00e7izgiler bir araya gelerek muhte\u015fem bir g\u00f6r\u00fcnt\u00fc ve his yarat\u0131yor.<\/li>\n<li><strong>Fener \u015fekli:<\/strong> Fener \u015fekli, geleneksel \u00c7in retro ve modern mum tasar\u0131m\u0131n\u0131n bir kar\u0131\u015f\u0131m\u0131 olup ayn\u0131 zamanda \u00e7ok tan\u0131nabilir bir masa dekorasyonudur.<\/li>\n<\/ul>\n<h2 style=\"text-align: left;\">Temel \u00d6zellikler<\/h2>\n<table class=\"aligncenter\" style=\"border-collapse: collapse; width: 402.02pt;\" border=\"0\" width=\"536\" cellspacing=\"0\" cellpadding=\"0\">\n<tbody>\n<tr style=\"height: 13.50pt;\">\n<td style=\"height: 13.50pt; width: 117.75pt;\" width=\"157\" height=\"18\">\u015eartname<\/td>\n<td style=\"width: 284.25pt;\" width=\"379\">Detaylar<\/td>\n<\/tr>\n<tr style=\"height: 13.50pt;\">\n<td style=\"height: 13.50pt;\" height=\"18\">Boyutlar<\/td>\n<td>79\u00d752\u00d740\u00d760mm<\/td>\n<\/tr>\n<tr style=\"height: 13.50pt;\">\n<td style=\"height: 13.50pt;\" height=\"18\">Malzeme<\/td>\n<td>\u015eeffaf, Dokulu Cam<\/td>\n<\/tr>\n<tr style=\"height: 13.50pt;\">\n<td style=\"height: 13.50pt;\" height=\"18\">Damar \u015eekli<\/td>\n<td>\u00c7ok Dokulu B\u00f6l\u00fcmlere Sahip \u00c7ift Tarafl\u0131 Fener<\/td>\n<\/tr>\n<tr style=\"height: 13.50pt;\">\n<td style=\"height: 13.50pt;\" height=\"18\">\u00d6zelle\u015ftirme Kapsam\u0131<\/td>\n<td>Renk, Doku Detay\u0131, Boyut, \u015eekil<\/td>\n<\/tr>\n<tr style=\"height: 13.50pt;\">\n<td style=\"height: 13.50pt;\" height=\"18\">\u0130\u015f\u00e7ilik<\/td>\n<td>Karma\u015f\u0131k Uygulamalar \u0130\u00e7in Geli\u015fmi\u015f Preslenmi\u015f Cam Kal\u0131plama<\/td>\n<\/tr>\n<tr style=\"height: 13.50pt;\">\n<td style=\"height: 13.50pt;\" height=\"18\">\u00dcr\u00fcn Amac\u0131<\/td>\n<td>Mumluklar, Mum Kaplar\u0131 Toptan Sat\u0131\u015f\u0131<\/td>\n<\/tr>\n<tr style=\"height: 13.50pt;\">\n<td style=\"height: 13.50pt;\" height=\"18\">Uygun Sekt\u00f6rler<\/td>\n<td>L\u00fcks Mum Markalar\u0131, D\u00fc\u011f\u00fcn\/Etkinlik Organizat\u00f6rleri<\/td>\n<\/tr>\n<\/tbody>\n<\/table>\n<h2>Ba\u015far\u0131 Hikayesi<\/h2>\n<p>Amerika Birle\u015fik Devletleri&#039;ndeki l\u00fcks butik otellerden biri, rengini kehribara de\u011fi\u015ftiren \u00e7ift tarafl\u0131 fener mumluklar\u0131m\u0131z\u0131 tercih etti. Bu \u00f6zg\u00fcn tasar\u0131m, olumlu \u00e7evrimi\u00e7i yorumlar\u0131n &#039;inde belirtilen konuk deneyiminin bir par\u00e7as\u0131yd\u0131. Tekrar sat\u0131n al\u0131mlarda &#039;lik bir art\u0131\u015f ya\u015fand\u0131. Otel, mumluklardan \u00e7ok memnun kald\u0131 ve bu nedenle oteldeki yeni odalar\u0131 dekore etmek ve mevcut s\u00fcitleri yenilemek i\u00e7in 200.000 adet daha sipari\u015f verdi.<\/p>\n<h2>Toptan \u00d6zelle\u015ftirilebilir Mum Kaplar\u0131<\/h2>\n<ul>\n<li>\u00d6zel Cam Abajurlar: Koyu m\u00fccevher tonlar\u0131 veya yumu\u015fak pembe renkler gibi \u00f6zel cam abajurlar olu\u015fturun.<\/li>\n<li>Metal Kaplama: Kenarlar\u0131na veya oluklar\u0131na alt\u0131n, g\u00fcm\u00fc\u015f veya pembe alt\u0131n kaplama dokusu uygulanabilir.<\/li>\n<li>\u00d6zel Boyutland\u0131rma: \u00c7e\u015fitli g\u00f6rsel efektler olu\u015fturmak i\u00e7in t\u00fcm tasar\u0131m\u0131 orant\u0131l\u0131 olarak yeniden boyutland\u0131r\u0131n.<\/li>\n<li>\u0130\u00e7 Kaplama: Mat veya kaplamal\u0131 i\u00e7 cam, \u0131\u015f\u0131k alt\u0131nda kullan\u0131ld\u0131\u011f\u0131nda benzersiz bir etki yarat\u0131r.<\/li>\n<\/ul>","protected":false},"excerpt":{"rendered":"<p>Fener \u015feklinde, \u015feffaf camdan yap\u0131lm\u0131\u015f, yivli detaylara sahip benzersiz mumluklar. \u00c7ift u\u00e7lu tasar\u0131m\u0131 mumlar ve dekorasyon i\u00e7in uygundur. Fabrikadan do\u011frudan sat\u0131\u015f. \u00dccretsiz numuneler.<\/p>","protected":false},"featured_media":5376,"template":"","meta":{"postBodyCss":"","postBodyMargin":[],"postBodyPadding":[],"postBodyBackground":{"backgroundType":"classic","gradient":""}},"product_brand":[],"product_cat":[15,82,17],"product_tag":[],"class_list":{"0":"post-5370","1":"product","2":"type-product","3":"status-publish","4":"has-post-thumbnail","6":"product_cat-glass-containers","7":"product_cat-candle-jars","8":"product_cat-glass-jars","10":"first","11":"instock","12":"shipping-taxable","13":"product-type-simple"},"jetpack_sharing_enabled":true,"_links":{"self":[{"href":"https:\/\/minghanggroup.com\/tr\/wp-json\/wp\/v2\/product\/5370","targetHints":{"allow":["GET"]}}],"collection":[{"href":"https:\/\/minghanggroup.com\/tr\/wp-json\/wp\/v2\/product"}],"about":[{"href":"https:\/\/minghanggroup.com\/tr\/wp-json\/wp\/v2\/types\/product"}],"wp:featuredmedia":[{"embeddable":true,"href":"https:\/\/minghanggroup.com\/tr\/wp-json\/wp\/v2\/media\/5376"}],"wp:attachment":[{"href":"https:\/\/minghanggroup.com\/tr\/wp-json\/wp\/v2\/media?parent=5370"}],"wp:term":[{"taxonomy":"product_brand","embeddable":true,"href":"https:\/\/minghanggroup.com\/tr\/wp-json\/wp\/v2\/product_brand?post=5370"},{"taxonomy":"product_cat","embeddable":true,"href":"https:\/\/minghanggroup.com\/tr\/wp-json\/wp\/v2\/product_cat?post=5370"},{"taxonomy":"product_tag","embeddable":true,"href":"https:\/\/minghanggroup.com\/tr\/wp-json\/wp\/v2\/product_tag?post=5370"}],"curies":[{"name":"wp","href":"https:\/\/api.w.org\/{rel}","templated":true}]}}