{"id":5365,"date":"2026-01-28T11:21:59","date_gmt":"2026-01-28T03:21:59","guid":{"rendered":"https:\/\/minghanggroup.com\/?post_type=product&#038;p=5365"},"modified":"2026-01-28T13:17:13","modified_gmt":"2026-01-28T05:17:13","slug":"small-square-glass-candle-vessels-wholesale","status":"publish","type":"product","link":"https:\/\/minghanggroup.com\/tr\/urun\/small-square-glass-candle-vessels-wholesale\/","title":{"rendered":"50 ml 67 ml K\u00fc\u00e7\u00fck Kare Cam Mum Kaplar\u0131 Toptan Sat\u0131\u015f"},"content":{"rendered":"<p>Bunlar \u015f\u0131k g\u00f6r\u00fcn\u00fcml\u00fc, yuvarlak kenarl\u0131 ve sa\u011flam kal\u0131n tabanl\u0131 minik kare cam mumluklard\u0131r; bu t\u00fcr kavanozlar \u00e7ay mumlar\u0131 veya herhangi bir k\u00fc\u00e7\u00fck mumu saklamak i\u00e7in idealdir.<\/p>\n<h2>\u00dcr\u00fcn \u00d6zellikleri<\/h2>\n<ul>\n<li><strong>K\u00fc\u00e7\u00fck ve yuvarlak k\u00f6\u015feli kare \u015fekli:<\/strong> K\u00fc\u00e7\u00fck, yumu\u015fak, kare \u015fekli yerden tasarruf sa\u011flayan, modern ve kolay tutu\u015f imkan\u0131 sunan bir tasar\u0131md\u0131r.<\/li>\n<li><strong>A\u011f\u0131r ve Kal\u0131n Taban:<\/strong> G\u00fc\u00e7lendirilmi\u015f taban, bu k\u00fc\u00e7\u00fck konteyner i\u00e7in olduk\u00e7a sa\u011flam bir yap\u0131 sa\u011fl\u0131yor.<\/li>\n<li><strong>\u0130ki K\u00fc\u00e7\u00fck Kapasite:<\/strong> \u00c7e\u015fitli tealight mumlara veya mini mumlara uyarlanabilir.<\/li>\n<\/ul>\n<h2 style=\"text-align: left;\">Temel \u00d6zellikler<\/h2>\n<table class=\"aligncenter\" style=\"border-collapse: collapse; width: 401.27pt;\" border=\"0\" width=\"535\" cellspacing=\"0\" cellpadding=\"0\">\n<tbody>\n<tr style=\"height: 13.50pt;\">\n<td style=\"height: 13.50pt; width: 129.75pt;\" width=\"173\" height=\"18\">\u015eartname<\/td>\n<td style=\"width: 271.50pt;\" width=\"362\">Detaylar<\/td>\n<\/tr>\n<tr style=\"height: 13.50pt;\">\n<td style=\"height: 13.50pt;\" height=\"18\">Boyutlar ve Kapasite<\/td>\n<td>49\u00d743\u00d760 mm (50 ml) \/ 50\u00d744\u00d762 mm (67 ml)<\/td>\n<\/tr>\n<tr style=\"height: 13.50pt;\">\n<td style=\"height: 13.50pt;\" height=\"18\">Malzeme<\/td>\n<td>\u015eeffaf Cam<\/td>\n<\/tr>\n<tr style=\"height: 13.50pt;\">\n<td style=\"height: 13.50pt;\" height=\"18\">Kavanoz \u015eekli<\/td>\n<td>K\u00f6\u015feleri yuvarlak k\u00fc\u00e7\u00fck kare<\/td>\n<\/tr>\n<tr style=\"height: 13.50pt;\">\n<td style=\"height: 13.50pt;\" height=\"18\">\u00d6zelle\u015ftirme Kapsam\u0131<\/td>\n<td>Boyut, Renk, \u015eekil, Kapaklar<\/td>\n<\/tr>\n<tr style=\"height: 13.50pt;\">\n<td style=\"height: 13.50pt;\" height=\"18\">\u0130\u015f\u00e7ilik<\/td>\n<td>Hassas Cam Presleme<\/td>\n<\/tr>\n<tr style=\"height: 13.50pt;\">\n<td style=\"height: 13.50pt;\" height=\"18\">\u00dcr\u00fcn Amac\u0131<\/td>\n<td>Mum Kaplar\u0131, K\u00fc\u00e7\u00fck Kapl\u0131 Mumlar<\/td>\n<\/tr>\n<tr style=\"height: 13.50pt;\">\n<td style=\"height: 13.50pt;\" height=\"18\">Uygun Sekt\u00f6rler<\/td>\n<td>Butik Mum Markalar\u0131, Otel Malzemeleri Tedarik\u00e7ileri<\/td>\n<\/tr>\n<\/tbody>\n<\/table>\n<h2>Ba\u015far\u0131 \u00d6yk\u00fcs\u00fc: \u0130ngiltere Otel Konuk Odas\u0131 Malzemeleri<\/h2>\n<p>Birle\u015fik Krall\u0131k&#039;taki bir butik otel zinciri, 50 ml&#039;lik kare cam mumluklar\u0131m\u0131zdan (buzlu y\u00fczey, lazerle i\u015flenmi\u015f logo) sipari\u015f verdi. Yumu\u015fak kare \u015fekli, misafirlerin &#039;inin \u00e7a\u011fda\u015f g\u00f6r\u00fcn\u00fcm\u00fcn\u00fc \u00f6vmesiyle b\u00fcy\u00fck bir ba\u015far\u0131 sa\u011flad\u0131. Kal\u0131n taban\u0131, nakliye s\u0131ras\u0131nda hasar\u0131 ,9 oran\u0131nda en aza indirdi. Otel o kadar memnun kald\u0131 ki, iki y\u0131l i\u00e7inde t\u00fcm otellerine yetecek kadar 200.000 adet daha sipari\u015f verdi.<\/p>\n<h2>Kare Cam Mum Kavanozunun Ki\u015fiselle\u015ftirilmesi<\/h2>\n<ul>\n<li>Cam Renkleri: \u015eeffaf, f\u00fcme gri, kehribar veya yumu\u015fak pastel renklerde mevcuttur.<\/li>\n<li>Lazerle Kaz\u0131ma: Kavanozun alt k\u0131sm\u0131na parti numaralar\u0131, geri d\u00f6n\u00fc\u015f\u00fcm i\u015faretleri veya dekoratif \u00e7izgiler kaz\u0131y\u0131n.<\/li>\n<li>Metal Kenar S\u00fcslemesi: Kavanozun kenar\u0131na ince bir metal \u00e7izgi ile \u015f\u0131kl\u0131k kat\u0131lm\u0131\u015ft\u0131r.<\/li>\n<li>\u00d6zel Kapaklar: \u00dcr\u00fcn\u00fcn g\u00f6r\u00fcn\u00fcm\u00fcn\u00fc tamamlamak i\u00e7in k\u00fc\u00e7\u00fck, kare, ah\u015fap veya metal bir kapak kullan\u0131n.<\/li>\n<\/ul>","protected":false},"excerpt":{"rendered":"<p>Zarif kare cam mumluklar, tealight mumlar ve dekoratif kullan\u0131m i\u00e7in \u015f\u0131k mumluklar olarak tasarlanm\u0131\u015ft\u0131r. Markan\u0131z\u0131n ihtiya\u00e7lar\u0131n\u0131 kar\u015f\u0131lamak i\u00e7in \u00f6zelle\u015ftirme hizmetleri sunuyoruz.<\/p>","protected":false},"featured_media":5369,"template":"","meta":{"postBodyCss":"","postBodyMargin":[],"postBodyPadding":[],"postBodyBackground":{"backgroundType":"classic","gradient":""}},"product_brand":[],"product_cat":[15,82,17],"product_tag":[],"class_list":{"0":"post-5365","1":"product","2":"type-product","3":"status-publish","4":"has-post-thumbnail","6":"product_cat-glass-containers","7":"product_cat-candle-jars","8":"product_cat-glass-jars","10":"first","11":"instock","12":"shipping-taxable","13":"product-type-simple"},"jetpack_sharing_enabled":true,"_links":{"self":[{"href":"https:\/\/minghanggroup.com\/tr\/wp-json\/wp\/v2\/product\/5365","targetHints":{"allow":["GET"]}}],"collection":[{"href":"https:\/\/minghanggroup.com\/tr\/wp-json\/wp\/v2\/product"}],"about":[{"href":"https:\/\/minghanggroup.com\/tr\/wp-json\/wp\/v2\/types\/product"}],"wp:featuredmedia":[{"embeddable":true,"href":"https:\/\/minghanggroup.com\/tr\/wp-json\/wp\/v2\/media\/5369"}],"wp:attachment":[{"href":"https:\/\/minghanggroup.com\/tr\/wp-json\/wp\/v2\/media?parent=5365"}],"wp:term":[{"taxonomy":"product_brand","embeddable":true,"href":"https:\/\/minghanggroup.com\/tr\/wp-json\/wp\/v2\/product_brand?post=5365"},{"taxonomy":"product_cat","embeddable":true,"href":"https:\/\/minghanggroup.com\/tr\/wp-json\/wp\/v2\/product_cat?post=5365"},{"taxonomy":"product_tag","embeddable":true,"href":"https:\/\/minghanggroup.com\/tr\/wp-json\/wp\/v2\/product_tag?post=5365"}],"curies":[{"name":"wp","href":"https:\/\/api.w.org\/{rel}","templated":true}]}}