{"id":5355,"date":"2026-01-28T09:18:29","date_gmt":"2026-01-28T01:18:29","guid":{"rendered":"https:\/\/minghanggroup.com\/?post_type=product&#038;p=5355"},"modified":"2026-01-28T16:42:30","modified_gmt":"2026-01-28T08:42:30","slug":"star-shaped-glass-tealight-candle-holders-bulk","status":"publish","type":"product","link":"https:\/\/minghanggroup.com\/tr\/urun\/star-shaped-glass-tealight-candle-holders-bulk\/","title":{"rendered":"Y\u0131ld\u0131z \u015eeklinde Cam Tealight Mumluklar (Toptan)"},"content":{"rendered":"<p>Bunlar y\u0131ld\u0131z \u015feklinde tealight mumluklard\u0131r. Vintage tarz\u0131 be\u015f k\u00f6\u015feli y\u0131ld\u0131zlar \u015feffaf camdan yap\u0131lm\u0131\u015ft\u0131r ve ortalar\u0131nda mum \u0131\u015f\u0131\u011f\u0131n\u0131 hafif\u00e7e hapsedip da\u011f\u0131tan s\u0131\u011f bir oyuk bulunur, bu da ho\u015f bir etki yarat\u0131r.<\/p>\n<h2>\u00dcr\u00fcn \u00d6zellikleri<\/h2>\n<ul>\n<li><strong>Klasik Be\u015f K\u00f6\u015feli Y\u0131ld\u0131z Deseni:<\/strong> Be\u015f k\u00f6\u015feli y\u0131ld\u0131z sembol\u00fc, \u015fekliyle \u015fenlikli ve g\u00f6ze ho\u015f gelen bir sembold\u00fcr.<\/li>\n<li><strong>S\u0131\u011f Kupa Yap\u0131s\u0131:<\/strong> Bu tip yap\u0131lar\u0131n ortas\u0131nda, standart boyutlarda \u00e7ay mumlar\u0131n\u0131n yerle\u015ftirildi\u011fi bir kap bulunur ve mumlar hemen kullan\u0131labilir.<\/li>\n<li><strong>Sa\u011flam Temel:<\/strong> Taban\u0131n tasar\u0131m\u0131, be\u015f k\u00f6\u015feli y\u0131ld\u0131z\u0131n d\u00fc\u015fmesini \u00f6nlemek i\u00e7in herhangi bir y\u00fczeye saplanabilmesini sa\u011flayacak \u015fekilde yap\u0131lm\u0131\u015ft\u0131r.<\/li>\n<\/ul>\n<h2 style=\"text-align: left;\">Temel \u00d6zellikler<\/h2>\n<table class=\"aligncenter\" style=\"border-collapse: collapse; width: 392.27pt;\" border=\"0\" width=\"523\" cellspacing=\"0\" cellpadding=\"0\">\n<tbody>\n<tr style=\"height: 13.50pt;\">\n<td style=\"height: 13.50pt; width: 120.75pt;\" width=\"161\" height=\"18\">\u015eartname<\/td>\n<td style=\"width: 271.50pt;\" width=\"362\">Detaylar<\/td>\n<\/tr>\n<tr style=\"height: 13.50pt;\">\n<td style=\"height: 13.50pt;\" height=\"18\">Boyutlar<\/td>\n<td>77\u00d721 mm<\/td>\n<\/tr>\n<tr style=\"height: 13.50pt;\">\n<td style=\"height: 13.50pt;\" height=\"18\">Malzeme<\/td>\n<td>\u015eeffaf Cam<\/td>\n<\/tr>\n<tr style=\"height: 13.50pt;\">\n<td style=\"height: 13.50pt;\" height=\"18\">Tutucu \u015eekli<\/td>\n<td>Ortas\u0131nda girintili kupa bulunan be\u015f k\u00f6\u015feli y\u0131ld\u0131z<\/td>\n<\/tr>\n<tr style=\"height: 13.50pt;\">\n<td style=\"height: 13.50pt;\" height=\"18\">\u00d6zelle\u015ftirme Kapsam\u0131<\/td>\n<td>Boyut, Renk, Y\u00fczey \u0130\u015flemi, Kenar Detayland\u0131rmas\u0131<\/td>\n<\/tr>\n<tr style=\"height: 13.50pt;\">\n<td style=\"height: 13.50pt;\" height=\"18\">\u0130\u015f\u00e7ilik<\/td>\n<td>Detayl\u0131 Y\u0131ld\u0131z \u015eekli \u0130\u00e7in Preslenmi\u015f Cam Kal\u0131plama<\/td>\n<\/tr>\n<tr style=\"height: 13.50pt;\">\n<td style=\"height: 13.50pt;\" height=\"18\">\u00dcr\u00fcn Amac\u0131<\/td>\n<td>Tealight Mumluklar, Toplu Cam Mumluklar<\/td>\n<\/tr>\n<tr style=\"height: 13.50pt;\">\n<td style=\"height: 13.50pt;\" height=\"18\">Uygun Sekt\u00f6rler<\/td>\n<td>Etkinlik\/D\u00fc\u011f\u00fcn Organizat\u00f6rleri, Ev Dekorasyon Markalar\u0131<\/td>\n<\/tr>\n<\/tbody>\n<\/table>\n<h2>Ba\u015far\u0131 \u00d6yk\u00fcs\u00fc: Ulusal Ev Dekorasyon Zinciri Tatil Serisi<\/h2>\n<p>Y\u0131ld\u0131z \u015feklindeki \u00e7ay mumluklar\u0131m\u0131z, \u00fclkenin \u00f6nde gelen ev dekorasyon \u015firketlerinden biri taraf\u0131ndan sipari\u015f edildi ve y\u0131ld\u0131z\u0131n u\u00e7lar\u0131ndaki a\u00e7\u0131k alt\u0131n kaplama de\u011fi\u015ftirildi. Tasar\u0131m piyasaya s\u00fcr\u00fcld\u00fc\u011f\u00fc anda en \u00e7ok satanlar aras\u0131na girdi ve tatil dekorasyonu kategorisinde 0&#039;l\u00fck bir sat\u0131\u015f oran\u0131na ula\u015ft\u0131. 21 mm kal\u0131nl\u0131\u011f\u0131nda d\u00fcz yap\u0131s\u0131 sayesinde kolayca istiflenebilir ve lojistik maliyetinde &#039;lik bir indirimle ta\u015f\u0131nabilir. Zincir ma\u011faza, \u00fcr\u00fcn\u00fcn sat\u0131\u015f seviyesinden memnun kalarak, bir sonraki tatil sezonunda satmak \u00fczere 600.000 adet daha sipari\u015f verdi.<\/p>\n<h2>Cam Mumluklar\u0131n Ki\u015fiselle\u015ftirilmesi<\/h2>\n<ul>\n<li>Buzlu veya Simli Kaplama: Parlak bir g\u00f6r\u00fcn\u00fcm i\u00e7in buzlu bir kaplama veya az miktarda sim se\u00e7in.<\/li>\n<li>Metal Kaplama: Y\u0131ld\u0131z\u0131n u\u00e7lar\u0131na, kenarlar\u0131na veya tamam\u0131na alt\u0131n, g\u00fcm\u00fc\u015f veya bak\u0131r kaplama yap\u0131labilir.<\/li>\n<li>Lazerle Grav\u00fcr: Burada minyat\u00fcr tak\u0131my\u0131ld\u0131z desenleri, alfabetik harf kombinasyonlar\u0131 veya y\u0131llar herhangi bir d\u00fcz y\u00fczeye kaz\u0131nabilir.<\/li>\n<li>Boyut Varyasyonlar\u0131: Farkl\u0131 boyutlarda (k\u00fc\u00e7\u00fck, orta, b\u00fcy\u00fck) y\u0131ld\u0131zlardan olu\u015fan bir koleksiyon haz\u0131rlay\u0131n.<\/li>\n<\/ul>","protected":false},"excerpt":{"rendered":"<p>Keskin kenarl\u0131 ve s\u0131\u011f \u00e7anak tasar\u0131ml\u0131, \u015feffaf y\u0131ld\u0131z \u015feklinde cam mumluklar. \u015eenlikli dekorasyon ve k\u00fc\u00e7\u00fck mumlar i\u00e7in idealdir. Do\u011frudan fabrika tedari\u011fi.<\/p>","protected":false},"featured_media":5363,"template":"","meta":{"postBodyCss":"","postBodyMargin":[],"postBodyPadding":[],"postBodyBackground":{"backgroundType":"classic","gradient":""}},"product_brand":[],"product_cat":[15,82,17],"product_tag":[],"class_list":{"0":"post-5355","1":"product","2":"type-product","3":"status-publish","4":"has-post-thumbnail","6":"product_cat-glass-containers","7":"product_cat-candle-jars","8":"product_cat-glass-jars","10":"first","11":"instock","12":"shipping-taxable","13":"product-type-simple"},"jetpack_sharing_enabled":true,"_links":{"self":[{"href":"https:\/\/minghanggroup.com\/tr\/wp-json\/wp\/v2\/product\/5355","targetHints":{"allow":["GET"]}}],"collection":[{"href":"https:\/\/minghanggroup.com\/tr\/wp-json\/wp\/v2\/product"}],"about":[{"href":"https:\/\/minghanggroup.com\/tr\/wp-json\/wp\/v2\/types\/product"}],"wp:featuredmedia":[{"embeddable":true,"href":"https:\/\/minghanggroup.com\/tr\/wp-json\/wp\/v2\/media\/5363"}],"wp:attachment":[{"href":"https:\/\/minghanggroup.com\/tr\/wp-json\/wp\/v2\/media?parent=5355"}],"wp:term":[{"taxonomy":"product_brand","embeddable":true,"href":"https:\/\/minghanggroup.com\/tr\/wp-json\/wp\/v2\/product_brand?post=5355"},{"taxonomy":"product_cat","embeddable":true,"href":"https:\/\/minghanggroup.com\/tr\/wp-json\/wp\/v2\/product_cat?post=5355"},{"taxonomy":"product_tag","embeddable":true,"href":"https:\/\/minghanggroup.com\/tr\/wp-json\/wp\/v2\/product_tag?post=5355"}],"curies":[{"name":"wp","href":"https:\/\/api.w.org\/{rel}","templated":true}]}}