{"id":5349,"date":"2026-01-28T15:06:31","date_gmt":"2026-01-28T07:06:31","guid":{"rendered":"https:\/\/minghanggroup.com\/?post_type=product&#038;p=5349"},"modified":"2026-01-28T15:06:33","modified_gmt":"2026-01-28T07:06:33","slug":"clear-glass-candle-jars-with-lids-wholesale","status":"publish","type":"product","link":"https:\/\/minghanggroup.com\/tr\/urun\/clear-glass-candle-jars-with-lids-wholesale\/","title":{"rendered":"135 ml \u015eeffaf Cam Kapakl\u0131 Mum Kavanozlar\u0131 Toptan Sat\u0131\u015f"},"content":{"rendered":"<p>\u00dcr\u00fcnlerinizi koruyacak ve m\u00fc\u015fterilerinizin sayfay\u0131 kayd\u0131r\u0131rken duraklamas\u0131na neden olacak kapakl\u0131 cam mumluklara toptan ihtiyac\u0131n\u0131z var. \u0130\u015fte bu y\u00fczden, g\u00fcvenlik, stil ve raf \u00e7ekicili\u011fi i\u00e7in tasarlanm\u0131\u015f, kristal berrakl\u0131\u011f\u0131nda camdan \u00e7ok y\u00f6nl\u00fc mumluklar \u00fcrettik. Do\u011frudan cam ambalaj \u00fcreticiniz olarak, basit kaplar\u0131, m\u00fc\u015fterilerinizin alev s\u00f6nd\u00fckten \u00e7ok sonra bile saklayaca\u011f\u0131 l\u00fcks mumluklara d\u00f6n\u00fc\u015ft\u00fcr\u00fcyoruz.<\/p>\n<h2>\u00dcr\u00fcn \u00d6zellikleri<\/h2>\n<ul>\n<li><strong>Ultra, sade silindirik tasar\u0131m:<\/strong> Tasar\u0131m \u00e7ok sade, d\u00fczg\u00fcn ve derli toplu, oranlar\u0131 \u00e7ok uyumlu; modern, \u0130skandinav, minimalist ve \u00fcst d\u00fczey parf\u00fcm markalar\u0131na \u00e7ok yak\u0131\u015fabilir.<\/li>\n<li><strong>Y\u00fcksek \u015feffafl\u0131\u011fa sahip cam malzeme:<\/strong> Cam\u0131n i\u00e7inden mumun rengi ve yanma hali net bir \u015fekilde g\u00f6r\u00fclebiliyor, bu da \u00fcr\u00fcn\u00fcn &#034;safl\u0131\u011f\u0131&#034; kavram\u0131n\u0131 ve sergilemenin genel \u00e7ekicili\u011fini peki\u015ftiriyor.<\/li>\n<li><strong>Ki\u015fiselle\u015ftirme i\u00e7in harika:<\/strong> \u015eeffaf kap, serigrafi bask\u0131, etiketleme, s\u0131cak bask\u0131 veya farkl\u0131 bir malzemeden yap\u0131lm\u0131\u015f kapakla birle\u015ftirme gibi her t\u00fcrl\u00fc sonradan \u00f6zelle\u015ftirme i\u00e7in son derece uygundur.<\/li>\n<\/ul>\n<h2>Temel \u00d6zellikler<\/h2>\n<table style=\"border-collapse: collapse; width: 80%; margin-left: auto; margin-right: auto;\" border=\"0\" width=\"144\" cellspacing=\"0\" cellpadding=\"0\">\n<tbody>\n<tr style=\"height: 13.50pt;\">\n<td style=\"height: 13.5pt; width: 54pt; text-align: center;\" width=\"72\" height=\"18\">\u00d6zellik<\/td>\n<td style=\"width: 54pt; text-align: center;\" width=\"72\">\u015eartname<\/td>\n<\/tr>\n<tr style=\"height: 13.50pt;\">\n<td style=\"height: 13.5pt; text-align: center;\" height=\"18\">Kapasite<\/td>\n<td style=\"text-align: center;\">135 ml<\/td>\n<\/tr>\n<tr style=\"height: 13.50pt;\">\n<td style=\"height: 13.5pt; text-align: center;\" height=\"18\">Boyutlar<\/td>\n<td style=\"text-align: center;\">60 \u00d7 46 \u00d7 85 mm<\/td>\n<\/tr>\n<tr style=\"height: 13.50pt;\">\n<td style=\"height: 13.5pt; text-align: center;\" height=\"18\">Kapak Uyumlulu\u011fu<\/td>\n<td style=\"text-align: center;\">Ah\u015fap veya Metal Kapaklar<\/td>\n<\/tr>\n<tr style=\"height: 13.50pt;\">\n<td style=\"height: 13.5pt; text-align: center;\" height=\"18\">Malzeme<\/td>\n<td style=\"text-align: center;\">Kristal cam<\/td>\n<\/tr>\n<tr style=\"height: 13.50pt;\">\n<td style=\"height: 13.5pt; text-align: center;\" height=\"18\">Renk<\/td>\n<td style=\"text-align: center;\">Temizle veya \u00f6zel<\/td>\n<\/tr>\n<\/tbody>\n<\/table>\n<h2>Ba\u015far\u0131 \u00d6rne\u011fi<\/h2>\n<p>Kuzey Avrupa&#039;dan k\u00fc\u00e7\u00fck bir ev kokusu markas\u0131, yeni koleksiyonlar\u0131n\u0131 piyasaya s\u00fcrmek i\u00e7in \u015feffaf cam mumluklar\u0131m\u0131z\u0131 tercih etti ve bunlar\u0131 ki\u015fiselle\u015ftirdi: \u015feffaf cam yerine, buzlu bir y\u00fczeye sahip kehribar rengi cam kulland\u0131lar, tabana yak\u0131n bir yere zarif bir marka logosu kabartmas\u0131 yapt\u0131lar ve markalar\u0131n\u0131 g\u00f6rsel olarak iletmek i\u00e7in minimalist bir serigrafi bask\u0131 tasar\u0131m\u0131 eklediler.<\/p>\n<p>Sonu\u00e7 olarak, yeniden sat\u0131n alma oranlar\u0131 artt\u0131 ve marka iki \u00e7eyrekte toptan sipari\u015flerde &#039;lik bir art\u0131\u015f ya\u015fad\u0131. Bu \u00f6zel tasar\u0131m mum kavanozlar\u0131 art\u0131k d\u00fczenli ambalajlar\u0131 haline geldi ve birka\u00e7 \u00fcretim d\u00f6ng\u00fcs\u00fc boyunca b\u00fcy\u00fck hacimli sipari\u015fler almaya devam ettiler.<\/p>\n<h2>\u00d6zelle\u015ftirme \u0130pu\u00e7lar\u0131n\u0131z<\/h2>\n<ol>\n<li><strong>\u015ei\u015fe Kapa\u011f\u0131 Malzeme Se\u00e7enekleri:<\/strong> Mumluklara \u015f\u0131kl\u0131k ve l\u00fcks katmak i\u00e7in do\u011fal mermer, mantar veya deri kapl\u0131 \u015fi\u015fe kapaklar\u0131 aras\u0131ndan se\u00e7im yap\u0131n ve b\u00f6ylece kullan\u0131c\u0131n\u0131n benzersiz bir imzas\u0131n\u0131 yarat\u0131n.<\/li>\n<li><strong>K\u0131smen Buzlu Grav\u00fcr:<\/strong> Kupa \u00fczerine isim, tarih veya \u015fiirsel bir dize kaz\u0131mak i\u00e7in kumlama teknolojisi kullan\u0131l\u0131r. Buzlu ve \u015feffaf cam y\u00fczeylerin birle\u015fimiyle hediye, \u00f6nemli \u00f6l\u00e7\u00fcde daha \u00e7ekici hale gelir.<\/li>\n<li><strong>Mevsimsel Gradyan Tonlama:<\/strong> Basit bir istekle, degrade bir efekt (\u00f6rne\u011fin, her mevsim ye\u015filinden k\u0131\u015f i\u00e7in \u015feffafa) olu\u015fturulabilir. Ayn\u0131 tip kavanoz, her koleksiyonda tamamen yeni bir duygu yarat\u0131r.<\/li>\n<\/ol>","protected":false},"excerpt":{"rendered":"<p>Kokulu mumlar i\u00e7in ideal, \u015feffaf camdan yap\u0131lm\u0131\u015f mum kaplar\u0131. Kapakl\u0131 cam mum kavanozlar\u0131 toptan olarak, \u00fccretsiz numuneler ve toplu sipari\u015flerde \u00f6zelle\u015ftirme se\u00e7enekleriyle mevcuttur.<\/p>","protected":false},"featured_media":5353,"template":"","meta":{"postBodyCss":"","postBodyMargin":[],"postBodyPadding":[],"postBodyBackground":{"backgroundType":"classic","gradient":""}},"product_brand":[],"product_cat":[15,82,17],"product_tag":[],"class_list":{"0":"post-5349","1":"product","2":"type-product","3":"status-publish","4":"has-post-thumbnail","6":"product_cat-glass-containers","7":"product_cat-candle-jars","8":"product_cat-glass-jars","10":"first","11":"instock","12":"shipping-taxable","13":"product-type-simple"},"jetpack_sharing_enabled":true,"_links":{"self":[{"href":"https:\/\/minghanggroup.com\/tr\/wp-json\/wp\/v2\/product\/5349","targetHints":{"allow":["GET"]}}],"collection":[{"href":"https:\/\/minghanggroup.com\/tr\/wp-json\/wp\/v2\/product"}],"about":[{"href":"https:\/\/minghanggroup.com\/tr\/wp-json\/wp\/v2\/types\/product"}],"wp:featuredmedia":[{"embeddable":true,"href":"https:\/\/minghanggroup.com\/tr\/wp-json\/wp\/v2\/media\/5353"}],"wp:attachment":[{"href":"https:\/\/minghanggroup.com\/tr\/wp-json\/wp\/v2\/media?parent=5349"}],"wp:term":[{"taxonomy":"product_brand","embeddable":true,"href":"https:\/\/minghanggroup.com\/tr\/wp-json\/wp\/v2\/product_brand?post=5349"},{"taxonomy":"product_cat","embeddable":true,"href":"https:\/\/minghanggroup.com\/tr\/wp-json\/wp\/v2\/product_cat?post=5349"},{"taxonomy":"product_tag","embeddable":true,"href":"https:\/\/minghanggroup.com\/tr\/wp-json\/wp\/v2\/product_tag?post=5349"}],"curies":[{"name":"wp","href":"https:\/\/api.w.org\/{rel}","templated":true}]}}