{"id":5339,"date":"2026-01-27T14:32:30","date_gmt":"2026-01-27T06:32:30","guid":{"rendered":"https:\/\/minghanggroup.com\/?post_type=product&#038;p=5339"},"modified":"2026-01-27T15:57:43","modified_gmt":"2026-01-27T07:57:43","slug":"tall-clear-carved-glass-candle-holders-bulk","status":"publish","type":"product","link":"https:\/\/minghanggroup.com\/tr\/urun\/tall-clear-carved-glass-candle-holders-bulk\/","title":{"rendered":"Uzun \u015eeffaf Oyma Cam Mumluklar (Toptan)"},"content":{"rendered":"<p>Bunlar, son derece g\u00fczel i\u015flenmi\u015f cam mumluklard\u0131r. \u00dcst k\u0131sm\u0131, mumu tutmak i\u00e7in elmas \u015feklinde kesilmi\u015f fincan bi\u00e7imli bir tasar\u0131ma sahiptir. Yuvarlak olan ana s\u00fctun daha \u00e7ok dekoratif ama\u00e7l\u0131d\u0131r ve geni\u015f taban\u0131 ve d\u0131\u015fa do\u011fru a\u00e7\u0131lan alt k\u0131sm\u0131 dengede durmas\u0131na yard\u0131mc\u0131 olur.<\/p>\n<h2>\u00dcr\u00fcn \u00d6zellikleri<\/h2>\n<ul>\n<li><strong>Klasik Elmas Kesim:<\/strong> Barda\u011f\u0131n, sap\u0131n ve taban\u0131n \u00fczerinde k\u00fc\u00e7\u00fck elmas desenleri ve radyal desenler yer alarak g\u00f6z al\u0131c\u0131 bir g\u00f6r\u00fcn\u00fcm kazand\u0131r\u0131lm\u0131\u015ft\u0131r.<\/li>\n<li><strong>Uzun Mumluk Tasar\u0131m\u0131:<\/strong> Uzun ve \u00e7ok katl\u0131 tasar\u0131m\u0131n ek bir avantaj\u0131 da, mum alevine g\u00f6rsel bir vurgu yapmas\u0131d\u0131r; ayr\u0131ca alevin masaya temas etmesine gerek kalmad\u0131\u011f\u0131 i\u00e7in g\u00fcvenlik a\u00e7\u0131s\u0131ndan da avantajl\u0131d\u0131r.<\/li>\n<li><strong>Geni\u015f ve A\u00e7\u0131lm\u0131\u015f Taban:<\/strong> Taban\u0131 geni\u015f ve sa\u011flam, uzun mumlar\u0131 bile inan\u0131lmaz derecede dengeli bir \u015fekilde ta\u015f\u0131yabiliyor.<\/li>\n<\/ul>\n<h2 style=\"text-align: left;\">Temel \u00d6zellikler<\/h2>\n<table class=\"aligncenter\" style=\"border-collapse: collapse; width: 409.52pt;\" border=\"0\" width=\"546\" cellspacing=\"0\" cellpadding=\"0\">\n<tbody>\n<tr style=\"height: 13.50pt;\">\n<td style=\"height: 13.50pt; width: 117.75pt;\" width=\"157\" height=\"18\">\u015eartname<\/td>\n<td style=\"width: 291.75pt;\" width=\"389\">Detaylar<\/td>\n<\/tr>\n<tr style=\"height: 13.50pt;\">\n<td style=\"height: 13.50pt;\" height=\"18\">Boyutlar<\/td>\n<td>35\u00d779\u00d710 mm<\/td>\n<\/tr>\n<tr style=\"height: 13.50pt;\">\n<td style=\"height: 13.50pt;\" height=\"18\">Malzeme<\/td>\n<td>A\u011f\u0131r, \u015eeffaf Kesim Cam<\/td>\n<\/tr>\n<tr style=\"height: 13.50pt;\">\n<td style=\"height: 13.50pt;\" height=\"18\">\u00d6zelle\u015ftirme Kapsam\u0131<\/td>\n<td>Renk, Kesim Deseni, Boyut, \u015eekil<\/td>\n<\/tr>\n<tr style=\"height: 13.50pt;\">\n<td style=\"height: 13.50pt;\" height=\"18\">\u0130\u015f\u00e7ilik<\/td>\n<td>Karma\u015f\u0131k Cam Presleme ve Kesme<\/td>\n<\/tr>\n<tr style=\"height: 13.50pt;\">\n<td style=\"height: 13.50pt;\" height=\"18\">\u00dcr\u00fcn Amac\u0131<\/td>\n<td>L\u00fcks Mumluklar, Toplu Cam Mumluklar<\/td>\n<\/tr>\n<tr style=\"height: 13.50pt;\">\n<td style=\"height: 13.50pt;\" height=\"18\">Uygun Sekt\u00f6rler<\/td>\n<td>D\u00fc\u011f\u00fcn\/Etkinlik Planlay\u0131c\u0131lar\u0131, Mum Markalar\u0131<\/td>\n<\/tr>\n<\/tbody>\n<\/table>\n<h2>Ba\u015far\u0131 \u00d6yk\u00fcs\u00fc: Avrupa&#039;da L\u00fcks Bir Otel ve Etkinlik Mekan\u0131<\/h2>\n<p>Avrupa&#039;daki etkinlik planlama firmalar\u0131ndan biri, \u00fcst d\u00fczey bir d\u00fc\u011f\u00fcne uygun, \u00f6zel tasar\u0131m bir mumluk istedi. Sipari\u015f \u00fczerine \u00fcretilen, a\u00e7\u0131k kehribar renginde ve alt\u0131n kaplama kenarl\u0131 cam mumluklar\u0131m\u0131z\u0131 tercih ettiler. Bu mumluklar, y\u00fcksek de\u011ferli d\u00fc\u011f\u00fcn paketlerinin &#039;ine dahil ettikleri birinci s\u0131n\u0131f masa sunumlar\u0131n\u0131n merkezinde yer ald\u0131. Klasik g\u00f6r\u00fcn\u00fcm, mekan\u0131n mimarisiyle m\u00fckemmel bir uyum sa\u011flad\u0131 ve m\u00fc\u015fteriler aras\u0131nda &#039;lik bir memnuniyet oran\u0131na ula\u015f\u0131lmas\u0131n\u0131 sa\u011flad\u0131. \u015eirket son derece memnun kald\u0131 ve bu nedenle 100.000 adet daha cam mumluk sipari\u015fi verdi.<\/p>\n<h2>Cam Mumluklar Toplu Sipari\u015f \u00d6zelle\u015ftirme<\/h2>\n<ul>\n<li>Desenler: Barda\u011f\u0131n, sap\u0131n veya taban\u0131n \u00f6zel kesim desenleri (\u00f6rne\u011fin, y\u0131ld\u0131z, \u00e7ilek, elmas).<\/li>\n<li>Metal kaplama: En ince kesim \u00e7izgileri alt\u0131n, g\u00fcm\u00fc\u015f veya platin folyo ile s\u00fcslenir.<\/li>\n<li>Vitray kakma: \u00d6zel bir i\u015flem kullan\u0131larak doldurulmu\u015f kesik desenlere renkli emaye yerle\u015ftirilir.<\/li>\n<li>\u00d6zel y\u00fckseklik \/ oran: Barda\u011f\u0131n, sap\u0131n ve taban\u0131n genel y\u00fcksekli\u011fini veya oran\u0131n\u0131 de\u011fi\u015ftirin.<\/li>\n<\/ul>","protected":false},"excerpt":{"rendered":"<p>Elmas kesimli ve \u0131\u015f\u0131lt\u0131l\u0131 tabanl\u0131, l\u00fcks sunumlar i\u00e7in uygun dekoratif cam mumluklar. Dayan\u0131kl\u0131 cam mumluklar toptan olarak sunulmaktad\u0131r.<\/p>","protected":false},"featured_media":5348,"template":"","meta":{"postBodyCss":"","postBodyMargin":[],"postBodyPadding":[],"postBodyBackground":{"backgroundType":"classic","gradient":""}},"product_brand":[],"product_cat":[15,82,17],"product_tag":[],"class_list":{"0":"post-5339","1":"product","2":"type-product","3":"status-publish","4":"has-post-thumbnail","6":"product_cat-glass-containers","7":"product_cat-candle-jars","8":"product_cat-glass-jars","10":"first","11":"instock","12":"shipping-taxable","13":"product-type-simple"},"jetpack_sharing_enabled":true,"_links":{"self":[{"href":"https:\/\/minghanggroup.com\/tr\/wp-json\/wp\/v2\/product\/5339","targetHints":{"allow":["GET"]}}],"collection":[{"href":"https:\/\/minghanggroup.com\/tr\/wp-json\/wp\/v2\/product"}],"about":[{"href":"https:\/\/minghanggroup.com\/tr\/wp-json\/wp\/v2\/types\/product"}],"wp:featuredmedia":[{"embeddable":true,"href":"https:\/\/minghanggroup.com\/tr\/wp-json\/wp\/v2\/media\/5348"}],"wp:attachment":[{"href":"https:\/\/minghanggroup.com\/tr\/wp-json\/wp\/v2\/media?parent=5339"}],"wp:term":[{"taxonomy":"product_brand","embeddable":true,"href":"https:\/\/minghanggroup.com\/tr\/wp-json\/wp\/v2\/product_brand?post=5339"},{"taxonomy":"product_cat","embeddable":true,"href":"https:\/\/minghanggroup.com\/tr\/wp-json\/wp\/v2\/product_cat?post=5339"},{"taxonomy":"product_tag","embeddable":true,"href":"https:\/\/minghanggroup.com\/tr\/wp-json\/wp\/v2\/product_tag?post=5339"}],"curies":[{"name":"wp","href":"https:\/\/api.w.org\/{rel}","templated":true}]}}