{"id":5330,"date":"2026-01-27T13:54:38","date_gmt":"2026-01-27T05:54:38","guid":{"rendered":"https:\/\/minghanggroup.com\/?post_type=product&#038;p=5330"},"modified":"2026-01-27T14:31:44","modified_gmt":"2026-01-27T06:31:44","slug":"clear-empty-square-candle-jars-wholesale","status":"publish","type":"product","link":"https:\/\/minghanggroup.com\/tr\/urun\/clear-empty-square-candle-jars-wholesale\/","title":{"rendered":"80ml \u2013 640ml \u015eeffaf Bo\u015f Kare Mum Kavanozlar\u0131 Toptan Sat\u0131\u015f"},"content":{"rendered":"<p>Bu kare mumluklar sade ve klasik bir tasar\u0131ma sahip olup keskin k\u00f6\u015feleri ve kal\u0131n, sa\u011flam bir taban\u0131 vard\u0131r. \u00c7e\u015fitli boyutlarda mevcuttur.<\/p>\n<h2>\u00dcr\u00fcn \u00d6zellikleri<\/h2>\n<ul>\n<li><strong>Basit K\u00fcp \u015eekli:<\/strong> K\u00fcp deseni evrenseldir ve \u00fcst \u00fcste istiflenerek temiz ve modern bir g\u00f6r\u00fcn\u00fcm elde edilebilir.<\/li>\n<li><strong>Dayan\u0131kl\u0131 Taban:<\/strong> Kavanozlar\u0131n devrilmemesi ve dengede durmas\u0131 i\u00e7in taban\u0131 kal\u0131n yap\u0131lm\u0131\u015ft\u0131r.<\/li>\n<li><strong>\u00c7e\u015fitli Boyutlar:<\/strong> \u00dcr\u00fcn, k\u00fc\u00e7\u00fckten b\u00fcy\u00fc\u011fe, g\u00f6z al\u0131c\u0131 mumlardan olu\u015fan d\u00f6rt farkl\u0131 boyutta sunularak ba\u011f\u0131ms\u0131z bir \u00fcr\u00fcn serisi olu\u015fturuyor.<\/li>\n<\/ul>\n<h2 style=\"text-align: left;\">Temel \u00d6zellikler<\/h2>\n<table class=\"aligncenter\" style=\"border-collapse: collapse; width: 430.52pt;\" border=\"0\" width=\"574\" cellspacing=\"0\" cellpadding=\"0\">\n<tbody>\n<tr style=\"height: 13.50pt;\">\n<td style=\"height: 13.50pt; width: 117.75pt;\" width=\"157\" height=\"18\">\u015eartname<\/td>\n<td style=\"width: 312.75pt;\" width=\"417\">Detaylar<\/td>\n<\/tr>\n<tr style=\"height: 13.50pt;\">\n<td style=\"height: 13.50pt;\" height=\"18\">Boyutlar<\/td>\n<td>52\u00d748\u00d752mm \/ 60\u00d758\u00d760mm \/ 80\u00d775\u00d780mm \/ 100\u00d795\u00d7100mm<\/td>\n<\/tr>\n<tr style=\"height: 13.50pt;\">\n<td style=\"height: 13.50pt;\" height=\"18\">Kapasite<\/td>\n<td>80 ml \/ 120 ml \/ 300 ml \/ 640 ml<\/td>\n<\/tr>\n<tr style=\"height: 13.50pt;\">\n<td style=\"height: 13.50pt;\" height=\"18\">Malzeme<\/td>\n<td>\u015eeffaf Cam<\/td>\n<\/tr>\n<tr style=\"height: 13.50pt;\">\n<td style=\"height: 13.50pt;\" height=\"18\">Kavanoz \u015eekli<\/td>\n<td>K\u00fcp<\/td>\n<\/tr>\n<tr style=\"height: 13.50pt;\">\n<td style=\"height: 13.50pt;\" height=\"18\">\u00d6zelle\u015ftirme Kapsam\u0131<\/td>\n<td>Renk, \u015eekil, Boyut, Kapaklar<\/td>\n<\/tr>\n<tr style=\"height: 13.50pt;\">\n<td style=\"height: 13.50pt;\" height=\"18\">\u0130\u015f\u00e7ilik<\/td>\n<td>Hassas Kare Cam \u015eekillendirme<\/td>\n<\/tr>\n<tr style=\"height: 13.50pt;\">\n<td style=\"height: 13.50pt;\" height=\"18\">\u00dcr\u00fcn Amac\u0131<\/td>\n<td>Eczac\u0131 Mum Kavanozlar\u0131, Dekoratif Kapl\u0131 Mumlar<\/td>\n<\/tr>\n<tr style=\"height: 13.50pt;\">\n<td style=\"height: 13.50pt;\" height=\"18\">Uygun Sekt\u00f6rler<\/td>\n<td>Mum \u00dcreticileri, Ev Dekorasyon Markalar\u0131<\/td>\n<\/tr>\n<\/tbody>\n<\/table>\n<h2>Ba\u015far\u0131 \u00d6yk\u00fcs\u00fc: Orta Bat\u0131 Amerika&#039;dan Bir Mum ve Ev Dekorasyon Markas\u0131<\/h2>\n<p>Amerika Birle\u015fik Devletleri&#039;nin Orta Bat\u0131 b\u00f6lgesinde faaliyet g\u00f6steren bir ev kokusu \u015firketi, 300 ml ve 640 ml boyutlar\u0131nda eczac\u0131 tipi mum kavanozlar\u0131m\u0131z\u0131 sipari\u015f etti ve bunlar\u0131 dumanl\u0131 gri bir ton ve k\u00fc\u00e7\u00fck serigrafi bask\u0131l\u0131 etiketlerle \u00f6zelle\u015ftirdi. Kare formu ve d\u00fczg\u00fcn \u015fekli, rafta iyi bir etki yaratarak ma\u011faza i\u00e7i sat\u0131\u015flarda &#039;l\u0131k bir art\u0131\u015fa yol a\u00e7t\u0131. A\u011f\u0131r taban, stabilite sa\u011flayarak nakliye s\u0131ras\u0131nda hasar iddialar\u0131n\u0131 oran\u0131nda azaltt\u0131. Markan\u0131n ba\u015far\u0131s\u0131, \u00f6n\u00fcm\u00fczdeki iki y\u0131l i\u00e7inde \u00fcretim talebini kar\u015f\u0131lamak i\u00e7in farkl\u0131 boyutlarda 400.000 adet daha cam kavanoz sipari\u015fi verilmesine yol a\u00e7t\u0131.<\/p>\n<h2>Kare Mum Kavanozlar\u0131 \u00d6zelle\u015ftirme<\/h2>\n<ul>\n<li>Bask\u0131l\u0131 Logo\/Kapasite: Cam kavanozun yan taraf\u0131na k\u00fc\u00e7\u00fck, kabartmal\u0131 bir logo veya kapasite i\u015fareti i\u015fleyin.<\/li>\n<li>\u00d6zel Kapaklar: Kare ah\u015fap, metal veya mantar kapaklarla m\u00fckemmel uyum sa\u011flayacak \u00f6zel bir kapak olu\u015fturun.<\/li>\n<li>\u0130ki Tonlu Cam: iki renkli veya \u015feffafl\u0131k i\u015flemi.<\/li>\n<li>Yuvarlak kenarl\u0131 versiyonlar: K\u00f6\u015feleri biraz daha yuvarlak olarak da temin edilebilirler.<\/li>\n<\/ul>","protected":false},"excerpt":{"rendered":"<p>Kal\u0131n tabanl\u0131, \u015feffaf kare tasar\u0131ml\u0131 minimalist eczac\u0131 mumluklar\u0131, kokulu mumlar ve dekorasyon i\u00e7in m\u00fckemmeldir. \u00dccretsiz numunelerle birlikte sunulan birinci s\u0131n\u0131f kare mumluklar.<\/p>","protected":false},"featured_media":5334,"template":"","meta":{"postBodyCss":"","postBodyMargin":[],"postBodyPadding":[],"postBodyBackground":{"backgroundType":"classic","gradient":""}},"product_brand":[],"product_cat":[15,82,17],"product_tag":[],"class_list":{"0":"post-5330","1":"product","2":"type-product","3":"status-publish","4":"has-post-thumbnail","6":"product_cat-glass-containers","7":"product_cat-candle-jars","8":"product_cat-glass-jars","10":"first","11":"instock","12":"shipping-taxable","13":"product-type-simple"},"jetpack_sharing_enabled":true,"_links":{"self":[{"href":"https:\/\/minghanggroup.com\/tr\/wp-json\/wp\/v2\/product\/5330","targetHints":{"allow":["GET"]}}],"collection":[{"href":"https:\/\/minghanggroup.com\/tr\/wp-json\/wp\/v2\/product"}],"about":[{"href":"https:\/\/minghanggroup.com\/tr\/wp-json\/wp\/v2\/types\/product"}],"wp:featuredmedia":[{"embeddable":true,"href":"https:\/\/minghanggroup.com\/tr\/wp-json\/wp\/v2\/media\/5334"}],"wp:attachment":[{"href":"https:\/\/minghanggroup.com\/tr\/wp-json\/wp\/v2\/media?parent=5330"}],"wp:term":[{"taxonomy":"product_brand","embeddable":true,"href":"https:\/\/minghanggroup.com\/tr\/wp-json\/wp\/v2\/product_brand?post=5330"},{"taxonomy":"product_cat","embeddable":true,"href":"https:\/\/minghanggroup.com\/tr\/wp-json\/wp\/v2\/product_cat?post=5330"},{"taxonomy":"product_tag","embeddable":true,"href":"https:\/\/minghanggroup.com\/tr\/wp-json\/wp\/v2\/product_tag?post=5330"}],"curies":[{"name":"wp","href":"https:\/\/api.w.org\/{rel}","templated":true}]}}