{"id":5329,"date":"2026-01-27T14:38:24","date_gmt":"2026-01-27T06:38:24","guid":{"rendered":"https:\/\/minghanggroup.com\/?post_type=product&#038;p=5329"},"modified":"2026-03-02T15:01:40","modified_gmt":"2026-03-02T07:01:40","slug":"320ml-950ml-classic-clear-glass-candle-jars-with-lids-wholesale","status":"publish","type":"product","link":"https:\/\/minghanggroup.com\/tr\/urun\/320ml-950ml-classic-clear-glass-candle-jars-with-lids-wholesale\/","title":{"rendered":"320 ml \u2013 950 ml Klasik \u015eeffaf Cam Kapakl\u0131 Mum Kavanozlar\u0131 Toptan Sat\u0131\u015f"},"content":{"rendered":"<p>\u00dcr\u00fcnlerinizi koruyan ve m\u00fc\u015fterilerinizi etkileyen kapakl\u0131 mum kavanozlar\u0131na ihtiyac\u0131n\u0131z var. Bu nedenle, g\u00fcvenlik, stil ve raf \u00e7ekicili\u011fi i\u00e7in tasarlanm\u0131\u015f, kristal berrakl\u0131\u011f\u0131nda camdan \u00fcretilmi\u015f kapakl\u0131 mum kavanozlar\u0131n\u0131 toptan olarak sunuyoruz. Do\u011frudan cam ambalaj \u00fcreticiniz olarak, basit kaplar\u0131, m\u00fc\u015fterilerinizin alev s\u00f6nd\u00fckten \u00e7ok sonra bile saklayaca\u011f\u0131 l\u00fcks mum kaplar\u0131na d\u00f6n\u00fc\u015ft\u00fcr\u00fcyoruz.<\/p>\n<h2>\u00dcr\u00fcn \u00d6zellikleri<\/h2>\n<ul>\n<li><strong>Kapak, Haz\u0131r Hassasiyet:<\/strong> Ah\u015fap veya metal kapaklarla her boyutta \u00fcr\u00fcn\u00fc kolayca birle\u015ftirebilirsiniz; \u00fcr\u00fcnleri taze tutun, tozdan koruyun, hediyelerin daha g\u00fczel g\u00f6r\u00fcnmesini sa\u011flay\u0131n.<\/li>\n<li><strong>Kristal Berrakl\u0131\u011f\u0131:<\/strong> Kokulu u\u00e7ucu ya\u011f\u0131n birinci s\u0131n\u0131f camdan nas\u0131l spiral \u015feklinde akt\u0131\u011f\u0131n\u0131 izleyin. Bu\u011fu yok. Sadece saf g\u00f6rsel zevk.<\/li>\n<li><strong>Boyut Spektrumu:<\/strong> 320 ml&#039;lik s\u0131cak ve samimi boyutlardan, g\u00f6z al\u0131c\u0131 690 ml&#039;lik b\u00fcy\u00fck boyutlara kadar her koku hikayesini kapsayan toptan mum kavanozlar\u0131m\u0131zda arad\u0131\u011f\u0131n\u0131z\u0131 bulacaks\u0131n\u0131z.<\/li>\n<\/ul>\n<h2>Temel \u00d6zellikler<\/h2>\n<table style=\"border-collapse: collapse; width: 80%; margin-left: auto; margin-right: auto;\" border=\"0\" width=\"288\" cellspacing=\"0\" cellpadding=\"0\">\n<tbody>\n<tr style=\"height: 13.50pt;\">\n<td style=\"height: 13.5pt; width: 54pt; text-align: center;\" width=\"72\" height=\"18\">Kapasite(ml)<\/td>\n<td style=\"width: 54pt; text-align: center;\" width=\"72\">\u00d6l\u00e7\u00fcler (mm)<\/td>\n<td style=\"width: 54pt; text-align: center;\" width=\"72\">Malzeme<\/td>\n<td style=\"width: 54pt; text-align: center;\" width=\"72\">Renk Se\u00e7enekleri<\/td>\n<\/tr>\n<tr style=\"height: 13.50pt;\">\n<td style=\"height: 13.5pt; text-align: center;\" align=\"right\" height=\"18\">320<\/td>\n<td style=\"text-align: center;\">80 \u00d7 75 \u00d7 100<\/td>\n<td class=\"et2\" style=\"text-align: center;\" rowspan=\"5\">Kristal cam<\/td>\n<td class=\"et2\" style=\"text-align: center;\" rowspan=\"5\">\u015eeffaf\/\u00f6zel<\/td>\n<\/tr>\n<tr style=\"height: 13.50pt;\">\n<td style=\"height: 13.5pt; text-align: center;\" align=\"right\" height=\"18\">410<\/td>\n<td style=\"text-align: center;\">88 \u00d7 83 \u00d7 100<\/td>\n<\/tr>\n<tr style=\"height: 13.50pt;\">\n<td style=\"height: 13.5pt; text-align: center;\" align=\"right\" height=\"18\">430<\/td>\n<td style=\"text-align: center;\">90 \u00d7 85 \u00d7 102<\/td>\n<\/tr>\n<tr style=\"height: 13.50pt;\">\n<td style=\"height: 13.5pt; text-align: center;\" align=\"right\" height=\"18\">550<\/td>\n<td style=\"text-align: center;\">100 \u00d7 94 \u00d7 101<\/td>\n<\/tr>\n<tr style=\"height: 13.50pt;\">\n<td style=\"height: 13.5pt; text-align: center;\" align=\"right\" height=\"18\">690<\/td>\n<td style=\"text-align: center;\">100 \u00d7 92 \u00d7 125<\/td>\n<\/tr>\n<\/tbody>\n<\/table>\n<h2>Ba\u015far\u0131 \u00d6rne\u011fi<\/h2>\n<p>El yap\u0131m\u0131, d\u00f6kme kokulu mumlar konusunda uzmanla\u015fm\u0131\u015f butik bir ev kokusu markas\u0131, yeni koleksiyon lansman\u0131 i\u00e7in \u015feffaf cam mum kavanozlar\u0131m\u0131z\u0131 tercih etti. Kavanozlara yumu\u015fak buzlu bir g\u00f6r\u00fcn\u00fcm, serigrafi bask\u0131l\u0131 geometrik desenler ve tabana yak\u0131n zarif bir \u015fekilde kabart\u0131lm\u0131\u015f marka logosu eklediler. Bu kombinasyon, mum alevinden daha fazla \u0131\u015f\u0131\u011f\u0131n d\u0131\u015far\u0131 \u00e7\u0131kmas\u0131n\u0131 sa\u011flayarak \u00fcr\u00fcn\u00fc m\u00fc\u015fterilerin g\u00f6z\u00fcnde daha l\u00fcks hale getirdi.<\/p>\n<p>Sonu\u00e7 olarak, ma\u011fazada \u00fcr\u00fcnle etkile\u015fim kuran m\u00fc\u015fteri say\u0131s\u0131 \u00f6nemli \u00f6l\u00e7\u00fcde artt\u0131 ve distrib\u00fct\u00f6rlerin yeniden sipari\u015fleri y\u00fckseldi. \u015eirket, bu \u015f\u0131k mum kavanozunu bir\u00e7ok koku serisi i\u00e7in be\u011fendi ve sonraki sezon koleksiyonlar\u0131 i\u00e7in sipari\u015f vermeye devam etti.<\/p>\n<h2>\u00d6zelle\u015ftirme \u0130pu\u00e7lar\u0131n\u0131z<\/h2>\n<ol>\n<li><strong>Katmanl\u0131 Kabartmal\u0131 Markalama:<\/strong> \u015ei\u015fenin alt yar\u0131s\u0131na kabartmal\u0131 bir logo veya marka i\u015fareti yerle\u015ftirilerek, \u015feffaf camdan yap\u0131lm\u0131\u015f \u00fcst yar\u0131s\u0131yla bir kontrast olu\u015fturulur; bu da sadece dokunsal \u00e7ekicili\u011fi art\u0131rmakla kalmaz, ayn\u0131 zamanda premium alg\u0131s\u0131n\u0131 da g\u00fc\u00e7lendirir.<\/li>\n<li><strong>Atmosferik Buzlu Vurgu:<\/strong> Mumun yaln\u0131zca orta veya alt k\u0131sm\u0131na uygulanan s\u0131n\u0131rl\u0131 veya kademeli buzlama, mum yak\u0131ld\u0131\u011f\u0131nda daha yumu\u015fak ve atmosferik bir ayd\u0131nlatma efekti yaratmaya yard\u0131mc\u0131 olur.<\/li>\n<li><strong>Anlat\u0131 \u0130pek, Ekran Sanat\u0131:<\/strong> Parf\u00fcm sembollerinin veya k\u0131sa marka \u00f6yk\u00fcs\u00fc ifadelerinin birka\u00e7 sat\u0131r\u0131, hem \u015fi\u015feyi s\u00fcslemek hem de marka anlat\u0131s\u0131n\u0131 g\u00fc\u00e7lendirmek amac\u0131yla ipek veya serigrafi bask\u0131 y\u00f6ntemiyle olu\u015fturulur.<\/li>\n<\/ol>","protected":false},"excerpt":{"rendered":"<p>Markalar ve toptan al\u0131c\u0131lar i\u00e7in tasarlanm\u0131\u015f, y\u00fcksek \u015feffafl\u0131kta kapakl\u0131 mum kavanozlar\u0131. Fabrikadan do\u011frudan tedarik, toptan kapakl\u0131 mum kavanozlar\u0131, toplu \u00f6zelle\u015ftirme deste\u011fi.<\/p>","protected":false},"featured_media":5338,"template":"","meta":{"postBodyCss":"","postBodyMargin":[],"postBodyPadding":[],"postBodyBackground":{"backgroundType":"classic","gradient":""}},"product_brand":[],"product_cat":[15,82,17],"product_tag":[96],"class_list":{"0":"post-5329","1":"product","2":"type-product","3":"status-publish","4":"has-post-thumbnail","6":"product_cat-glass-containers","7":"product_cat-candle-jars","8":"product_cat-glass-jars","9":"product_tag-whiskey-tumblers","11":"first","12":"instock","13":"shipping-taxable","14":"product-type-simple"},"jetpack_sharing_enabled":true,"_links":{"self":[{"href":"https:\/\/minghanggroup.com\/tr\/wp-json\/wp\/v2\/product\/5329","targetHints":{"allow":["GET"]}}],"collection":[{"href":"https:\/\/minghanggroup.com\/tr\/wp-json\/wp\/v2\/product"}],"about":[{"href":"https:\/\/minghanggroup.com\/tr\/wp-json\/wp\/v2\/types\/product"}],"wp:featuredmedia":[{"embeddable":true,"href":"https:\/\/minghanggroup.com\/tr\/wp-json\/wp\/v2\/media\/5338"}],"wp:attachment":[{"href":"https:\/\/minghanggroup.com\/tr\/wp-json\/wp\/v2\/media?parent=5329"}],"wp:term":[{"taxonomy":"product_brand","embeddable":true,"href":"https:\/\/minghanggroup.com\/tr\/wp-json\/wp\/v2\/product_brand?post=5329"},{"taxonomy":"product_cat","embeddable":true,"href":"https:\/\/minghanggroup.com\/tr\/wp-json\/wp\/v2\/product_cat?post=5329"},{"taxonomy":"product_tag","embeddable":true,"href":"https:\/\/minghanggroup.com\/tr\/wp-json\/wp\/v2\/product_tag?post=5329"}],"curies":[{"name":"wp","href":"https:\/\/api.w.org\/{rel}","templated":true}]}}