{"id":5324,"date":"2026-01-27T11:06:52","date_gmt":"2026-01-27T03:06:52","guid":{"rendered":"https:\/\/minghanggroup.com\/?post_type=product&#038;p=5324"},"modified":"2026-01-27T13:12:05","modified_gmt":"2026-01-27T05:12:05","slug":"round-thick-glass-empty-candle-holder-jars-wholesale","status":"publish","type":"product","link":"https:\/\/minghanggroup.com\/tr\/urun\/round-thick-glass-empty-candle-holder-jars-wholesale\/","title":{"rendered":"Yuvarlak Kal\u0131n Cam Bo\u015f Mumluk Kavanozlar\u0131 Toptan Sat\u0131\u015f\u0131"},"content":{"rendered":"<p>Bu mumluk kavanozlar\u0131, geni\u015f ve d\u00fcz bir a\u00e7\u0131kl\u0131\u011fa sahip yuvarlak \u015fekilli, sade ve \u015f\u0131k bir tasar\u0131ma sahiptir. D\u0131\u015f ve i\u00e7 katmanlar aras\u0131ndaki fark, s\u0131ras\u0131yla d\u0131\u015f katman\u0131 ve i\u00e7 katman\u0131 olu\u015fturan \u00e7ift katman yap\u0131s\u0131d\u0131r; bu da \u00fc\u00e7 boyutlu, basit ve \u00fc\u00e7 boyutlu bir g\u00f6r\u00fcnt\u00fc olu\u015fturur.<\/p>\n<h2>\u00dcr\u00fcn \u00d6zellikleri<\/h2>\n<ul>\n<li><strong>Saf Yar\u0131mk\u00fcre \u015eekli:<\/strong> Yuvarlak ve p\u00fcr\u00fczs\u00fcz formu klasik ve zamana meydan okuyan bir tarzd\u0131r ve t\u00fcm dikkat mumun kendisine odaklanm\u0131\u015ft\u0131r.<\/li>\n<li><strong>Geni\u015f, D\u00fcz A\u00e7\u0131kl\u0131k:<\/strong> Geni\u015f a\u011f\u0131z, mumun daha b\u00fcy\u00fck bir havuz olu\u015fturacak \u015fekilde d\u00f6k\u00fclmesini sa\u011flar ve mumun temiz ve e\u015fit \u015fekilde yanmas\u0131n\u0131 garanti eder.<\/li>\n<li><strong>Dengeli, D\u00fc\u015f\u00fck A\u011f\u0131rl\u0131k Merkezli Taban:<\/strong> Bu taban geni\u015f ve d\u00fcz oldu\u011fundan olduk\u00e7a stabildir ve mumun a\u011f\u0131rl\u0131k merkezini a\u015fa\u011f\u0131ya do\u011fru kayd\u0131r\u0131r.<\/li>\n<\/ul>\n<h2 style=\"text-align: left;\">Temel \u00d6zellikler<\/h2>\n<table class=\"aligncenter\" style=\"border-collapse: collapse; width: 435.77pt;\" border=\"0\" width=\"581\" cellspacing=\"0\" cellpadding=\"0\">\n<tbody>\n<tr style=\"height: 13.50pt;\">\n<td style=\"height: 13.50pt; width: 138.00pt;\" width=\"184\" height=\"18\">\u015eartname<\/td>\n<td style=\"width: 297.75pt;\" width=\"397\">Detaylar<\/td>\n<\/tr>\n<tr style=\"height: 13.50pt;\">\n<td style=\"height: 13.50pt;\" height=\"18\">Boyutlar<\/td>\n<td>68\u00d725 mm<\/td>\n<\/tr>\n<tr style=\"height: 13.50pt;\">\n<td style=\"height: 13.50pt;\" height=\"18\">Malzeme<\/td>\n<td>\u015eeffaf Cam<\/td>\n<\/tr>\n<tr style=\"height: 13.50pt;\">\n<td style=\"height: 13.50pt;\" height=\"18\">Tabak \u015eekli<\/td>\n<td>S\u0131\u011f Yar\u0131m K\u00fcre\/D\u00fcz Kenarl\u0131 Tabak<\/td>\n<\/tr>\n<tr style=\"height: 13.50pt;\">\n<td style=\"height: 13.50pt;\" height=\"18\">\u00d6zelle\u015ftirme Kapsam\u0131<\/td>\n<td>\u015eekil, Renk, Boyut, Y\u00fczey \u0130\u015flemi<\/td>\n<\/tr>\n<tr style=\"height: 13.50pt;\">\n<td style=\"height: 13.50pt;\" height=\"18\">\u0130\u015f\u00e7ilik \u00d6zelli\u011fi<\/td>\n<td>Hassas Cam \u00dcfleme\/\u015eekillendirme<\/td>\n<\/tr>\n<tr style=\"height: 13.50pt;\">\n<td style=\"height: 13.50pt;\" height=\"18\">\u00dcr\u00fcn Amac\u0131<\/td>\n<td>Mum Kaplar\u0131, Minimalist Mum Kaplar\u0131<\/td>\n<\/tr>\n<tr style=\"height: 13.50pt;\">\n<td style=\"height: 13.50pt;\" height=\"18\">Uygun Sekt\u00f6rler<\/td>\n<td>Modern Mum Markalar\u0131, Ev Dekorasyon \u00dcr\u00fcnleri Perakendecileri<\/td>\n<\/tr>\n<\/tbody>\n<\/table>\n<h2>Ba\u015far\u0131 \u00d6yk\u00fcs\u00fc: Japon Ya\u015fam Tarz\u0131 Markas\u0131n\u0131n En \u00c7ok Satan \u00dcr\u00fcn\u00fc<\/h2>\n<p>Mumluk kavanozlar\u0131m\u0131z, Japonya merkezli minimalist bir ya\u015fam tarz\u0131 markas\u0131 taraf\u0131ndan sipari\u015f edildi ve maksimum \u015feffafl\u0131k sa\u011flamak i\u00e7in \u00f6zel, ultra \u015feffaf ve d\u00fc\u015f\u00fck demirli bir cam malzeme kullan\u0131ld\u0131. Kavanozun minimalist tasar\u0131m\u0131, markan\u0131n imzas\u0131 haline geldi ve bu da \u00e7evrimi\u00e7i sat\u0131\u015flarda 0&#039;l\u00fck bir art\u0131\u015fa katk\u0131da bulundu. M\u00fckemmel cam malzeme sayesinde kusursuz teslimat oran\u0131 garanti edildi. Marka b\u00fcy\u00fck bir ba\u015far\u0131 elde etti ve daha sonra k\u00fcresel geni\u015fleme i\u00e7in kullan\u0131lmak \u00fczere 500.000 adet daha kavanoz sipari\u015fi verildi.<\/p>\n<h2>Mum Kaplar\u0131 Ki\u015fiselle\u015ftirme<\/h2>\n<ul>\n<li>Kabartma: Tasar\u0131m Kab\u0131n taban\u0131na k\u00fc\u00e7\u00fck, kabartmal\u0131 bir amblem veya basit bir resim ekleyin.<\/li>\n<li>Serigrafi Bask\u0131: Kab\u0131n yan taraf\u0131na sade bir logo veya metin, g\u00f6ze batmayacak \u015fekilde bas\u0131labilir.<\/li>\n<li>\u00d6zel Jant Profili: E\u011fimli veya yuvarlak jant se\u00e7eneklerinden birini se\u00e7in.<\/li>\n<li>Vitray S\u00fcslemeler: Cam i\u015f\u00e7ili\u011finin sanat\u0131n\u0131 kullanarak, kab\u0131n kenar\u0131na veya taban\u0131na ince bir vitray halkas\u0131 sar\u0131n.<\/li>\n<\/ul>","protected":false},"excerpt":{"rendered":"<p>\u015e\u0131k yuvarlak tasar\u0131ml\u0131, modern i\u00e7 mekanlar ve kendin yap projeleri i\u00e7in ideal mumluk kavanozlar\u0131. Y\u00fcksek kaliteli mum kaplar\u0131, OEM se\u00e7ene\u011fiyle mevcuttur.<\/p>","protected":false},"featured_media":5325,"template":"","meta":{"postBodyCss":"","postBodyMargin":[],"postBodyPadding":[],"postBodyBackground":{"backgroundType":"classic","gradient":""}},"product_brand":[],"product_cat":[15,82,17],"product_tag":[],"class_list":{"0":"post-5324","1":"product","2":"type-product","3":"status-publish","4":"has-post-thumbnail","6":"product_cat-glass-containers","7":"product_cat-candle-jars","8":"product_cat-glass-jars","10":"first","11":"instock","12":"shipping-taxable","13":"product-type-simple"},"jetpack_sharing_enabled":true,"_links":{"self":[{"href":"https:\/\/minghanggroup.com\/tr\/wp-json\/wp\/v2\/product\/5324","targetHints":{"allow":["GET"]}}],"collection":[{"href":"https:\/\/minghanggroup.com\/tr\/wp-json\/wp\/v2\/product"}],"about":[{"href":"https:\/\/minghanggroup.com\/tr\/wp-json\/wp\/v2\/types\/product"}],"wp:featuredmedia":[{"embeddable":true,"href":"https:\/\/minghanggroup.com\/tr\/wp-json\/wp\/v2\/media\/5325"}],"wp:attachment":[{"href":"https:\/\/minghanggroup.com\/tr\/wp-json\/wp\/v2\/media?parent=5324"}],"wp:term":[{"taxonomy":"product_brand","embeddable":true,"href":"https:\/\/minghanggroup.com\/tr\/wp-json\/wp\/v2\/product_brand?post=5324"},{"taxonomy":"product_cat","embeddable":true,"href":"https:\/\/minghanggroup.com\/tr\/wp-json\/wp\/v2\/product_cat?post=5324"},{"taxonomy":"product_tag","embeddable":true,"href":"https:\/\/minghanggroup.com\/tr\/wp-json\/wp\/v2\/product_tag?post=5324"}],"curies":[{"name":"wp","href":"https:\/\/api.w.org\/{rel}","templated":true}]}}