{"id":5314,"date":"2026-01-27T10:55:52","date_gmt":"2026-01-27T02:55:52","guid":{"rendered":"https:\/\/minghanggroup.com\/?post_type=product&#038;p=5314"},"modified":"2026-01-27T16:41:44","modified_gmt":"2026-01-27T08:41:44","slug":"crystal-candle-jars-for-brands-wholesale","status":"publish","type":"product","link":"https:\/\/minghanggroup.com\/tr\/urun\/crystal-candle-jars-for-brands-wholesale\/","title":{"rendered":"Markalar i\u00e7in Toptan 105 ml, 140 ml, 1100 ml Kristal Mum Kavanozlar\u0131"},"content":{"rendered":"<p>Mumlar\u0131n\u0131z daha fitil yanmadan sat\u0131lacak kristal mumluklara ihtiyac\u0131n\u0131z var. \u0130\u015fte bu y\u00fczden, kokulu mumlar\u0131n\u0131z\u0131n her ma\u011fazada parlamas\u0131 i\u00e7in sade \u00e7izgiler ve ak\u0131ll\u0131 i\u015flevlere sahip toptan mumluklar \u00fcretiyoruz. G\u00fcvenilir cam ambalaj \u00fcreticiniz olarak, basit cam\u0131, m\u00fc\u015fterilerin alev s\u00f6nd\u00fckten \u00e7ok sonra bile saklayacaklar\u0131 l\u00fcks mumluklara d\u00f6n\u00fc\u015ft\u00fcr\u00fcyoruz.<\/p>\n<h2>\u00dcr\u00fcn \u00d6zellikleri<\/h2>\n<ul>\n<li><strong>Zamans\u0131z Sil\u00fcet:<\/strong> Kolay d\u00f6kme i\u00e7in geni\u015f a\u011f\u0131z ve kaya gibi sa\u011flam denge i\u00e7in dar tabana sahip mum kab\u0131n\u0131z sadece i\u015flevsel de\u011fil, ayn\u0131 zamanda hayranl\u0131k uyand\u0131r\u0131yor.<\/li>\n<li><strong>Kristal Berrakl\u0131\u011f\u0131:<\/strong> Birinci s\u0131n\u0131f cam sayesinde kokulu u\u00e7ucu ya\u011flar\u0131n her damlas\u0131n\u0131 g\u00f6rebilirsiniz. Filtre yok, bozulma yok, saf g\u00f6rsel sihir.<\/li>\n<li><strong>Uzun \u00d6m\u00fcrl\u00fc Olacak \u015eekilde \u00dcretilmi\u015ftir:<\/strong> G\u00fc\u00e7lendirilmi\u015f taban, uzun s\u00fcre yanma s\u0131ras\u0131nda devrilme yapmaz. G\u00fcvenlik ve zarafet her mum kab\u0131nda bir araya geliyor.<\/li>\n<\/ul>\n<h2>Temel \u00d6zellikler<\/h2>\n<table style=\"border-collapse: collapse; width: 80%; margin-left: auto; margin-right: auto;\" border=\"0\" width=\"288\" cellspacing=\"0\" cellpadding=\"0\">\n<tbody>\n<tr style=\"height: 13.50pt;\">\n<td style=\"height: 13.5pt; width: 54pt; text-align: center;\" width=\"72\" height=\"18\">Kapasite(ml)<\/td>\n<td style=\"width: 54pt; text-align: center;\" width=\"72\">\u00d6l\u00e7\u00fcler (mm)<\/td>\n<td style=\"width: 54pt; text-align: center;\" width=\"72\">Malzeme<\/td>\n<td style=\"width: 54pt; text-align: center;\" width=\"72\">Renk Se\u00e7enekleri<\/td>\n<\/tr>\n<tr style=\"height: 13.50pt;\">\n<td style=\"height: 13.5pt; text-align: center;\" align=\"right\" height=\"18\">105<\/td>\n<td style=\"text-align: center;\">65 \u00d7 45 \u00d7 65<\/td>\n<td class=\"et2\" style=\"text-align: center;\" rowspan=\"3\">Kristal cam<\/td>\n<td class=\"et2\" style=\"text-align: center;\" rowspan=\"3\">\u015eeffaf\/\u00f6zel<\/td>\n<\/tr>\n<tr style=\"height: 13.50pt;\">\n<td style=\"height: 13.5pt; text-align: center;\" align=\"right\" height=\"18\">140<\/td>\n<td style=\"text-align: center;\">75 \u00d7 56 \u00d7 76<\/td>\n<\/tr>\n<tr style=\"height: 13.50pt;\">\n<td style=\"height: 13.5pt; text-align: center;\" align=\"right\" height=\"18\">1100<\/td>\n<td style=\"text-align: center;\">135 \u00d7 105 \u00d7 125<\/td>\n<\/tr>\n<\/tbody>\n<\/table>\n<h2>Ba\u015far\u0131 \u00d6rne\u011fi<\/h2>\n<p>\u0130skandinav men\u015feli bir aromaterapi mum markas\u0131, l\u00fcks serileri i\u00e7in ana ambalaj olarak kristal mum kavanozlar\u0131m\u0131z\u0131 tercih etti. Marka konumland\u0131rmalar\u0131n\u0131 g\u00f6z \u00f6n\u00fcnde bulundurarak, bir dizi detayl\u0131 \u00f6zelle\u015ftirme yap\u0131ld\u0131: kavanozlar orijinal \u00e7i\u00e7ek ve botanik kabartma desenlerine, ipekten yap\u0131lm\u0131\u015f mat beyaz marka logosuna ve kolay kanal y\u00f6netimi i\u00e7in alt k\u0131s\u0131mda g\u00f6r\u00fcnmez bir parti koduna sahip oldu.<\/p>\n<p>Bu mum serisinin sat\u0131\u015flar\u0131, piyasaya s\u00fcr\u00fclmesinden sonraki \u00fc\u00e7 ay i\u00e7inde y\u0131ll\u0131k bazda yakla\u015f\u0131k oran\u0131nda artt\u0131. Piyasadaki olumlu geri bildirimleri dikkate alan m\u00fc\u015fteri, ikinci \u00e7eyrekte iki adet daha sipari\u015f talebinde bulundu ve ayr\u0131ca bu ambalaj\u0131 uzun vadeli kullan\u0131m i\u00e7in standart toptan mum kaplar\u0131 serisinde de kulland\u0131.<\/p>\n<h2>\u00d6zelle\u015ftirme \u0130pu\u00e7lar\u0131n\u0131z<\/h2>\n<ol>\n<li><strong>Kristal Kesimi ve Y\u00fczey \u0130\u015fleme \u00d6zelle\u015ftirme:<\/strong> Cam y\u00fczeyini d\u00fcz \u00e7izgiler, kristal kesim, elmas veya herhangi bir \u00f6zel geometrik desen vb. ile s\u00fcsleyerek, ayd\u0131nlat\u0131ld\u0131\u011f\u0131nda benzersiz \u0131\u015f\u0131k k\u0131r\u0131lma efektleri yaratabilirsiniz.<\/li>\n<li><strong>Marka Logosu \u0130\u015f\u00e7ili\u011fi:<\/strong> Hizmetlerimiz aras\u0131nda serigrafi bask\u0131, s\u0131cak bask\u0131, lazer grav\u00fcr veya kabartma logo uygulamalar\u0131 yer almaktad\u0131r. Bunlar mumlu\u011fun d\u0131\u015f y\u00fczeyinde veya daha sade bir logo s\u00f6z konusu oldu\u011funda mumlu\u011fun taban\u0131nda kullan\u0131labilir. Bu sayede perakende ve hediye kutusu kanallar\u0131n\u0131n farkl\u0131 ihtiya\u00e7lar\u0131n\u0131 kolayca kar\u015f\u0131layabiliyoruz.<\/li>\n<li><strong>Geni\u015fletilmi\u015f E\u015fle\u015ftirme \u00c7\u00f6z\u00fcmleri:<\/strong> \u00d6zel tasar\u0131m cam kapaklar\u0131 metal veya ah\u015fap kapaklarla e\u015fle\u015ftirme olana\u011f\u0131 sunar ve ayr\u0131ca y\u00fcksek kaliteli kokulu mumlar\u0131n komple setlerinin kolay sat\u0131\u015f\u0131 i\u00e7in &#039;standart&#039; ambalaj boyutlar\u0131na izin verir.<\/li>\n<\/ol>","protected":false},"excerpt":{"rendered":"<p>Modern mum serileri i\u00e7in tasarlanm\u0131\u015f kristal mum kavanozlar\u0131. G\u00fcvenilir toptan mum kaplar\u0131 olarak, markalar\u0131n verimli bir \u015fekilde piyasaya \u00e7\u0131kmas\u0131na yard\u0131mc\u0131 olmak i\u00e7in toplu \u00f6zelle\u015ftirme se\u00e7enekleri sunuyoruz.<\/p>","protected":false},"featured_media":5319,"template":"","meta":{"postBodyCss":"","postBodyMargin":[],"postBodyPadding":[],"postBodyBackground":{"backgroundType":"classic","gradient":""}},"product_brand":[],"product_cat":[15,82,17],"product_tag":[],"class_list":{"0":"post-5314","1":"product","2":"type-product","3":"status-publish","4":"has-post-thumbnail","6":"product_cat-glass-containers","7":"product_cat-candle-jars","8":"product_cat-glass-jars","10":"first","11":"instock","12":"shipping-taxable","13":"product-type-simple"},"jetpack_sharing_enabled":true,"_links":{"self":[{"href":"https:\/\/minghanggroup.com\/tr\/wp-json\/wp\/v2\/product\/5314","targetHints":{"allow":["GET"]}}],"collection":[{"href":"https:\/\/minghanggroup.com\/tr\/wp-json\/wp\/v2\/product"}],"about":[{"href":"https:\/\/minghanggroup.com\/tr\/wp-json\/wp\/v2\/types\/product"}],"wp:featuredmedia":[{"embeddable":true,"href":"https:\/\/minghanggroup.com\/tr\/wp-json\/wp\/v2\/media\/5319"}],"wp:attachment":[{"href":"https:\/\/minghanggroup.com\/tr\/wp-json\/wp\/v2\/media?parent=5314"}],"wp:term":[{"taxonomy":"product_brand","embeddable":true,"href":"https:\/\/minghanggroup.com\/tr\/wp-json\/wp\/v2\/product_brand?post=5314"},{"taxonomy":"product_cat","embeddable":true,"href":"https:\/\/minghanggroup.com\/tr\/wp-json\/wp\/v2\/product_cat?post=5314"},{"taxonomy":"product_tag","embeddable":true,"href":"https:\/\/minghanggroup.com\/tr\/wp-json\/wp\/v2\/product_tag?post=5314"}],"curies":[{"name":"wp","href":"https:\/\/api.w.org\/{rel}","templated":true}]}}