{"id":5308,"date":"2026-01-27T08:46:51","date_gmt":"2026-01-27T00:46:51","guid":{"rendered":"https:\/\/minghanggroup.com\/?post_type=product&#038;p=5308"},"modified":"2026-01-27T11:06:36","modified_gmt":"2026-01-27T03:06:36","slug":"bowl-shaped-empty-reusable-candle-jars-wholesale","status":"publish","type":"product","link":"https:\/\/minghanggroup.com\/tr\/urun\/bowl-shaped-empty-reusable-candle-jars-wholesale\/","title":{"rendered":"Kase \u015eeklinde Bo\u015f Yeniden Kullan\u0131labilir Mum Kavanozlar\u0131 Toptan Sat\u0131\u015f\u0131"},"content":{"rendered":"<p>Bunlar yeniden kullan\u0131labilir mumluklard\u0131r ve \u00e7ay mumlar\u0131 veya k\u00fc\u00e7\u00fck mumlar i\u00e7in uygun olan, kenarlar\u0131 geni\u015fleyen ve a\u011fz\u0131 geni\u015f kase \u015feklinde tasarlanm\u0131\u015ft\u0131r.<\/p>\n<h2>\u00dcr\u00fcn \u00d6zellikleri<\/h2>\n<ul>\n<li><strong>Y\u00fcksek \u015feffafl\u0131k, ipeksi malzeme:<\/strong> \u015eeffaf cam, mum alevini ve di\u011fer dekoratif malzemeleri m\u00fckemmel bir \u015fekilde sergiliyor.<\/li>\n<li><strong>Geni\u015f a\u011f\u0131zl\u0131, s\u0131\u011f g\u00f6vdeli tasar\u0131m:<\/strong> Bu tasar\u0131m, geni\u015f a\u011fz\u0131 ve s\u0131\u011f g\u00f6vde yap\u0131s\u0131 sayesinde \u00e7ay mumlar\u0131 veya k\u00fc\u00e7\u00fck kokulu mumlar i\u00e7in uygun oldu\u011fundan kullan\u0131m\u0131 kolayd\u0131r ve temizlenmesi ve mumun de\u011fi\u015ftirilmesi de \u00e7ok pratiktir.<\/li>\n<li><strong>Taba\u011f\u0131n tasar\u0131m\u0131:<\/strong> Taba\u011f\u0131n sade tasar\u0131m\u0131 temizli\u011fi kolayla\u015ft\u0131r\u0131r ve mum bitti\u011finde kavanoz tekrar kullan\u0131labilir.<\/li>\n<\/ul>\n<h2 style=\"text-align: left;\">Temel \u00d6zellikler<\/h2>\n<table class=\"aligncenter\" style=\"border-collapse: collapse; width: 370.52pt;\" border=\"0\" width=\"494\" cellspacing=\"0\" cellpadding=\"0\">\n<tbody>\n<tr style=\"height: 13.50pt;\">\n<td style=\"height: 13.50pt; width: 128.25pt;\" width=\"171\" height=\"18\">\u015eartname<\/td>\n<td style=\"width: 242.25pt;\" width=\"323\">Detaylar<\/td>\n<\/tr>\n<tr style=\"height: 13.50pt;\">\n<td style=\"height: 13.50pt;\" height=\"18\">Boyutlar<\/td>\n<td>78\u00d728 mm<\/td>\n<\/tr>\n<tr style=\"height: 13.50pt;\">\n<td style=\"height: 13.50pt;\" height=\"18\">Malzeme<\/td>\n<td>\u015eeffaf Cam<\/td>\n<\/tr>\n<tr style=\"height: 13.50pt;\">\n<td style=\"height: 13.50pt;\" height=\"18\">Kavanoz\/Tabak \u015eekli<\/td>\n<td>S\u0131\u011f Tabak\/Kase<\/td>\n<\/tr>\n<tr style=\"height: 13.50pt;\">\n<td style=\"height: 13.50pt;\" height=\"18\">\u00d6zelle\u015ftirme Kapsam\u0131<\/td>\n<td>Renk, \u015eekil, Bal\u0131k, Taban Dokusu<\/td>\n<\/tr>\n<tr style=\"height: 13.50pt;\">\n<td style=\"height: 13.50pt;\" height=\"18\">\u0130\u015f\u00e7ilik \u00d6zelli\u011fi<\/td>\n<td>Hassas Preslenmi\u015f Cam \u015eekillendirme<\/td>\n<\/tr>\n<tr style=\"height: 13.50pt;\">\n<td style=\"height: 13.50pt;\" height=\"18\">\u00dcr\u00fcn Amac\u0131<\/td>\n<td>Mum kavanozlar\u0131, Toptan Bo\u015f Mum Kavanozlar\u0131<\/td>\n<\/tr>\n<tr style=\"height: 13.50pt;\">\n<td style=\"height: 13.50pt;\" height=\"18\">Uygun Sekt\u00f6rler<\/td>\n<td>Mum \u00dcreticileri, Ev Dekorasyon Markalar\u0131<\/td>\n<\/tr>\n<\/tbody>\n<\/table>\n<h2>Ba\u015far\u0131 \u00d6yk\u00fcs\u00fc: \u0130skandinavya&#039;da Ev E\u015fyalar\u0131 Perakendecisi<\/h2>\n<p>\u0130skandinav ev e\u015fyalar\u0131 perakendecilerinden biri, yeniden kullan\u0131labilir mumluklar\u0131m\u0131zdan sipari\u015f verdi ve onlara a\u00e7\u0131k gri bir renk tonu verdi. Bu do\u011fal kenar tasar\u0131m\u0131, markan\u0131n do\u011fal g\u00f6r\u00fcn\u00fcm\u00fcyle m\u00fckemmel bir uyum sa\u011flad\u0131 ve bu durum m\u00fc\u015fteri yorumlar\u0131n\u0131n &#039;\u0131nda da belirtildi. Bu mumluklar piyasaya s\u00fcr\u00fcld\u00fckten 48 saat sonra t\u00fckendi ve en \u00e7ok satanlar aras\u0131na girdi. Perakendeci, \u00fcr\u00fcnden o kadar memnun kald\u0131 ki, bir sonraki sezon koleksiyonuna dahil etmek \u00fczere 300.000 adet daha sipari\u015f verdi.<\/p>\n<h2>Bo\u015f Mum Kavanozu Toptan \u00d6zelle\u015ftirme<\/h2>\n<ul>\n<li>Kabartmal\u0131 Taban: Bu, taba\u011f\u0131n i\u00e7 k\u0131sm\u0131n\u0131n ortas\u0131na yerle\u015ftirilmi\u015f k\u00fc\u00e7\u00fck, y\u00fckseltilmi\u015f bir resim veya logodur.<\/li>\n<li>Serigrafi Bask\u0131: D\u00fcz bir tasar\u0131m, logo veya metni alt katman\u0131n d\u00fcz y\u00fczeyine basmak.<\/li>\n<li>Dokulu Y\u00fczey: \u0130\u00e7 y\u00fczeyde k\u00fc\u00e7\u00fck noktal\u0131 veya do\u011frusal dokular bulunur.<\/li>\n<li>\u00d6zel Taban: Alt k\u0131sma k\u00fc\u00e7\u00fck ve hafif\u00e7e y\u00fckseltilmi\u015f \u015feffaf cam bir taban ekleyin.<\/li>\n<\/ul>","protected":false},"excerpt":{"rendered":"<p>\u015eeffaf, bo\u015f mum kavanozlar\u0131 toptan sat\u0131\u015fta; dalgal\u0131 kenarl\u0131, s\u0131\u011f kase \u015feklinde olup, tealight mumlar ve dekorasyon i\u00e7in m\u00fckemmeldir. H\u0131zl\u0131 kargo ile birinci s\u0131n\u0131f yeniden kullan\u0131labilir mum kavanozlar\u0131.<\/p>","protected":false},"featured_media":5320,"template":"","meta":{"postBodyCss":"","postBodyMargin":[],"postBodyPadding":[],"postBodyBackground":{"backgroundType":"classic","gradient":""}},"product_brand":[],"product_cat":[15,82,17],"product_tag":[],"class_list":{"0":"post-5308","1":"product","2":"type-product","3":"status-publish","4":"has-post-thumbnail","6":"product_cat-glass-containers","7":"product_cat-candle-jars","8":"product_cat-glass-jars","10":"first","11":"instock","12":"shipping-taxable","13":"product-type-simple"},"jetpack_sharing_enabled":true,"_links":{"self":[{"href":"https:\/\/minghanggroup.com\/tr\/wp-json\/wp\/v2\/product\/5308","targetHints":{"allow":["GET"]}}],"collection":[{"href":"https:\/\/minghanggroup.com\/tr\/wp-json\/wp\/v2\/product"}],"about":[{"href":"https:\/\/minghanggroup.com\/tr\/wp-json\/wp\/v2\/types\/product"}],"wp:featuredmedia":[{"embeddable":true,"href":"https:\/\/minghanggroup.com\/tr\/wp-json\/wp\/v2\/media\/5320"}],"wp:attachment":[{"href":"https:\/\/minghanggroup.com\/tr\/wp-json\/wp\/v2\/media?parent=5308"}],"wp:term":[{"taxonomy":"product_brand","embeddable":true,"href":"https:\/\/minghanggroup.com\/tr\/wp-json\/wp\/v2\/product_brand?post=5308"},{"taxonomy":"product_cat","embeddable":true,"href":"https:\/\/minghanggroup.com\/tr\/wp-json\/wp\/v2\/product_cat?post=5308"},{"taxonomy":"product_tag","embeddable":true,"href":"https:\/\/minghanggroup.com\/tr\/wp-json\/wp\/v2\/product_tag?post=5308"}],"curies":[{"name":"wp","href":"https:\/\/api.w.org\/{rel}","templated":true}]}}