{"id":5294,"date":"2026-01-26T16:47:34","date_gmt":"2026-01-26T08:47:34","guid":{"rendered":"https:\/\/minghanggroup.com\/?post_type=product&#038;p=5294"},"modified":"2026-03-02T15:03:19","modified_gmt":"2026-03-02T07:03:19","slug":"glass-candle-empty-jars-with-textured-patterns-wholesale","status":"publish","type":"product","link":"https:\/\/minghanggroup.com\/tr\/urun\/glass-candle-empty-jars-with-textured-patterns-wholesale\/","title":{"rendered":"250 ml Dokulu Desenli Bo\u015f Cam Mum Kavanozlar\u0131 Toptan Sat\u0131\u015f"},"content":{"rendered":"<p>Bo\u015f mum kavanozlar\u0131n\u0131z sadece bo\u015f durmamal\u0131, i\u015finiz bitti\u011finde masa \u00fcst\u00fc sanat eseri haline gelmelidir. Mum saklama kaplar\u0131 konusunda uzman olarak, toptan mum \u00fcr\u00fcn yelpazenizi m\u00fc\u015fterilerinizin favorisi haline getiren l\u00fcks mum kaplar\u0131 \u00fcretiyoruz.<\/p>\n<h2>\u00dcr\u00fcn \u00d6zellikleri<\/h2>\n<ul>\n<li><strong>I\u015f\u0131k, Sa\u00e7\u0131lma Desenleri:<\/strong> Dikey \u00e7izgiler, mum \u0131\u015f\u0131\u011f\u0131n\u0131 s\u0131v\u0131 dantel gibi \u00e7ok zarif bir \u015fekilde yans\u0131tarak evinizin kokusuna an\u0131nda m\u00fckemmel bir \u015f\u0131kl\u0131k kat\u0131yor.<\/li>\n<li><strong>Sa\u011flam Cam Taban:<\/strong> Taban\u0131 kal\u0131n oldu\u011funda, vitrine koydu\u011funuzda hi\u00e7 sallanmaz. Mum kab\u0131n\u0131z, kaliteli ve dayan\u0131kl\u0131 bir \u00fcr\u00fcn hissi verecektir.<\/li>\n<li><strong>Kristal Berrakl\u0131\u011f\u0131:<\/strong> Cam \u015fi\u015fenin kristal berrakl\u0131\u011f\u0131nda olmas\u0131 ve bulan\u0131k filtrelerin bulunmamas\u0131 sayesinde, kokulu u\u00e7ucu ya\u011flar\u0131n farkl\u0131 renklerine hayran kalabilirsiniz.<\/li>\n<\/ul>\n<h2>Temel \u00d6zellikler<\/h2>\n<table style=\"border-collapse: collapse; width: 80%; margin-left: auto; margin-right: auto;\" border=\"0\" width=\"288\" cellspacing=\"0\" cellpadding=\"0\">\n<tbody>\n<tr style=\"height: 13.50pt;\">\n<td style=\"height: 13.5pt; width: 54pt; text-align: center;\" width=\"72\" height=\"18\">Boyut<\/td>\n<td style=\"width: 54pt; text-align: center;\" width=\"72\">\u00d6l\u00e7\u00fcler (mm)<\/td>\n<td style=\"width: 54pt; text-align: center;\" width=\"72\">Desenler<\/td>\n<td style=\"width: 54pt; text-align: center;\" width=\"72\">Malzeme<\/td>\n<\/tr>\n<tr style=\"height: 13.50pt;\">\n<td style=\"height: 13.5pt; text-align: center;\" height=\"18\">250 ml<\/td>\n<td style=\"text-align: center;\">80\u00d780\u00d788<\/td>\n<td style=\"text-align: center;\">Dikey \u00e7izgiler, Noktal\u0131 \u0131zgara<\/td>\n<td style=\"text-align: center;\">Kristal cam<\/td>\n<\/tr>\n<\/tbody>\n<\/table>\n<h2>Ba\u015far\u0131 \u00d6rne\u011fi<\/h2>\n<p>Bir ev kokusu markas\u0131, l\u00fcks, tasar\u0131m odakl\u0131 bir marka imaj\u0131n\u0131 an\u0131nda iletecek ve ayn\u0131 zamanda g\u00fcnl\u00fck kullan\u0131m i\u00e7in de uygun olacak mum ambalaj\u0131 ar\u0131yordu. Yeni \u00fcr\u00fcn serilerini piyasaya s\u00fcrmek i\u00e7in dokulu cam mum kavanozlar\u0131m\u0131z\u0131 tercih ettiler ve bunlara markalar\u0131n\u0131n hikayesinden ilham alan kabartmal\u0131 logolar, yumu\u015fak buzlu y\u00fczey ve zarif serigrafi bask\u0131l\u0131 desenlerle marka kimli\u011fi kazand\u0131rd\u0131lar.<\/p>\n<p>Yeni \u00fcr\u00fcn\u00fcn piyasaya s\u00fcr\u00fclmesinden sonraki iki ay i\u00e7inde, eski ambalaj\u0131n kullan\u0131ld\u0131\u011f\u0131 d\u00f6neme k\u0131yasla setin sat\u0131\u015flar\u0131 artt\u0131. Bu durum, markan\u0131n bu \u00f6zel mum kavanozlar\u0131n\u0131 birincil ambalaj \u00e7\u00f6z\u00fcm\u00fc olarak kullanmaya ve \u00e7e\u015fitli mevsimlik \u00fcr\u00fcn lansmanlar\u0131 i\u00e7in sipari\u015f vermeye devam etmeye karar vermesine yol a\u00e7t\u0131.<\/p>\n<h2>\u00d6zelle\u015ftirme Se\u00e7enekleriniz<\/h2>\n<ol>\n<li><strong>Kabartmal\u0131\/\u00c7ukur Logo \u00d6zelle\u015ftirme:<\/strong> \u015ei\u015fenin \u00f6n y\u00fcz\u00fcndeki halihaz\u0131rda bo\u015f olan kare k\u0131sma kabartma veya oyma y\u00f6ntemiyle logo i\u015fleyebilirsiniz.<\/li>\n<li><strong>\u00d6zel \u015ei\u015fe Rengi (Sprey Boyama\/Malzeme Boyama):<\/strong> Serinin \u00f6ne \u00e7\u0131kmas\u0131n\u0131 ve rafta m\u00fc\u015fterinin dikkatini \u00e7ekmesini sa\u011flamak i\u00e7in dumanl\u0131 gri, kehribar, s\u00fct beyaz\u0131 ve koyu ye\u015fil gibi d\u00fc\u015f\u00fck doygunluktaki renkler veya hatta koku i\u00e7eren tamamen yeni bir renk kullanmak m\u00fcmk\u00fcnd\u00fcr.<\/li>\n<li><strong>Desen Olu\u015fturma veya Tasar\u0131m:<\/strong> Desen veya tasar\u0131m bask\u0131s\u0131 tek renkli veya \u00e7ok renkli serigrafi bask\u0131 olabilir. \u015ei\u015fe, marka isimleri, geometrik \u015fekiller veya hatta kokularla s\u00fcslenebilir ve bu nedenle ortaya \u00e7\u0131kan \u015fi\u015fe sadece uzun \u00f6m\u00fcrl\u00fc de\u011fil, ayn\u0131 zamanda bask\u0131n\u0131n kolayca solmamas\u0131n\u0131 sa\u011flayan dayan\u0131kl\u0131 bir yap\u0131ya sahip olur.<\/li>\n<\/ol>","protected":false},"excerpt":{"rendered":"<p>Mum saklamak i\u00e7in ideal, incelikli cam dokusuna sahip bo\u015f mum kavanozlar\u0131. Fabrikadan do\u011frudan tedarik ve esnek toplu \u00f6zelle\u015ftirme se\u00e7enekleri mevcuttur.<\/p>","protected":false},"featured_media":5298,"template":"","meta":{"postBodyCss":"","postBodyMargin":[],"postBodyPadding":[],"postBodyBackground":{"backgroundType":"classic","gradient":""}},"product_brand":[],"product_cat":[15,82,17],"product_tag":[97,96],"class_list":{"0":"post-5294","1":"product","2":"type-product","3":"status-publish","4":"has-post-thumbnail","6":"product_cat-glass-containers","7":"product_cat-candle-jars","8":"product_cat-glass-jars","9":"product_tag-rocks-glass","10":"product_tag-whiskey-tumblers","12":"first","13":"instock","14":"shipping-taxable","15":"product-type-simple"},"jetpack_sharing_enabled":true,"_links":{"self":[{"href":"https:\/\/minghanggroup.com\/tr\/wp-json\/wp\/v2\/product\/5294","targetHints":{"allow":["GET"]}}],"collection":[{"href":"https:\/\/minghanggroup.com\/tr\/wp-json\/wp\/v2\/product"}],"about":[{"href":"https:\/\/minghanggroup.com\/tr\/wp-json\/wp\/v2\/types\/product"}],"wp:featuredmedia":[{"embeddable":true,"href":"https:\/\/minghanggroup.com\/tr\/wp-json\/wp\/v2\/media\/5298"}],"wp:attachment":[{"href":"https:\/\/minghanggroup.com\/tr\/wp-json\/wp\/v2\/media?parent=5294"}],"wp:term":[{"taxonomy":"product_brand","embeddable":true,"href":"https:\/\/minghanggroup.com\/tr\/wp-json\/wp\/v2\/product_brand?post=5294"},{"taxonomy":"product_cat","embeddable":true,"href":"https:\/\/minghanggroup.com\/tr\/wp-json\/wp\/v2\/product_cat?post=5294"},{"taxonomy":"product_tag","embeddable":true,"href":"https:\/\/minghanggroup.com\/tr\/wp-json\/wp\/v2\/product_tag?post=5294"}],"curies":[{"name":"wp","href":"https:\/\/api.w.org\/{rel}","templated":true}]}}