{"id":5293,"date":"2026-01-26T13:03:56","date_gmt":"2026-01-26T05:03:56","guid":{"rendered":"https:\/\/minghanggroup.com\/?post_type=product&#038;p=5293"},"modified":"2026-01-26T16:47:01","modified_gmt":"2026-01-26T08:47:01","slug":"goblet-style-empty-reuse-candle-jars-bulk","status":"publish","type":"product","link":"https:\/\/minghanggroup.com\/tr\/urun\/goblet-style-empty-reuse-candle-jars-bulk\/","title":{"rendered":"460 ml Kadeh \u015eeklinde Bo\u015f Yeniden Kullan\u0131labilir Mum Kavanozlar\u0131 (Toptan)"},"content":{"rendered":"<p>Bunlar, klasik kas\u0131rga \u015feklinde, yeniden kullan\u0131labilir mum kavanozlar\u0131d\u0131r; geni\u015f a\u011f\u0131zl\u0131, ho\u015f dokulu, yaprak benzeri g\u00f6vdeli ve sa\u011flam tabanl\u0131d\u0131rlar.<\/p>\n<h2>\u00dcr\u00fcn \u00d6zellikleri<\/h2>\n<ul>\n<li><strong>Klasik Uzun Bardak Tasar\u0131m\u0131:<\/strong> Bu uzun sap ve g\u00f6vde tasar\u0131m\u0131, mumu an\u0131nda muhte\u015fem bir dekorasyona d\u00f6n\u00fc\u015ft\u00fcr\u00fcyor.<\/li>\n<li><strong>Geni\u015f A\u011f\u0131z:<\/strong> A\u011fz\u0131 geni\u015f oldu\u011fu i\u00e7in mumu yakmak kolayd\u0131r ve zarif bir \u015fekil al\u0131r.<\/li>\n<li><strong>\u00c7i\u00e7ek yapra\u011f\u0131 dokulu g\u00f6vde:<\/strong> Ayn\u0131 zamanda yuvarlak yaprak dokusu, mum \u0131\u015f\u0131\u011f\u0131n\u0131 yumu\u015fatarak yanma deneyimine s\u0131cak ve romantik bir dokunu\u015f kat\u0131yor ve onu daha derin k\u0131l\u0131yor.<\/li>\n<\/ul>\n<h2 style=\"text-align: left;\">Temel \u00d6zellikler<\/h2>\n<table class=\"aligncenter\" style=\"border-collapse: collapse; width: 440.27pt;\" border=\"0\" width=\"587\" cellspacing=\"0\" cellpadding=\"0\">\n<tbody>\n<tr style=\"height: 13.50pt;\">\n<td style=\"height: 13.50pt; width: 129.75pt;\" width=\"173\" height=\"18\">\u015eartname<\/td>\n<td style=\"width: 310.50pt;\" width=\"414\">Detaylar<\/td>\n<\/tr>\n<tr style=\"height: 13.50pt;\">\n<td style=\"height: 13.50pt;\" height=\"18\">Kapasite<\/td>\n<td>460 ml<\/td>\n<\/tr>\n<tr style=\"height: 13.50pt;\">\n<td style=\"height: 13.50pt;\" height=\"18\">Boyutlar<\/td>\n<td>67\u00d785\u00d7130mm<\/td>\n<\/tr>\n<tr style=\"height: 13.50pt;\">\n<td style=\"height: 13.50pt;\" height=\"18\">Malzeme<\/td>\n<td>Y\u00fcksek Kaliteli \u015eeffaf Kesme Cam<\/td>\n<\/tr>\n<tr style=\"height: 13.50pt;\">\n<td style=\"height: 13.50pt;\" height=\"18\">Kavanoz \u015eekli<\/td>\n<td>Uzun Silindir, Tam G\u00f6vdeli T\u00fcy Kesimli Dokuya Sahip<\/td>\n<\/tr>\n<tr style=\"height: 13.50pt;\">\n<td style=\"height: 13.50pt;\" height=\"18\">\u00d6zelle\u015ftirme Kapsam\u0131<\/td>\n<td>Renk, Boyut, Y\u00fczey, Kapaklar<\/td>\n<\/tr>\n<tr style=\"height: 13.50pt;\">\n<td style=\"height: 13.50pt;\" height=\"18\">\u0130\u015f\u00e7ilik \u00d6zelli\u011fi<\/td>\n<td>Hassas Cam Kesimi, 3D T\u00fcy Kesim Kal\u0131plama<\/td>\n<\/tr>\n<tr style=\"height: 13.50pt;\">\n<td style=\"height: 13.50pt;\" height=\"18\">\u00dcr\u00fcn Amac\u0131<\/td>\n<td>Cam Mum Kab\u0131, Dekoratif Ev Kokusu Kaplar\u0131<\/td>\n<\/tr>\n<tr style=\"height: 13.50pt;\">\n<td style=\"height: 13.50pt;\" height=\"18\">Uygun Sekt\u00f6rler<\/td>\n<td>L\u00fcks Mum Markalar\u0131, \u00dcst D\u00fczey Ev Dekorasyon \u00dcr\u00fcnleri Perakendecileri<\/td>\n<\/tr>\n<\/tbody>\n<\/table>\n<h2>Ba\u015far\u0131 \u00d6yk\u00fcs\u00fc: Kaliforniyal\u0131 Bir D\u00fc\u011f\u00fcn Organizat\u00f6r\u00fcn\u00fcn D\u00fc\u011f\u00fcn Hediyesi<\/h2>\n<p>Kaliforniya&#039;da \u00fcst d\u00fczey bir d\u00fc\u011f\u00fcn organizat\u00f6r\u00fc, \u00f6zel a\u00e7\u0131k alt\u0131n metal s\u00fcslemeli, uzun cam \u015fekilli, yeniden kullan\u0131labilir mumluklar\u0131m\u0131zdan sipari\u015f verdi. \u015e\u0131k mimari, ince masa d\u00fczenlemeleriyle m\u00fckemmel bir uyum sa\u011flad\u0131 ve bu durum m\u00fc\u015fteri yorumlar\u0131n\u0131n &#039;\u0131nda belirtildi. Organizat\u00f6r bu kavanozlar\u0131, ki\u015finin yeniden kullanabilece\u011fi ve hat\u0131ran\u0131n alg\u0131lanan de\u011ferini 50 kat art\u0131rabilecek kal\u0131c\u0131 hat\u0131ralar olarak pazarlad\u0131. Bu fikir o kadar pop\u00fcler oldu ki, sonraki iki y\u0131ldaki d\u00fc\u011f\u00fcn ihtiya\u00e7lar\u0131n\u0131 kar\u015f\u0131lamak i\u00e7in 200.000 adet daha sipari\u015f verdi.<\/p>\n<h2>Toptan Cam Mum Kavanozlar\u0131 i\u00e7in \u00d6zelle\u015ftirme Se\u00e7enekleri<\/h2>\n<ul>\n<li>Cam Renkleri: \u00c7e\u015fitli estetik zevklere uygun olarak \u015feffaf, vintage ye\u015fil, kehribar veya a\u00e7\u0131k pembe tonlar\u0131nda cam renk se\u00e7enekleri mevcuttur.<\/li>\n<li>Doku Se\u00e7enekleri: \u00c7i\u00e7ek yapraklar\u0131n\u0131n \u015fekillerini de\u011fi\u015ftirebilir ve daha belirgin, daha narin veya daha geometrik desenler olu\u015fturabilirsiniz.<\/li>\n<li>Metalik Kaplamalar: Sap\u0131, kenar\u0131 veya desenli yapraklar\u0131 alt\u0131n, g\u00fcm\u00fc\u015f veya bak\u0131rla kaplayabilirsiniz.<\/li>\n<li>A\u011f\u0131z \u015eekli: Kenar k\u0131vr\u0131m\u0131n\u0131 daha belirgin veya daha sade hale getirmek i\u00e7in de\u011fi\u015ftirin.<\/li>\n<\/ul>","protected":false},"excerpt":{"rendered":"<p>Dekoratif ama\u00e7l\u0131, kadeh \u015feklinde, \u00e7i\u00e7ek desenli ve geni\u015f a\u011f\u0131zl\u0131 cam mumluklar, dekorasyon i\u00e7in m\u00fckemmeldir. Fabrikadan do\u011frudan tedarik edilen, y\u00fcksek kaliteli, tekrar kullan\u0131labilir mumluklar.<\/p>","protected":false},"featured_media":5303,"template":"","meta":{"postBodyCss":"","postBodyMargin":[],"postBodyPadding":[],"postBodyBackground":{"backgroundType":"classic","gradient":""}},"product_brand":[],"product_cat":[15,82,17],"product_tag":[],"class_list":{"0":"post-5293","1":"product","2":"type-product","3":"status-publish","4":"has-post-thumbnail","6":"product_cat-glass-containers","7":"product_cat-candle-jars","8":"product_cat-glass-jars","10":"first","11":"instock","12":"shipping-taxable","13":"product-type-simple"},"jetpack_sharing_enabled":true,"_links":{"self":[{"href":"https:\/\/minghanggroup.com\/tr\/wp-json\/wp\/v2\/product\/5293","targetHints":{"allow":["GET"]}}],"collection":[{"href":"https:\/\/minghanggroup.com\/tr\/wp-json\/wp\/v2\/product"}],"about":[{"href":"https:\/\/minghanggroup.com\/tr\/wp-json\/wp\/v2\/types\/product"}],"wp:featuredmedia":[{"embeddable":true,"href":"https:\/\/minghanggroup.com\/tr\/wp-json\/wp\/v2\/media\/5303"}],"wp:attachment":[{"href":"https:\/\/minghanggroup.com\/tr\/wp-json\/wp\/v2\/media?parent=5293"}],"wp:term":[{"taxonomy":"product_brand","embeddable":true,"href":"https:\/\/minghanggroup.com\/tr\/wp-json\/wp\/v2\/product_brand?post=5293"},{"taxonomy":"product_cat","embeddable":true,"href":"https:\/\/minghanggroup.com\/tr\/wp-json\/wp\/v2\/product_cat?post=5293"},{"taxonomy":"product_tag","embeddable":true,"href":"https:\/\/minghanggroup.com\/tr\/wp-json\/wp\/v2\/product_tag?post=5293"}],"curies":[{"name":"wp","href":"https:\/\/api.w.org\/{rel}","templated":true}]}}