{"id":5284,"date":"2026-01-26T11:31:41","date_gmt":"2026-01-26T03:31:41","guid":{"rendered":"https:\/\/minghanggroup.com\/?post_type=product&#038;p=5284"},"modified":"2026-01-26T12:00:16","modified_gmt":"2026-01-26T04:00:16","slug":"large-feather-cut-glass-candle-containers-wholesale","status":"publish","type":"product","link":"https:\/\/minghanggroup.com\/tr\/urun\/large-feather-cut-glass-candle-containers-wholesale\/","title":{"rendered":"460 ml B\u00fcy\u00fck Boy T\u00fcy Kesimli Cam Mum Kaplar\u0131 Toptan Sat\u0131\u015f"},"content":{"rendered":"<p>Bu cam mumluk, geleneksel, ince ve silindirik bir \u015fekle sahip olup, yaprak ve t\u00fcy desenleriyle s\u00fcslenmi\u015ftir. Y\u00fckseltilmi\u015f ve p\u00fcr\u00fczs\u00fcz taban\u0131yla da \u015f\u0131kl\u0131\u011f\u0131 art\u0131r\u0131lm\u0131\u015ft\u0131r.<\/p>\n<h2>\u00dcr\u00fcn \u00d6zellikleri<\/h2>\n<ul>\n<li><strong>Zarif t\u00fcy deseni:<\/strong> Cam y\u00fczey, m\u00fckemmel bir \u0131\u015f\u0131k k\u0131r\u0131lma etkisi yaratan, iyi i\u015flenmi\u015f ve derin kesimli t\u00fcy dokusuna sahiptir.<\/li>\n<li><strong>P\u00fcr\u00fczs\u00fcz ve \u015feffaf y\u00fckseltilmi\u015f taban:<\/strong> P\u00fcr\u00fczs\u00fcz, \u015feffaf ve y\u00fckseltilmi\u015f taban, yaln\u0131zca g\u00f6rsel dengeyi sa\u011flamakla kalmaz, ayn\u0131 zamanda kab\u0131n sabit kalmas\u0131n\u0131 da sa\u011flar.<\/li>\n<li><strong>460 ml kapasite:<\/strong> Bu, \u00f6nemli miktarda balmumu tutma kapasitesine sahip geni\u015f bir kapt\u0131r ve birka\u00e7 hafta dayanabilecek y\u00fcksek kaliteli mumlar \u00fcretmek i\u00e7in yeterince uygundur.<\/li>\n<\/ul>\n<h2 style=\"text-align: left;\">Temel \u00d6zellikler<\/h2>\n<table class=\"aligncenter\" style=\"border-collapse: collapse; width: 440.27pt;\" border=\"0\" width=\"587\" cellspacing=\"0\" cellpadding=\"0\">\n<tbody>\n<tr style=\"height: 13.50pt;\">\n<td style=\"height: 13.50pt; width: 129.75pt;\" width=\"173\" height=\"18\">\u015eartname<\/td>\n<td style=\"width: 310.50pt;\" width=\"414\">Detaylar<\/td>\n<\/tr>\n<tr style=\"height: 13.50pt;\">\n<td style=\"height: 13.50pt;\" height=\"18\">Kapasite<\/td>\n<td>460 ml<\/td>\n<\/tr>\n<tr style=\"height: 13.50pt;\">\n<td style=\"height: 13.50pt;\" height=\"18\">Boyutlar<\/td>\n<td>67\u00d785\u00d7130mm<\/td>\n<\/tr>\n<tr style=\"height: 13.50pt;\">\n<td style=\"height: 13.50pt;\" height=\"18\">Malzeme<\/td>\n<td>Y\u00fcksek Kaliteli \u015eeffaf Kesme Cam<\/td>\n<\/tr>\n<tr style=\"height: 13.50pt;\">\n<td style=\"height: 13.50pt;\" height=\"18\">Kavanoz \u015eekli<\/td>\n<td>Uzun Silindir, Tam G\u00f6vdeli T\u00fcy Kesimli Dokuya Sahip<\/td>\n<\/tr>\n<tr style=\"height: 13.50pt;\">\n<td style=\"height: 13.50pt;\" height=\"18\">\u00d6zelle\u015ftirme Kapsam\u0131<\/td>\n<td>Renk, Boyut, Y\u00fczey, Kapaklar<\/td>\n<\/tr>\n<tr style=\"height: 13.50pt;\">\n<td style=\"height: 13.50pt;\" height=\"18\">\u0130\u015f\u00e7ilik \u00d6zelli\u011fi<\/td>\n<td>Hassas Cam Kesimi, 3D T\u00fcy Kesim Kal\u0131plama<\/td>\n<\/tr>\n<tr style=\"height: 13.50pt;\">\n<td style=\"height: 13.50pt;\" height=\"18\">\u00dcr\u00fcn Amac\u0131<\/td>\n<td>Cam Mum Kab\u0131, Dekoratif Ev Kokusu Kaplar\u0131<\/td>\n<\/tr>\n<tr style=\"height: 13.50pt;\">\n<td style=\"height: 13.50pt;\" height=\"18\">Uygun Sekt\u00f6rler<\/td>\n<td>L\u00fcks Mum Markalar\u0131, \u00dcst D\u00fczey Ev Dekorasyon \u00dcr\u00fcnleri Perakendecileri<\/td>\n<\/tr>\n<\/tbody>\n<\/table>\n<h2>\u00dcst D\u00fczey Bir \u0130ngiliz Ev Mobilyas\u0131 Markas\u0131n\u0131n Ba\u015far\u0131 \u00d6yk\u00fcs\u00fc<\/h2>\n<p>T\u00fcy motifli cam mum kab\u0131m\u0131z, \u0130ngiliz bir ev kokusu markas\u0131n\u0131n sipari\u015fi \u00fczerine, dumanl\u0131 gri renkte ve 24 ayar alt\u0131n kaplama kenarl\u0131 olarak \u00f6zel olarak \u00fcretildi. Muhte\u015fem t\u00fcy deseni, b\u00fcy\u00fcleyici mum \u0131\u015f\u0131\u011f\u0131n\u0131 filtreliyor ve kab\u0131n estetik de\u011ferini art\u0131r\u0131yor. B\u00fcy\u00fck ve g\u00f6steri\u015fli yap\u0131s\u0131, ma\u011fazadaki \u015fikayet say\u0131s\u0131n\u0131 oran\u0131nda azaltt\u0131. \u0130ki ay i\u00e7inde \u00fcr\u00fcn t\u00fckendi. Bu durum, markan\u0131n bir sonraki iki sezonluk koleksiyonunda yer almas\u0131 i\u00e7in hemen 250.000 adet daha mum kab\u0131 sipari\u015f etmesine yol a\u00e7t\u0131.<\/p>\n<h2>B\u00fcy\u00fck Cam Mum Kaplar\u0131 \u00d6zelle\u015ftirme<\/h2>\n<ul>\n<li>Dokulu Taban: Tabana, g\u00f6vde rengine benzer veya z\u0131t bir doku kazand\u0131r\u0131n.<\/li>\n<li>Metalik Kaplama: T\u00fcylerin kabartmal\u0131 deseninin kenarlar\u0131n\u0131 alt\u0131n, g\u00fcm\u00fc\u015f veya pembe alt\u0131nla kaplay\u0131n.<\/li>\n<li>Tabana Serigrafi Bask\u0131: Cam tabana hafif bir logo veya monogram ekleyin.<\/li>\n<li>\u00d6zel Tasar\u0131m Kapak Tasar\u0131m\u0131: G\u00fczel desene uyacak a\u011f\u0131rl\u0131kl\u0131, kubbeli cam veya pirin\u00e7 bir kapak tasarlay\u0131n.<\/li>\n<\/ul>","protected":false},"excerpt":{"rendered":"<p>Kabartmal\u0131 t\u00fcy dokusuna sahip \u015feffaf cam mumluk, mum yap\u0131m\u0131 ve ev dekorasyonu i\u00e7in uygundur. Dayan\u0131kl\u0131 b\u00fcy\u00fck cam mumluklar toptan olarak sunulmaktad\u0131r.<\/p>","protected":false},"featured_media":5290,"template":"","meta":{"postBodyCss":"","postBodyMargin":[],"postBodyPadding":[],"postBodyBackground":{"backgroundType":"classic","gradient":""}},"product_brand":[],"product_cat":[15,82,17],"product_tag":[],"class_list":{"0":"post-5284","1":"product","2":"type-product","3":"status-publish","4":"has-post-thumbnail","6":"product_cat-glass-containers","7":"product_cat-candle-jars","8":"product_cat-glass-jars","10":"first","11":"instock","12":"shipping-taxable","13":"product-type-simple"},"jetpack_sharing_enabled":true,"_links":{"self":[{"href":"https:\/\/minghanggroup.com\/tr\/wp-json\/wp\/v2\/product\/5284","targetHints":{"allow":["GET"]}}],"collection":[{"href":"https:\/\/minghanggroup.com\/tr\/wp-json\/wp\/v2\/product"}],"about":[{"href":"https:\/\/minghanggroup.com\/tr\/wp-json\/wp\/v2\/types\/product"}],"wp:featuredmedia":[{"embeddable":true,"href":"https:\/\/minghanggroup.com\/tr\/wp-json\/wp\/v2\/media\/5290"}],"wp:attachment":[{"href":"https:\/\/minghanggroup.com\/tr\/wp-json\/wp\/v2\/media?parent=5284"}],"wp:term":[{"taxonomy":"product_brand","embeddable":true,"href":"https:\/\/minghanggroup.com\/tr\/wp-json\/wp\/v2\/product_brand?post=5284"},{"taxonomy":"product_cat","embeddable":true,"href":"https:\/\/minghanggroup.com\/tr\/wp-json\/wp\/v2\/product_cat?post=5284"},{"taxonomy":"product_tag","embeddable":true,"href":"https:\/\/minghanggroup.com\/tr\/wp-json\/wp\/v2\/product_tag?post=5284"}],"curies":[{"name":"wp","href":"https:\/\/api.w.org\/{rel}","templated":true}]}}