{"id":5283,"date":"2026-01-26T16:48:07","date_gmt":"2026-01-26T08:48:07","guid":{"rendered":"https:\/\/minghanggroup.com\/?post_type=product&#038;p=5283"},"modified":"2026-01-26T16:48:09","modified_gmt":"2026-01-26T08:48:09","slug":"160ml-glass-unique-candle-containers-with-textured-patterns-bulk","status":"publish","type":"product","link":"https:\/\/minghanggroup.com\/tr\/urun\/160ml-glass-unique-candle-containers-with-textured-patterns-bulk\/","title":{"rendered":"160 ml&#039;lik Dokulu Desenli Benzersiz Cam Mum Kaplar\u0131 (Toptan Sat\u0131\u015f)"},"content":{"rendered":"<p>E\u015fsiz mum kaplar\u0131n\u0131z sadece mumu saklamakla kalmamal\u0131, ayn\u0131 zamanda ma\u011fazan\u0131z\u0131n s\u0131v\u0131 vitray gibi parlamas\u0131n\u0131 sa\u011flamal\u0131d\u0131r. Toptan mum kaplar\u0131 konusunda uzmanla\u015fm\u0131\u015f bir firma olarak, toplu mum \u00fcr\u00fcnlerinizi m\u00fc\u015fterilerinizin olmazsa olmaz\u0131 haline getiren l\u00fcks mum kaplar\u0131 \u00fcretiyoruz.<\/p>\n<h2>\u00dcr\u00fcn \u00d6zellikleri<\/h2>\n<ul>\n<li><strong>Desen Ki\u015fili\u011fi:<\/strong> Dikey \u00e7izgiler, bal\u0131k pullar\u0131, elmaslar... her desenin anlatacak kendi hikayesi var. Mum kab\u0131n\u0131z\u0131n g\u00f6r\u00fcn\u00fcm\u00fc ve hissi benzersiz ve l\u00fcks.<\/li>\n<li><strong>Kristal Berrakl\u0131\u011f\u0131:<\/strong> Bulan\u0131k filtreler olmadan, \u015feffaf camdan kokulu u\u00e7ucu ya\u011flar\u0131n farkl\u0131 renklerine yak\u0131ndan bak\u0131n.<\/li>\n<li><strong>Sa\u011flam Taban:<\/strong> S\u00fcper, kal\u0131n tabanl\u0131, raf \u00fczerinde kesinlikle sallanm\u0131yor. Mum kab\u0131n\u0131z sa\u011flam ve g\u00fcvenli \u00f6zelliklere sahip.<\/li>\n<\/ul>\n<h2>Temel \u00d6zellikler<\/h2>\n<table style=\"border-collapse: collapse; width: 80%; margin-left: auto; margin-right: auto;\" border=\"0\" width=\"360\" cellspacing=\"0\" cellpadding=\"0\">\n<tbody>\n<tr style=\"height: 13.50pt;\">\n<td style=\"height: 13.5pt; width: 54pt; text-align: center;\" width=\"72\" height=\"18\">Boyut<\/td>\n<td style=\"width: 54pt; text-align: center;\" width=\"72\">\u00d6l\u00e7\u00fcler (mm)<\/td>\n<td style=\"width: 54pt; text-align: center;\" width=\"72\">Mevcut Desenler<\/td>\n<td style=\"width: 54pt; text-align: center;\" width=\"72\">Malzeme<\/td>\n<td style=\"width: 54pt; text-align: center;\" width=\"72\">Renk<\/td>\n<\/tr>\n<tr style=\"height: 13.50pt;\">\n<td style=\"height: 13.5pt; text-align: center;\" height=\"18\">160 ml<\/td>\n<td style=\"text-align: center;\">80 \u00d7 70 \u00d7 69<\/td>\n<td style=\"text-align: center;\">Dikey, Bal\u0131k Pul Deseni, Elmas, V \u015eekli, Zikzak, Noktalar<\/td>\n<td style=\"text-align: center;\">Kristal cam<\/td>\n<td style=\"text-align: center;\">Temizle veya \u00f6zel<\/td>\n<\/tr>\n<\/tbody>\n<\/table>\n<h2>Ba\u015far\u0131 \u00d6rne\u011fi<\/h2>\n<p>Kokulu mum \u00fcreten bir marka, ana ambalaj\u0131n\u0131 de\u011fi\u015ftirmeye karar verdi ve \u00f6zel mum kavanozlar\u0131m\u0131z\u0131 se\u00e7ti. Markan\u0131n kimli\u011fini kutlamak i\u00e7in, elmas kabartmal\u0131 bir desenle ki\u015fiselle\u015ftirilmi\u015f, kaymaz tabanl\u0131 ve markan\u0131n logosu ve slogan\u0131yla bask\u0131l\u0131 metal kapakl\u0131 benzersiz mum kavanozlar\u0131 \u00fcretmek \u00fczere bizimle ileti\u015fime ge\u00e7tiler.<\/p>\n<p>\u00dcr\u00fcn piyasaya s\u00fcr\u00fcld\u00fckten sonraki ilk \u00e7eyrekte sat\u0131\u015flar artt\u0131. M\u00fc\u015fteri, ilk sipari\u015fi tamamlad\u0131ktan sonraki y\u0131l i\u00e7inde \u00fc\u00e7 adet daha toplu sipari\u015f verdi.<\/p>\n<h2>\u00d6zelle\u015ftirme Se\u00e7enekleriniz<\/h2>\n<ol>\n<li><strong>\u201cDesen, Hikaye\u201d Paketleri:<\/strong> \u00dc\u00e7 \u00f6zg\u00fcn deseni mevsimsel renk temalar\u0131yla birle\u015ftirin (\u00f6rne\u011fin, k\u0131\u015f i\u00e7in bal\u0131k pulu deseni + koyu k\u0131rm\u0131z\u0131, tatiller i\u00e7in elmas deseni + alt\u0131n rengi).<\/li>\n<li><strong>Eko, \u015eeffafl\u0131k Tonu:<\/strong> Mum yand\u0131\u011f\u0131nda renk de\u011fi\u015ftiren, geri d\u00f6n\u00fc\u015ft\u00fcr\u00fclm\u00fc\u015f camdan yap\u0131lm\u0131\u015f ince bir renk tonu (\u00f6rne\u011fin mavi bir &#034;okyanus dalgas\u0131&#034;) ekleyin.<\/li>\n<li><strong>\u201cEtiket Yok\u201d Markala\u015fmas\u0131:<\/strong> Logonuzu cam tabana yerle\u015ftirin (lazer y\u00f6ntemiyle, mum yak\u0131lana kadar g\u00f6r\u00fcnmez olacakt\u0131r).<\/li>\n<\/ol>","protected":false},"excerpt":{"rendered":"<p>Dokulu cam tasar\u0131ml\u0131 benzersiz mum kaplar\u0131, toptan al\u0131c\u0131lar i\u00e7in idealdir. Toplu \u00f6zelle\u015ftirmeyi destekler, uzun vadeli marka ortakl\u0131klar\u0131 i\u00e7in uygundur.<\/p>","protected":false},"featured_media":5288,"template":"","meta":{"postBodyCss":"","postBodyMargin":[],"postBodyPadding":[],"postBodyBackground":{"backgroundType":"classic","gradient":""}},"product_brand":[],"product_cat":[15,82,17],"product_tag":[],"class_list":{"0":"post-5283","1":"product","2":"type-product","3":"status-publish","4":"has-post-thumbnail","6":"product_cat-glass-containers","7":"product_cat-candle-jars","8":"product_cat-glass-jars","10":"first","11":"instock","12":"shipping-taxable","13":"product-type-simple"},"jetpack_sharing_enabled":true,"_links":{"self":[{"href":"https:\/\/minghanggroup.com\/tr\/wp-json\/wp\/v2\/product\/5283","targetHints":{"allow":["GET"]}}],"collection":[{"href":"https:\/\/minghanggroup.com\/tr\/wp-json\/wp\/v2\/product"}],"about":[{"href":"https:\/\/minghanggroup.com\/tr\/wp-json\/wp\/v2\/types\/product"}],"wp:featuredmedia":[{"embeddable":true,"href":"https:\/\/minghanggroup.com\/tr\/wp-json\/wp\/v2\/media\/5288"}],"wp:attachment":[{"href":"https:\/\/minghanggroup.com\/tr\/wp-json\/wp\/v2\/media?parent=5283"}],"wp:term":[{"taxonomy":"product_brand","embeddable":true,"href":"https:\/\/minghanggroup.com\/tr\/wp-json\/wp\/v2\/product_brand?post=5283"},{"taxonomy":"product_cat","embeddable":true,"href":"https:\/\/minghanggroup.com\/tr\/wp-json\/wp\/v2\/product_cat?post=5283"},{"taxonomy":"product_tag","embeddable":true,"href":"https:\/\/minghanggroup.com\/tr\/wp-json\/wp\/v2\/product_tag?post=5283"}],"curies":[{"name":"wp","href":"https:\/\/api.w.org\/{rel}","templated":true}]}}