{"id":5277,"date":"2026-01-26T10:21:59","date_gmt":"2026-01-26T02:21:59","guid":{"rendered":"https:\/\/minghanggroup.com\/?post_type=product&#038;p=5277"},"modified":"2026-01-26T11:10:07","modified_gmt":"2026-01-26T03:10:07","slug":"clear-glass-candle-jars-small-with-thick-base-wholesale","status":"publish","type":"product","link":"https:\/\/minghanggroup.com\/tr\/urun\/clear-glass-candle-jars-small-with-thick-base-wholesale\/","title":{"rendered":"42 ml \u015eeffaf Cam Mum Kavanozlar\u0131, Kal\u0131n Tabanl\u0131, Toptan Sat\u0131\u015f"},"content":{"rendered":"<p>Bu k\u00fc\u00e7\u00fck mumluklar, sade dikey \u00e7izgiler ve mum d\u00f6kme i\u015flemini kolayla\u015ft\u0131ran geni\u015f a\u011f\u0131zlar\u0131yla dikkat \u00e7ekiyor. Sa\u011flam tabanlar\u0131 ise g\u00fcvenli ve istikrarl\u0131 bir yerle\u015ftirme sa\u011fl\u0131yor.<\/p>\n<h2>\u00dcr\u00fcn \u00d6zellikleri<\/h2>\n<ul>\n<li><strong>Dikey oluk dokusu:<\/strong> P\u00fcr\u00fczs\u00fcz dikey doku, kavanoza modern bir \u015f\u0131kl\u0131k katacak ve onu daha \u00e7ekici hale getirecektir.<\/li>\n<li><strong>A\u011f\u0131r, inceltilmi\u015f taban:<\/strong> G\u00fc\u00e7lendirilmi\u015f taban\u0131 sayesinde b\u00fcy\u00fck bir denge sa\u011flar ve d\u00fcz bir y\u00fczeyde devrilmesi imkans\u0131zd\u0131r.<\/li>\n<li><strong>K\u00fc\u00e7\u00fck kapasiteli, 42 ml:<\/strong> 42 ml&#039;lik boyut, k\u00fc\u00e7\u00fck kokulu mumlar\u0131 veya promosyon ama\u00e7l\u0131 mum \u00f6rneklerini saklamak i\u00e7in m\u00fckemmeldir.<\/li>\n<\/ul>\n<h2 style=\"text-align: left;\">Temel \u00d6zellikler<\/h2>\n<table class=\"aligncenter\" style=\"border-collapse: collapse; width: 440.27pt;\" border=\"0\" width=\"587\" cellspacing=\"0\" cellpadding=\"0\">\n<tbody>\n<tr style=\"height: 13.50pt;\">\n<td style=\"height: 13.50pt; width: 129.75pt;\" width=\"173\" height=\"18\">\u015eartname<\/td>\n<td style=\"width: 310.50pt;\" width=\"414\">Detaylar<\/td>\n<\/tr>\n<tr style=\"height: 13.50pt;\">\n<td style=\"height: 13.50pt;\" height=\"18\">Kapasite<\/td>\n<td>42 ml<\/td>\n<\/tr>\n<tr style=\"height: 13.50pt;\">\n<td style=\"height: 13.50pt;\" height=\"18\">Boyutlar<\/td>\n<td>55\u00d743\u00d735 mm<\/td>\n<\/tr>\n<tr style=\"height: 13.50pt;\">\n<td style=\"height: 13.50pt;\" height=\"18\">Malzeme<\/td>\n<td>\u015eeffaf Cam<\/td>\n<\/tr>\n<tr style=\"height: 13.50pt;\">\n<td style=\"height: 13.50pt;\" height=\"18\">Kavanoz \u015eekli<\/td>\n<td>K\u0131sa Silindir<\/td>\n<\/tr>\n<tr style=\"height: 13.50pt;\">\n<td style=\"height: 13.50pt;\" height=\"18\">\u00d6zelle\u015ftirme Kapsam\u0131<\/td>\n<td>Renk, \u015eekil, Krema, Kabartma<\/td>\n<\/tr>\n<tr style=\"height: 13.50pt;\">\n<td style=\"height: 13.50pt;\" height=\"18\">\u0130\u015f\u00e7ilik \u00d6zelli\u011fi<\/td>\n<td>G\u00fc\u00e7lendirilmi\u015f Kal\u0131n Taban, D\u00fczg\u00fcn Dikey Nerv\u00fcrl\u00fc Kal\u0131plama<\/td>\n<\/tr>\n<tr style=\"height: 13.50pt;\">\n<td style=\"height: 13.50pt;\" height=\"18\">\u00dcr\u00fcn Amac\u0131<\/td>\n<td>Toptan Cam Kavanoz Mumlar, Mum Kavanoz Numuneleri<\/td>\n<\/tr>\n<tr style=\"height: 13.50pt;\">\n<td style=\"height: 13.50pt;\" height=\"18\">Uygun Sekt\u00f6rler<\/td>\n<td>Mum \u00dcreticileri, B\u00fcy\u00fck Perakendeciler<\/td>\n<\/tr>\n<\/tbody>\n<\/table>\n<h2>Ba\u015far\u0131 \u00d6yk\u00fcs\u00fc: Orta Bat\u0131 Otel Zinciri Spa&#039;s\u0131 Yenilendi<\/h2>\n<p>\u00d6zel buzlu kaplamal\u0131, k\u00fc\u00e7\u00fck, dokulu mum kavanozlar\u0131m\u0131z, Orta Bat\u0131&#039;daki b\u00fcy\u00fck bir otel zinciri taraf\u0131ndan sipari\u015f edildi. Buzlu cam kavanozlar, spa ortam\u0131n\u0131 iyile\u015ftiren zarif ve \u015f\u0131k bir etki yarat\u0131yor. Olumlu yorumlar\u0131n &#039;\u0131nda belirtildi\u011fi gibi, dikey nerv\u00fcrl\u00fc yap\u0131s\u0131 m\u00fckemmel bir tutu\u015f sa\u011fl\u0131yor. Bu iyile\u015ftirme, spa deneyiminde misafirlerin memnuniyet d\u00fczeyinde &#039;lik bir art\u0131\u015fa yol a\u00e7t\u0131. Bunun \u00fczerine, iki y\u0131l boyunca t\u00fcm tesislerini beslemeye yetecek miktarda, 650.000 adet daha sipari\u015f verdiler.<\/p>\n<h2>Toptan Cam Kavanoz Mumlar\u0131n Ki\u015fiselle\u015ftirilmesi<\/h2>\n<ul>\n<li>Cam Rengi: \u015eeffaf, a\u00e7\u0131k gri, kehribar ve dokusuna uygun di\u011fer a\u00e7\u0131k tonlarda olabilir.<\/li>\n<li>Buzlu Kaplama: Cam kavanoza buzlu bir kaplama uygulamak, yumu\u015fak ve da\u011f\u0131n\u0131k \u0131\u015f\u0131k g\u00f6r\u00fcn\u00fcm\u00fc elde etmenin yoludur.<\/li>\n<li>Metalik Kaplama: Dokulu cam kavanozu alt\u0131n, g\u00fcm\u00fc\u015f veya bak\u0131rla kaplamak, kavanoza \u015f\u0131k bir g\u00f6r\u00fcn\u00fcm kazand\u0131racakt\u0131r.<\/li>\n<li>Kabartma: Kavanozun alt\u0131ndaki veya yan\u0131ndaki d\u00fcz k\u0131sma, hafif\u00e7e kabart\u0131lm\u0131\u015f bir logo r\u00f6tu\u015fu yap\u0131n.<\/li>\n<\/ul>","protected":false},"excerpt":{"rendered":"<p>\u015e\u0131k, toptan sat\u0131\u015fa sunulan, nerv\u00fcrl\u00fc dokuya ve kal\u0131n tabana sahip cam kavanoz mumlar, kokulu mumlar ve dekorasyon i\u00e7in idealdir. H\u0131zl\u0131 kargo ile premium k\u00fc\u00e7\u00fck mum kavanozlar\u0131.<\/p>","protected":false},"featured_media":5281,"template":"","meta":{"postBodyCss":"","postBodyMargin":[],"postBodyPadding":[],"postBodyBackground":{"backgroundType":"classic","gradient":""}},"product_brand":[],"product_cat":[15,82,17],"product_tag":[],"class_list":{"0":"post-5277","1":"product","2":"type-product","3":"status-publish","4":"has-post-thumbnail","6":"product_cat-glass-containers","7":"product_cat-candle-jars","8":"product_cat-glass-jars","10":"first","11":"instock","12":"shipping-taxable","13":"product-type-simple"},"jetpack_sharing_enabled":true,"_links":{"self":[{"href":"https:\/\/minghanggroup.com\/tr\/wp-json\/wp\/v2\/product\/5277","targetHints":{"allow":["GET"]}}],"collection":[{"href":"https:\/\/minghanggroup.com\/tr\/wp-json\/wp\/v2\/product"}],"about":[{"href":"https:\/\/minghanggroup.com\/tr\/wp-json\/wp\/v2\/types\/product"}],"wp:featuredmedia":[{"embeddable":true,"href":"https:\/\/minghanggroup.com\/tr\/wp-json\/wp\/v2\/media\/5281"}],"wp:attachment":[{"href":"https:\/\/minghanggroup.com\/tr\/wp-json\/wp\/v2\/media?parent=5277"}],"wp:term":[{"taxonomy":"product_brand","embeddable":true,"href":"https:\/\/minghanggroup.com\/tr\/wp-json\/wp\/v2\/product_brand?post=5277"},{"taxonomy":"product_cat","embeddable":true,"href":"https:\/\/minghanggroup.com\/tr\/wp-json\/wp\/v2\/product_cat?post=5277"},{"taxonomy":"product_tag","embeddable":true,"href":"https:\/\/minghanggroup.com\/tr\/wp-json\/wp\/v2\/product_tag?post=5277"}],"curies":[{"name":"wp","href":"https:\/\/api.w.org\/{rel}","templated":true}]}}