{"id":5268,"date":"2026-01-26T10:17:03","date_gmt":"2026-01-26T02:17:03","guid":{"rendered":"https:\/\/minghanggroup.com\/?post_type=product&#038;p=5268"},"modified":"2026-01-26T10:17:05","modified_gmt":"2026-01-26T02:17:05","slug":"classic-candle-glass-containers-for-branding-in-bulk","status":"publish","type":"product","link":"https:\/\/minghanggroup.com\/tr\/urun\/classic-candle-glass-containers-for-branding-in-bulk\/","title":{"rendered":"2 litrelik Klasik Cam Mum Kaplar\u0131 (Toptan Markalama \u0130\u00e7in)"},"content":{"rendered":"<p>Mumlar\u0131n\u0131z i\u00e7in kulland\u0131\u011f\u0131n\u0131z cam kaplar sadece mumu saklamakla kalmamal\u0131, ayn\u0131 zamanda d\u00fckkan\u0131n\u0131z\u0131 gizli bir bah\u00e7e gibi \u0131\u015f\u0131ldatmal\u0131d\u0131r. Toptan mum kavanozu uzman\u0131 olarak, toptan mum \u00fcr\u00fcn yelpazenizi m\u00fc\u015fterilerinizin olmazsa olmaz\u0131 haline getiren l\u00fcks mum kaplar\u0131 \u00fcretiyoruz.<\/p>\n<h2>\u00dcr\u00fcn \u00d6zellikleri<\/h2>\n<ul>\n<li><strong>Y\u00fcksek, \u015feffaf cam:<\/strong> Son derece \u015feffaf olan cam g\u00f6vde, balmumunun rengini ve yanma katmanlar\u0131n\u0131 asl\u0131na sad\u0131k bir \u015fekilde ortaya \u00e7\u0131kararak genel g\u00f6rsel \u00e7ekicili\u011fi b\u00fcy\u00fck \u00f6l\u00e7\u00fcde art\u0131r\u0131r.<\/li>\n<li>S<strong>standart d\u00fcz jant:<\/strong> D\u00fcz, kenarl\u0131 kap tasar\u0131m\u0131, balmumunun otomatik veya manuel y\u00f6ntemle kolayca d\u00f6k\u00fclmesini sa\u011flar ve tek fitilli, \u00e7ok fitilli ve \u00e7e\u015fitli balmumu form\u00fclasyonlar\u0131yla uyumludur.<\/li>\n<li><strong>Minimalist g\u00f6r\u00fcn\u00fcm:<\/strong> S\u00fcsleme i\u00e7ermeyen sade ve klasik tasar\u0131m, etiketleme, serigrafi bask\u0131 ve d\u0131\u015f ambalaj tasar\u0131mlar\u0131yla kolayca uyum sa\u011flayaca\u011f\u0131ndan hediye i\u00e7in m\u00fckemmeldir.<\/li>\n<\/ul>\n<h2>Temel \u00d6zellikler<\/h2>\n<table style=\"border-collapse: collapse; width: 80%; margin-right: auto; margin-left: auto;\" border=\"0\" width=\"288\" cellspacing=\"0\" cellpadding=\"0\">\n<tbody>\n<tr style=\"height: 13.50pt;\">\n<td class=\"et2\" style=\"height: 13.5pt; width: 54pt; text-align: center;\" width=\"72\" height=\"18\">Boyut<\/td>\n<td style=\"width: 54pt; text-align: center;\" width=\"72\">\u00d6l\u00e7\u00fcler (mm)<\/td>\n<td style=\"width: 54pt; text-align: center;\" width=\"72\">Malzeme<\/td>\n<td style=\"width: 54pt; text-align: center;\" width=\"72\">Renk Se\u00e7enekleri<\/td>\n<\/tr>\n<tr style=\"height: 13.50pt;\">\n<td style=\"height: 13.5pt; text-align: center;\" height=\"18\">2L<\/td>\n<td style=\"text-align: center;\">150\u00d7143\u00d7150<\/td>\n<td style=\"text-align: center;\">Kristal cam<\/td>\n<td style=\"text-align: center;\">\u015eeffaf\/\u00f6zel<\/td>\n<\/tr>\n<\/tbody>\n<\/table>\n<h2>Ba\u015far\u0131 \u00d6rne\u011fi<\/h2>\n<p>Kuzey Amerika&#039;da orta ve \u00fcst segmentte yer alan bir kokulu mum markas\u0131, yeni \u00fcr\u00fcn serisi i\u00e7in ana ambalaj olarak mum cam kaplar\u0131m\u0131z\u0131 tercih etti. Ma\u011faza raflar\u0131nda m\u00fc\u015fterilerin daha fazla dikkatini \u00e7ekmek i\u00e7in, marka kimliklerini vurgulamak amac\u0131yla \u015fi\u015felerin \u00fczerine marka logolar\u0131n\u0131 bast\u0131rmaya karar verdiler; ve kokunun do\u011fal ve klasik \u00f6zelliklerini ortaya \u00e7\u0131karmak i\u00e7in de ay\u0131rt edici ceviz a\u011fac\u0131 kapaklarla e\u015fle\u015ftirdiler.<\/p>\n<p>\u00dcr\u00fcnlerin sat\u0131\u015fa sunulmas\u0131ndan bu yana \u00fc\u00e7 aydan k\u0131sa bir s\u00fcre i\u00e7inde internet \u00fczerinden yap\u0131lan sat\u0131\u015flar y\u0131ll\u0131k bazda neredeyse artt\u0131. \u0130lk sipari\u015f tamamland\u0131ktan sonra m\u00fc\u015fteri iki b\u00fcy\u00fck sipari\u015f daha verdi.<\/p>\n<h2>\u00d6zelle\u015ftirme Se\u00e7enekleriniz<\/h2>\n<ol>\n<li><strong>\u00d6zelle\u015ftirilebilir Cam \u015eeffafl\u0131k Seviyeleri:<\/strong> Standart olarak \u00fc\u00e7 farkl\u0131 cam \u015feffafl\u0131k seviyesi sunuyoruz: y\u00fcksek \u015feffafl\u0131k, yar\u0131 \u015feffaf, \u015feffaf ve buzlu. Bu sayede farkl\u0131 aromalar veya \u00fcr\u00fcn gruplar\u0131 kendilerine \u00f6zg\u00fc atmosferlerini ve dolay\u0131s\u0131yla marka farkl\u0131la\u015fmas\u0131n\u0131 iletebiliyorlar.<\/li>\n<li><strong>Kaymaz yap\u0131da veya g\u00f6r\u00fcnmez i\u015faretlemeli, \u00f6zelle\u015ftirilebilir taban:<\/strong> Taban, ince dokulu kaymaz bir halka yard\u0131m\u0131yla veya markaya \u00f6zel bir logo\/parti koduyla markalanarak geli\u015ftirilebilir; bu da \u00f6ncelikle marka tan\u0131n\u0131rl\u0131\u011f\u0131n\u0131n yan\u0131 s\u0131ra pratikli\u011fe de hizmet eder.<\/li>\n<li><strong>Uyumlu Kapak ve Ambalajlar\u0131n Sistematik \u00d6zelle\u015ftirilmesi:<\/strong> Ah\u015fap, cam veya metalden yap\u0131lm\u0131\u015f, ki\u015fiye \u00f6zel uyumlu kapak setinin kullan\u0131m\u0131, \u00fcr\u00fcn tasar\u0131m\u0131n\u0131n genel tarz\u0131na \u00f6nemli \u00f6l\u00e7\u00fcde katk\u0131da bulunacakt\u0131r.<\/li>\n<\/ol>","protected":false},"excerpt":{"rendered":"<p>Markalar i\u00e7in birinci s\u0131n\u0131f cam mum kaplar\u0131. Do\u011frudan fabrikadan, h\u0131zl\u0131 kargo deste\u011fiyle, toplu mum kavanozlar\u0131 i\u00e7in ideal. \u00dccretsiz numune.<\/p>","protected":false},"featured_media":5276,"template":"","meta":{"postBodyCss":"","postBodyMargin":[],"postBodyPadding":[],"postBodyBackground":{"backgroundType":"classic","gradient":""}},"product_brand":[],"product_cat":[15,82,17],"product_tag":[],"class_list":{"0":"post-5268","1":"product","2":"type-product","3":"status-publish","4":"has-post-thumbnail","6":"product_cat-glass-containers","7":"product_cat-candle-jars","8":"product_cat-glass-jars","10":"first","11":"instock","12":"shipping-taxable","13":"product-type-simple"},"jetpack_sharing_enabled":true,"_links":{"self":[{"href":"https:\/\/minghanggroup.com\/tr\/wp-json\/wp\/v2\/product\/5268","targetHints":{"allow":["GET"]}}],"collection":[{"href":"https:\/\/minghanggroup.com\/tr\/wp-json\/wp\/v2\/product"}],"about":[{"href":"https:\/\/minghanggroup.com\/tr\/wp-json\/wp\/v2\/types\/product"}],"wp:featuredmedia":[{"embeddable":true,"href":"https:\/\/minghanggroup.com\/tr\/wp-json\/wp\/v2\/media\/5276"}],"wp:attachment":[{"href":"https:\/\/minghanggroup.com\/tr\/wp-json\/wp\/v2\/media?parent=5268"}],"wp:term":[{"taxonomy":"product_brand","embeddable":true,"href":"https:\/\/minghanggroup.com\/tr\/wp-json\/wp\/v2\/product_brand?post=5268"},{"taxonomy":"product_cat","embeddable":true,"href":"https:\/\/minghanggroup.com\/tr\/wp-json\/wp\/v2\/product_cat?post=5268"},{"taxonomy":"product_tag","embeddable":true,"href":"https:\/\/minghanggroup.com\/tr\/wp-json\/wp\/v2\/product_tag?post=5268"}],"curies":[{"name":"wp","href":"https:\/\/api.w.org\/{rel}","templated":true}]}}