{"id":5267,"date":"2026-01-26T09:16:06","date_gmt":"2026-01-26T01:16:06","guid":{"rendered":"https:\/\/minghanggroup.com\/?post_type=product&#038;p=5267"},"modified":"2026-03-02T15:03:55","modified_gmt":"2026-03-02T07:03:55","slug":"large-embossed-luxury-candle-jars-wholesale","status":"publish","type":"product","link":"https:\/\/minghanggroup.com\/tr\/urun\/large-embossed-luxury-candle-jars-wholesale\/","title":{"rendered":"410 ml B\u00fcy\u00fck Boy Kabartmal\u0131 L\u00fcks Mum Kavanozlar\u0131 Toptan Sat\u0131\u015f"},"content":{"rendered":"<p>Toptan sat\u0131\u015f\u0131n\u0131 yapt\u0131\u011f\u0131m\u0131z bu l\u00fcks mum kavanozlar\u0131, l\u00fcks dokuyu antik zarafetle m\u00fckemmel bir \u015fekilde harmanl\u0131yor. Silindirik formdaki kavanoz g\u00f6vdesi, keskin dikey \u00e7izgiler, ince g\u00fcne\u015f \u0131\u015f\u0131\u011f\u0131 desenleri, parlak kabartmal\u0131 noktalar ve \u0131\u015f\u0131lt\u0131l\u0131 elmas desenleri de dahil olmak \u00fczere d\u00f6rt tan\u0131nabilir dokusal tasar\u0131mla kaplanm\u0131\u015ft\u0131r.<\/p>\n<h2>\u00dcr\u00fcn \u00d6zellikleri<\/h2>\n<ul>\n<li><strong>D\u00f6rt Doku Tasar\u0131m\u0131:<\/strong> Dalgal\u0131, radyal, noktal\u0131 ve elmas kesim desenler de dahil olmak \u00fczere d\u00f6rt g\u00fczel genel doku se\u00e7ene\u011fi mevcuttur.<\/li>\n<li><strong>Klasik D\u00fcz Silindir \u015eekli:<\/strong> Basit silindirik \u015fekil evrenseldir ve her t\u00fcrl\u00fc dekorasyona iyi uyum sa\u011flar.<\/li>\n<li><strong>B\u00fcy\u00fck Boy 410 ml:<\/strong> 410 ml&#039;lik b\u00fcy\u00fck boyutu, uzun s\u00fcreli yanma sa\u011flayarak y\u00fcksek kaliteli bir mum deneyimi sunar.<\/li>\n<\/ul>\n<h2 style=\"text-align: left;\">Temel \u00d6zellikler<\/h2>\n<table class=\"aligncenter\" style=\"border-collapse: collapse; width: 441.02pt;\" border=\"0\" width=\"588\" cellspacing=\"0\" cellpadding=\"0\">\n<tbody>\n<tr style=\"height: 13.50pt;\">\n<td style=\"height: 13.50pt; width: 120.75pt;\" width=\"161\" height=\"18\">\u015eartname<\/td>\n<td style=\"width: 320.25pt;\" width=\"427\">Detaylar<\/td>\n<\/tr>\n<tr style=\"height: 13.50pt;\">\n<td style=\"height: 13.50pt;\" height=\"18\">Kapasite<\/td>\n<td>410 ml<\/td>\n<\/tr>\n<tr style=\"height: 13.50pt;\">\n<td style=\"height: 13.50pt;\" height=\"18\">Boyutlar<\/td>\n<td>88\u00d7100 mm<\/td>\n<\/tr>\n<tr style=\"height: 13.50pt;\">\n<td style=\"height: 13.50pt;\" height=\"18\">Malzeme<\/td>\n<td>\u015eeffaf Dokulu Cam (3D Presleme \u0130\u015f\u00e7ili\u011fi)<\/td>\n<\/tr>\n<tr style=\"height: 13.50pt;\">\n<td style=\"height: 13.50pt;\" height=\"18\">Kavanoz \u015eekli<\/td>\n<td>D\u00fcz Kenarl\u0131 Silindir (4 \u0130ste\u011fe Ba\u011fl\u0131 Doku Varyant\u0131)<\/td>\n<\/tr>\n<tr style=\"height: 13.50pt;\">\n<td style=\"height: 13.50pt;\" height=\"18\">\u00d6zelle\u015ftirme Kapsam\u0131<\/td>\n<td>Doku Se\u00e7imi, Renk, Boyut, Y\u00fczey \u0130\u015flemi, Kapaklar<\/td>\n<\/tr>\n<tr style=\"height: 13.50pt;\">\n<td style=\"height: 13.50pt;\" height=\"18\">\u0130\u015f\u00e7ilik \u00d6zelli\u011fi<\/td>\n<td>3D Doku Kal\u0131pl\u0131 Hassas Preslenmi\u015f Cam<\/td>\n<\/tr>\n<tr style=\"height: 13.50pt;\">\n<td style=\"height: 13.50pt;\" height=\"18\">\u00dcr\u00fcn Amac\u0131<\/td>\n<td>L\u00fcks Mum Kavanozlar\u0131 Toptan Sat\u0131\u015f\u0131, Mum Kaplar\u0131<\/td>\n<\/tr>\n<tr style=\"height: 13.50pt;\">\n<td style=\"height: 13.50pt;\" height=\"18\">Uygun Sekt\u00f6rler<\/td>\n<td>L\u00fcks Mum Markalar\u0131, Otel ve Spa Tedarik\u00e7ileri<\/td>\n<\/tr>\n<\/tbody>\n<\/table>\n<h2>Ba\u015far\u0131 Hikayesi<\/h2>\n<p>Avrupa&#039;da l\u00fcks butik oteller zinciri, d\u00f6rt koleksiyonundan biri olan g\u00fcne\u015f \u0131\u015f\u0131\u011f\u0131 dokusuna sahip b\u00fcy\u00fck bir cam mumluk se\u00e7ti ve a\u00e7\u0131k kehribar renginde, kenarlar\u0131 alt\u0131n kaplama olarak \u00f6zel sipari\u015f verdi. Dokulu cam, \u0131\u015f\u0131k ve g\u00f6lge oyunlar\u0131 sa\u011flayarak misafirler taraf\u0131ndan be\u011fenildi. 410 ml&#039;lik kapasite, 140 saatten fazla yanma s\u00fcresi sunarak uzun s\u00fcreli konaklamalar i\u00e7in uygun hale geliyor. Ziyaret\u00e7iler, mumlu\u011fun esteti\u011finden &#039;lik bir memnuniyet oran\u0131yla \u00e7ok memnun kald\u0131lar. \u0130ki y\u0131l i\u00e7inde t\u00fcm otellerine yetecek 300.000 adet mumluk sipari\u015fi daha verildi.<\/p>\n<h2>L\u00fcks Mum Kavanozlar\u0131n\u0131n Toptan Sat\u0131\u015f\u0131nda Ki\u015fiselle\u015ftirme Alternatifleri<\/h2>\n<ul>\n<li>Doku Se\u00e7imi: E\u015fsiz kokulu mumlar\u0131n\u0131zda kullanmak \u00fczere bir doku (dalgal\u0131, g\u00fcne\u015f \u0131\u015f\u0131n\u0131, noktal\u0131, elmas) se\u00e7in.<\/li>\n<li>Metalik Dekorasyon: Dokunun kabartmal\u0131 k\u0131s\u0131mlar\u0131n\u0131 alt\u0131n, g\u00fcm\u00fc\u015f veya bak\u0131rla kaplayarak son derece parlak bir g\u00f6r\u00fcn\u00fcm kazand\u0131r\u0131n.<\/li>\n<li>Serigrafi Bask\u0131: P\u00fcr\u00fczs\u00fcz ve k\u00fc\u00e7\u00fck bir cam par\u00e7as\u0131 \u00fczerine k\u00fc\u00e7\u00fck, sade bir logo veya \u00e7e\u015fitli metinler basmak.<\/li>\n<li>Kapak Tasar\u0131m\u0131: Se\u00e7ti\u011finiz dokuya uygun bir kapak (ah\u015fap, metal veya cam) tasarlay\u0131n.<\/li>\n<\/ul>","protected":false},"excerpt":{"rendered":"<p>Kabartmal\u0131 dokulara sahip, yivli, g\u00fcne\u015f \u0131\u015f\u0131\u011f\u0131 desenli, noktal\u0131 ve elmas desenli l\u00fcks mum kavanozlar\u0131n\u0131n toptan sat\u0131\u015f\u0131. \u00dccretsiz numunelerle birlikte birinci s\u0131n\u0131f b\u00fcy\u00fck cam mum kavanozlar\u0131.<\/p>","protected":false},"featured_media":5270,"template":"","meta":{"postBodyCss":"","postBodyMargin":[],"postBodyPadding":[],"postBodyBackground":{"backgroundType":"classic","gradient":""}},"product_brand":[],"product_cat":[15,82,17],"product_tag":[97,96],"class_list":{"0":"post-5267","1":"product","2":"type-product","3":"status-publish","4":"has-post-thumbnail","6":"product_cat-glass-containers","7":"product_cat-candle-jars","8":"product_cat-glass-jars","9":"product_tag-rocks-glass","10":"product_tag-whiskey-tumblers","12":"first","13":"instock","14":"shipping-taxable","15":"product-type-simple"},"jetpack_sharing_enabled":true,"_links":{"self":[{"href":"https:\/\/minghanggroup.com\/tr\/wp-json\/wp\/v2\/product\/5267","targetHints":{"allow":["GET"]}}],"collection":[{"href":"https:\/\/minghanggroup.com\/tr\/wp-json\/wp\/v2\/product"}],"about":[{"href":"https:\/\/minghanggroup.com\/tr\/wp-json\/wp\/v2\/types\/product"}],"wp:featuredmedia":[{"embeddable":true,"href":"https:\/\/minghanggroup.com\/tr\/wp-json\/wp\/v2\/media\/5270"}],"wp:attachment":[{"href":"https:\/\/minghanggroup.com\/tr\/wp-json\/wp\/v2\/media?parent=5267"}],"wp:term":[{"taxonomy":"product_brand","embeddable":true,"href":"https:\/\/minghanggroup.com\/tr\/wp-json\/wp\/v2\/product_brand?post=5267"},{"taxonomy":"product_cat","embeddable":true,"href":"https:\/\/minghanggroup.com\/tr\/wp-json\/wp\/v2\/product_cat?post=5267"},{"taxonomy":"product_tag","embeddable":true,"href":"https:\/\/minghanggroup.com\/tr\/wp-json\/wp\/v2\/product_tag?post=5267"}],"curies":[{"name":"wp","href":"https:\/\/api.w.org\/{rel}","templated":true}]}}