{"id":5251,"date":"2026-01-23T16:15:48","date_gmt":"2026-01-23T08:15:48","guid":{"rendered":"https:\/\/minghanggroup.com\/?post_type=product&#038;p=5251"},"modified":"2026-01-23T16:15:49","modified_gmt":"2026-01-23T08:15:49","slug":"clear-glass-candle-jars-with-lids-for-packaging-bulk","status":"publish","type":"product","link":"https:\/\/minghanggroup.com\/tr\/urun\/clear-glass-candle-jars-with-lids-for-packaging-bulk\/","title":{"rendered":"25 ml ve 48 ml&#039;lik \u015eeffaf Cam Mum Kavanozlar\u0131, Toplu Ambalaj \u0130\u00e7in Kapakl\u0131"},"content":{"rendered":"<p>Kapakl\u0131 cam mum kavanozlar\u0131n\u0131z sadece mumu saklamakla kalmamal\u0131, ayn\u0131 zamanda d\u00fckkan\u0131n\u0131z\u0131 gizli bir hazine gibi parlatmal\u0131. Toptan mum kavanozu uzmanlar\u0131 olarak, toptan mum \u00fcr\u00fcn yelpazenizi m\u00fc\u015fterilerinizin favorisi haline getiren l\u00fcks mum kaplar\u0131 \u00fcretiyoruz.<\/p>\n<h2>\u00dcr\u00fcn \u00d6zellikleri<\/h2>\n<ul>\n<li><strong>Mini L\u00fcks Boyut:<\/strong> K\u00fc\u00e7\u00fck ama g\u00fc\u00e7l\u00fc, numuneler i\u00e7in veya \u015f\u0131k masa aksesuarlar\u0131 i\u00e7in ideal. Mum tutucunuz \u00e7ok ki\u015fisel ve birinci s\u0131n\u0131f bir \u00fcr\u00fcn olacak.<\/li>\n<li><strong>Kapak Esnekli\u011fi:<\/strong> Ah\u015fap veya metal kapaklar s\u0131k\u0131ca kapat\u0131labildi\u011fi i\u00e7in mum d\u00f6k\u00fclmez ve toz i\u00e7eri girmez.<\/li>\n<li><strong>Kristal Berrakl\u0131\u011f\u0131:<\/strong> \u015eeffaf cam sayesinde kokulu u\u00e7ucu ya\u011flar\u0131n renklerini bulan\u0131k g\u00f6r\u00fcnt\u00fc olmadan izleyin.<\/li>\n<\/ul>\n<h2>Temel \u00d6zellikler<\/h2>\n<table style=\"border-collapse: collapse; width: 80%; margin-left: auto; margin-right: auto;\" border=\"0\" width=\"288\" cellspacing=\"0\" cellpadding=\"0\">\n<tbody>\n<tr style=\"height: 13.50pt;\">\n<td style=\"height: 13.5pt; width: 54pt; text-align: center;\" width=\"72\" height=\"18\">Boyut (ml)<\/td>\n<td style=\"width: 54pt; text-align: center;\" width=\"72\">\u00d6l\u00e7\u00fcler (mm)<\/td>\n<td style=\"width: 54pt; text-align: center;\" width=\"72\">Kapak Se\u00e7enekleri<\/td>\n<td style=\"width: 54pt; text-align: center;\" width=\"72\">Renk<\/td>\n<\/tr>\n<tr style=\"height: 13.50pt;\">\n<td style=\"height: 13.5pt; text-align: center;\" align=\"right\" height=\"18\">25<\/td>\n<td style=\"text-align: center;\">37 \u00d7 45 \u00d7 28<\/td>\n<td class=\"et2\" style=\"text-align: center;\" rowspan=\"2\">Ah\u015fap veya metal<\/td>\n<td class=\"et2\" style=\"text-align: center;\" rowspan=\"2\">\u015eeffaf veya sizin i\u00e7in gerekli<\/td>\n<\/tr>\n<tr style=\"height: 13.50pt;\">\n<td style=\"height: 13.5pt; text-align: center;\" align=\"right\" height=\"18\">48<\/td>\n<td style=\"text-align: center;\">45 \u00d7 39 \u00d7 53<\/td>\n<\/tr>\n<\/tbody>\n<\/table>\n<h2>Ba\u015far\u0131 \u00d6rne\u011fi<\/h2>\n<p>Kuzey Amerika&#039;dan \u00fcst d\u00fczey bir kokulu mum markas\u0131, yeni \u00fcr\u00fcn serisinin, \u00f6zellikle de premium koku koleksiyonunun ana ambalaj\u0131 olarak kapakl\u0131 cam kavanozlar\u0131m\u0131z\u0131 sat\u0131n ald\u0131. P\u00fcr\u00fczs\u00fcz cam kavanozlar\u0131 \u00f6zel kabartmal\u0131 bir logo ile s\u00fcslediler ve do\u011frudan g\u00fcne\u015f \u0131\u015f\u0131\u011f\u0131n\u0131n etkisini azaltmak i\u00e7in \u015feffaf cam\u0131 kehribar rengi camla de\u011fi\u015ftirdiler. Ayr\u0131ca, marka bilinirli\u011fini art\u0131rmak i\u00e7in kavanozlarla uyumlu do\u011fal ah\u015fap, renkli kapaklar kulland\u0131lar.<\/p>\n<p>Mum kavanozlar\u0131n\u0131n ilk b\u00fcy\u00fck sipari\u015fi, \u00e7evrimi\u00e7i ve butik perakende sat\u0131\u015f noktalar\u0131 aras\u0131nda payla\u015ft\u0131r\u0131ld\u0131. Lansmandan sonraki \u00fc\u00e7 ay i\u00e7inde, serinin sat\u0131\u015flar\u0131 y\u0131ll\u0131k bazda yakla\u015f\u0131k artt\u0131 ve ikinci \u00e7eyrekte iki ek sipari\u015f daha verilerek, yeniden sat\u0131n alma miktar\u0131 orijinal sipari\u015fin 2,5 kat\u0131na \u00e7\u0131kar\u0131ld\u0131; b\u00f6ylece \u00fcr\u00fcn istikrarl\u0131, uzun vadeli bir i\u015f birli\u011fine d\u00f6n\u00fc\u015ft\u00fc.<\/p>\n<h2>\u00d6zelle\u015ftirme Se\u00e7enekleriniz<\/h2>\n<ol>\n<li><strong>Cam y\u00fczey i\u015fleme \u00f6zelle\u015ftirmesi:<\/strong> K\u0131smi buzlanma, tam buzlanma, i\u00e7ten renk p\u00fcsk\u00fcrtme veya kademeli p\u00fcsk\u00fcrtme tekniklerinin bir kombinasyonuna olanak tan\u0131yarak, mumun yanma performans\u0131n\u0131 etkilemeden benzersiz bir g\u00f6rsel \u00e7e\u015fitlilik sunar.<\/li>\n<li><strong>Kapak malzemesi ve detay iyile\u015ftirmeleri:<\/strong> Klasik ah\u015fap kapaklar\u0131n yan\u0131 s\u0131ra, hava ge\u00e7irmezli\u011fi ve seyahat g\u00fcvenli\u011fini art\u0131rmak i\u00e7in bambu kapaklar, metal kapaklar veya silikon s\u0131zd\u0131rmazl\u0131k halkalar\u0131 gibi se\u00e7enekler de mevcuttur.<\/li>\n<li><strong>Bardak taban\u0131 marka kimli\u011fi \u00f6zelle\u015ftirmesi:<\/strong> Kabartma logo, kal\u0131planm\u0131\u015f r\u00f6lyef tasar\u0131m veya bardak taban\u0131na serigrafi bask\u0131 ile uygulanan parti numaras\u0131 gibi \u00f6zellikler, markan\u0131n daha \u00f6zg\u00fcn olmas\u0131n\u0131 ve seri \u00fcretimini kolayla\u015ft\u0131rarak y\u00f6netimini kolayla\u015ft\u0131r\u0131r.<\/li>\n<\/ol>","protected":false},"excerpt":{"rendered":"<p>Kokulu mumlar ve etiketleme i\u00e7in kapakl\u0131 cam mum kavanozlar\u0131. Fabrikadan do\u011frudan temin edilen, toplu sipari\u015flerde \u00f6zelle\u015ftirmeyi destekleyen g\u00fcvenilir toplu mum kavanozu tedari\u011fi.<\/p>","protected":false},"featured_media":5258,"template":"","meta":{"postBodyCss":"","postBodyMargin":[],"postBodyPadding":[],"postBodyBackground":{"backgroundType":"classic","gradient":""}},"product_brand":[],"product_cat":[15,82,17],"product_tag":[],"class_list":{"0":"post-5251","1":"product","2":"type-product","3":"status-publish","4":"has-post-thumbnail","6":"product_cat-glass-containers","7":"product_cat-candle-jars","8":"product_cat-glass-jars","10":"first","11":"instock","12":"shipping-taxable","13":"product-type-simple"},"jetpack_sharing_enabled":true,"_links":{"self":[{"href":"https:\/\/minghanggroup.com\/tr\/wp-json\/wp\/v2\/product\/5251","targetHints":{"allow":["GET"]}}],"collection":[{"href":"https:\/\/minghanggroup.com\/tr\/wp-json\/wp\/v2\/product"}],"about":[{"href":"https:\/\/minghanggroup.com\/tr\/wp-json\/wp\/v2\/types\/product"}],"wp:featuredmedia":[{"embeddable":true,"href":"https:\/\/minghanggroup.com\/tr\/wp-json\/wp\/v2\/media\/5258"}],"wp:attachment":[{"href":"https:\/\/minghanggroup.com\/tr\/wp-json\/wp\/v2\/media?parent=5251"}],"wp:term":[{"taxonomy":"product_brand","embeddable":true,"href":"https:\/\/minghanggroup.com\/tr\/wp-json\/wp\/v2\/product_brand?post=5251"},{"taxonomy":"product_cat","embeddable":true,"href":"https:\/\/minghanggroup.com\/tr\/wp-json\/wp\/v2\/product_cat?post=5251"},{"taxonomy":"product_tag","embeddable":true,"href":"https:\/\/minghanggroup.com\/tr\/wp-json\/wp\/v2\/product_tag?post=5251"}],"curies":[{"name":"wp","href":"https:\/\/api.w.org\/{rel}","templated":true}]}}