{"id":5233,"date":"2026-01-23T14:49:10","date_gmt":"2026-01-23T06:49:10","guid":{"rendered":"https:\/\/minghanggroup.com\/?post_type=product&#038;p=5233"},"modified":"2026-01-23T15:45:24","modified_gmt":"2026-01-23T07:45:24","slug":"empty-glass-candle-jars-with-lids-wholesale","status":"publish","type":"product","link":"https:\/\/minghanggroup.com\/tr\/urun\/empty-glass-candle-jars-with-lids-wholesale\/","title":{"rendered":"370 ml Kapakl\u0131 Bo\u015f Cam Mum Kavanozlar\u0131 Toptan Sat\u0131\u015f"},"content":{"rendered":"<p>Kapakl\u0131 bu mumluklar, uzun, silindirik bir \u015fekle ve sa\u011flam bir y\u00fczey sa\u011flamak i\u00e7in kal\u0131nla\u015ft\u0131r\u0131lm\u0131\u015f ve y\u00fckseltilmi\u015f bir taban kenar\u0131na, ayr\u0131ca mumun kolayca i\u00e7ine ve d\u0131\u015f\u0131na d\u00f6k\u00fclmesini sa\u011flayan geni\u015f bir a\u011fza sahiptir.<\/p>\n<h2>\u00dcr\u00fcn \u00d6zellikleri<\/h2>\n<ul>\n<li><strong>Uzun, D\u00fcz Silindir \u015eekli:<\/strong> Uzun \u015fekli, g\u00f6vdenin dikeyli\u011fine ve tasar\u0131m\u0131n minimalistli\u011fine vurgu yaparak, s\u00fctun \u015feklindeki mumlara m\u00fckemmel bir tamamlay\u0131c\u0131d\u0131r.<\/li>\n<li><strong>Kal\u0131nla\u015ft\u0131r\u0131lm\u0131\u015f ve G\u00fc\u00e7lendirilmi\u015f Taban:<\/strong> Kal\u0131nla\u015ft\u0131r\u0131lm\u0131\u015f taban, mumun d\u00fcz y\u00fczeylerde sabit durmas\u0131n\u0131 sa\u011flar.<\/li>\n<li><strong>370 ml&#039;lik geni\u015f kapasite:<\/strong> 370 ml&#039;lik geni\u015f kapasitesi, uzun s\u00fcre yanan ve g\u00fczel efektler veren b\u00fcy\u00fck mumlar i\u00e7in m\u00fckemmeldir.<\/li>\n<\/ul>\n<h2 style=\"text-align: left;\">Temel \u00d6zellikler<\/h2>\n<table class=\"aligncenter\" style=\"border-collapse: collapse; width: 441.02pt;\" border=\"0\" width=\"588\" cellspacing=\"0\" cellpadding=\"0\">\n<tbody>\n<tr style=\"height: 13.50pt;\">\n<td style=\"height: 13.50pt; width: 120.75pt;\" width=\"161\" height=\"18\">\u015eartname<\/td>\n<td style=\"width: 320.25pt;\" width=\"427\">Detaylar<\/td>\n<\/tr>\n<tr style=\"height: 13.50pt;\">\n<td style=\"height: 13.50pt;\" height=\"18\">Kapasite<\/td>\n<td>370 ml<\/td>\n<\/tr>\n<tr style=\"height: 13.50pt;\">\n<td style=\"height: 13.50pt;\" height=\"18\">Boyutlar<\/td>\n<td>83\u00d7100 mm<\/td>\n<\/tr>\n<tr style=\"height: 13.50pt;\">\n<td style=\"height: 13.50pt;\" height=\"18\">Malzeme<\/td>\n<td>\u015eeffaf Cam<\/td>\n<\/tr>\n<tr style=\"height: 13.50pt;\">\n<td style=\"height: 13.50pt;\" height=\"18\">Kavanoz \u015eekli<\/td>\n<td>Kal\u0131nla\u015ft\u0131r\u0131lm\u0131\u015f taban kenar\u0131na sahip uzun, d\u00fcz kenarl\u0131 silindir<\/td>\n<\/tr>\n<tr style=\"height: 13.50pt;\">\n<td style=\"height: 13.50pt;\" height=\"18\">\u00d6zelle\u015ftirme Kapsam\u0131<\/td>\n<td>Renk, Boyut, \u015eekil, Kapaklar<\/td>\n<\/tr>\n<tr style=\"height: 13.50pt;\">\n<td style=\"height: 13.50pt;\" height=\"18\">\u0130\u015f\u00e7ilik \u00d6zelli\u011fi<\/td>\n<td>Silindir \u015eekillendirme, G\u00fc\u00e7lendirilmi\u015f Kal\u0131nla\u015ft\u0131r\u0131lm\u0131\u015f Taban Yap\u0131s\u0131<\/td>\n<\/tr>\n<tr style=\"height: 13.50pt;\">\n<td style=\"height: 13.50pt;\" height=\"18\">\u00dcr\u00fcn Amac\u0131<\/td>\n<td>B\u00fcy\u00fck Boy Mumlar, Kapakl\u0131 Mum Kavanozlar\u0131<\/td>\n<\/tr>\n<tr style=\"height: 13.50pt;\">\n<td style=\"height: 13.50pt;\" height=\"18\">Uygun Sekt\u00f6rler<\/td>\n<td>Mum \u00dcreticileri, Ev Dekorasyon Markalar\u0131<\/td>\n<\/tr>\n<\/tbody>\n<\/table>\n<h2>Ba\u015far\u0131 \u00d6rne\u011fi: Bir ABD Ev Mobilya \u015eirketinin \u0130mza Koleksiyonu<\/h2>\n<p>Amerikan ev dekorasyon markas\u0131, tasar\u0131ml\u0131 mat siyah metal kapaklarla birle\u015ftirilmi\u015f kapakl\u0131 mum kavanozlar\u0131m\u0131z\u0131 sipari\u015f etti. \u015eeffaf cam, elle d\u00f6k\u00fclm\u00fc\u015f, \u00e7ok katmanl\u0131 mumun ideal bir \u015fekilde sergilenmesini sa\u011fl\u0131yor; bu da \u00fcr\u00fcne g\u00f6rsel de\u011fer katman\u0131n yan\u0131 s\u0131ra sat\u0131\u015flarda &#039;l\u0131k bir art\u0131\u015fa yol a\u00e7t\u0131. Yan taraf\u0131 e\u011fimli olmad\u0131\u011f\u0131 i\u00e7in etiketleme ve istifleme kolayla\u015f\u0131yor, bu da depo verimlili\u011fini art\u0131r\u0131yor. Marka o kadar ba\u015far\u0131l\u0131 oldu ki, gelecek y\u0131lki \u00fcretimlerine yard\u0131mc\u0131 olacak 450.000 adet daha cam kavanoz sipari\u015fi verdi.<\/p>\n<h2>Cam Mum Kaplar\u0131 \u00d6zelle\u015ftirme<\/h2>\n<ul>\n<li>Cam rengi: Geleneksel \u015feffaf, f\u00fcme gri, kehribar rengi veya sipari\u015f \u00fczerine opak renk se\u00e7enekleriyle sunulmaktad\u0131r.<\/li>\n<li>Kabartma bilgisi: Kavanozun alt k\u0131sm\u0131na ince kabartma s\u00fcslemeler, kapasite i\u015faretleri veya marka logolar\u0131 ekleyin veya i\u015fleyin.<\/li>\n<li>Serigrafi bask\u0131: Kaliteli tasar\u0131mlar\u0131n\u0131z\u0131, etiketlerinizi veya marka hikayelerinizi cam \u00fczerine serigrafi bask\u0131 y\u00f6ntemiyle uygulay\u0131n.<\/li>\n<li>\u00d6zel kapak tasar\u0131m\u0131: Metal, ah\u015fap veya camdan yap\u0131lm\u0131\u015f uyumlu kapaklarla ideal tasar\u0131m\u0131 olu\u015fturun.<\/li>\n<\/ul>","protected":false},"excerpt":{"rendered":"<p>Aromaterapi ve masa dekorasyonu i\u00e7in uygun, sa\u011flam taban kenarl\u0131 modern cam mumluklar. Y\u00fcksek kaliteli kapakl\u0131 mumluklar toptan olarak sunulmaktad\u0131r.<\/p>","protected":false},"featured_media":5250,"template":"","meta":{"postBodyCss":"","postBodyMargin":[],"postBodyPadding":[],"postBodyBackground":{"backgroundType":"classic","gradient":""}},"product_brand":[],"product_cat":[15,82,17],"product_tag":[],"class_list":{"0":"post-5233","1":"product","2":"type-product","3":"status-publish","4":"has-post-thumbnail","6":"product_cat-glass-containers","7":"product_cat-candle-jars","8":"product_cat-glass-jars","10":"first","11":"instock","12":"shipping-taxable","13":"product-type-simple"},"jetpack_sharing_enabled":true,"_links":{"self":[{"href":"https:\/\/minghanggroup.com\/tr\/wp-json\/wp\/v2\/product\/5233","targetHints":{"allow":["GET"]}}],"collection":[{"href":"https:\/\/minghanggroup.com\/tr\/wp-json\/wp\/v2\/product"}],"about":[{"href":"https:\/\/minghanggroup.com\/tr\/wp-json\/wp\/v2\/types\/product"}],"wp:featuredmedia":[{"embeddable":true,"href":"https:\/\/minghanggroup.com\/tr\/wp-json\/wp\/v2\/media\/5250"}],"wp:attachment":[{"href":"https:\/\/minghanggroup.com\/tr\/wp-json\/wp\/v2\/media?parent=5233"}],"wp:term":[{"taxonomy":"product_brand","embeddable":true,"href":"https:\/\/minghanggroup.com\/tr\/wp-json\/wp\/v2\/product_brand?post=5233"},{"taxonomy":"product_cat","embeddable":true,"href":"https:\/\/minghanggroup.com\/tr\/wp-json\/wp\/v2\/product_cat?post=5233"},{"taxonomy":"product_tag","embeddable":true,"href":"https:\/\/minghanggroup.com\/tr\/wp-json\/wp\/v2\/product_tag?post=5233"}],"curies":[{"name":"wp","href":"https:\/\/api.w.org\/{rel}","templated":true}]}}