{"id":5160,"date":"2026-01-23T15:05:35","date_gmt":"2026-01-23T07:05:35","guid":{"rendered":"https:\/\/minghanggroup.com\/?post_type=product&#038;p=5160"},"modified":"2026-01-23T15:05:37","modified_gmt":"2026-01-23T07:05:37","slug":"ribbed-pedestal-glass-candle-jars-with-thick-base-bulk","status":"publish","type":"product","link":"https:\/\/minghanggroup.com\/tr\/urun\/ribbed-pedestal-glass-candle-jars-with-thick-base-bulk\/","title":{"rendered":"185 ml Kal\u0131n Tabanl\u0131, Oluklu Ayakl\u0131 Cam Mum Kavanozlar\u0131 (Toptan Sat\u0131\u015f)"},"content":{"rendered":"<p>Cam mum kavanozunuz sadece mumu saklamakla kalmamal\u0131, ayn\u0131 zamanda d\u00fckkan\u0131n\u0131z\u0131 gizli bir bah\u00e7e gibi \u0131\u015f\u0131ldatmal\u0131d\u0131r. \u00d6zel mum kavanozlar\u0131 konusunda uzmanla\u015fm\u0131\u015f bir firma olarak, toptan mum \u00fcr\u00fcn yelpazenizi m\u00fc\u015fterilerinizin olmazsa olmaz\u0131 haline getiren l\u00fcks mum kaplar\u0131 \u00fcretiyoruz.<\/p>\n<h2>\u00dcr\u00fcn \u00d6zellikleri<\/h2>\n<ul>\n<li><strong>Hafif, Lezzetli Kaburgalar:<\/strong> Mum \u0131\u015f\u0131\u011f\u0131, s\u0131v\u0131 dantel gibi dikey \u00e7izgiler halinde da\u011f\u0131l\u0131yor, an\u0131nda ev kokusuna zarafet kat\u0131yor.<\/li>\n<li><strong>Sa\u011flam Y\u00fcksek Taban:<\/strong> Y\u00fcksek taban\u0131 sayesinde te\u015fhir raflar\u0131nda sallanma yapmaz. Mum kab\u0131n\u0131z sa\u011flam, y\u00fcksek kaliteli bir his verir.<\/li>\n<li><strong>Kristal Berrakl\u0131\u011f\u0131:<\/strong> A\u00e7\u0131k veya kapal\u0131 olsun, \u015feffaf cam, kokulu u\u00e7ucu ya\u011flar\u0131n canl\u0131 renklerini ortaya \u00e7\u0131kar\u0131r.<\/li>\n<\/ul>\n<h2>Temel \u00d6zellikler<\/h2>\n<table style=\"border-collapse: collapse; width: 80%; margin-left: auto; margin-right: auto;\" border=\"0\" width=\"288\" cellspacing=\"0\" cellpadding=\"0\">\n<tbody>\n<tr style=\"height: 13.50pt;\">\n<td style=\"height: 13.5pt; width: 54pt; text-align: center;\" width=\"72\" height=\"18\">Boyut<\/td>\n<td style=\"width: 54pt; text-align: center;\" width=\"72\">\u00d6l\u00e7\u00fcler (mm)<\/td>\n<td style=\"width: 54pt; text-align: center;\" width=\"72\">Model<\/td>\n<td style=\"width: 54pt; text-align: center;\" width=\"72\">Renk Se\u00e7enekleri<\/td>\n<\/tr>\n<tr style=\"height: 13.50pt;\">\n<td style=\"height: 13.5pt; text-align: center;\" height=\"18\">185 ml<\/td>\n<td style=\"text-align: center;\">70 \u00d7 60 \u00d7 80<\/td>\n<td style=\"text-align: center;\">Dikey Kaburgalar<\/td>\n<td style=\"text-align: center;\">\u015eeffaf\/\u00f6zel<\/td>\n<\/tr>\n<\/tbody>\n<\/table>\n<h2>Ba\u015far\u0131 \u00d6rne\u011fi<\/h2>\n<p>Modern i\u00e7 tasar\u0131m\u0131na odaklanan, k\u00fc\u00e7\u00fck evler i\u00e7in butik bir koku markas\u0131, yeni \u00f6zel koku koleksiyonunun lansman\u0131 i\u00e7in oluklu cam mumluklar\u0131m\u0131z\u0131 tercih etti. Mumluklar, buzlu bir y\u00fczey, alt k\u0131s\u0131mda neredeyse g\u00f6r\u00fcnmez kabartmal\u0131 bir logo ve koku hikayesine uyan minimalist serigrafi bask\u0131l\u0131 desenlerle s\u00fcslendi.<\/p>\n<p>Bu ambalaj kutusunu benimsedikten sonra, marka \u00fcr\u00fcnlerinin ma\u011faza raflar\u0131ndaki \u00e7ekicili\u011finin artt\u0131\u011f\u0131n\u0131 ve \u00fcr\u00fcnlerin alg\u0131lanan de\u011ferinin de \u00f6nemli \u00f6l\u00e7\u00fcde y\u00fckseldi\u011fini, bunun da distrib\u00fct\u00f6rlerden gelen tekrarlanan sipari\u015flerde &#039;luk bir art\u0131\u015fa yol a\u00e7t\u0131\u011f\u0131n\u0131 a\u00e7\u0131klad\u0131.<\/p>\n<h2>\u00d6zelle\u015ftirme Se\u00e7enekleriniz<\/h2>\n<ol>\n<li><strong>Y\u00fczey \u0130\u015flemleri:<\/strong> \u00c7e\u015fitli koku konseptlerine ve i\u00e7 mekan stillerine uyacak \u015fekilde y\u00fczey kaplamas\u0131n\u0131 \u015feffaf, buzlu, asitli, oyma veya yar\u0131 mat se\u00e7eneklerinden birini se\u00e7erek belirleyebilirsiniz.<\/li>\n<li><strong>\u0130pek, Serigrafi Bask\u0131:<\/strong> Basit desenleri, koku isimlerini veya kullan\u0131m simgelerini do\u011frudan cama yerle\u015ftirerek d\u00fczg\u00fcn, etiketsiz bir g\u00f6r\u00fcn\u00fcm elde edebilirsiniz.<\/li>\n<li><strong>Kapak E\u015fle\u015ftirme Se\u00e7enekleri:<\/strong> Ayn\u0131 kavanoz kal\u0131b\u0131n\u0131 kullanarak farkl\u0131 \u00fcr\u00fcn serileri olu\u015fturmak i\u00e7in, kavanozu farkl\u0131 y\u00fczey i\u015flemleriyle \u00fcretilmi\u015f ah\u015fap, metal veya cam kapaklarla e\u015fle\u015ftirebilirsiniz.<\/li>\n<\/ol>","protected":false},"excerpt":{"rendered":"<p>Yivli duvarl\u0131 ve y\u00fckseltilmi\u015f tabanl\u0131 cam mumluklar. Fabrikadan do\u011frudan tedarik, \u00f6zel mumluklara ve toplu sipari\u015flere ihtiya\u00e7 duyan markalar i\u00e7in ideal.<\/p>","protected":false},"featured_media":5213,"template":"","meta":{"postBodyCss":"","postBodyMargin":[],"postBodyPadding":[],"postBodyBackground":{"backgroundType":"classic","gradient":""}},"product_brand":[],"product_cat":[15,82,17],"product_tag":[],"class_list":{"0":"post-5160","1":"product","2":"type-product","3":"status-publish","4":"has-post-thumbnail","6":"product_cat-glass-containers","7":"product_cat-candle-jars","8":"product_cat-glass-jars","10":"first","11":"instock","12":"shipping-taxable","13":"product-type-simple"},"jetpack_sharing_enabled":true,"_links":{"self":[{"href":"https:\/\/minghanggroup.com\/tr\/wp-json\/wp\/v2\/product\/5160","targetHints":{"allow":["GET"]}}],"collection":[{"href":"https:\/\/minghanggroup.com\/tr\/wp-json\/wp\/v2\/product"}],"about":[{"href":"https:\/\/minghanggroup.com\/tr\/wp-json\/wp\/v2\/types\/product"}],"wp:featuredmedia":[{"embeddable":true,"href":"https:\/\/minghanggroup.com\/tr\/wp-json\/wp\/v2\/media\/5213"}],"wp:attachment":[{"href":"https:\/\/minghanggroup.com\/tr\/wp-json\/wp\/v2\/media?parent=5160"}],"wp:term":[{"taxonomy":"product_brand","embeddable":true,"href":"https:\/\/minghanggroup.com\/tr\/wp-json\/wp\/v2\/product_brand?post=5160"},{"taxonomy":"product_cat","embeddable":true,"href":"https:\/\/minghanggroup.com\/tr\/wp-json\/wp\/v2\/product_cat?post=5160"},{"taxonomy":"product_tag","embeddable":true,"href":"https:\/\/minghanggroup.com\/tr\/wp-json\/wp\/v2\/product_tag?post=5160"}],"curies":[{"name":"wp","href":"https:\/\/api.w.org\/{rel}","templated":true}]}}