{"id":5155,"date":"2026-01-23T13:12:52","date_gmt":"2026-01-23T05:12:52","guid":{"rendered":"https:\/\/minghanggroup.com\/?post_type=product&#038;p=5155"},"modified":"2026-01-23T16:51:05","modified_gmt":"2026-01-23T08:51:05","slug":"small-clear-candle-jars-with-thick-base-wholesale","status":"publish","type":"product","link":"https:\/\/minghanggroup.com\/tr\/urun\/small-clear-candle-jars-with-thick-base-wholesale\/","title":{"rendered":"35 ml Kal\u0131n Tabanl\u0131 K\u00fc\u00e7\u00fck \u015eeffaf Mum Kavanozlar\u0131 Toptan Sat\u0131\u015f"},"content":{"rendered":"<p>Bu k\u00fc\u00e7\u00fck cam mumluklar, sa\u011flam ve kal\u0131nla\u015ft\u0131r\u0131lm\u0131\u015f taban\u0131yla daha fazla denge sa\u011flayan, sade ve al\u00e7ak profilli silindirik bir \u015fekle sahiptir.<\/p>\n<h2>\u00dcr\u00fcn \u00d6zellikleri<\/h2>\n<ul>\n<li><strong>K\u00fc\u00e7\u00fck ve Dengeli Silindirik Tasar\u0131m:<\/strong> Yap\u0131 sa\u011flam ve g\u00fc\u00e7l\u00fc bir tabana sahip oldu\u011fundan, k\u00fc\u00e7\u00fck olmalar\u0131na ra\u011fmen devrilmeleri \u00f6nlenir.<\/li>\n<li><strong>K\u00fc\u00e7\u00fck boy 35 ml kapasite:<\/strong> 35 ml&#039;lik boyut, \u00e7ay mumlar\u0131, kokulu mumlar, numune mumlar\u0131 veya k\u00fc\u00e7\u00fck dekoratif mumlar\u0131n saklanmas\u0131 gerekti\u011finde idealdir.<\/li>\n<li><strong>G\u00fc\u00e7l\u00fc ve Kal\u0131n Taban \u015eekli:<\/strong> G\u00fc\u00e7lendirilmi\u015f taban, \u015famdan kavanozuna y\u00fcksek kalite ve a\u011f\u0131rl\u0131k hissi kat\u0131yor.<\/li>\n<\/ul>\n<h2 style=\"text-align: left;\">Temel \u00d6zellikler<\/h2>\n<table class=\"aligncenter\" style=\"border-collapse: collapse; width: 401.27pt;\" border=\"0\" width=\"535\" cellspacing=\"0\" cellpadding=\"0\">\n<tbody>\n<tr style=\"height: 13.50pt;\">\n<td style=\"height: 13.50pt; width: 120.75pt;\" width=\"161\" height=\"18\">\u015eartname<\/td>\n<td style=\"width: 280.50pt;\" width=\"374\">Detaylar<\/td>\n<\/tr>\n<tr style=\"height: 13.50pt;\">\n<td style=\"height: 13.50pt;\" height=\"18\">Kapasite<\/td>\n<td>35 ml<\/td>\n<\/tr>\n<tr style=\"height: 13.50pt;\">\n<td style=\"height: 13.50pt;\" height=\"18\">Boyutlar<\/td>\n<td>52\u00d748\u00d734 mm<\/td>\n<\/tr>\n<tr style=\"height: 13.50pt;\">\n<td style=\"height: 13.50pt;\" height=\"18\">Malzeme<\/td>\n<td>\u015eeffaf Cam<\/td>\n<\/tr>\n<tr style=\"height: 13.50pt;\">\n<td style=\"height: 13.50pt;\" height=\"18\">Kavanoz \u015eekli<\/td>\n<td>Kal\u0131n tabanl\u0131, k\u0131sa, d\u00fcz kenarl\u0131 silindir<\/td>\n<\/tr>\n<tr style=\"height: 13.50pt;\">\n<td style=\"height: 13.50pt;\" height=\"18\">\u00d6zelle\u015ftirme Kapsam\u0131<\/td>\n<td>Renk, Boyut, Kapaklar, Y\u00fczey \u0130\u015flemi<\/td>\n<\/tr>\n<tr style=\"height: 13.50pt;\">\n<td style=\"height: 13.50pt;\" height=\"18\">\u00dcr\u00fcn Amac\u0131<\/td>\n<td>K\u00fc\u00e7\u00fck Cam Mum Kavanozlar\u0131, Mum Eritme Kavanozlar\u0131<\/td>\n<\/tr>\n<tr style=\"height: 13.50pt;\">\n<td style=\"height: 13.50pt;\" height=\"18\">Uygun Sekt\u00f6rler<\/td>\n<td>El Yap\u0131m\u0131 Mum \u00dcreticileri, Hediye Tedarik\u00e7ileri<\/td>\n<\/tr>\n<\/tbody>\n<\/table>\n<h2>Ba\u015far\u0131 \u00d6yk\u00fcs\u00fc: Kanadal\u0131 Bir Otel Zincirinin Konuk Odas\u0131 Malzemeleri<\/h2>\n<p>Kanada&#039;daki bir otel zinciri, misafir odalar\u0131ndaki \u00e7ay mumlar\u0131n\u0131 de\u011fi\u015ftirmek istedi. Kulland\u0131klar\u0131 35 ml&#039;lik \u015feffaf, buzlu caml\u0131, alt k\u0131sm\u0131na zarif\u00e7e marka i\u015flenmi\u015f k\u00fc\u00e7\u00fck cam mum kavanozlar\u0131m\u0131z vard\u0131. Buzlu cam sayesinde mum \u0131\u015f\u0131\u011f\u0131 m\u00fckemmel bir \u015fekilde da\u011f\u0131l\u0131yor ve bu da \u00fcr\u00fcne daha fazla de\u011fer kat\u0131yordu. Bu sayede taban daha kal\u0131n hale getirilerek stabilite sa\u011flanm\u0131\u015f ve k\u0131r\u0131lma oran\u0131 azalm\u0131\u015ft\u0131. Bu muazzam ba\u015far\u0131 \u00fczerine otel, iki y\u0131l i\u00e7inde t\u00fcm otellerine tedarik sa\u011flamak \u00fczere 500.000 adet kavanoz sipari\u015fi verdi.<\/p>\n<h2>K\u00fc\u00e7\u00fck \u015eeffaf Mum Kavanozlar\u0131n\u0131n Ki\u015fiselle\u015ftirilmesi<\/h2>\n<ul>\n<li>Bardak renkleri: \u015eeffaf, a\u00e7\u0131k gri, kehribar veya di\u011fer a\u00e7\u0131k renkler mevcuttur.<\/li>\n<li>Kabartma bilgisi: Kavanozun dibine dokulu tasar\u0131mlar veya logolar ekleyin.<\/li>\n<li>Serigrafi bask\u0131: Cam \u00fczerine d\u00fcz logolar, tasar\u0131mlar veya etiketler basmak.<\/li>\n<li>Lazerle kaz\u0131ma: Kavanozun alt k\u0131sm\u0131na marka ad\u0131, semboller veya parti numaras\u0131 kaz\u0131n\u0131r.<\/li>\n<\/ul>","protected":false},"excerpt":{"rendered":"<p>Kal\u0131n tabanl\u0131, sade, \u015feffaf mumluklar; kokulu mumlar ve masa dekorasyonu i\u00e7in idealdir. H\u0131zl\u0131 d\u00fcnya \u00e7ap\u0131nda kargo ile g\u00f6nderilen birinci s\u0131n\u0131f k\u00fc\u00e7\u00fck cam mumluklar.<\/p>","protected":false},"featured_media":5223,"template":"","meta":{"postBodyCss":"","postBodyMargin":[],"postBodyPadding":[],"postBodyBackground":{"backgroundType":"classic","gradient":""}},"product_brand":[],"product_cat":[15,82,17],"product_tag":[],"class_list":{"0":"post-5155","1":"product","2":"type-product","3":"status-publish","4":"has-post-thumbnail","6":"product_cat-glass-containers","7":"product_cat-candle-jars","8":"product_cat-glass-jars","10":"first","11":"instock","12":"shipping-taxable","13":"product-type-simple"},"jetpack_sharing_enabled":true,"_links":{"self":[{"href":"https:\/\/minghanggroup.com\/tr\/wp-json\/wp\/v2\/product\/5155","targetHints":{"allow":["GET"]}}],"collection":[{"href":"https:\/\/minghanggroup.com\/tr\/wp-json\/wp\/v2\/product"}],"about":[{"href":"https:\/\/minghanggroup.com\/tr\/wp-json\/wp\/v2\/types\/product"}],"wp:featuredmedia":[{"embeddable":true,"href":"https:\/\/minghanggroup.com\/tr\/wp-json\/wp\/v2\/media\/5223"}],"wp:attachment":[{"href":"https:\/\/minghanggroup.com\/tr\/wp-json\/wp\/v2\/media?parent=5155"}],"wp:term":[{"taxonomy":"product_brand","embeddable":true,"href":"https:\/\/minghanggroup.com\/tr\/wp-json\/wp\/v2\/product_brand?post=5155"},{"taxonomy":"product_cat","embeddable":true,"href":"https:\/\/minghanggroup.com\/tr\/wp-json\/wp\/v2\/product_cat?post=5155"},{"taxonomy":"product_tag","embeddable":true,"href":"https:\/\/minghanggroup.com\/tr\/wp-json\/wp\/v2\/product_tag?post=5155"}],"curies":[{"name":"wp","href":"https:\/\/api.w.org\/{rel}","templated":true}]}}