{"id":5150,"date":"2026-01-23T13:45:56","date_gmt":"2026-01-23T05:45:56","guid":{"rendered":"https:\/\/minghanggroup.com\/?post_type=product&#038;p=5150"},"modified":"2026-03-02T13:47:52","modified_gmt":"2026-03-02T05:47:52","slug":"empty-candle-jars-with-lids-bulk-candle-jar-suppliers","status":"publish","type":"product","link":"https:\/\/minghanggroup.com\/tr\/urun\/empty-candle-jars-with-lids-bulk-candle-jar-suppliers\/","title":{"rendered":"210ml 390ml Empty Candle Jars with Lids for Packaging Bulk"},"content":{"rendered":"<p>Kapakl\u0131 bo\u015f mum kavanozlar\u0131n\u0131z sadece bo\u015f durmamal\u0131; i\u015finiz bitti\u011finde masa\u00fcst\u00fc sanat eserine d\u00f6n\u00fc\u015fmeli. L\u00fcks mum kaplar\u0131 konusunda uzmanla\u015fm\u0131\u015f mum kavanozu tedarik\u00e7ileri olarak, toptan mum \u00fcr\u00fcn yelpazenizi m\u00fc\u015fterilerinizin favorisi haline getirecek cam mum kavanozlar\u0131 \u00fcretiyoruz.<\/p>\n<h2>\u00dcr\u00fcn \u00d6zellikleri<\/h2>\n<ul>\n<li><strong>Alt\u0131n Zil T\u0131ls\u0131m\u0131:<\/strong> Kubbe \u015feklindeki tasar\u0131m, mumdan gelen \u0131\u015f\u0131\u011f\u0131 ustaca yakalayarak gizli bir bah\u00e7e izlenimi veriyor ve kokulu mumunuzun sofistike dekorunu an\u0131nda zenginle\u015ftiriyor.<\/li>\n<li><strong>G\u00fcvenli Cam Kapak:<\/strong> Cam kapak \u00fcst halkadan \u00e7ekilerek kald\u0131r\u0131l\u0131r ve ayn\u0131 zamanda toz ve d\u00f6k\u00fclmeye kar\u015f\u0131 dayan\u0131kl\u0131d\u0131r; bu da mum kab\u0131n\u0131z\u0131 sa\u011flam ve dayan\u0131kl\u0131 k\u0131larken y\u00fcksek kaliteli malzemeyi ortaya \u00e7\u0131kar\u0131r.<\/li>\n<li><strong>Mum Sanat\u0131 Yaz\u0131s\u0131:<\/strong> Bo\u015f mum kab\u0131n\u0131 k\u00fc\u00e7\u00fck e\u015fya kutusu olarak yeniden kullanabilirsiniz; bu hem s\u0131f\u0131r at\u0131k prensibini te\u015fvik eder hem de \u015f\u0131kl\u0131k katar.<\/li>\n<\/ul>\n<h2>Temel \u00d6zellikler<\/h2>\n<p>&nbsp;<\/p>\n<table style=\"border-collapse: collapse; width: 80%; margin-left: auto; margin-right: auto;\" border=\"0\" width=\"216\" cellspacing=\"0\" cellpadding=\"0\">\n<tbody>\n<tr style=\"height: 13.50pt;\">\n<td class=\"et2\" style=\"height: 13.5pt; width: 54pt; text-align: center;\" width=\"72\" height=\"18\">Kapasite<\/td>\n<td style=\"width: 54pt; text-align: center;\" width=\"72\">\u00d6l\u00e7\u00fcler (mm)<\/td>\n<td style=\"width: 54pt; text-align: center;\" width=\"72\">Renk<\/td>\n<\/tr>\n<tr style=\"height: 13.50pt;\">\n<td class=\"et3\" style=\"height: 27pt; text-align: center;\" rowspan=\"2\" height=\"36\">210 ml<\/td>\n<td style=\"text-align: center;\">Tall:\u00a0 84 * 89 * 112<\/td>\n<td class=\"et3\" style=\"text-align: center;\" rowspan=\"4\">\u015eeffaf\/\u00f6zel<\/td>\n<\/tr>\n<tr style=\"height: 13.50pt;\">\n<td style=\"text-align: center;\">Short:\u00a0 72 * 89 * 79<\/td>\n<\/tr>\n<tr style=\"height: 13.50pt;\">\n<td class=\"et3\" style=\"height: 27pt; text-align: center;\" rowspan=\"2\" height=\"36\">390ml<\/td>\n<td style=\"text-align: center;\">Tall: 101 * 107 * 130<\/td>\n<\/tr>\n<tr style=\"height: 13.50pt;\">\n<td style=\"text-align: center;\">Short: 86 * 108 * 88<\/td>\n<\/tr>\n<\/tbody>\n<\/table>\n<h2>Ba\u015far\u0131 \u00d6rne\u011fi<\/h2>\n<p>L\u00fcks ev kokular\u0131 \u00fcreten bir \u015firket, \u00e7an \u015feklindeki cam mumluklar\u0131m\u0131z\u0131 se\u00e7ti ve taban\u0131na zarif bir kabartmal\u0131 marka logosu yerle\u015ftirdi. Cam y\u00fczey narin bir buzlu g\u00f6r\u00fcn\u00fcme sahipti ve alt k\u0131sm\u0131nda ise sadece serigrafi bask\u0131l\u0131 bir logo bulunuyordu.<\/p>\n<p>\u00dcr\u00fcn\u00fcn piyasaya s\u00fcr\u00fclmesinin ard\u0131ndan ortalama sipari\u015f de\u011feri artt\u0131 ve yeniden sat\u0131n alma oran\u0131nda da \u00f6nemli bir iyile\u015fme g\u00f6r\u00fcld\u00fc. Al\u0131\u015f\u0131lmad\u0131k cam fanus \u015fekli sadece m\u00fc\u015fterileri cezbetmekle kalm\u0131yor, ayn\u0131 zamanda mumlar\u0131 sergileme ve saklama s\u0131ras\u0131nda kirden koruyor; bu nedenle y\u00fczey lekeleriyle ilgili \u015fikayetler &#039;dan fazla azald\u0131.<\/p>\n<h2>\u00d6zelle\u015ftirme Se\u00e7enekleriniz<\/h2>\n<ol>\n<li><strong>Kabartmal\u0131 veya Oyma Logo \u00d6zelle\u015ftirme:<\/strong> Kabu\u011fun g\u00f6vdesine veya taban\u0131na yak\u0131n bir yere kabartma logo, marka slogan\u0131 veya hatta bir tasar\u0131m yerle\u015ftirerek marka bilinirli\u011fini art\u0131rabilir ve yine de \u00e7an \u015feklindeki mumluk kalitesini koruyabilirsiniz.<\/li>\n<li><strong>Y\u00fczey \u0130\u015fleme Y\u00fckseltmeleri: <\/strong>Belirli alanlarda buzlu, yar\u0131 buzlu, buzlu veya kum p\u00fcsk\u00fcrtme i\u015flemlerini destekleyebiliriz ve \u015feffaf bir cam kapakla birle\u015ftirildi\u011finde, z\u0131t bir etki yarat\u0131r ve genel g\u00f6r\u00fcn\u00fcm\u00fc daha \u00e7ekici hale getirir.<\/li>\n<li><strong>Serigrafi Bask\u0131 ve S\u0131cak Damgalama Dekorasyonu: <\/strong>Desenler serigrafi bask\u0131 ile, \u00e7izgiler s\u0131cak damgalama\/g\u00fcm\u00fc\u015f damgalama y\u00f6ntemiyle veya minimalist metinler kullan\u0131larak fincan g\u00f6vdesine veya kapa\u011f\u0131na uygulanabilir. Bu, \u00fcst d\u00fczey aromaterapi veya hediye kutusu serisi i\u00e7in \u00e7ok ho\u015f bir detayd\u0131r.<\/li>\n<\/ol>","protected":false},"excerpt":{"rendered":"<p>Mum kavanozu tedarik\u00e7ilerinden \u015f\u0131k cam tasar\u0131m, kapakl\u0131 bo\u015f mum kavanozlar\u0131 i\u00e7erir. Fabrikadan do\u011frudan sat\u0131\u015f, \u00fccretsiz numuneler ve markalar i\u00e7in esnek toplu \u00f6zelle\u015ftirme.<\/p>","protected":false},"featured_media":5159,"template":"","meta":{"postBodyCss":"","postBodyMargin":[],"postBodyPadding":[],"postBodyBackground":{"backgroundType":"classic","gradient":""}},"product_brand":[],"product_cat":[15,82,17],"product_tag":[94],"class_list":{"0":"post-5150","1":"product","2":"type-product","3":"status-publish","4":"has-post-thumbnail","6":"product_cat-glass-containers","7":"product_cat-candle-jars","8":"product_cat-glass-jars","9":"product_tag-glass-decoration-bottles","11":"first","12":"instock","13":"shipping-taxable","14":"product-type-simple"},"jetpack_sharing_enabled":true,"_links":{"self":[{"href":"https:\/\/minghanggroup.com\/tr\/wp-json\/wp\/v2\/product\/5150","targetHints":{"allow":["GET"]}}],"collection":[{"href":"https:\/\/minghanggroup.com\/tr\/wp-json\/wp\/v2\/product"}],"about":[{"href":"https:\/\/minghanggroup.com\/tr\/wp-json\/wp\/v2\/types\/product"}],"wp:featuredmedia":[{"embeddable":true,"href":"https:\/\/minghanggroup.com\/tr\/wp-json\/wp\/v2\/media\/5159"}],"wp:attachment":[{"href":"https:\/\/minghanggroup.com\/tr\/wp-json\/wp\/v2\/media?parent=5150"}],"wp:term":[{"taxonomy":"product_brand","embeddable":true,"href":"https:\/\/minghanggroup.com\/tr\/wp-json\/wp\/v2\/product_brand?post=5150"},{"taxonomy":"product_cat","embeddable":true,"href":"https:\/\/minghanggroup.com\/tr\/wp-json\/wp\/v2\/product_cat?post=5150"},{"taxonomy":"product_tag","embeddable":true,"href":"https:\/\/minghanggroup.com\/tr\/wp-json\/wp\/v2\/product_tag?post=5150"}],"curies":[{"name":"wp","href":"https:\/\/api.w.org\/{rel}","templated":true}]}}