{"id":5149,"date":"2026-01-23T11:34:39","date_gmt":"2026-01-23T03:34:39","guid":{"rendered":"https:\/\/minghanggroup.com\/?post_type=product&#038;p=5149"},"modified":"2026-01-23T13:10:52","modified_gmt":"2026-01-23T05:10:52","slug":"clear-large-glass-containers-for-candles-wholesale","status":"publish","type":"product","link":"https:\/\/minghanggroup.com\/tr\/urun\/clear-large-glass-containers-for-candles-wholesale\/","title":{"rendered":"275 ml \u015eeffaf B\u00fcy\u00fck Cam Mum Kaplar\u0131 Toptan Sat\u0131\u015f\u0131"},"content":{"rendered":"<p>Bu cam mumluklar, mumun kolayca d\u00f6k\u00fclebilece\u011fi geni\u015f bir a\u011fza sahip, k\u0131sa ve kal\u0131n silindir \u015feklinde tasarlanm\u0131\u015ft\u0131r. Her bir kavanoz, kal\u0131n ve dayan\u0131kl\u0131 taban\u0131 sayesinde sa\u011flaml\u0131\u011f\u0131 garanti edilen, \u00f6zel ve kullan\u0131\u015fl\u0131 bir dekoratif objedir.<\/p>\n<h2>\u00dcr\u00fcn \u00d6zellikleri<\/h2>\n<ul>\n<li><strong>Sa\u011flam Taban, Kal\u0131nla\u015ft\u0131r\u0131lm\u0131\u015f:<\/strong> Kal\u0131nla\u015ft\u0131r\u0131lm\u0131\u015f taban\u0131 sayesinde kavanozun a\u011f\u0131rl\u0131\u011f\u0131 \u00f6nemli \u00f6l\u00e7\u00fcde artar ve bu nedenle b\u00fcy\u00fck mumlar kullan\u0131ld\u0131\u011f\u0131nda bile kavanoz devrilmez.<\/li>\n<li><strong>Basit, D\u00fcz Duvarl\u0131 Silindirik Tasar\u0131m:<\/strong> Basit silindirik tasar\u0131m \u00e7ok y\u00f6nl\u00fcd\u00fcr, etiketlemesi kolayd\u0131r ve y\u00fcksek kapasiteye sahiptir.<\/li>\n<li><strong>275 ml B\u00fcy\u00fck Kapasite:<\/strong> 275 ml&#039;lik kapasite, b\u00fcy\u00fck ve uzun s\u00fcre yanan mumlar\u0131 en iyi \u015fekilde muhafaza edebildi\u011fi i\u00e7in tercih edilmeye de\u011ferdir.<\/li>\n<\/ul>\n<h2 style=\"text-align: left;\">Temel \u00d6zellikler<\/h2>\n<table class=\"aligncenter\" style=\"border-collapse: collapse; width: 378.77pt;\" border=\"0\" width=\"505\" cellspacing=\"0\" cellpadding=\"0\">\n<tbody>\n<tr style=\"height: 13.50pt;\">\n<td style=\"height: 13.50pt; width: 120.75pt;\" width=\"161\" height=\"18\">\u015eartname<\/td>\n<td style=\"width: 258.00pt;\" width=\"344\">Detaylar<\/td>\n<\/tr>\n<tr style=\"height: 13.50pt;\">\n<td style=\"height: 13.50pt;\" height=\"18\">Kapasite<\/td>\n<td>275 ml<\/td>\n<\/tr>\n<tr style=\"height: 13.50pt;\">\n<td style=\"height: 13.50pt;\" height=\"18\">Boyutlar<\/td>\n<td>85\u00d780 mm<\/td>\n<\/tr>\n<tr style=\"height: 13.50pt;\">\n<td style=\"height: 13.50pt;\" height=\"18\">Malzeme<\/td>\n<td>A\u011f\u0131r Hizmet Tipi \u015eeffaf Cam<\/td>\n<\/tr>\n<tr style=\"height: 13.50pt;\">\n<td style=\"height: 13.50pt;\" height=\"18\">Kavanoz \u015eekli<\/td>\n<td>Kal\u0131nla\u015ft\u0131r\u0131lm\u0131\u015f Tabanl\u0131 D\u00fcz \u200b\u200bKenarl\u0131 Silindir<\/td>\n<\/tr>\n<tr style=\"height: 13.50pt;\">\n<td style=\"height: 13.50pt;\" height=\"18\">\u00d6zelle\u015ftirme Kapsam\u0131<\/td>\n<td>Renk, Boyut, Kabartma, Serigrafi Bask\u0131<\/td>\n<\/tr>\n<tr style=\"height: 13.50pt;\">\n<td style=\"height: 13.50pt;\" height=\"18\">\u0130\u015f\u00e7ilik<\/td>\n<td>Dayan\u0131kl\u0131 A\u011f\u0131r Tabanl\u0131 Cam \u015eekillendirme<\/td>\n<\/tr>\n<tr style=\"height: 13.50pt;\">\n<td style=\"height: 13.50pt;\" height=\"18\">\u00dcr\u00fcn Amac\u0131<\/td>\n<td>B\u00fcy\u00fck Mum Kavanozlar\u0131, Kullan\u0131\u015fl\u0131 Mum Kaplar\u0131<\/td>\n<\/tr>\n<tr style=\"height: 13.50pt;\">\n<td style=\"height: 13.50pt;\" height=\"18\">Uygun Sekt\u00f6rler<\/td>\n<td>Mum \u00dcreticileri, B\u00fcy\u00fck Perakendeciler<\/td>\n<\/tr>\n<\/tbody>\n<\/table>\n<h2>Ba\u015far\u0131 \u00d6yk\u00fcs\u00fc: ABD&#039;nin En B\u00fcy\u00fck Mum Abonelik Hizmetlerinden Biri<\/h2>\n<p>ABD&#039;nin en b\u00fcy\u00fck kokulu mum \u015firketlerinden biri, ayl\u0131k olarak b\u00fcy\u00fck boy mum kavanozlar\u0131m\u0131za abone olmu\u015ftu. Yumu\u015fak bir dokuya sahip, buzlu, berrak gri bir renk tercih ettiler. Gri t\u00fcyl\u00fc y\u00fczey, sade marka imajlar\u0131yla ideal bir uyum sa\u011fl\u0131yordu. Kavanozun a\u011f\u0131rl\u0131\u011f\u0131 sayesinde verdi\u011fi \u00fcst\u00fcn kalite hissi, m\u00fc\u015fteriler taraf\u0131ndan \u00e7ok be\u011fenildi. Bu mum kavanozu, en \u00e7ok satan hediyeleri oldu ve mum sat\u0131\u015flar\u0131n\u0131n y\u0131ll\u0131k bazda 0 artmas\u0131na yol a\u00e7t\u0131. Ayn\u0131 ba\u015far\u0131y\u0131 tekrarlayan \u015firket, son zamanlarda t\u00fcm ma\u011fazalardaki talebi iki y\u0131l i\u00e7inde kar\u015f\u0131lamak i\u00e7in 350.000 adet daha mum kavanozu sipari\u015fi verdi.<\/p>\n<h2>B\u00fcy\u00fck Mum Kavanozlar\u0131n\u0131n Ki\u015fiselle\u015ftirilmesi<\/h2>\n<ul>\n<li>Lazerle Kaz\u0131ma: Cam kavanozlar\u0131n \u00fczerine gizlice parti numaralar\u0131, marka isimleri veya dekoratif \u00e7izgiler kaz\u0131y\u0131n.<\/li>\n<li>\u00d6zel T\u0131rnak Kaplamas\u0131: Ate\u015fle parlat\u0131lm\u0131\u015f p\u00fcr\u00fczs\u00fcz kenar veya belirli bir boncuklu kenar se\u00e7ene\u011finden birini se\u00e7in.<\/li>\n<li>\u0130\u00e7 Kaplama: Farkl\u0131 bir g\u00f6rsel efekt sa\u011flamak i\u00e7in renkli veya sedefli bir i\u00e7 kaplama uygulanacakt\u0131r.<\/li>\n<li>Taban Kal\u0131nl\u0131\u011f\u0131 Ayar\u0131: A\u011f\u0131rl\u0131k\/hissiyat ihtiya\u00e7lar\u0131n\u0131za uygun olarak taban kal\u0131nl\u0131\u011f\u0131n\u0131 ayarlay\u0131n.<\/li>\n<\/ul>","protected":false},"excerpt":{"rendered":"<p>Kal\u0131n tabanl\u0131 minimalist cam mumluklar, ev dekorasyonu ve mum yap\u0131m\u0131 i\u00e7in uygundur. Dayan\u0131kl\u0131 b\u00fcy\u00fck mumluklar toptan olarak sunulmaktad\u0131r.<\/p>","protected":false},"featured_media":5152,"template":"","meta":{"postBodyCss":"","postBodyMargin":[],"postBodyPadding":[],"postBodyBackground":{"backgroundType":"classic","gradient":""}},"product_brand":[],"product_cat":[15,82,17],"product_tag":[],"class_list":{"0":"post-5149","1":"product","2":"type-product","3":"status-publish","4":"has-post-thumbnail","6":"product_cat-glass-containers","7":"product_cat-candle-jars","8":"product_cat-glass-jars","10":"first","11":"instock","12":"shipping-taxable","13":"product-type-simple"},"jetpack_sharing_enabled":true,"_links":{"self":[{"href":"https:\/\/minghanggroup.com\/tr\/wp-json\/wp\/v2\/product\/5149","targetHints":{"allow":["GET"]}}],"collection":[{"href":"https:\/\/minghanggroup.com\/tr\/wp-json\/wp\/v2\/product"}],"about":[{"href":"https:\/\/minghanggroup.com\/tr\/wp-json\/wp\/v2\/types\/product"}],"wp:featuredmedia":[{"embeddable":true,"href":"https:\/\/minghanggroup.com\/tr\/wp-json\/wp\/v2\/media\/5152"}],"wp:attachment":[{"href":"https:\/\/minghanggroup.com\/tr\/wp-json\/wp\/v2\/media?parent=5149"}],"wp:term":[{"taxonomy":"product_brand","embeddable":true,"href":"https:\/\/minghanggroup.com\/tr\/wp-json\/wp\/v2\/product_brand?post=5149"},{"taxonomy":"product_cat","embeddable":true,"href":"https:\/\/minghanggroup.com\/tr\/wp-json\/wp\/v2\/product_cat?post=5149"},{"taxonomy":"product_tag","embeddable":true,"href":"https:\/\/minghanggroup.com\/tr\/wp-json\/wp\/v2\/product_tag?post=5149"}],"curies":[{"name":"wp","href":"https:\/\/api.w.org\/{rel}","templated":true}]}}